{"id":6756,"date":"2022-02-11T23:16:47","date_gmt":"2022-02-11T22:16:47","guid":{"rendered":"https:\/\/wm-aquatec.de\/conditions\/"},"modified":"2022-02-18T09:40:25","modified_gmt":"2022-02-18T08:40:25","slug":"terms-and-conditions","status":"publish","type":"page","link":"https:\/\/wm-aquatec.de\/en\/terms-and-conditions\/","title":{"rendered":"Conditions"},"content":{"rendered":"\n\n\t<section class=\"section\" id=\"section_1961226359\">\n\t\t<div class=\"section-bg fill\" >\n\t\t\t\t\t\t\t\t\t\n\t\t\t\n\n\t\t<\/div>\n\n\t\t\n\n\t\t<div class=\"section-content relative\">\n\t\t\t\n\n<div class=\"row align-middle align-center\" style=\"max-width:90%\" id=\"row-203875381\">\n\n\n\t<div id=\"col-291428234\" class=\"col small-12 large-12\"  >\n\t\t\t\t<div class=\"col-inner\"  >\n\t\t\t\n\t\t\t\n\n<h1><span style=\"font-size: 85%;\">Allgemeine Gesch\u00e4ftsbedingungen<\/span><\/h1>\n<h3><span style=\"font-size: 85%;\">\u00a7 1 Geltung, Begriffsdefinitionen<\/span><\/h3>\n<p><span style=\"font-size: 85%;\">(1) WM aquatec GmbH &amp; Co.KG, WM aquatec GmbH &amp; Co.KG, Uracher Stra\u00dfe 22, 73268 Erkenbrechtsweiler, Deutschland (im Folgenden: \u201ewir\u201c oder \u201eWM aquatec GmbH &amp; Co.KG Onlineshop\u201c) betreibt unter der Webseite https:\/\/wm-aquatec.de einen Online-Shop f\u00fcr Waren. Die nachfolgenden allgemeinen Gesch\u00e4ftsbedingungen gelten f\u00fcr alle Leistungen zwischen uns und unseren Kunden (im Folgenden: \u201eKunde\u201c oder \u201eSie\u201c) in ihrer zum Zeitpunkt der Bestellung g\u00fcltigen Fassung, soweit nicht etwas anderes ausdr\u00fccklich vereinbart wurde.<\/span><\/p>\n<p><span style=\"font-size: 85%;\">(2) \u201eVerbraucher\u201c im Sinne dieser Gesch\u00e4ftsbedingungen ist jede nat\u00fcrliche Person, die ein Rechtsgesch\u00e4ft zu Zwecken abschlie\u00dft, die \u00fcberwiegend weder ihrer gewerblichen noch ihrer selbst\u00e4ndigen beruflichen T\u00e4tigkeit zugerechnet werden k\u00f6nnen. \u201eUnternehmer\u201c ist eine nat\u00fcrliche oder juristische Person oder eine rechtsf\u00e4hige Personengesellschaft, die bei Abschluss eines Rechtsgesch\u00e4fts in Aus\u00fcbung ihrer gewerblichen oder selbst\u00e4ndigen beruflichen T\u00e4tigkeit handelt, wobei eine rechtsf\u00e4hige Personengesellschaft eine Personengesellschaft ist, die mit der F\u00e4higkeit ausgestattet ist, Rechte zu erwerben und Verbindlichkeiten einzugehen.<\/span><\/p>\n<h3><span style=\"font-size: 85%;\">\u00a7 2 Zustandekommen der Vertr\u00e4ge, Speicherung des Vertragstextes<\/span><\/h3>\n<p><span style=\"font-size: 85%;\">(1) Die folgenden Regelungen \u00fcber den Vertragsabschluss gelten f\u00fcr Bestellungen \u00fcber unseren Online-Shop unter https:\/\/wm-aquatec.de.<\/span><\/p>\n<p><span style=\"font-size: 85%;\">(2) Unsere Produktdarstellungen im Internet sind unverbindlich und kein verbindliches Angebot zum Abschluss eines Vertrages.<\/span><\/p>\n<p><span style=\"font-size: 85%;\">(3) Bei Eingang einer Bestellung in unserem Online-Shop gelten folgende Regelungen: Der Kunde gibt ein bindendes Vertragsangebot ab, indem er die in unserem Online-Shop vorgesehene Bestellprozedur erfolgreich durchl\u00e4uft. Die Bestellung erfolgt in folgenden Schritten:<\/span><\/p>\n<ol>\n<li><span style=\"font-size: 85%;\">Auswahl der gew\u00fcnschten Ware,<\/span><\/li>\n<li><span style=\"font-size: 85%;\">Hinzuf\u00fcgen der Produkte durch Anklicken des entsprechenden Buttons (z.B. \u201eIn den Warenkorb\u201c, \u201eIn die Einkaufstasche\u201c o.\u00e4.),<\/span><\/li>\n<li><span style=\"font-size: 85%;\">Pr\u00fcfung der Angaben im Warenkorb,<\/span><\/li>\n<li><span style=\"font-size: 85%;\">Aufrufen der Bestell\u00fcbersicht durch Anklicken des entsprechenden Buttons (z.B. \u201eWeiter zur Kasse\u201c, \u201eWeiter zur Zahlung\u201c, \u201eZur Bestell\u00fcbersicht\u201c o.\u00e4.),<\/span><\/li>\n<li><span style=\"font-size: 85%;\">Eingabe\/Pr\u00fcfung der Adress- und Kontaktdaten, Auswahl der Zahlungsart, Best\u00e4tigung der AGB und Widerrufsbelehrung,<\/span><\/li>\n<li><span style=\"font-size: 85%;\">Abschluss der Bestellung durch Bet\u00e4tigung des Buttons \u201eJetzt kaufen\u201c. Dies stellt Ihre verbindliche Bestellung dar.<\/span><\/li>\n<li><span style=\"font-size: 85%;\">Der Vertrag kommt zustande, indem Ihnen innerhalb von drei Werktagen an die angegebene E-Mail-Adresse eine Bestellbest\u00e4tigung von uns zugeht.<\/span><\/li>\n<\/ol>\n<p><span style=\"font-size: 85%;\">(4) Im Falle des Vertragsschlusses kommt der Vertrag mit\u00a0WM aquatec GmbH &amp; Co.KG, WM aquatec GmbH &amp; Co.KG, Uracher Stra\u00dfe 22, 73268 Erkenbrechtsweiler, Deutschland zustande.<\/span><\/p>\n<p><span style=\"font-size: 85%;\">(5) Vor der Bestellung k\u00f6nnen die Vertragsdaten \u00fcber die Druckfunktion des Browsers ausgedruckt oder elektronisch gesichert werden. Die Abwicklung der Bestellung und \u00dcbermittlung aller im Zusammenhang mit dem Vertragsschluss erforderlichen Informationen, insbesondere der Bestelldaten, der AGB und der Widerrufsbelehrung, erfolgt per E-Mail nach dem Ausl\u00f6sen der Bestellung durch Sie, zum Teil automatisiert. Wir speichern den Vertragstext nach Vertragsschluss nicht.<\/span><\/p>\n<p><span style=\"font-size: 85%;\">(6) Eingabefehler k\u00f6nnen mittels der \u00fcblichen Tastatur-, Maus- und Browser-Funktionen (z.B. \u00bbZur\u00fcck-Button\u00ab des Browsers) berichtigt werden. Sie k\u00f6nnen auch dadurch berichtigt werden, dass Sie den Bestellvorgang vorzeitig abbrechen, das Browserfenster schlie\u00dfen und den Vorgang wiederholen.<\/span><\/p>\n<p><span style=\"font-size: 85%;\">(7) Die Abwicklung der Bestellung und \u00dcbermittlung aller im Zusammenhang mit dem Vertragsschluss erforderlichen Informationen erfolgt per E-Mail zum Teil automatisiert. Sie haben deshalb sicherzustellen, dass die von Ihnen bei uns hinterlegte E-Mail-Adresse zutreffend ist, der Empfang der E-Mails technisch sichergestellt und insbesondere nicht durch SPAM-Filter verhindert wird.<\/span><\/p>\n<h3><span style=\"font-size: 85%;\">\u00a7 3 Gegenstand des Vertrages und wesentliche Merkmale der Produkte<\/span><\/h3>\n<p><span style=\"font-size: 85%;\">(1) Bei unserem Online-Shop ist Vertragsgegenstand:<\/span><\/p>\n<ol style=\"list-style-type: lower-alpha;\">\n<li style=\"list-style-type: none;\">\n<ol style=\"list-style-type: lower-alpha;\">\n<li><span style=\"font-size: 85%;\">Der Verkauf von Waren. Die konkret angebotenen Waren k\u00f6nnen Sie unseren Artikelseiten entnehmen.<\/span><\/li>\n<\/ol>\n<\/li>\n<\/ol>\n<p>\u00a0<\/p>\n<p><span style=\"font-size: 85%;\">(2) Die wesentlichen Merkmale der Ware finden sich in der Artikelbeschreibung.<\/span><\/p>\n<p><span style=\"font-size: 85%;\">(3) F\u00fcr den Verkauf digitaler Produkte gelten die aus der Produktbeschreibung ersichtlichen oder sich sonst aus den Umst\u00e4nden ergebenden Beschr\u00e4nkungen, insbesondere zu Hard- und\/oder Softwareanforderungen an die Zielumgebung. Wenn nicht ausdr\u00fccklich etwas anderes vereinbart ist, ist Vertragsgegenstand nur die\u00a0private und gewerbliche Nutzung der Produkte ohne das Recht zur Weiterver\u00e4u\u00dferung oder Unterlizensierung.<\/span><\/p>\n<h3><span style=\"font-size: 85%;\">\u00a7 4 Preise, Versandkosten und Lieferung<\/span><\/h3>\n<p><span style=\"font-size: 85%;\">(1) Die in den jeweiligen Angeboten angef\u00fchrten Preise sowie die Versandkosten sind Gesamtpreise und beinhalten alle Preisbestandteile einschlie\u00dflich aller anfallenden Steuern.<\/span><\/p>\n<p><span style=\"font-size: 85%;\">(2) Der jeweilige Kaufpreis ist vor der Lieferung des Produktes zu leisten (Vorkasse), es sei denn, wir bieten ausdr\u00fccklich den Kauf auf Rechnung an. Die Ihnen zur Verf\u00fcgung stehenden Zahlungsarten sind unter einer entsprechend bezeichneten Schaltfl\u00e4che im Online-Shop oder im jeweiligen Angebot ausgewiesen. Soweit bei den einzelnen Zahlungsarten nicht anders angegeben, sind die Zahlungsanspr\u00fcche sofort zur Zahlung f\u00e4llig.<\/span><\/p>\n<p><span style=\"font-size: 85%;\">(3) Zus\u00e4tzlich zu den angegebenen Preisen k\u00f6nnen f\u00fcr die Lieferung von Produkten Versandkosten anfallen, sofern der jeweilige Artikel nicht als versandkostenfrei ausgewiesen ist. Die Versandkosten werden Ihnen auf den Angeboten, ggf. im Warenkorbsystem und auf der Bestell\u00fcbersicht nochmals deutlich mitgeteilt.<\/span><\/p>\n<p><span style=\"font-size: 85%;\">(4) Alle angebotenen Produkte sind, sofern nicht in der Produktbeschreibung deutlich anders angegeben, sofort versandfertig (Lieferzeit: 1-3 Werktage nach dem Eingang der Zahlung).<\/span><\/p>\n<p><span style=\"font-size: 85%;\">(5) Es bestehen die folgenden Liefergebietsbeschr\u00e4nkungen: Die Lieferung erfolgt in folgende L\u00e4nder: \u00d6sterreich, Belgien, Bulgarien, Zypern, Tschechien, Deutschland, D\u00e4nemark, Estland, Spanien, Finnland, Frankreich, Griechenland, Ungarn, Kroatien, Irland, Italien, Litauen, Luxemburg, Lettland, Malta, Niederlande, Polen, Portugal, Rum\u00e4nien, Schweden, Slowenien, Slowakei.<\/span><\/p>\n<h3><span style=\"font-size: 85%;\">\u00a7 5 Zur\u00fcckbehaltungsrecht, Eigentumsvorbehalt<\/span><\/h3>\n<p><span style=\"font-size: 85%;\">(1) Ein Zur\u00fcckbehaltungsrecht k\u00f6nnen Sie nur aus\u00fcben, soweit es sich um Forderungen aus demselben Vertragsverh\u00e4ltnis handelt.<\/span><\/p>\n<p><span style=\"font-size: 85%;\">(2) Die Ware bleibt bis zur vollst\u00e4ndigen Zahlung des Kaufpreises unser Eigentum.<\/span><\/p>\n<h3><span style=\"font-size: 85%;\">\u00a7 6 Widerrufsrecht<\/span><\/h3>\n<p><span style=\"font-size: 85%;\">Als Verbraucher haben Sie ein Widerrufsrecht. Dieses richtet sich nach unserer <a href=\"https:\/\/wm-aquatec.de\/en\/right-of-withdrawal\/\">Widerrufsbelehrung<\/a>.<\/span><\/p>\n<h3><span style=\"font-size: 85%;\">\u00a7 7 Haftung<\/span><\/h3>\n<p><span style=\"font-size: 85%;\">(1) Vorbehaltlich der nachfolgenden Ausnahmen ist unsere Haftung f\u00fcr vertragliche Pflichtverletzungen sowie aus unerlaubter Handlung auf Vorsatz oder grobe Fahrl\u00e4ssigkeit beschr\u00e4nkt.<\/span><\/p>\n<p><span style=\"font-size: 85%;\">(2) Wir haften bei leichter Fahrl\u00e4ssigkeit im Falle der Verletzung des Lebens, des K\u00f6rpers, der Gesundheit oder bei Verletzung einer vertragswesentlichen Pflicht unbeschr\u00e4nkt. Wenn wir durch leichte Fahrl\u00e4ssigkeit mit der Leistung in Verzug geraten sind, wenn die Leistung unm\u00f6glich geworden ist oder wenn wir eine vertragswesentliche Pflicht verletzt haben, ist die Haftung f\u00fcr darauf zur\u00fcckzuf\u00fchrende Sach- und Verm\u00f6genssch\u00e4den auf den <strong>vertragstypisch vorhersehbaren Schaden<\/strong> begrenzt. Eine vertragswesentliche Pflicht ist eine solche, deren Erf\u00fcllung die ordnungsgem\u00e4\u00dfe Durchf\u00fchrung des Vertrages \u00fcberhaupt erst erm\u00f6glicht, deren Verletzung die Erreichung des Vertragszwecks gef\u00e4hrdet und auf deren Einhaltung Sie regelm\u00e4\u00dfig vertrauen d\u00fcrfen. Dazu geh\u00f6rt insbesondere unsere Pflicht zum T\u00e4tigwerden und der Erf\u00fcllung der vertraglich geschuldeten Leistung, die in \u00a7 3 beschrieben wird.<\/span><\/p>\n<h3><span style=\"font-size: 85%;\">\u00a7 8 Vertragssprache<\/span><\/h3>\n<p><span style=\"font-size: 85%;\">Als Vertragssprache steht ausschlie\u00dflich Deutsch zur Verf\u00fcgung.<\/span><\/p>\n<h3><span style=\"font-size: 85%;\">\u00a7 9\u00a0Gew\u00e4hrleistung<\/span><\/h3>\n<p><span style=\"font-size: 85%;\">(1) Die Gew\u00e4hrleistung richtet sich nach den gesetzlichen Bestimmungen.<\/span><\/p>\n<p><span style=\"font-size: 85%;\">(2) Gegen\u00fcber Unternehmern betr\u00e4gt die Gew\u00e4hrleistungsfrist auf gelieferte Sachen 12 Monate.<\/span><\/p>\n<p><span style=\"font-size: 85%;\">(3) Als Verbraucher werden Sie gebeten, die Sache\/die digitalen G\u00fcter oder die erbrachte Dienstleistung bei Vertragserf\u00fcllung umgehend auf Vollst\u00e4ndigkeit, offensichtliche M\u00e4ngel und Transportsch\u00e4den zu \u00fcberpr\u00fcfen und uns sowie dem Spediteur Beanstandungen schnellstm\u00f6glich mitzuteilen. Kommen Sie dem nicht nach, hat dies nat\u00fcrlich keine Auswirkung auf Ihre gesetzlichen Gew\u00e4hrleistungsanspr\u00fcche.<\/span><\/p>\n<h3><span style=\"font-size: 85%;\">\u00a7 10\u00a0Schlussbestimmungen\/Streitbeilegung<\/span><\/h3>\n<p><span style=\"font-size: 85%;\">(1) Es gilt deutsches Recht. Bei Verbrauchern gilt diese Rechtswahl nur, soweit hierdurch der durch zwingende Bestimmungen des Rechts des Staates des gew\u00f6hnlichen Aufenthaltes des Verbrauchers gew\u00e4hrte Schutz nicht entzogen wird (G\u00fcnstigkeitsprinzip).<\/span><\/p>\n<p><span style=\"font-size: 85%;\">(2) Die Bestimmungen des UN-Kaufrechts finden ausdr\u00fccklich keine Anwendung.<\/span><\/p>\n<p><span style=\"font-size: 85%;\">(3) Sofern es sich beim Kunden um einen Kaufmann, eine juristische Person des \u00f6ffentlichen Rechts oder um ein \u00f6ffentlich-rechtliches Sonderverm\u00f6gen handelt, ist Gerichtsstand f\u00fcr alle Streitigkeiten aus Vertragsverh\u00e4ltnissen zwischen dem Kunden und dem Anbieter der Sitz des Anbieters.<\/span><\/p>\n<p><span style=\"font-size: 85%;\">(4) [gzd_complaints text_only=yes]<\/span><\/p>\n\n\t\t<\/div>\n\t\t\t\t\t<\/div>\n\n\t\n\n<\/div>\n\n\t\t<\/div>\n\n\t\t\n<style>\n#section_1961226359 {\n  padding-top: 30px;\n  padding-bottom: 30px;\n}\n<\/style>\n\t<\/section>\n\t\n\n","protected":false},"excerpt":{"rendered":"","protected":false},"author":1,"featured_media":0,"parent":0,"menu_order":0,"comment_status":"closed","ping_status":"closed","template":"","meta":{"inline_featured_image":false,"footnotes":""},"class_list":["post-6756","page","type-page","status-publish","hentry"],"_links":{"self":[{"href":"https:\/\/wm-aquatec.de\/en\/wp-json\/wp\/v2\/pages\/6756","targetHints":{"allow":["GET"]}}],"collection":[{"href":"https:\/\/wm-aquatec.de\/en\/wp-json\/wp\/v2\/pages"}],"about":[{"href":"https:\/\/wm-aquatec.de\/en\/wp-json\/wp\/v2\/types\/page"}],"author":[{"embeddable":true,"href":"https:\/\/wm-aquatec.de\/en\/wp-json\/wp\/v2\/users\/1"}],"replies":[{"embeddable":true,"href":"https:\/\/wm-aquatec.de\/en\/wp-json\/wp\/v2\/comments?post=6756"}],"version-history":[{"count":0,"href":"https:\/\/wm-aquatec.de\/en\/wp-json\/wp\/v2\/pages\/6756\/revisions"}],"wp:attachment":[{"href":"https:\/\/wm-aquatec.de\/en\/wp-json\/wp\/v2\/media?parent=6756"}],"curies":[{"name":"wp","href":"https:\/\/api.w.org\/{rel}","templated":true}]}}