{"id":11644,"date":"2022-06-14T00:34:24","date_gmt":"2022-06-13T22:34:31","guid":{"rendered":"https:\/\/wm-aquatec.de\/?post_type=product&#038;p=11644"},"modified":"2025-10-10T10:32:57","modified_gmt":"2025-10-10T08:32:57","slug":"double-filter-housing-size-s","status":"publish","type":"product","link":"https:\/\/wm-aquatec.de\/en\/shop\/boat\/water-filters-boat\/double-filter-housing-size-s\/","title":{"rendered":"Double filter housing (size S)"},"content":{"rendered":"<div class=\"container section-title-container\" ><h1 class=\"section-title section-title-normal\"><b><\/b><span class=\"section-title-main\" >Doppel-Filtergeh\u00e4use (Gr\u00f6\u00dfe S)<\/span><b><\/b><\/h1><\/div>\n\n\t<section class=\"section dark\" id=\"section_662847232\">\n\t\t<div class=\"section-bg fill\" >\n\t\t\t<img loading=\"lazy\" decoding=\"async\" width=\"2100\" height=\"1080\" src=\"https:\/\/wm-aquatec.de\/wp-content\/uploads\/2021\/05\/hero_start.jpg\" class=\"bg attachment-original size-original\" alt=\"\" \/>\t\t\t\t\t\t\n\t\t\t\n\n\t\t<\/div>\n\n\t\t\n\n\t\t<div class=\"section-content relative\">\n\t\t\t\n\t\t<\/div>\n\n\t\t\n<style>\n#section_662847232 {\n  padding-top: 0px;\n  padding-bottom: 0px;\n  margin-bottom: 0px;\n  min-height: 330px;\n}\n#section_662847232 .section-bg img {\n  object-position: 51% 22%;\n}\n@media (min-width:550px) {\n  #section_662847232 {\n    min-height: 600px;\n  }\n}\n@media (min-width:850px) {\n  #section_662847232 {\n    min-height: 400px;\n  }\n}\n<\/style>\n\t<\/section>\n\t\n\n\t<section class=\"section dark\" id=\"section_2086590326\">\n\t\t<div class=\"section-bg fill\" >\n\t\t\t\t\t\t\t\t\t\n\t\t\t\n\n\t\t<\/div>\n\n\t\t\n\n\t\t<div class=\"section-content relative\">\n\t\t\t\n<div class=\"row row-large align-center\"  id=\"row-339282115\">\n\n\t<div id=\"col-1464352606\" class=\"col medium-6 small-12 large-6\"  >\n\t\t\t\t<div class=\"col-inner text-left\"  >\n\t\t\t\n\t\t\t\n\n\t\t<div class=\"icon-box featured-box icon-box-left text-left\"  >\n\t\t\t\t\t<div class=\"icon-box-img\" style=\"width: 50px\">\n\t\t\t\t<div class=\"icon\">\n\t\t\t\t\t<div class=\"icon-inner\" >\n\t\t\t\t\t\t<?xml version=\"1.0\" encoding=\"utf-8\"?>\r\n<!-- Generator: Adobe Illustrator 16.0.0, SVG Export Plug-In . SVG Version: 6.00 Build 0)  -->\r\n<!DOCTYPE svg PUBLIC \"-\/\/W3C\/\/DTD SVG 1.0\/\/EN\" \"http:\/\/www.w3.org\/TR\/2001\/REC-SVG-20010904\/DTD\/svg10.dtd\">\r\n<svg version=\"1.0\" id=\"Layer_1\" xmlns=\"http:\/\/www.w3.org\/2000\/svg\" xmlns:xlink=\"http:\/\/www.w3.org\/1999\/xlink\" x=\"0px\" y=\"0px\"\r\n\t width=\"100px\" height=\"100px\" viewBox=\"0 0 100 100\" enable-background=\"new 0 0 100 100\" xml:space=\"preserve\">\r\n<path d=\"M83.333,23.333H66.667v-6.667C66.667,12.985,63.682,10,60,10H40c-3.682,0-6.667,2.985-6.667,6.667v6.667H16.667\r\n\tC13,23.333,10,26.333,10,30v53.333C10,86.999,13,90,16.667,90h66.667C86.999,90,90,86.999,90,83.333V30\r\n\tC90,26.333,86.999,23.333,83.333,23.333z M40,16.667h20v6.667H40V16.667z M83.333,30v6.667H16.667V30H83.333z M76.667,83.333V56.667\r\n\tL73.333,50L70,56.667v26.666H58.327v-12.33c3.932-1.879,6.666-5.856,6.666-10.502c0-4.645-2.734-8.623-6.666-10.501v10.501\r\n\tc0,2.761-2.233,5-4.994,5c-2.76,0-5-2.239-5-5V50c-3.933,1.878-6.667,5.856-6.667,10.501c0,4.646,2.734,8.623,6.667,10.502v12.33\r\n\tH33.327L33.33,70l3.333-6.667L33.327,50h-6.663l-3.33,13.333L26.664,70v13.333h-9.997v-40h66.667v40H76.667z\"\/>\r\n<\/svg>\r\n\t\t\t\t\t<\/div>\n\t\t\t\t<\/div>\n\t\t\t<\/div>\n\t\t\t\t<div class=\"icon-box-text last-reset\">\n\t\t\t\t\t\t\t\t\t\n\t<div id=\"text-1940552522\" class=\"text\">\n\t\t\n<p><span style=\"font-size: 100%;\">Das Doppel-Filtergeh\u00e4use Gr\u00f6\u00dfe S ist ein Qualit\u00e4ts-Filtergeh\u00e4use aus Polypropylen. <span style=\"font-weight: 900;\">Es stehen 10 verschiedene Anschlussvarianten zur Verf\u00fcgung <\/span><\/span>die bei der Bestellung ausgew\u00e4hlt werden k\u00f6nnen.<br \/>\n\t\t\n<style>\n#text-1940552522 {\n  text-align: left;\n}\n<\/style>\n\t<\/div>\n\t\n\t\t<\/div>\n\t<\/div>\n\t\n\t\n\t\t<\/div>\n\t\t\t\t\t<\/div>\n\n\t\n\n\t<div id=\"col-384968237\" class=\"col medium-6 small-12 large-6\"  >\n\t\t\t\t<div class=\"col-inner text-left\"  >\n\t\t\t\n\t\t\t\n\n\t\t<div class=\"icon-box featured-box icon-box-left text-left\"  >\n\t\t\t\t\t<div class=\"icon-box-img\" style=\"width: 50px\">\n\t\t\t\t<div class=\"icon\">\n\t\t\t\t\t<div class=\"icon-inner\" style=\"color:rgb(255, 255, 255);\">\n\t\t\t\t\t\t<?xml version=\"1.0\" encoding=\"utf-8\"?>\n<!-- Generator: Adobe Illustrator 25.3.1, SVG Export Plug-In . SVG Version: 6.00 Build 0)  -->\n<svg version=\"1.1\" id=\"Ebene_1\" xmlns=\"http:\/\/www.w3.org\/2000\/svg\" xmlns:xlink=\"http:\/\/www.w3.org\/1999\/xlink\" x=\"0px\" y=\"0px\"\n\t viewBox=\"0 0 350 350\" style=\"enable-background:new 0 0 350 350;\" xml:space=\"preserve\">\n<style type=\"text\/css\">\n\t.st0{fill:#FFFFFF;}\n<\/style>\n<desc>Created with Fabric.js 1.7.22<\/desc>\n<g id=\"icon\" transform=\"translate(-1.9444444444444287 -1.9444444444444287) scale(3.89 3.89)\">\n\t<path class=\"st0\" d=\"M74.5,29h-2.9c-0.2-0.9-0.6-1.8-1.1-2.6l2-2c0.6-0.6,0.6-1.5,0-2.1c-0.6-0.6-1.5-0.6-2.1,0l-2,2\n\t\tc-0.8-0.5-1.6-0.9-2.6-1.1v-2.9c0-0.8-0.7-1.5-1.5-1.5s-1.5,0.7-1.5,1.5v2.9c-0.9,0.2-1.8,0.6-2.6,1.1l-2-2c-0.6-0.6-1.5-0.6-2.1,0\n\t\tc-0.6,0.6-0.6,1.5,0,2.1l2,2c-0.5,0.8-0.9,1.6-1.1,2.6h-2.9c-0.8,0-1.5,0.7-1.5,1.5s0.7,1.5,1.5,1.5h2.9c0.2,0.9,0.6,1.8,1.1,2.6\n\t\tl-2,2c-0.6,0.6-0.6,1.5,0,2.1c0.3,0.3,0.7,0.4,1.1,0.4c0.4,0,0.8-0.1,1.1-0.4l2-2c0.8,0.5,1.6,0.9,2.6,1.1v2.9\n\t\tc0,0.8,0.7,1.5,1.5,1.5s1.5-0.7,1.5-1.5v-2.9c0.9-0.2,1.8-0.6,2.6-1.1l2,2c0.3,0.3,0.7,0.4,1.1,0.4c0.4,0,0.8-0.1,1.1-0.4\n\t\tc0.6-0.6,0.6-1.5,0-2.1l-2-2c0.5-0.8,0.9-1.6,1.1-2.6h2.9c0.8,0,1.5-0.7,1.5-1.5C76,29.7,75.3,29,74.5,29z M64.3,34.9\n\t\tc-2.4,0-4.4-2-4.4-4.4s2-4.4,4.4-4.4c2.4,0,4.4,2,4.4,4.4C68.7,32.9,66.8,34.9,64.3,34.9z\"\/>\n\t<path class=\"st0\" d=\"M49.2,58.1h-1.7c-0.1-0.5-0.3-0.9-0.5-1.3l1.2-1.2c0.6-0.6,0.6-1.5,0-2.1s-1.5-0.6-2.1,0l-1.2,1.2\n\t\tc-0.4-0.2-0.8-0.4-1.3-0.5v-1.7c0-0.8-0.7-1.5-1.5-1.5s-1.5,0.7-1.5,1.5v1.7c-0.5,0.1-0.9,0.3-1.3,0.5L38,53.5\n\t\tc-0.6-0.6-1.5-0.6-2.1,0c-0.6,0.6-0.6,1.5,0,2.1l1.2,1.2c-0.2,0.4-0.4,0.8-0.5,1.3h-1.7c-0.8,0-1.5,0.7-1.5,1.5s0.7,1.5,1.5,1.5\n\t\th1.7c0.1,0.5,0.3,0.9,0.5,1.3l-1.2,1.2c-0.6,0.6-0.6,1.5,0,2.1c0.3,0.3,0.7,0.4,1.1,0.4c0.4,0,0.8-0.1,1.1-0.4l1.2-1.2\n\t\tc0.4,0.2,0.8,0.4,1.3,0.5v1.7c0,0.8,0.7,1.5,1.5,1.5s1.5-0.7,1.5-1.5v-1.7c0.5-0.1,0.9-0.3,1.3-0.5l1.2,1.2\n\t\tc0.3,0.3,0.7,0.4,1.1,0.4c0.4,0,0.8-0.1,1.1-0.4c0.6-0.6,0.6-1.5,0-2.1L47,62.4c0.2-0.4,0.4-0.8,0.5-1.3h1.7c0.8,0,1.5-0.7,1.5-1.5\n\t\tS50,58.1,49.2,58.1z M39.3,59.6c0-1.5,1.2-2.7,2.7-2.7c1.5,0,2.7,1.2,2.7,2.7s-1.2,2.7-2.7,2.7C40.5,62.3,39.3,61.1,39.3,59.6z\"\/>\n\t<path class=\"st0\" d=\"M78.8,32c-0.7,0-1.3-0.5-1.5-1.2c-0.2-0.8,0.3-1.6,1.1-1.8c3.1-0.7,6.3-1.9,9.4-3.5c0.7-0.4,1.6-0.1,2,0.7\n\t\tc0.4,0.7,0.1,1.6-0.7,2c-3.3,1.7-6.7,2.9-10.1,3.7C79,32,78.9,32,78.8,32z\"\/>\n\t<path class=\"st0\" d=\"M51.5,28.4c-0.2,0-0.3,0-0.5-0.1c-1.4-0.5-2.9-1-4.3-1.5c-5.2-1.6-10.3-2.7-15.2-3.2c-0.8-0.1-1.4-0.8-1.3-1.6\n\t\tc0.1-0.8,0.8-1.4,1.6-1.3c5.1,0.5,10.4,1.6,15.8,3.3c1.5,0.5,3,1,4.4,1.5c0.8,0.3,1.2,1.1,0.9,1.9C52.7,28,52.1,28.4,51.5,28.4z\"\/>\n\t<path class=\"st0\" d=\"M1.5,28.4c-0.6,0-1.1-0.3-1.4-0.9c-0.4-0.8,0-1.6,0.7-2c7.6-3.5,15.8-5.3,24.5-5.2c0.8,0,1.5,0.7,1.5,1.5\n\t\tc0,0.8-0.7,1.5-1.5,1.5c-0.2,0-0.3,0-0.4,0c-8.1,0-15.7,1.7-22.8,4.9C1.9,28.4,1.7,28.4,1.5,28.4z\"\/>\n\t<path class=\"st0\" d=\"M25.3,43.1c-2.8,0-5.2-2.3-5.2-5.2c0-2.8,2.3-5.2,5.2-5.2c2.8,0,5.2,2.3,5.2,5.2\n\t\tC30.5,40.8,28.2,43.1,25.3,43.1z M25.3,35.8c-1.2,0-2.2,1-2.2,2.2c0,1.2,1,2.2,2.2,2.2c1.2,0,2.2-1,2.2-2.2\n\t\tC27.5,36.7,26.5,35.8,25.3,35.8z\"\/>\n\t<path class=\"st0\" d=\"M74.6,58.5c-2.8,0-5.2-2.3-5.2-5.2s2.3-5.2,5.2-5.2s5.2,2.3,5.2,5.2S77.5,58.5,74.6,58.5z M74.6,51.2\n\t\tc-1.2,0-2.2,1-2.2,2.2c0,1.2,1,2.2,2.2,2.2s2.2-1,2.2-2.2C76.8,52.2,75.8,51.2,74.6,51.2z\"\/>\n\t<path class=\"st0\" d=\"M16.6,77.9c-2.8,0-5.2-2.3-5.2-5.2s2.3-5.2,5.2-5.2c2.8,0,5.2,2.3,5.2,5.2S19.5,77.9,16.6,77.9z M16.6,70.6\n\t\tc-1.2,0-2.2,1-2.2,2.2s1,2.2,2.2,2.2s2.2-1,2.2-2.2S17.8,70.6,16.6,70.6z\"\/>\n\t<path class=\"st0\" d=\"M79.7,67.1c-0.7,0-1.3-0.4-1.5-1.1c-0.2-0.8,0.3-1.6,1.1-1.8c2.8-0.7,5.7-1.8,8.5-3.3c0.7-0.4,1.6-0.1,2,0.7\n\t\tc0.4,0.7,0.1,1.6-0.7,2c-3,1.5-6.1,2.7-9.1,3.5C79.9,67,79.8,67.1,79.7,67.1z\"\/>\n\t<path class=\"st0\" d=\"M70.2,68.3c-5.3,0-10.7-1.1-16.1-3.3c-0.8-0.3-1.1-1.2-0.8-2c0.3-0.8,1.2-1.1,2-0.8c5.5,2.2,11,3.3,16.4,3\n\t\tc0.9,0,1.5,0.6,1.6,1.4c0,0.8-0.6,1.5-1.4,1.6C71.2,68.3,70.7,68.3,70.2,68.3z\"\/>\n\t<path class=\"st0\" d=\"M1.5,63.7c-0.6,0-1.1-0.3-1.4-0.9c-0.4-0.8,0-1.6,0.7-2c8.7-4.1,18.3-5.8,28.6-5.1c0.8,0.1,1.5,0.8,1.4,1.6\n\t\ts-0.8,1.5-1.6,1.4c-9.7-0.7-18.8,0.9-27.1,4.8C1.9,63.6,1.7,63.7,1.5,63.7z\"\/>\n\t<circle class=\"st0\" cx=\"47.4\" cy=\"76.4\" r=\"2.5\"\/>\n\t<circle class=\"st0\" cx=\"43.5\" cy=\"38.7\" r=\"2.5\"\/>\n\t<circle class=\"st0\" cx=\"53.2\" cy=\"13.6\" r=\"2.5\"\/>\n\t<circle class=\"st0\" cx=\"82.2\" cy=\"17.5\" r=\"2.5\"\/>\n\t<circle class=\"st0\" cx=\"79.3\" cy=\"73.5\" r=\"1.5\"\/>\n\t<circle class=\"st0\" cx=\"11.6\" cy=\"13.6\" r=\"1.5\"\/>\n\t<circle class=\"st0\" cx=\"8.7\" cy=\"48.4\" r=\"1.5\"\/>\n\t<circle class=\"st0\" cx=\"84.1\" cy=\"38.7\" r=\"1.5\"\/>\n\t<circle class=\"st0\" cx=\"12.6\" cy=\"31\" r=\"1.5\"\/>\n\t<circle class=\"st0\" cx=\"59\" cy=\"51.3\" r=\"2.5\"\/>\n<\/g>\n<\/svg>\n\t\t\t\t\t<\/div>\n\t\t\t\t<\/div>\n\t\t\t<\/div>\n\t\t\t\t<div class=\"icon-box-text last-reset\">\n\t\t\t\t\t\t\t\t\t\n\t<div id=\"text-1010276902\" class=\"text\">\n\t\t\n<p>Das Geh\u00e4use kann f\u00fcr folgende Bereiche eingesetzt werden: Filtration und Aufbereitung von Trinkwasser, Brunnenwasser, Hauswasser und Schmutzwasser, dient zum Schutz von Armaturen, Boiler, Pumpen, Wassertanks, Waschmaschinen und anderen technischen Anlagen sowie der Rohrleitungen.<span style=\"font-size: 100%;\"><span style=\"font-weight: 900;\"> Bei der Auswahl des geeigneten Filterelementes beraten wir Dich gerne.<\/span><\/span><br \/>\n\t\t\n<style>\n#text-1010276902 {\n  text-align: left;\n}\n<\/style>\n\t<\/div>\n\t\n\t\t<\/div>\n\t<\/div>\n\t\n\t\n\t\t<\/div>\n\t\t\t\t\t<\/div>\n\n\t\n<\/div>\n\t\t<\/div>\n\n\t\t\n<style>\n#section_2086590326 {\n  padding-top: 30px;\n  padding-bottom: 30px;\n  background-color: rgb(0, 106, 176);\n}\n<\/style>\n\t<\/section>\n\t\n\n\t<section class=\"section\" id=\"section_1585980512\">\n\t\t<div class=\"section-bg fill\" >\n\t\t\t\t\t\t\t\t\t<div class=\"section-bg-overlay absolute fill\"><\/div>\n\t\t\t\n\n\t\t<\/div>\n\n\t\t\n\n\t\t<div class=\"section-content relative\">\n\t\t\t\n<div class=\"container section-title-container\" style=\"margin-top:30px;\"><h1 class=\"section-title section-title-normal\"><b><\/b><span class=\"section-title-main\" >At a glance<\/span><b><\/b><\/h1><\/div>\n<div class=\"row row-collapse row-full-width align-equal align-center\"  id=\"row-1710793154\">\n\n\t<div id=\"col-91651940\" class=\"col medium-7 small-12 large-7\"  >\n\t\t\t\t<div class=\"col-inner text-left\"  >\n\t\t\t\n\t\t\t\n\t<div id=\"text-2524384904\" class=\"text\">\n\t\t\n<ul>\n<li>Qualit\u00e4ts-Filtergeh\u00e4use aus Polypropylen<\/li>\n<li>ein Filterschl\u00fcssel ist im Lieferumfang enthalten<\/li>\n<li>10 verschiedene Anschlussvarianten verf\u00fcgbar<\/li>\n<li>kompakt und robust \u2013 auch f\u00fcr mobile Anwendung geeignet<\/li>\n<\/ul>\n\t\t\n<style>\n#text-2524384904 {\n  font-size: 1rem;\n  text-align: left;\n}\n<\/style>\n\t<\/div>\n\t\n\t\t<\/div>\n\t\t\t\t\n<style>\n#col-91651940 > .col-inner {\n  padding: 40px 0px 0px 15px;\n}\n@media (min-width:550px) {\n  #col-91651940 > .col-inner {\n    padding: 40px 0px 0px 15px;\n  }\n}\n<\/style>\n\t<\/div>\n\n\t\n\n\t<div id=\"col-13288459\" class=\"col medium-5 small-12 large-5\"  >\n\t\t\t\t<div class=\"col-inner\"  >\n\t\t\t\n\t\t\t\n\t<div class=\"img has-hover x md-x lg-x y md-y lg-y\" id=\"image_862496879\">\n\t\t\t\t\t\t\t\t<div class=\"img-inner dark\" >\n\t\t\t<img loading=\"lazy\" decoding=\"async\" width=\"800\" height=\"800\" src=\"https:\/\/wm-aquatec.de\/wp-content\/uploads\/2022\/06\/FG05PP2-800x800.jpg\" class=\"attachment-large size-large\" alt=\"Doppel-Filtergeh\u00e4use (Gr\u00f6\u00dfe S)\" srcset=\"https:\/\/wm-aquatec.de\/wp-content\/uploads\/2022\/06\/FG05PP2-800x800.jpg 800w, https:\/\/wm-aquatec.de\/wp-content\/uploads\/2022\/06\/FG05PP2-400x400.jpg 400w, https:\/\/wm-aquatec.de\/wp-content\/uploads\/2022\/06\/FG05PP2-280x280.jpg 280w, https:\/\/wm-aquatec.de\/wp-content\/uploads\/2022\/06\/FG05PP2-768x768.jpg 768w, https:\/\/wm-aquatec.de\/wp-content\/uploads\/2022\/06\/FG05PP2-300x300.jpg 300w, https:\/\/wm-aquatec.de\/wp-content\/uploads\/2022\/06\/FG05PP2-600x600.jpg 600w, https:\/\/wm-aquatec.de\/wp-content\/uploads\/2022\/06\/FG05PP2-100x100.jpg 100w, https:\/\/wm-aquatec.de\/wp-content\/uploads\/2022\/06\/FG05PP2.jpg 1500w\" sizes=\"auto, (max-width: 800px) 100vw, 800px\" \/>\t\t\t\t\t\t\n\t\t\t\t\t<\/div>\n\t\t\t\t\t\t\t\t\n<style>\n#image_862496879 {\n  width: 100%;\n}\n@media (min-width:550px) {\n  #image_862496879 {\n    width: 75%;\n  }\n}\n<\/style>\n\t<\/div>\n\t\n\t\t<\/div>\n\t\t\t\t\t<\/div>\n\n\t\n<\/div>\n\t\t<\/div>\n\n\t\t\n<style>\n#section_1585980512 {\n  padding-top: 0px;\n  padding-bottom: 0px;\n}\n#section_1585980512 .section-bg-overlay {\n  background-color: rgba(255, 255, 255, 0.75);\n}\n@media (min-width:550px) {\n  #section_1585980512 {\n    padding-top: 0px;\n    padding-bottom: 0px;\n  }\n}\n<\/style>\n\t<\/section>\n\t\n\n\t<section class=\"section\" id=\"section_1581271296\">\n\t\t<div class=\"section-bg fill\" >\n\t\t\t\t\t\t\t\t\t\n\t\t\t\n\n\t\t<\/div>\n\n\t\t\n\n\t\t<div class=\"section-content relative\">\n\t\t\t\n<div class=\"row\"  id=\"row-1482562432\">\n\n\t<div id=\"col-1271642087\" class=\"col medium-6 small-8 large-6\"  >\n\t\t\t\t<div class=\"col-inner text-left\"  >\n\t\t\t\n\t\t\t\n<div class=\"container section-title-container\" ><h3 class=\"section-title section-title-normal\"><b><\/b><span class=\"section-title-main\" >FAQ &amp; Downloads<\/span><b><\/b><\/h3><\/div>\n<p>Unter folgendem Link findest du weiterf\u00fchrende Informationen:<\/p>\n<nav role=\"navigation\" aria-label=\"Articles with Given Tag\" class=\"widg-shortcode-article-container\"><div class=\"widg-reset defaults-reset widg-shortcode-article-contents\"><h4>Articles with Given Tag<\/h4><ul><li><a href=\"https:\/\/wm-aquatec.de\/en\/service-und-hilfe\/products\/filter-housing\/\"><span class=\"widg-article-title\"><i class=\"widg-shortcode-article-icon ep_font_icon_document\"><\/i><span>Filter housing<\/span><\/span><\/a><\/li><\/ul><\/div><\/nav>\n\t\t<\/div>\n\t\t\t\t\t<\/div>\n\n\t\n\n\t<div id=\"col-1209222651\" class=\"col medium-6 small-8 large-6\"  >\n\t\t\t\t<div class=\"col-inner text-left\"  >\n\t\t\t\n\t\t\t\n\n<table id=\"tablepress-12\" class=\"tablepress tablepress-id-12\">\n<thead>\n<tr class=\"row-1\">\n\t<th colspan=\"2\" class=\"column-1\">Technische Daten<\/th>\n<\/tr>\n<\/thead>\n<tbody class=\"row-striping row-hover\">\n<tr class=\"row-2\">\n\t<td class=\"column-1\">Ma\u00dfe (H\u00f6he x Durchmesser)<\/td><td class=\"column-2\">198mm x 123mm (ohne Anschl\u00fcsse)<\/td>\n<\/tr>\n<tr class=\"row-3\">\n\t<td class=\"column-1\">Ma\u00dfe und Gewicht inkl. Anschl\u00fcsse:<\/td><td class=\"column-2\"><a href=\"https:\/\/my.hidrive.com\/lnk\/xzLEgPfW\">siehe technisches Datenblatt<\/a><\/td>\n<\/tr>\n<tr class=\"row-4\">\n\t<td class=\"column-1\">Gewicht<\/td><td class=\"column-2\">0,6kg (ohne Anschl\u00fcsse)<\/td>\n<\/tr>\n<tr class=\"row-5\">\n\t<td class=\"column-1\">Einbauh\u00f6he<\/td><td class=\"column-2\">230mm bzw. 260mm inkl. Wand-Befestigunsgwinkel<br \/>\n(notwendige Einbauh\u00f6he f\u00fcr Filterwechsel)<\/td>\n<\/tr>\n<tr class=\"row-6\">\n\t<td class=\"column-1\">Druck<\/td><td class=\"column-2\">max. 6bar<\/td>\n<\/tr>\n<tr class=\"row-7\">\n\t<td class=\"column-1\">Wassertemperatur<\/td><td class=\"column-2\">+2\u2026+45\u00b0C (bei 6bar)<\/td>\n<\/tr>\n<\/tbody>\n<\/table>\n<!-- #tablepress-12 from cache -->\n\t\t<\/div>\n\t\t\t\t\t<\/div>\n\n\t\n<\/div>\n\t\t<\/div>\n\n\t\t\n<style>\n#section_1581271296 {\n  padding-top: 30px;\n  padding-bottom: 30px;\n}\n<\/style>\n\t<\/section>\n\t\n","protected":false},"excerpt":{"rendered":"<p>The double filter housing size M is a quality filter housing made of polypropylene. There are 10 different connection variants available.<\/p>\n","protected":false},"featured_media":11727,"template":"","meta":{"inline_featured_image":false},"product_brand":[],"product_cat":[154,815,822,282],"product_tag":[305,378,392,290,292,534,466,344,536,331,332,296,294,306],"class_list":{"0":"post-11644","1":"product","2":"type-product","3":"status-publish","4":"has-post-thumbnail","6":"product_cat-all-products","7":"product_cat-water-filters-boat","8":"product_cat-water-filters-offroad","9":"product_cat-water-filters-camping","10":"product_tag-angle-en","11":"product_tag-connection","12":"product_tag-double","13":"product_tag-filter-en","14":"product_tag-filter-housing","15":"product_tag-gardena-en","16":"product_tag-hose-nozzle","17":"product_tag-mounting","18":"product_tag-plug-in-connector","19":"product_tag-pre-filter","20":"product_tag-pre-filtration-en","21":"product_tag-s-en","22":"product_tag-size","23":"product_tag-wall-mounting","24":"pa_anschluss-1-2-internal-thread","25":"pa_anschluss-connector-for-12mm-plug-in-connection","26":"pa_anschluss-connector-for-12mm-plug-in-connection-incl-stopcock","27":"pa_anschluss-hose-nozzle-10mm","28":"pa_anschluss-hose-nozzle-10mm-incl-stopcock","29":"pa_anschluss-hose-nozzle-12mm","30":"pa_anschluss-hose-nozzle-12mm-incl-stopcock","31":"pa_anschluss-stopcock-1-2-internal-thread","32":"pa_anschluss-tap-connector-gardena-compatible","33":"pa_anschluss-tap-connector-gardena-compatible-incl-stopcock","34":"pa_befestigung-none","35":"pa_befestigung-wall-mounting-bracket","37":"first","38":"instock","39":"taxable","40":"shipping-taxable","41":"purchasable","42":"product-type-variable"},"_links":{"self":[{"href":"https:\/\/wm-aquatec.de\/en\/wp-json\/wp\/v2\/product\/11644","targetHints":{"allow":["GET"]}}],"collection":[{"href":"https:\/\/wm-aquatec.de\/en\/wp-json\/wp\/v2\/product"}],"about":[{"href":"https:\/\/wm-aquatec.de\/en\/wp-json\/wp\/v2\/types\/product"}],"wp:featuredmedia":[{"embeddable":true,"href":"https:\/\/wm-aquatec.de\/en\/wp-json\/wp\/v2\/media\/11727"}],"wp:attachment":[{"href":"https:\/\/wm-aquatec.de\/en\/wp-json\/wp\/v2\/media?parent=11644"}],"wp:term":[{"taxonomy":"product_brand","embeddable":true,"href":"https:\/\/wm-aquatec.de\/en\/wp-json\/wp\/v2\/product_brand?post=11644"},{"taxonomy":"product_cat","embeddable":true,"href":"https:\/\/wm-aquatec.de\/en\/wp-json\/wp\/v2\/product_cat?post=11644"},{"taxonomy":"product_tag","embeddable":true,"href":"https:\/\/wm-aquatec.de\/en\/wp-json\/wp\/v2\/product_tag?post=11644"}],"curies":[{"name":"wp","href":"https:\/\/api.w.org\/{rel}","templated":true}]}}