{"id":2702,"date":"2021-07-15T10:04:59","date_gmt":"2021-07-25T11:34:10","guid":{"rendered":"https:\/\/wm-aquatec.de\/shop\/uncategorized\/wall-mounting-bracket-for-filter-housings-size-s-and-m\/"},"modified":"2022-02-16T12:14:56","modified_gmt":"2022-02-16T11:14:56","slug":"filter-housing-wall-mounting-bracket","status":"publish","type":"product","link":"https:\/\/wm-aquatec.de\/en\/shop\/boat\/accessories-spare-parts-boat\/filter-housing-wall-mounting-bracket\/","title":{"rendered":"Wall mounting bracket for filter housings (size S and M)"},"content":{"rendered":"<div class=\"container section-title-container\" ><h1 class=\"section-title section-title-normal\"><b><\/b><span class=\"section-title-main\" >Wall mounting bracket for filter housings (size S and M)<\/span><b><\/b><\/h1><\/div>\n\n\t<section class=\"section\" id=\"section_992152356\">\n\t\t<div class=\"section-bg fill\" >\n\t\t\t\t\t\t\t\t\t<div class=\"section-bg-overlay absolute fill\"><\/div>\n\t\t\t\n\n\t\t<\/div>\n\n\t\t\n\n\t\t<div class=\"section-content relative\">\n\t\t\t\n<div class=\"row row-collapse align-equal align-center\"  id=\"row-318244970\">\n\n\t<div id=\"col-469327637\" class=\"col small-12 large-12\"  >\n\t\t\t\t<div class=\"col-inner text-left\"  >\n\t\t\t\n\t\t\t\n\t<div id=\"text-1255997485\" class=\"text\">\n\t\t\n<ul>\n<li>zur Wandmontage der Filtergeh\u00e4use (Gr\u00f6\u00dfe S und M)<\/li>\n<li>100% Edelstahl \u2013 rostfrei und robust<\/li>\n<li>inkl. Befestigungsmaterial<\/li>\n<\/ul>\n\t\t\n<style>\n#text-1255997485 {\n  font-size: 1rem;\n  text-align: left;\n}\n<\/style>\n\t<\/div>\n\t\n\t\t<\/div>\n\t\t\t\t\n<style>\n#col-469327637 > .col-inner {\n  padding: 40px 0px 0px 15px;\n}\n@media (min-width:550px) {\n  #col-469327637 > .col-inner {\n    padding: 15px 0px 0px 15px;\n  }\n}\n<\/style>\n\t<\/div>\n\n\t\n<\/div>\n\t\t<\/div>\n\n\t\t\n<style>\n#section_992152356 {\n  padding-top: 0px;\n  padding-bottom: 0px;\n}\n#section_992152356 .section-bg-overlay {\n  background-color: rgba(255, 255, 255, 0.75);\n}\n@media (min-width:550px) {\n  #section_992152356 {\n    padding-top: 0px;\n    padding-bottom: 0px;\n  }\n}\n<\/style>\n\t<\/section>\n\t\n<div class=\"row row-small row-full-width\"  id=\"row-1173117386\">\n\n\t<div id=\"col-1206937667\" class=\"col medium-4 large-4\"  >\n\t\t\t\t<div class=\"col-inner\"  >\n\t\t\t\n\t\t\t\n\n<table id=\"tablepress-9en\" class=\"tablepress tablepress-id-9en\">\n<thead>\n<tr class=\"row-1\">\n\t<th colspan=\"2\" class=\"column-1\">Technical Data<\/th>\n<\/tr>\n<\/thead>\n<tbody class=\"row-striping row-hover\">\n<tr class=\"row-2\">\n\t<td class=\"column-1\">Material<\/td><td class=\"column-2\">Edelstahl<\/td>\n<\/tr>\n<tr class=\"row-3\">\n\t<td class=\"column-1\">Dimensions<\/td><td class=\"column-2\">100x30x100mm<\/td>\n<\/tr>\n<tr class=\"row-4\">\n\t<td class=\"column-1\">Weight<\/td><td class=\"column-2\">0,25kg<\/td>\n<\/tr>\n<\/tbody>\n<\/table>\n<!-- #tablepress-9en from cache -->\n\t\t<\/div>\n\t\t\t\t\t<\/div>\n\n\t\n<\/div>\n","protected":false},"excerpt":{"rendered":"<p>Wall mounting bracket for filter housings (size S and M).<\/p>\n","protected":false},"featured_media":2125,"template":"","meta":{"inline_featured_image":false},"product_brand":[],"product_cat":[818,825,225,154],"product_tag":[334,305,345,292,344,288,306],"class_list":{"0":"post-2702","1":"product","2":"type-product","3":"status-publish","4":"has-post-thumbnail","6":"product_cat-accessories-spare-parts-boat","7":"product_cat-accessories-and-spare-parts-offroad","8":"product_cat-accessories-and-spare-parts-camping","9":"product_cat-all-products","10":"product_tag-accessories","11":"product_tag-angle-en","12":"product_tag-assembly","13":"product_tag-filter-housing","14":"product_tag-mounting","15":"product_tag-stainless-steel","16":"product_tag-wall-mounting","18":"first","19":"instock","20":"taxable","21":"shipping-taxable","22":"purchasable","23":"product-type-simple"},"_links":{"self":[{"href":"https:\/\/wm-aquatec.de\/en\/wp-json\/wp\/v2\/product\/2702","targetHints":{"allow":["GET"]}}],"collection":[{"href":"https:\/\/wm-aquatec.de\/en\/wp-json\/wp\/v2\/product"}],"about":[{"href":"https:\/\/wm-aquatec.de\/en\/wp-json\/wp\/v2\/types\/product"}],"wp:featuredmedia":[{"embeddable":true,"href":"https:\/\/wm-aquatec.de\/en\/wp-json\/wp\/v2\/media\/2125"}],"wp:attachment":[{"href":"https:\/\/wm-aquatec.de\/en\/wp-json\/wp\/v2\/media?parent=2702"}],"wp:term":[{"taxonomy":"product_brand","embeddable":true,"href":"https:\/\/wm-aquatec.de\/en\/wp-json\/wp\/v2\/product_brand?post=2702"},{"taxonomy":"product_cat","embeddable":true,"href":"https:\/\/wm-aquatec.de\/en\/wp-json\/wp\/v2\/product_cat?post=2702"},{"taxonomy":"product_tag","embeddable":true,"href":"https:\/\/wm-aquatec.de\/en\/wp-json\/wp\/v2\/product_tag?post=2702"}],"curies":[{"name":"wp","href":"https:\/\/api.w.org\/{rel}","templated":true}]}}