{"id":18660,"date":"2023-10-27T15:42:38","date_gmt":"2023-10-27T13:42:38","guid":{"rendered":"https:\/\/wm-aquatec.de\/garantie\/"},"modified":"2023-10-27T15:42:39","modified_gmt":"2023-10-27T13:42:39","slug":"garantie","status":"publish","type":"page","link":"https:\/\/wm-aquatec.de\/fr\/garantie\/","title":{"rendered":"Garantie"},"content":{"rendered":"\n<div class=\"row row-small align-middle align-center\"  id=\"row-538915190\">\n\n\n\t<div id=\"col-1416602942\" class=\"col small-12 large-12\"  >\n\t\t\t\t<div class=\"col-inner text-left\"  >\n\t\t\t\n\t\t\t\n\n<div class=\"container section-title-container\" style=\"max-width:100%;\"><h2 class=\"section-title section-title-normal\"><b><\/b><span class=\"section-title-main\" >D\u00e9claration de garantieEN<\/span><b><\/b><\/h2><\/div>\n\n<div class=\"accordion\">\n\n\t<div id=\"accordion-187513375\" class=\"accordion-item\">\n\t\t<a id=\"accordion-187513375-label\" class=\"accordion-title plain active\" href aria-expanded=\"true\" aria-controls=\"accordion-187513375-content\" >\n\t\t\t<button class=\"toggle\" aria-label=\"Basculer\"><i class=\"icon-angle-down\"><\/i><\/button>\n\t\t\t<span>D\u00e9claration de garantie Filtre WM (Art.-Nr. : WMF-GKAK10)<\/span>\n\t\t<\/a>\n\t\t<div id=\"accordion-187513375-content\" class=\"accordion-inner\" style=\"display: block;\" aria-labelledby=\"accordion-187513375-label\" >\n\t\t\t\n\n<p>Le fabricant WM Aquatec GmbH &amp; Co. KG accorde, outre et en plus de la responsabilit\u00e9 pour vices du vendeur, une garantie de durabilit\u00e9 sur le tube du bo\u00eetier du filtre dans les conditions et l&rsquo;\u00e9tendue d\u00e9crites ci-dessous.<\/p>\n          \n\n          <p>La dur\u00e9e de la garantie est de 10 ans. Le calcul de la dur\u00e9e de la garantie commence \u00e0 la date de la facture. Le champ d&rsquo;application g\u00e9ographique de la protection de la garantie est limit\u00e9 aux produits achet\u00e9s dans l&rsquo;Union europ\u00e9enne.<\/p>\n          \n\n          <p>La garantie porte sur l&rsquo;absence de d\u00e9faut du corps de filtre-tube, y compris le bon fonctionnement et les d\u00e9fauts de mat\u00e9riau ou de production.<\/p>\n          \n\n          <p>Si un d\u00e9faut appara\u00eet pendant la p\u00e9riode de garantie, nous accordons, dans le cadre de cette garantie, l&rsquo;une des prestations suivantes, \u00e0 notre choix :<\/p>\n          \n\n          <p>&#8211; r\u00e9paration gratuite du tube du bo\u00eetier du filtre ou<\/p>\n          \n\n          <p>&#8211; remplacement gratuit du tube du bo\u00eetier du filtre par un article \u00e9quivalent<\/p>\n          \n\n          <p>En cas de recours \u00e0 la garantie, adressez-vous directement \u00e0 nous par courrier, par t\u00e9l\u00e9phone ou par e-mail :<\/p>\n          \n\n          <p>WM aquatec GmbH &amp; Co. KG<br>Uracherstra\u00dfe 22<br>73268 Erkenbrechtsweiler<br>Fon : +49 70 26 \/ 93 210 90<br>info@wm-aquatec.de<\/p>\n          \n\n          <p>Les demandes de garantie sont exclues en cas de dommages sur le tube du corps de filtre dus \u00e0<\/p>\n          \n\n          <p>&#8211; l&rsquo;usure normale (par ex. d\u00e9coloration)<\/p>\n          \n\n          <p>&#8211; d&rsquo;une mauvaise manipulation<\/p>\n          \n\n          <p>&#8211; Non-respect des mesures de s\u00e9curit\u00e9<\/p>\n          \n\n          <p>&#8211; Utilisation de la force<\/p>\n          \n\n          <p>&#8211; Tentatives de r\u00e9paration par ses propres moyens.<\/p>\n          \n\n          <p>La condition pr\u00e9alable \u00e0 la mise en \u0153uvre de la garantie est de permettre au garant (WM aquatec GmbH &amp; Co.KG) d&rsquo;examiner le cas de garantie. Cela peut se faire en envoyant le tube du bo\u00eetier du filtre. Il faut veiller \u00e0 \u00e9viter tout endommagement du tube du bo\u00eetier du filtre pendant le transport en utilisant un emballage s\u00fbr. Pour faire valoir la garantie, il faut joindre une copie de la facture de l&rsquo;envoi de marchandises, afin que nous puissions v\u00e9rifier si le d\u00e9lai de garantie a \u00e9t\u00e9 respect\u00e9. Sans copie de la facture, nous pouvons refuser d&rsquo;honorer la garantie. En outre, vous devez communiquer le nom et l&rsquo;adresse du vendeur si ces donn\u00e9es ne ressortent pas de la copie de la facture. En cas de demande de garantie justifi\u00e9e, il n&rsquo;y a pas de frais d&rsquo;envoi. Dans ce cas, nous vous remboursons les frais d&rsquo;envoi.<\/p>\n          \n\n          <p>Cette garantie du fabricant ne limite pas vos droits l\u00e9gaux \u00e0 l&rsquo;encontre du fabricant et peut \u00eatre invoqu\u00e9e gratuitement. Par cons\u00e9quent, cette promesse de garantie n&rsquo;affecte pas les \u00e9ventuels droits de garantie l\u00e9gaux existants. La garantie du fabricant ne remplace donc pas vos droits de garantie l\u00e9gaux, mais \u00e9tend votre statut juridique. Si l&rsquo;objet achet\u00e9 est d\u00e9fectueux d&rsquo;une mani\u00e8re ou d&rsquo;une autre, vous pouvez dans tous les cas vous adresser \u00e0 nous dans le cadre de la garantie l\u00e9gale et ce, ind\u00e9pendamment du fait qu&rsquo;il s&rsquo;agisse d&rsquo;un cas de garantie ou que la garantie soit invoqu\u00e9e.<\/p>\n\n\t\t<\/div>\n\t<\/div>\n\t\n\n<\/div>\n\n\t\t<\/div>\n\t\t\t\t\n<style>\n#col-1416602942 > .col-inner {\n  margin: 50px 0px 0px 0px;\n  max-width: 100%;\n}\n<\/style>\n\t<\/div>\n\n\t\n\n<\/div>\n\n","protected":false},"excerpt":{"rendered":"","protected":false},"author":1,"featured_media":535,"parent":0,"menu_order":1,"comment_status":"closed","ping_status":"closed","template":"page-blank.php","meta":{"inline_featured_image":false,"footnotes":""},"class_list":["post-18660","page","type-page","status-publish","has-post-thumbnail","hentry"],"_links":{"self":[{"href":"https:\/\/wm-aquatec.de\/fr\/wp-json\/wp\/v2\/pages\/18660","targetHints":{"allow":["GET"]}}],"collection":[{"href":"https:\/\/wm-aquatec.de\/fr\/wp-json\/wp\/v2\/pages"}],"about":[{"href":"https:\/\/wm-aquatec.de\/fr\/wp-json\/wp\/v2\/types\/page"}],"author":[{"embeddable":true,"href":"https:\/\/wm-aquatec.de\/fr\/wp-json\/wp\/v2\/users\/1"}],"replies":[{"embeddable":true,"href":"https:\/\/wm-aquatec.de\/fr\/wp-json\/wp\/v2\/comments?post=18660"}],"version-history":[{"count":0,"href":"https:\/\/wm-aquatec.de\/fr\/wp-json\/wp\/v2\/pages\/18660\/revisions"}],"wp:featuredmedia":[{"embeddable":true,"href":"https:\/\/wm-aquatec.de\/fr\/wp-json\/wp\/v2\/media\/535"}],"wp:attachment":[{"href":"https:\/\/wm-aquatec.de\/fr\/wp-json\/wp\/v2\/media?parent=18660"}],"curies":[{"name":"wp","href":"https:\/\/api.w.org\/{rel}","templated":true}]}}