{"id":3044,"date":"2021-07-28T17:43:05","date_gmt":"2021-07-28T15:43:05","guid":{"rendered":"https:\/\/wm-aquatec.de\/largent-le-moyen-de-choix\/"},"modified":"2022-04-13T21:11:32","modified_gmt":"2022-04-13T19:11:32","slug":"largent-le-moyen-de-choix","status":"publish","type":"page","link":"https:\/\/wm-aquatec.de\/fr\/largent-le-moyen-de-choix\/","title":{"rendered":"L\u2018argent &#8211; le moyen de choix"},"content":{"rendered":"\n\n\t<section class=\"section\" id=\"section_2104828902\">\n\t\t<div class=\"section-bg fill\" >\n\t\t\t\t\t\t\t\t\t\n\t\t\t\n\n\t\t<\/div>\n\n\t\t\n\n\t\t<div class=\"section-content relative\">\n\t\t\t\n\n<div class=\"row row-small align-middle align-center\" style=\"max-width:90%\" id=\"row-971285345\">\n\n\n\t<div id=\"col-1102708239\" class=\"col small-12 large-12\"  >\n\t\t\t\t<div class=\"col-inner text-left\"  >\n\t\t\t\n\t\t\t\n\n<div class=\"row row-large row-full-width align-equal align-center\"  id=\"row-192712466\">\n\n\n\t<div id=\"col-1050426686\" class=\"col medium-5 small-12 large-5\"  >\n\t\t\t\t<div class=\"col-inner\"  >\n\t\t\t\n\t\t\t\n\n\n  <div class=\"banner has-hover\" id=\"banner-1505378935\">\n          <div class=\"banner-inner fill\">\n        <div class=\"banner-bg fill\" >\n            <img loading=\"lazy\" decoding=\"async\" width=\"1020\" height=\"408\" src=\"https:\/\/wm-aquatec.de\/wp-content\/uploads\/2021\/07\/hero_silber-2-1400x560.jpg\" class=\"bg attachment-large size-large\" alt=\"Feinsilber Barren\" \/>                                    \n                    <\/div>\n\t\t\n        <div class=\"banner-layers container\">\n            <div class=\"fill banner-link\"><\/div>            \n\n   <div id=\"text-box-407717579\" class=\"text-box banner-layer x0 md-x0 lg-x0 y50 md-y50 lg-y50 res-text\">\n                                <div class=\"text-box-content text dark\">\n              \n              <div class=\"text-inner text-left\">\n                  \n\n\t<div id=\"text-2609456710\" class=\"text\">\n\t\t\n\n<h2 style=\"text-align: left;\">\n            <span style=\"font-size: 85%;\">L&rsquo;ARGENT <\/span>\n            <br>\n            <span style=\"font-size: 85%;\">LE MOYEN <strong>CHOIX<\/strong><\/span>\n          <\/h2>\n\t\t\n<style>\n#text-2609456710 {\n  font-size: 0.75rem;\n}\n<\/style>\n\t<\/div>\n\t\n\n              <\/div>\n           <\/div>\n                            \n<style>\n#text-box-407717579 .text-box-content {\n  background-color: rgba(0, 106, 176, 0.756);\n  font-size: 100%;\n}\n#text-box-407717579 .text-inner {\n  padding: 20px 20px 20px 20px;\n}\n#text-box-407717579 {\n  width: 64%;\n}\n<\/style>\n    <\/div>\n \n\n        <\/div>\n      <\/div>\n\n            \n<style>\n#banner-1505378935 {\n  padding-top: 90%;\n}\n#banner-1505378935 .banner-bg img {\n  object-position: 57% 55%;\n}\n<\/style>\n  <\/div>\n\n\n\n\t\t<\/div>\n\t\t\t\t\t<\/div>\n\n\t\n\n\t<div id=\"col-1269302478\" class=\"col medium-7 small-12 large-7\"  >\n\t\t\t\t<div class=\"col-inner\"  >\n\t\t\t\n\t\t\t\n\n<div class=\"container section-title-container\" style=\"max-width:100%;\"><h2 class=\"section-title section-title-normal\"><b><\/b><span class=\"section-title-main\" >L\u2018ARGENT ET SON HISTOIRE<\/span><b><\/b><\/h2><\/div>\n\n<p>\n            <span style=\"font-size: 85%;\">Il y a des milliers d\u2019ann\u00e9es, les gens \u00e9taient d\u00e9j\u00e0 conscients des propri\u00e9t\u00e9s particuli\u00e8res de l\u2019argent. Alexandre le Grand transportait l\u2019eau potable n\u00e9cessaire aux diff\u00e9rentes campagnes militaires dans des r\u00e9cipients en argent afin de garantir sa puret\u00e9. Les propri\u00e9t\u00e9s curatives magiques de l\u2019argent sont d\u00e9crites dans les histoires datant de cette p\u00e9riode. Aujourd\u2019hui, on voit cela plus sobrement \u2013 on parle maintenant d\u2019argent et de l\u2019effet antimicrobien r\u00e9sultant de l\u2019effet oligodynamique. Dans l\u2019eau potable, les ions argent (Ag+) ont un effet microbicide (destruction ou inhibition des germes). Cela permet de conserver l\u2019eau potable et de la prot\u00e9ger d\u2018une recontamination \u00e0 long terme.<\/span>\n          <\/p>\n<div class=\"container section-title-container\" style=\"margin-top:30px;max-width:100%;\"><h2 class=\"section-title section-title-normal\"><b><\/b><span class=\"section-title-main\" >QUELLES SUBSTANCES ACTIVES SONT UTILES \u00c0 LA CONSERVATION?<\/span><b><\/b><\/h2><\/div>\n\n<p>\n            <span style=\"font-size: 85%;\">Ce sont les ions d\u2019argent charg\u00e9s positivement qui s\u2019amarrent aux micro-organismes (par exemple, les pathog\u00e8nes tels que les l\u00e9gionelles, E. coli, etc.) et perturbent le m\u00e9tabolisme des bact\u00e9ries ou provoquent la mort cellulaire dans plus de 30 m\u00e9canismes d\u2019action diff\u00e9rents. Les ions d\u2018argent ont un effet unique \u00e0 long terme comme aucun autre ingr\u00e9dient actif sur le march\u00e9. Les produits \u00e0 base de chlore ou de peroxyde d\u2019hydrog\u00e8ne ne peuvent pas \u00eatre \u00abli\u00e9s\u00bb dans l\u2019eau, s\u2019\u00e9vaporent et ne sont donc pas adapt\u00e9s \u00e0 la conservation.<\/span>\n          <\/p>\n<div class=\"container section-title-container\" style=\"margin-top:30px;max-width:100%;\"><h2 class=\"section-title section-title-normal\"><b><\/b><span class=\"section-title-main\" >QUELLE EST LA DIFF\u00c9RENCE ENTRE LA CONSERVATION ET LA D\u00c9SINFECTION DE L'EAU?<\/span><b><\/b><\/h2><\/div>\n\n<p>\n            <span style=\"font-size: 85%;\">Par conservation, on entend la pr\u00e9vention de la multiplication des micro-organismes pendant une longue p\u00e9riode. Cependant, cela n\u00e9cessite une eau potable de qualit\u00e9. La d\u00e9sinfection est bas\u00e9e sur l\u2019hypoth\u00e8se qu\u2019il y a un nombre \u00e9lev\u00e9 de bact\u00e9ries dans l\u2019eau, qui est r\u00e9duit par l\u2019ajout de d\u00e9sinfectants pour rendre l\u2019eau potable.<\/span>\n          <\/p>\n\n\t\t<\/div>\n\t\t\t\t\t<\/div>\n\n\t\n\n<\/div>\n\n\t\t<\/div>\n\t\t\t\t\n<style>\n#col-1102708239 > .col-inner {\n  max-width: 100%;\n}\n<\/style>\n\t<\/div>\n\n\t\n\n<\/div>\n\n\t\t<\/div>\n\n\t\t\n<style>\n#section_2104828902 {\n  padding-top: 50px;\n  padding-bottom: 50px;\n  background-color: rgb(245, 245, 245);\n}\n<\/style>\n\t<\/section>\n\t\n\n\t<section class=\"section\" id=\"section_1298856853\">\n\t\t<div class=\"section-bg fill\" >\n\t\t\t\t\t\t\t\t\t\n\t\t\t\n\n\t\t<\/div>\n\n\t\t\n\n\t\t<div class=\"section-content relative\">\n\t\t\t\n\n<div class=\"row row-small align-middle align-center\" style=\"max-width:90%\" id=\"row-502812416\">\n\n\n\t<div id=\"col-609892738\" class=\"col small-12 large-12\"  >\n\t\t\t\t<div class=\"col-inner text-left\"  >\n\t\t\t\n\t\t\t\n\n<div class=\"row row-large row-full-width align-equal align-center\"  id=\"row-1180079013\">\n\n\n\t<div id=\"col-575440243\" class=\"col medium-5 small-12 large-5\"  >\n\t\t\t\t<div class=\"col-inner\"  >\n\t\t\t\n\t\t\t\n\n\n  <div class=\"banner has-hover\" id=\"banner-560792467\">\n          <div class=\"banner-inner fill\">\n        <div class=\"banner-bg fill\" >\n            <img loading=\"lazy\" decoding=\"async\" width=\"1020\" height=\"476\" src=\"https:\/\/wm-aquatec.de\/wp-content\/uploads\/2021\/07\/bg_Karaffe-1400x653.jpg\" class=\"bg attachment-large size-large\" alt=\"\" \/>                                    \n                    <\/div>\n\t\t\n        <div class=\"banner-layers container\">\n            <div class=\"fill banner-link\"><\/div>            \n\n   <div id=\"text-box-2033843956\" class=\"text-box banner-layer x0 md-x0 lg-x0 y65 md-y65 lg-y65 res-text\">\n                                <div class=\"text-box-content text dark\">\n              \n              <div class=\"text-inner text-left\">\n                  \n\n\t<div id=\"text-32723212\" class=\"text\">\n\t\t\n\n<h2 style=\"text-align: left;\">\n            <span style=\"font-size: 85%;\">L&rsquo;ARGENT <\/span>\n            <br>\n            <span style=\"font-size: 85%;\">ET LA <strong>SANT\u00c9<\/strong><\/span>\n          <\/h2>\n\t\t\n<style>\n#text-32723212 {\n  font-size: 0.75rem;\n  text-align: center;\n}\n@media (min-width:550px) {\n  #text-32723212 {\n    font-size: 0.75rem;\n    text-align: left;\n  }\n}\n<\/style>\n\t<\/div>\n\t\n\n              <\/div>\n           <\/div>\n                            \n<style>\n#text-box-2033843956 .text-box-content {\n  background-color: rgba(0, 106, 176, 0.756);\n  font-size: 0%;\n}\n#text-box-2033843956 .text-inner {\n  padding: 10px 10px 10px 10px;\n}\n#text-box-2033843956 {\n  width: 81%;\n}\n@media (min-width:550px) {\n  #text-box-2033843956 .text-inner {\n    padding: 20px 20px 20px 20px;\n  }\n  #text-box-2033843956 {\n    width: 62%;\n  }\n  #text-box-2033843956 .text-box-content {\n    font-size: 100%;\n  }\n}\n<\/style>\n    <\/div>\n \n\n        <\/div>\n      <\/div>\n\n            \n<style>\n#banner-560792467 {\n  padding-top: 90%;\n}\n#banner-560792467 .banner-bg img {\n  object-position: 0% 29%;\n}\n<\/style>\n  <\/div>\n\n\n\n\t\t<\/div>\n\t\t\t\t\t<\/div>\n\n\t\n\n\t<div id=\"col-372881154\" class=\"col medium-7 small-12 large-7\"  >\n\t\t\t\t<div class=\"col-inner\"  >\n\t\t\t\n\t\t\t\n\n<div class=\"container section-title-container\" style=\"max-width:100%;\"><h2 class=\"section-title section-title-normal\"><b><\/b><span class=\"section-title-main\" >QUELLES SONT LES VALEURS LIMITES INDIQU\u00c9ES PAR LA R\u00c9GLEMENTATION ALLEMANDE SUR L'EAU POTABLE?<\/span><b><\/b><\/h2><\/div>\n\n<p>\n            <span style=\"font-size: 85%;\">L\u2019organisation mondiale de la sant\u00e9 (OMS) recommande une concentration maximale d\u2019ions argent de 0,1 mg d\u2019argent (100 \u00b5g) par litre d\u2019eau potable et cela a \u00e9t\u00e9 convenu aussi au niveau international. En Allemagne, l\u2019argent n\u2019est plus mentionn\u00e9 dans la r\u00e9glementation sur l\u2019eau potable depuis fin 2017 (la valeur indiqu\u00e9e \u00e9tait \u00e9galement de 100 \u00b5g\/l). Cela ne signifie pas que l\u2019argent ne peut plus \u00eatre utilis\u00e9 pour la conservation de l\u2018eau.<\/span>\n          <\/p>\n          \n\n          <blockquote>\n            \n\n            <p>\n              <span style=\"font-size: 75%; color: #282828;\">La norme europ\u00e9enne EN 15030 traite le sujet de la conservation de l\u2019eau. Seulement la substance active argent (-ion) est mentionn\u00e9 ici lorsqu\u2019il s\u2019agit de la conservation de l\u2019eau.<\/span>\n            <\/p>\n            \n\n          <\/blockquote>\n<div class=\"container section-title-container\" style=\"margin-top:30px;max-width:100%;\"><h2 class=\"section-title section-title-normal\"><b><\/b><span class=\"section-title-main\" >L\u2019ARGENT DANS L'EAU EST-IL NOCIF POUR LA SANT\u00c9?<\/span><b><\/b><\/h2><\/div>\n\n<p>\n            <span style=\"font-size: 85%;\">Route libre. Jusqu\u2019\u00e0 pr\u00e9sent, aucune \u00e9tude scientifique n\u2019a d\u00e9montr\u00e9 un effet nocif sur l\u2019organisme humain dans les concentrations susmentionn\u00e9es.<\/span>\n          <\/p>\n          \n\n          <p class=\"p1\">\n            <span style=\"font-size: 85%;\">Avis de l\u2019Institut f\u00e9d\u00e9ral pour l\u2019\u00e9valuation des risques (BfR) nr. 024 du 28 d\u00e9cembre 2009 (extrait): 2009:  <\/span>\n          <\/p>\n          \n\n          <blockquote>\n            \n\n            <p class=\"p1\">\n              <span style=\"font-size: 75%; color: #282828;\">\u00ab\u00a0BfR a \u00e9galement pris en compte une hypoth\u00e8se irr\u00e9aliste du pire des cas dans laquelle un consommateur boit chaque jour pendant 70 ans 2 litres d\u2019eau trait\u00e9e avec une concentration maximale en argent de 0,080 mg\/l (80\u00b5g). BfR est arriv\u00e9 \u00e0 la conclusion qu\u2019il n\u2019existe aucun souci de sant\u00e9.\u00a0\u00bb<\/span>\n            <\/p>\n            \n\n          <\/blockquote>\n          \n\n          <p>\n            <span style=\"font-size: 85%;\">Les villes d\u2019Atlanta, Denver ou New York ont \u00e9galement une teneur naturelle en argent de 200 \u00e0 300\u00b5g\/l sans aucun effet n\u00e9gatif sur la sant\u00e9 de la population.<\/span>\n          <\/p>\n\n\t\t<\/div>\n\t\t\t\t\t<\/div>\n\n\t\n\n<\/div>\n\n\t\t<\/div>\n\t\t\t\t\n<style>\n#col-609892738 > .col-inner {\n  max-width: 100%;\n}\n<\/style>\n\t<\/div>\n\n\t\n\n<\/div>\n\n\t\t<\/div>\n\n\t\t\n<style>\n#section_1298856853 {\n  padding-top: 40px;\n  padding-bottom: 40px;\n}\n<\/style>\n\t<\/section>\n\t\n<div class=\"message-box relative dark\" style=\"padding-top:30px;padding-bottom:30px;\"><div class=\"message-box-bg-image bg-fill fill\" ><\/div><div class=\"message-box-bg-overlay bg-fill fill\" style=\"background-color:rgb(160, 160, 160);\"><\/div><div class=\"container relative\"><div class=\"inner last-reset\">\n\n<div class=\"row align-middle align-center\"  id=\"row-2112576877\">\n\n\n\t<div id=\"col-865010098\" class=\"col medium-9 small-12 large-9\"  >\n\t\t\t\t<div class=\"col-inner\"  >\n\t\t\t\n\t\t\t\n\n\t<div id=\"text-1797300552\" class=\"text\">\n\t\t\n\n<h4>Vous avez d&rsquo;autres questions sur l&rsquo;argent, ou vous souhaitez recevoir des informations compl\u00e9mentaires? Nous sommes heureux de r\u00e9pondre \u00e0 toutes vos questions.<\/h4>\n\t\t\n<style>\n#text-1797300552 {\n  font-size: 0.85rem;\n  text-align: left;\n}\n<\/style>\n\t<\/div>\n\t\n\n\t\t<\/div>\n\t\t\t\t\t<\/div>\n\n\t\n\n\t<div id=\"col-1680023646\" class=\"col medium-3 small-12 large-3\"  >\n\t\t\t\t<div class=\"col-inner text-center\"  >\n\t\t\t\n\t\t\t\n\n<a class=\"button white is-outline\"  style=\"border-radius:99px;\">\n\t\t<span>CONTACT<\/span>\n\t<\/a>\n\n\n\n\t\t<\/div>\n\t\t\t\t\n<style>\n#col-1680023646 > .col-inner {\n  margin: 20px 0px 0px 0px;\n}\n<\/style>\n\t<\/div>\n\n\t\n\n<\/div>\n\n<\/div><\/div><\/div>\n","protected":false},"excerpt":{"rendered":"","protected":false},"author":1,"featured_media":535,"parent":0,"menu_order":1,"comment_status":"closed","ping_status":"closed","template":"page-blank.php","meta":{"inline_featured_image":false,"footnotes":""},"class_list":["post-3044","page","type-page","status-publish","has-post-thumbnail","hentry"],"_links":{"self":[{"href":"https:\/\/wm-aquatec.de\/fr\/wp-json\/wp\/v2\/pages\/3044","targetHints":{"allow":["GET"]}}],"collection":[{"href":"https:\/\/wm-aquatec.de\/fr\/wp-json\/wp\/v2\/pages"}],"about":[{"href":"https:\/\/wm-aquatec.de\/fr\/wp-json\/wp\/v2\/types\/page"}],"author":[{"embeddable":true,"href":"https:\/\/wm-aquatec.de\/fr\/wp-json\/wp\/v2\/users\/1"}],"replies":[{"embeddable":true,"href":"https:\/\/wm-aquatec.de\/fr\/wp-json\/wp\/v2\/comments?post=3044"}],"version-history":[{"count":0,"href":"https:\/\/wm-aquatec.de\/fr\/wp-json\/wp\/v2\/pages\/3044\/revisions"}],"wp:featuredmedia":[{"embeddable":true,"href":"https:\/\/wm-aquatec.de\/fr\/wp-json\/wp\/v2\/media\/535"}],"wp:attachment":[{"href":"https:\/\/wm-aquatec.de\/fr\/wp-json\/wp\/v2\/media?parent=3044"}],"curies":[{"name":"wp","href":"https:\/\/api.w.org\/{rel}","templated":true}]}}