{"id":9709,"date":"2022-04-12T10:50:13","date_gmt":"2022-04-12T08:50:13","guid":{"rendered":"https:\/\/wm-aquatec.de\/domaines-dapplication\/"},"modified":"2022-04-13T21:08:36","modified_gmt":"2022-04-13T19:08:36","slug":"domaines-dapplication","status":"publish","type":"page","link":"https:\/\/wm-aquatec.de\/fr\/domaines-dapplication\/","title":{"rendered":"Domaines d&rsquo;application"},"content":{"rendered":"\n\n\t<section class=\"section\" id=\"section_1373061195\">\n\t\t<div class=\"section-bg fill\" >\n\t\t\t\t\t\t\t\t\t\n\t\t\t\n\n\t\t<\/div>\n\n\t\t\n\n\t\t<div class=\"section-content relative\">\n\t\t\t\n\n<div class=\"container section-title-container\" ><h3 class=\"section-title section-title-normal\"><b><\/b><span class=\"section-title-main\" >Cat\u00e9gories de la boutique en ligne<\/span><b><\/b><\/h3><\/div>\n\n<div class=\"row\"  id=\"row-1031193293\">\n\n\n\t<div id=\"col-699031802\" class=\"col medium-3 small-12 large-3\"  >\n\t\t\t\t<div class=\"col-inner\"  >\n\t\t\t\n\t\t\t\n\n\n  \n    <div class=\"row large-columns-1 medium-columns- small-columns- row-small\" >\n  <div class=\"product-category col\" >\n            <div class=\"col-inner\">\n              <a aria-label=\"Acc\u00e9der \u00e0 la cat\u00e9gorie de produits Camping\" href=\"https:\/\/wm-aquatec.de\/fr\/product-category\/camping-fr\/\">                <div class=\"box box-category has-hover box-badge hover-dark \">\n                <div class=\"box-image\" >\n                  <div class=\"image-cover\" style=\"padding-top:100%;\">\n                  <img loading=\"lazy\" decoding=\"async\" src=\"https:\/\/wm-aquatec.de\/wp-content\/uploads\/2021\/12\/parallax_camping_3.jpg\" alt=\"Camping\" width=\"300\" height=\"300\" \/>                                                      <\/div>\n                <\/div>\n                <div class=\"box-text text-center is-large dark\" style=\"background-color:rgba(46, 179, 103, 0.75);\">\n                  <div class=\"box-text-inner\">\n                      <h5 class=\"uppercase header-title\">\n                              Camping                      <\/h5>\n                                            \n                  <\/div>\n                <\/div>\n                <\/div>\n            <\/a>            <\/div>\n            <\/div><\/div>\n\n\n\t\t<\/div>\n\t\t\t\t\t<\/div>\n\n\t\n\n\t<div id=\"col-165622766\" class=\"col medium-3 small-12 large-3\"  >\n\t\t\t\t<div class=\"col-inner\"  >\n\t\t\t\n\t\t\t\n\n\n  \n    <div class=\"row large-columns-1 medium-columns- small-columns- row-small\" >\n  <div class=\"product-category col\" >\n            <div class=\"col-inner\">\n              <a aria-label=\"Acc\u00e9der \u00e0 la cat\u00e9gorie de produits Tout-terrain\" href=\"https:\/\/wm-aquatec.de\/fr\/product-category\/tout-terrain\/\">                <div class=\"box box-category has-hover box-badge hover-dark \">\n                <div class=\"box-image\" >\n                  <div class=\"image-cover\" style=\"padding-top:100%;\">\n                  <img loading=\"lazy\" decoding=\"async\" src=\"https:\/\/wm-aquatec.de\/wp-content\/uploads\/2021\/12\/parallax_offroad_1.jpg\" alt=\"Tout-terrain\" width=\"300\" height=\"300\" \/>                                                      <\/div>\n                <\/div>\n                <div class=\"box-text text-center is-large dark\" style=\"background-color:rgba(236, 132, 11, 0.75);\">\n                  <div class=\"box-text-inner\">\n                      <h5 class=\"uppercase header-title\">\n                              Tout-terrain                      <\/h5>\n                                            \n                  <\/div>\n                <\/div>\n                <\/div>\n            <\/a>            <\/div>\n            <\/div><\/div>\n\n\n\t\t<\/div>\n\t\t\t\t\t<\/div>\n\n\t\n\n\t<div id=\"col-860437627\" class=\"col medium-3 small-12 large-3\"  >\n\t\t\t\t<div class=\"col-inner\"  >\n\t\t\t\n\t\t\t\n\n\n  \n    <div class=\"row large-columns-1 medium-columns- small-columns- row-small\" >\n  <div class=\"product-category col\" >\n            <div class=\"col-inner\">\n              <a aria-label=\"Acc\u00e9der \u00e0 la cat\u00e9gorie de produits Bateau\" href=\"https:\/\/wm-aquatec.de\/fr\/product-category\/bateau\/\">                <div class=\"box box-category has-hover box-badge hover-dark \">\n                <div class=\"box-image\" >\n                  <div class=\"image-cover\" style=\"padding-top:100%;\">\n                  <img loading=\"lazy\" decoding=\"async\" src=\"https:\/\/wm-aquatec.de\/wp-content\/uploads\/2022\/02\/parallax_boot.jpg\" alt=\"Bateau\" width=\"300\" height=\"300\" \/>                                                      <\/div>\n                <\/div>\n                <div class=\"box-text text-center is-large dark\" style=\"background-color:rgba(48, 190, 236, 0.756);\">\n                  <div class=\"box-text-inner\">\n                      <h5 class=\"uppercase header-title\">\n                              Bateau                      <\/h5>\n                                            \n                  <\/div>\n                <\/div>\n                <\/div>\n            <\/a>            <\/div>\n            <\/div><\/div>\n\n\n\t\t<\/div>\n\t\t\t\t\t<\/div>\n\n\t\n\n\t<div id=\"col-274685880\" class=\"col medium-3 small-12 large-3\"  >\n\t\t\t\t<div class=\"col-inner\"  >\n\t\t\t\n\t\t\t\n\n\n  \n    <div class=\"row large-columns-1 medium-columns- small-columns- row-small\" >\n  <div class=\"product-category col\" >\n            <div class=\"col-inner\">\n              <a aria-label=\"Acc\u00e9der \u00e0 la cat\u00e9gorie de produits \u00c0 la maison\" href=\"https:\/\/wm-aquatec.de\/fr\/product-category\/a-la-maison\/\">                <div class=\"box box-category has-hover box-badge hover-dark \">\n                <div class=\"box-image\" >\n                  <div class=\"image-cover\" style=\"padding-top:100%;\">\n                  <img loading=\"lazy\" decoding=\"async\" src=\"https:\/\/wm-aquatec.de\/wp-content\/uploads\/2022\/01\/splash_zuhause_2.jpg\" alt=\"\u00c0 la maison\" width=\"300\" height=\"300\" \/>                                                      <\/div>\n                <\/div>\n                <div class=\"box-text text-center is-large dark\" style=\"background-color:rgba(219, 56, 218, 0.605);\">\n                  <div class=\"box-text-inner\">\n                      <h5 class=\"uppercase header-title\">\n                              \u00c0 la maison                      <\/h5>\n                                            \n                  <\/div>\n                <\/div>\n                <\/div>\n            <\/a>            <\/div>\n            <\/div><\/div>\n\n\n\t\t<\/div>\n\t\t\t\t\t<\/div>\n\n\t\n\n<\/div>\n<div class=\"container section-title-container\" ><h3 class=\"section-title section-title-normal\"><b><\/b><span class=\"section-title-main\" >Offres actuelles<\/span><b><\/b><\/h3><\/div>\n\n<div class=\"row\"  id=\"row-581788446\">\n\n\n\t<div id=\"col-1748535077\" class=\"col medium-4 small-12 large-4\"  >\n\t\t\t\t<div class=\"col-inner\"  >\n\t\t\t\n\t\t\t\n\n<div class=\"woocommerce columns-2 \"><div class=\"products row row-small large-columns-2 medium-columns-2 small-columns-1 has-equal-box-heights equalize-box\">\n<div class=\"product-small col has-hover out-of-stock product type-product post-22830 status-publish first outofstock product_cat-article-special product_tag-article-special product_tag-charbon-actif product_tag-filtre product_tag-filtre-de-remplissage product_tag-metaux-lourds product_tag-pesticides-fr product_tag-polluants product_tag-residus-de-medicaments product_tag-salete product_tag-wm-fr has-post-thumbnail sale taxable shipping-taxable purchasable product-type-simple\">\n\t<div class=\"col-inner\">\n\t\n<div class=\"badge-container absolute left top z-1\">\n\n<\/div>\n\t<div class=\"product-small box \">\n\t\t<div class=\"box-image\">\n\t\t\t<div class=\"image-zoom-fade\">\n\t\t\t\t<a href=\"https:\/\/wm-aquatec.de\/fr\/shop\/article-special\/filtres-wm-article-special\/\" aria-label=\"Filtres WM (article sp\u00e9cial)\">\n\t\t\t\t\t<img loading=\"lazy\" decoding=\"async\" width=\"300\" height=\"300\" src=\"https:\/\/wm-aquatec.de\/wp-content\/uploads\/2023\/08\/wm_filter_ak-300x300.jpg\" class=\"attachment-woocommerce_thumbnail size-woocommerce_thumbnail\" alt=\"WM Filter zur Tankbef\u00fcllung\" srcset=\"https:\/\/wm-aquatec.de\/wp-content\/uploads\/2023\/08\/wm_filter_ak-300x300.jpg 300w, https:\/\/wm-aquatec.de\/wp-content\/uploads\/2023\/08\/wm_filter_ak-400x400.jpg 400w, https:\/\/wm-aquatec.de\/wp-content\/uploads\/2023\/08\/wm_filter_ak-800x800.jpg 800w, https:\/\/wm-aquatec.de\/wp-content\/uploads\/2023\/08\/wm_filter_ak-280x280.jpg 280w, https:\/\/wm-aquatec.de\/wp-content\/uploads\/2023\/08\/wm_filter_ak-768x768.jpg 768w, https:\/\/wm-aquatec.de\/wp-content\/uploads\/2023\/08\/wm_filter_ak-600x600.jpg 600w, https:\/\/wm-aquatec.de\/wp-content\/uploads\/2023\/08\/wm_filter_ak-100x100.jpg 100w, https:\/\/wm-aquatec.de\/wp-content\/uploads\/2023\/08\/wm_filter_ak.jpg 1500w\" sizes=\"auto, (max-width: 300px) 100vw, 300px\" \/>\t\t\t\t<\/a>\n\t\t\t<\/div>\n\t\t\t<div class=\"image-tools is-small top right show-on-hover\">\n\t\t\t\t\t\t\t<\/div>\n\t\t\t<div class=\"image-tools is-small hide-for-small bottom left show-on-hover\">\n\t\t\t\t\t\t\t<\/div>\n\t\t\t<div class=\"image-tools grid-tools text-center hide-for-small bottom hover-slide-in show-on-hover\">\n\t\t\t\t\t\t\t<\/div>\n\t\t\t<div class=\"out-of-stock-label\">Rupture de stock<\/div>\t\t<\/div>\n\n\t\t<div class=\"box-text box-text-products\">\n\t\t\t<div class=\"title-wrapper\"><p class=\"name product-title woocommerce-loop-product__title\"><a href=\"https:\/\/wm-aquatec.de\/fr\/shop\/article-special\/filtres-wm-article-special\/\" class=\"woocommerce-LoopProduct-link woocommerce-loop-product__link\">Filtres WM (article sp\u00e9cial)<\/a><\/p><\/div><div class=\"price-wrapper\">\n\t<span class=\"price\"><del aria-hidden=\"true\"><span class=\"woocommerce-Price-amount amount\"><bdi>249,00<span class=\"woocommerce-Price-currencySymbol\">&euro;<\/span><\/bdi><\/span><\/del> <span class=\"screen-reader-text\">Le prix initial \u00e9tait\u00a0: 249,00&euro;.<\/span><ins aria-hidden=\"true\"><span class=\"woocommerce-Price-amount amount\"><bdi>190,00<span class=\"woocommerce-Price-currencySymbol\">&euro;<\/span><\/bdi><\/span><\/ins><span class=\"screen-reader-text\">Le prix actuel est\u00a0: 190,00&euro;.<\/span> <small class=\"woocommerce-price-suffix\">incl. TVA<\/small><\/span>\n<\/div>\t\t<\/div>\n\t<\/div>\n\t<span class=\"gtm4wp_productdata\" style=\"display:none; visibility:hidden;\" data-gtm4wp_product_data=\"{&quot;internal_id&quot;:22830,&quot;item_id&quot;:22830,&quot;item_name&quot;:&quot;Filtres WM (article sp\\u00e9cial)&quot;,&quot;sku&quot;:&quot;WMF-GKAK10-B&quot;,&quot;price&quot;:190,&quot;stocklevel&quot;:0,&quot;stockstatus&quot;:&quot;outofstock&quot;,&quot;google_business_vertical&quot;:&quot;retail&quot;,&quot;item_category&quot;:&quot;Articles sp\\u00e9ciaux %&quot;,&quot;id&quot;:22830,&quot;productlink&quot;:&quot;https:\\\/\\\/wm-aquatec.de\\\/fr\\\/shop\\\/article-special\\\/filtres-wm-article-special\\\/&quot;,&quot;item_list_name&quot;:&quot;Produits en promotion&quot;,&quot;index&quot;:1,&quot;product_type&quot;:&quot;simple&quot;,&quot;item_brand&quot;:&quot;&quot;}\"><\/span>\t\t\t<input type=\"hidden\" class=\"pmwProductId\" data-id=\"22830\">\n\t\t\t\t\t<script>\n\t\t\t(window.pmwDataLayer = window.pmwDataLayer || {}).products                = window.pmwDataLayer.products || {};\n\t\t\twindow.pmwDataLayer.products[22830] = {\"id\":\"22830\",\"sku\":\"WMF-GKAK10-B\",\"price\":190,\"brand\":\"\",\"quantity\":1,\"dyn_r_ids\":{\"post_id\":\"22830\",\"sku\":\"WMF-GKAK10-B\",\"gpf\":\"woocommerce_gpf_22830\",\"gla\":\"gla_22830\"},\"is_variable\":false,\"type\":\"simple\",\"name\":\"Filtres WM (article sp\u00e9cial)\",\"category\":[\"Articles sp\u00e9ciaux %\"],\"is_variation\":false};\n\t\t\t\t\twindow.pmw_product_position = window.pmw_product_position || 1;\n\t\twindow.pmwDataLayer.products[22830]['position'] = window.pmw_product_position++;\n\t\t\t\t<\/script>\n\t\t\t<\/div>\n<\/div><div class=\"product-small col has-hover product type-product post-22831 status-publish last instock product_cat-article-special product_tag-aimant product_tag-filtre-wm product_tag-support product_tag-support-fr product_tag-support-avec-aimant product_tag-universel has-post-thumbnail sale taxable shipping-taxable purchasable product-type-simple\">\n\t<div class=\"col-inner\">\n\t\n<div class=\"badge-container absolute left top z-1\">\n\n<\/div>\n\t<div class=\"product-small box \">\n\t\t<div class=\"box-image\">\n\t\t\t<div class=\"image-zoom-fade\">\n\t\t\t\t<a href=\"https:\/\/wm-aquatec.de\/fr\/shop\/article-special\/support-avec-aimant-universel-article-special\/\" aria-label=\"Support avec aimant universel (article sp\u00e9cial)\">\n\t\t\t\t\t<img loading=\"lazy\" decoding=\"async\" width=\"300\" height=\"300\" src=\"https:\/\/wm-aquatec.de\/wp-content\/uploads\/2024\/03\/Magnet_Halterung_Uni_1-300x300.jpg\" class=\"attachment-woocommerce_thumbnail size-woocommerce_thumbnail\" alt=\"Magnethalterung UNI\" srcset=\"https:\/\/wm-aquatec.de\/wp-content\/uploads\/2024\/03\/Magnet_Halterung_Uni_1-300x300.jpg 300w, https:\/\/wm-aquatec.de\/wp-content\/uploads\/2024\/03\/Magnet_Halterung_Uni_1-400x400.jpg 400w, https:\/\/wm-aquatec.de\/wp-content\/uploads\/2024\/03\/Magnet_Halterung_Uni_1-800x800.jpg 800w, https:\/\/wm-aquatec.de\/wp-content\/uploads\/2024\/03\/Magnet_Halterung_Uni_1-280x280.jpg 280w, https:\/\/wm-aquatec.de\/wp-content\/uploads\/2024\/03\/Magnet_Halterung_Uni_1-768x768.jpg 768w, https:\/\/wm-aquatec.de\/wp-content\/uploads\/2024\/03\/Magnet_Halterung_Uni_1-1536x1536.jpg 1536w, https:\/\/wm-aquatec.de\/wp-content\/uploads\/2024\/03\/Magnet_Halterung_Uni_1-600x600.jpg 600w, https:\/\/wm-aquatec.de\/wp-content\/uploads\/2024\/03\/Magnet_Halterung_Uni_1-100x100.jpg 100w, https:\/\/wm-aquatec.de\/wp-content\/uploads\/2024\/03\/Magnet_Halterung_Uni_1.jpg 2000w\" sizes=\"auto, (max-width: 300px) 100vw, 300px\" \/>\t\t\t\t<\/a>\n\t\t\t<\/div>\n\t\t\t<div class=\"image-tools is-small top right show-on-hover\">\n\t\t\t\t\t\t\t<\/div>\n\t\t\t<div class=\"image-tools is-small hide-for-small bottom left show-on-hover\">\n\t\t\t\t\t\t\t<\/div>\n\t\t\t<div class=\"image-tools grid-tools text-center hide-for-small bottom hover-slide-in show-on-hover\">\n\t\t\t\t\t\t\t<\/div>\n\t\t\t\t\t<\/div>\n\n\t\t<div class=\"box-text box-text-products\">\n\t\t\t<div class=\"title-wrapper\"><p class=\"name product-title woocommerce-loop-product__title\"><a href=\"https:\/\/wm-aquatec.de\/fr\/shop\/article-special\/support-avec-aimant-universel-article-special\/\" class=\"woocommerce-LoopProduct-link woocommerce-loop-product__link\">Support avec aimant universel (article sp\u00e9cial)<\/a><\/p><\/div><div class=\"price-wrapper\">\n\t<span class=\"price\"><del aria-hidden=\"true\"><span class=\"woocommerce-Price-amount amount\"><bdi>21,90<span class=\"woocommerce-Price-currencySymbol\">&euro;<\/span><\/bdi><\/span><\/del> <span class=\"screen-reader-text\">Le prix initial \u00e9tait\u00a0: 21,90&euro;.<\/span><ins aria-hidden=\"true\"><span class=\"woocommerce-Price-amount amount\"><bdi>15,33<span class=\"woocommerce-Price-currencySymbol\">&euro;<\/span><\/bdi><\/span><\/ins><span class=\"screen-reader-text\">Le prix actuel est\u00a0: 15,33&euro;.<\/span> <small class=\"woocommerce-price-suffix\">incl. TVA<\/small><\/span>\n<\/div>\t\t<\/div>\n\t<\/div>\n\t<span class=\"gtm4wp_productdata\" style=\"display:none; visibility:hidden;\" data-gtm4wp_product_data=\"{&quot;internal_id&quot;:22831,&quot;item_id&quot;:22831,&quot;item_name&quot;:&quot;Support avec aimant universel (article sp\\u00e9cial)&quot;,&quot;sku&quot;:&quot;UMH-2NM-B&quot;,&quot;price&quot;:15.33,&quot;stocklevel&quot;:null,&quot;stockstatus&quot;:&quot;instock&quot;,&quot;google_business_vertical&quot;:&quot;retail&quot;,&quot;item_category&quot;:&quot;Articles sp\\u00e9ciaux %&quot;,&quot;id&quot;:22831,&quot;productlink&quot;:&quot;https:\\\/\\\/wm-aquatec.de\\\/fr\\\/shop\\\/article-special\\\/support-avec-aimant-universel-article-special\\\/&quot;,&quot;item_list_name&quot;:&quot;Produits en promotion&quot;,&quot;index&quot;:2,&quot;product_type&quot;:&quot;simple&quot;,&quot;item_brand&quot;:&quot;&quot;}\"><\/span>\t\t\t<input type=\"hidden\" class=\"pmwProductId\" data-id=\"22831\">\n\t\t\t\t\t<script>\n\t\t\t(window.pmwDataLayer = window.pmwDataLayer || {}).products                = window.pmwDataLayer.products || {};\n\t\t\twindow.pmwDataLayer.products[22831] = {\"id\":\"22831\",\"sku\":\"UMH-2NM-B\",\"price\":15.33,\"brand\":\"\",\"quantity\":1,\"dyn_r_ids\":{\"post_id\":\"22831\",\"sku\":\"UMH-2NM-B\",\"gpf\":\"woocommerce_gpf_22831\",\"gla\":\"gla_22831\"},\"is_variable\":false,\"type\":\"simple\",\"name\":\"Support avec aimant universel (article sp\u00e9cial)\",\"category\":[\"Articles sp\u00e9ciaux %\"],\"is_variation\":false};\n\t\t\t\t\twindow.pmw_product_position = window.pmw_product_position || 1;\n\t\twindow.pmwDataLayer.products[22831]['position'] = window.pmw_product_position++;\n\t\t\t\t<\/script>\n\t\t\t<\/div>\n<\/div><\/div><!-- row -->\n<\/div>\n\n\n\t\t<\/div>\n\t\t\t\t\t<\/div>\n\n\t\n\n\t<div id=\"col-418943511\" class=\"col medium-8 small-12 large-8\"  >\n\t\t\t\t<div class=\"col-inner\"  >\n\t\t\t\n\t\t\t\n\n\n\t\t<\/div>\n\t\t\t\t\t<\/div>\n\n\t\n\n<\/div>\n\n\t\t<\/div>\n\n\t\t\n<style>\n#section_1373061195 {\n  padding-top: 30px;\n  padding-bottom: 30px;\n}\n<\/style>\n\t<\/section>\n\t\n","protected":false},"excerpt":{"rendered":"","protected":false},"author":1,"featured_media":0,"parent":0,"menu_order":0,"comment_status":"closed","ping_status":"closed","template":"","meta":{"inline_featured_image":false,"footnotes":""},"class_list":["post-9709","page","type-page","status-publish","hentry"],"_links":{"self":[{"href":"https:\/\/wm-aquatec.de\/fr\/wp-json\/wp\/v2\/pages\/9709","targetHints":{"allow":["GET"]}}],"collection":[{"href":"https:\/\/wm-aquatec.de\/fr\/wp-json\/wp\/v2\/pages"}],"about":[{"href":"https:\/\/wm-aquatec.de\/fr\/wp-json\/wp\/v2\/types\/page"}],"author":[{"embeddable":true,"href":"https:\/\/wm-aquatec.de\/fr\/wp-json\/wp\/v2\/users\/1"}],"replies":[{"embeddable":true,"href":"https:\/\/wm-aquatec.de\/fr\/wp-json\/wp\/v2\/comments?post=9709"}],"version-history":[{"count":0,"href":"https:\/\/wm-aquatec.de\/fr\/wp-json\/wp\/v2\/pages\/9709\/revisions"}],"wp:attachment":[{"href":"https:\/\/wm-aquatec.de\/fr\/wp-json\/wp\/v2\/media?parent=9709"}],"curies":[{"name":"wp","href":"https:\/\/api.w.org\/{rel}","templated":true}]}}