{"id":9761,"date":"2022-04-13T21:12:13","date_gmt":"2022-04-13T19:12:13","guid":{"rendered":"https:\/\/wm-aquatec.de\/a-la-maison\/"},"modified":"2022-04-13T21:12:14","modified_gmt":"2022-04-13T19:12:14","slug":"a-la-maison","status":"publish","type":"page","link":"https:\/\/wm-aquatec.de\/fr\/a-la-maison\/","title":{"rendered":"\u00c0 la maison"},"content":{"rendered":"\n\n\t<section class=\"section has-parallax\" id=\"section_1839217424\">\n\t\t<div class=\"section-bg fill\" data-parallax-container=\".section\" data-parallax-background data-parallax=\"-10\">\n\t\t\t<img loading=\"lazy\" decoding=\"async\" width=\"2100\" height=\"1080\" src=\"https:\/\/wm-aquatec.de\/wp-content\/uploads\/2021\/06\/hero_start_misc.jpg\" class=\"bg attachment-original size-original\" alt=\"\" \/>\t\t\t\t\t\t\n\t\t\t\n\n\t\t<\/div>\n\n\t\t\n\n\t\t<div class=\"section-content relative\">\n\t\t\t\n\n\n  <div class=\"banner has-hover\" id=\"banner-966360758\">\n          <div class=\"banner-inner fill\">\n        <div class=\"banner-bg fill\" >\n                                                \n                    <\/div>\n\t\t\n        <div class=\"banner-layers container\">\n            <div class=\"fill banner-link\"><\/div>            \n\n   <div id=\"text-box-1715940932\" class=\"text-box banner-layer x50 md-x0 lg-x0 y50 md-y50 lg-y50 res-text\">\n                                <div class=\"text-box-content text dark\">\n              \n              <div class=\"text-inner text-center\">\n                  \n\n\t<div id=\"text-4066623354\" class=\"text\">\n\t\t\n\n<h3>\n            <span style=\"font-size: 100%;\">HYGI\u00c8NE DE L&rsquo;EAU ET DE L&rsquo;AIR <strong>\n  <b>POUR TA MAISON<\/b>\n<\/strong><\/span>\n          <\/h3>\n          \n\n          <p>\n            <span style=\"font-size: 95%;\">En raison de l&rsquo;accumulation de l&rsquo;eau dans le r\u00e9servoir d&rsquo;eau fra\u00eeche, les tuyaux et les chauffe-eau (eau stagnante) ainsi que des influences telles que les nutriments biodisponibles et la chaleur, les bact\u00e9ries &amp; Co. se multiplient rapidement.  <\/span>\n          <\/p>\n          \n\n          <p>\n            <span style=\"font-size: 95%;\">De m\u00eame, les canalisations en mauvais \u00e9tat des \u00ab\u00a0points d&rsquo;eau\u00a0\u00bb des campings, souvent associ\u00e9es \u00e0 des normes de traitement de l&rsquo;eau insuffisantes, posent probl\u00e8me, surtout dans le sud de l&rsquo;Europe ou en dehors.<\/span>\n          <\/p>\n\t\t\n<style>\n#text-4066623354 {\n  line-height: 1.2;\n  text-align: left;\n  color: rgb(255, 255, 255);\n}\n#text-4066623354 > * {\n  color: rgb(255, 255, 255);\n}\n<\/style>\n\t<\/div>\n\t\n\n              <\/div>\n           <\/div>\n                            \n<style>\n#text-box-1715940932 .text-box-content {\n  background-color: rgba(0, 106, 176, 0.802);\n  font-size: 120%;\n}\n#text-box-1715940932 .text-inner {\n  padding: 20px 20px 20px 20px;\n}\n#text-box-1715940932 {\n  width: 91%;\n}\n@media (min-width:550px) {\n  #text-box-1715940932 {\n    width: 44%;\n  }\n  #text-box-1715940932 .text-box-content {\n    font-size: 100%;\n  }\n}\n<\/style>\n    <\/div>\n \n\n        <\/div>\n      <\/div>\n\n            \n<style>\n#banner-966360758 {\n  padding-top: 500px;\n  background-color: rgba(0, 0, 0, 0);\n}\n<\/style>\n  <\/div>\n\n\n\n\t\t<\/div>\n\n\t\t\n<style>\n#section_1839217424 {\n  padding-top: 0px;\n  padding-bottom: 0px;\n  min-height: 300px;\n}\n#section_1839217424 .section-bg img {\n  object-position: 0% 48%;\n}\n@media (min-width:550px) {\n  #section_1839217424 {\n    min-height: 400px;\n  }\n}\n@media (min-width:850px) {\n  #section_1839217424 {\n    min-height: 550px;\n  }\n}\n<\/style>\n\t<\/section>\n\t\n\n\t<section class=\"section\" id=\"section_509304471\">\n\t\t<div class=\"section-bg fill\" >\n\t\t\t\t\t\t\t\t\t<div class=\"section-bg-overlay absolute fill\"><\/div>\n\t\t\t\n\n\t\t<\/div>\n\n\t\t\n\n\t\t<div class=\"section-content relative\">\n\t\t\t\n\n<div class=\"row align-equal align-center\"  id=\"row-1523088833\">\n\n\n\t<div id=\"col-1874959539\" class=\"col medium-6 small-12 large-6\"  >\n\t\t\t\t<div class=\"col-inner text-center\"  >\n\t\t\t\n\t\t\t\n\n\t<div id=\"text-2203096658\" class=\"text\">\n\t\t\n\n<h1>OBLIGATOIRE &#8211; <strong>\n  <b>NETTOYAGE ANNUEL ET PROTECTION \u00c0 LONG TERME<\/b>\n<\/strong><\/h1>\n          \n\n          <p>\n            <span style=\"font-size: 90%;\">Le trio d&rsquo;hygi\u00e8ne est un kit complet en mati\u00e8re d&rsquo;hygi\u00e8ne de l&rsquo;eau pour une saison compl\u00e8te. Le nettoyage, le d\u00e9tartrage et la d\u00e9sinfection garantissent l&rsquo;hygi\u00e8ne de base de ton syst\u00e8me d&rsquo;eau douce. Le filet d&rsquo;argent qu&rsquo;il contient prot\u00e8ge ton eau contre la regermination et la garde fra\u00eeche jusqu&rsquo;\u00e0 6 mois &#8211; sans aucun dosage !<\/span>\n          <\/p>\n\t\t\n<style>\n#text-2203096658 {\n  font-size: 1rem;\n  text-align: left;\n}\n<\/style>\n\t<\/div>\n\t\n\n\t\t<\/div>\n\t\t\t\t\t<\/div>\n\n\t\n\n\t<div id=\"col-1285630147\" class=\"col medium-12 small-12 large-6\"  >\n\t\t\t\t<div class=\"col-inner\"  >\n\t\t\t\n\t\t\t\n\n\t<div id=\"text-1727702897\" class=\"text\">\n\t\t\n\n<h1><strong><b>O\u00d9 <\/b><\/strong> ALLER ?<\/h1>\n          \n\n          <p>\n            <span style=\"font-size: 95%;\">L&rsquo;eau potable n&rsquo;est pas automatiquement synonyme d&rsquo;eau exempte de germes. M\u00eame en Allemagne, l&rsquo;ordonnance allemande actuelle sur l&rsquo;eau potable autorise, malgr\u00e9 des normes de qualit\u00e9 tr\u00e8s \u00e9lev\u00e9es, 100 UFC (unit\u00e9s formant des germes : bact\u00e9ries, champignons, levures, etc.) par ml d&rsquo;eau dans l&rsquo;eau potable.<\/span>\n          <\/p>\n          \n\n          <p>\n            <span style=\"font-size: 90%;\">Comme norme g\u00e9n\u00e9rale, nous recommandons, en plus de l&rsquo;entretien annuel du syst\u00e8me d&rsquo;eau douce, la conservation de l&rsquo;eau en Europe centrale et du Nord. Dans le sud et en dehors de l&rsquo;Europe, une d\u00e9sinfection suppl\u00e9mentaire de l&rsquo;eau est conseill\u00e9e.<\/span>\n          <\/p>\n\t\t\n<style>\n#text-1727702897 {\n  font-size: 1rem;\n}\n<\/style>\n\t<\/div>\n\t\n<a href=\"#europa\" class=\"button primary is-outline expand\"  >\n\t\t<span>KIT DE FILTRATION D'EAU HOME EDITION<\/span>\n\t<i class=\"icon-angle-down\" aria-hidden=\"true\" ><\/i><\/a>\n\n\n<a href=\"#monde%20entier\" class=\"button primary is-outline expand\"  >\n\t\t<span>FILET D'ARGENT POUR \u00c9PURATEURS ET HUMIDIFICATEURS D'AIR<\/span>\n\t<i class=\"icon-angle-down\" aria-hidden=\"true\" ><\/i><\/a>\n\n\n\n\t\t<\/div>\n\t\t\t\t\n<style>\n#col-1285630147 > .col-inner {\n  padding: 0px 10% 0px 0px;\n}\n<\/style>\n\t<\/div>\n\n\t\n\n\n<style>\n#row-1523088833 > .col > .col-inner {\n  padding: 50px 0px 0px 0px;\n}\n<\/style>\n<\/div>\n\n\t\t<\/div>\n\n\t\t\n<style>\n#section_509304471 {\n  padding-top: 30px;\n  padding-bottom: 30px;\n  margin-bottom: 0px;\n  min-height: 350px;\n}\n#section_509304471 .section-bg-overlay {\n  background-color: rgba(255, 255, 255, 0.302);\n}\n<\/style>\n\t<\/section>\n\t\n\n\t<section class=\"section has-parallax\" id=\"section_1718363333\">\n\t\t<div class=\"section-bg fill\" data-parallax-container=\".section\" data-parallax-background data-parallax=\"-10\">\n\t\t\t<img loading=\"lazy\" decoding=\"async\" width=\"1000\" height=\"667\" src=\"https:\/\/wm-aquatec.de\/wp-content\/uploads\/2022\/01\/splash_zuhause_2.jpg\" class=\"bg attachment-original size-original\" alt=\"Splash Home\" \/>\t\t\t\t\t\t\n\t\t\t\n\n\t\t<\/div>\n\n\t\t\n\n\t\t<div class=\"section-content relative\">\n\t\t\t\n\n\n  <div class=\"banner has-hover\" id=\"banner-836325592\">\n          <div class=\"banner-inner fill\">\n        <div class=\"banner-bg fill\" >\n                                                \n                    <\/div>\n\t\t\n        <div class=\"banner-layers container\">\n            <div class=\"fill banner-link\"><\/div>            \n\n   <div id=\"text-box-1085674998\" class=\"text-box banner-layer hidden x50 md-x0 lg-x0 y15 md-y15 lg-y15 res-text\">\n                                <div class=\"text-box-content text dark\">\n              \n              <div class=\"text-inner text-center\">\n                  \n\n<p style=\"text-align: left;\">Lorem ipsum dolor sit amet, consectetuer adipiscing elit, sed diam nonummy nibh euismod tincidunt ut laoreet dolore magna aliquam erat volutpat.<\/p>\n<a class=\"button white is-outline\"  >\n\t\t<span>Click me !<\/span>\n\t<i class=\"icon-angle-down\" aria-hidden=\"true\" ><\/i><\/a>\n\n\n\n              <\/div>\n           <\/div>\n                            \n<style>\n#text-box-1085674998 .text-box-content {\n  background-color: rgba(0, 106, 176, 0.802);\n  font-size: 120%;\n}\n#text-box-1085674998 .text-inner {\n  padding: 20px 20px 20px 20px;\n}\n#text-box-1085674998 {\n  width: 91%;\n}\n@media (min-width:550px) {\n  #text-box-1085674998 {\n    width: 33%;\n  }\n  #text-box-1085674998 .text-box-content {\n    font-size: 100%;\n  }\n}\n<\/style>\n    <\/div>\n \n\n        <\/div>\n      <\/div>\n\n            \n<style>\n#banner-836325592 {\n  padding-top: 350px;\n  background-color: rgba(0, 0, 0, 0);\n}\n<\/style>\n  <\/div>\n\n\n\n\t\t<\/div>\n\n\t\t\n<style>\n#section_1718363333 {\n  padding-top: 0px;\n  padding-bottom: 0px;\n  min-height: 300px;\n}\n#section_1718363333 .section-bg img {\n  object-position: 48% 0%;\n}\n@media (min-width:550px) {\n  #section_1718363333 {\n    min-height: 400px;\n  }\n}\n@media (min-width:850px) {\n  #section_1718363333 {\n    min-height: 350px;\n  }\n}\n<\/style>\n\t<\/section>\n\t\n<span class=\"scroll-to\" data-label=\"Scroll to: #europa\" data-bullet=\"false\" data-link=\"#europa\" data-title=\"Change this\" ><a name=\"europa\"><\/a><\/span>\n\n\n\t<section class=\"section\" id=\"section_1617195211\">\n\t\t<div class=\"section-bg fill\" >\n\t\t\t\t\t\t\t\t\t<div class=\"section-bg-overlay absolute fill\"><\/div>\n\t\t\t\n\n\t\t<\/div>\n\n\t\t\n\n\t\t<div class=\"section-content relative\">\n\t\t\t\n\n<div class=\"container section-title-container\" ><h1 class=\"section-title section-title-normal\"><b><\/b><span class=\"section-title-main\" >\u00c9CONOMIQUE, \u00c9COLOGIQUE ET SANS PRODUITS CHIMIQUES<\/span><b><\/b><\/h1><\/div>\n\n<div class=\"row row-large align-center\"  id=\"row-1887091508\">\n\n\n\t<div id=\"col-1595718078\" class=\"col medium-4 small-12 large-4\"  >\n\t\t\t\t<div class=\"col-inner text-left\"  >\n\t\t\t\n\t\t\t\n\n\t\n  \n    <div id=\"product-grid-46693089\" class=\" equalize-box slider slider-auto-height row-collapse slider-nav-outside slider-nav-simple\" data-flickity-options='{&quot;imagesLoaded&quot;: true, &quot;dragThreshold&quot; : 5, &quot;cellAlign&quot;: &quot;left&quot;,&quot;wrapAround&quot;: true,&quot;prevNextButtons&quot;: true,&quot;percentPosition&quot;: true,&quot;pageDots&quot;: false, &quot;rightToLeft&quot;: false, &quot;autoPlay&quot; : false}'>\n\n  <\/div>\n\n\n\t\t<\/div>\n\t\t\t\t\t<\/div>\n\n\t\n\n\t<div id=\"col-368032107\" class=\"col medium-8 small-12 large-8\"  >\n\t\t\t\t<div class=\"col-inner\"  >\n\t\t\t\n\t\t\t\n\n\t<div id=\"text-1830489526\" class=\"text\">\n\t\t\n\n<ul>\n            \n\n            <li>\u00e9conomique, car pas de frais suppl\u00e9mentaires pour l&rsquo;eau en bouteille<\/li>\n            \n\n            <li>respectueux de l&rsquo;environnement, car pas de bouteilles en plastique<\/li>\n            \n\n            <li>excellente qualit\u00e9 de l&rsquo;eau potable<\/li>\n            \n\n            <li>installation facile<\/li>\n            \n\n            <li>Combinaison de filtration st\u00e9rile et de bloc de charbon actif<\/li>\n            \n\n            <li>le bloc de charbon actif d&rsquo;une finesse de filtration de 10 \u00b5m \u00e9limine le sable, la rouille, les particules en suspension, etc. et offre une r\u00e9tention \u00e9lev\u00e9e des polluants (pesticides, m\u00e9taux lourds, chlore, etc.)<\/li>\n            \n\n            <li>la filtration st\u00e9rile avec une finesse de filtre de 0,1\u00b5m \u00e9limine les agents pathog\u00e8nes \u00e0 99,9999% (par ex. EHEC, l\u00e9gionelles, champignons) et fournit une eau parfaitement hygi\u00e9nique<\/li>\n            \n\n          <\/ul>\n\t\t\n<style>\n#text-1830489526 {\n  font-size: 1rem;\n}\n<\/style>\n\t<\/div>\n\t\n\n\t\t<\/div>\n\t\t\t\t\t<\/div>\n\n\t\n\n<\/div>\n\n\t\t<\/div>\n\n\t\t\n<style>\n#section_1617195211 {\n  padding-top: 50px;\n  padding-bottom: 50px;\n}\n#section_1617195211 .section-bg-overlay {\n  background-color: rgba(255, 255, 255, 0.85);\n}\n<\/style>\n\t<\/section>\n\t\n\n\t<section class=\"section has-parallax\" id=\"section_1239418295\">\n\t\t<div class=\"section-bg fill\" data-parallax-container=\".section\" data-parallax-background data-parallax=\"-10\">\n\t\t\t<img loading=\"lazy\" decoding=\"async\" width=\"1000\" height=\"667\" src=\"https:\/\/wm-aquatec.de\/wp-content\/uploads\/2022\/02\/splash_air.jpg\" class=\"bg attachment-original size-original\" alt=\"\" \/>\t\t\t\t\t\t\n\t\t\t\n\n\t\t<\/div>\n\n\t\t\n\n\t\t<div class=\"section-content relative\">\n\t\t\t\n\n\n  <div class=\"banner has-hover\" id=\"banner-2022538924\">\n          <div class=\"banner-inner fill\">\n        <div class=\"banner-bg fill\" >\n                                                \n                    <\/div>\n\t\t\n        <div class=\"banner-layers container\">\n            <div class=\"fill banner-link\"><\/div>            \n\n   <div id=\"text-box-1496411496\" class=\"text-box banner-layer hidden x50 md-x0 lg-x0 y15 md-y15 lg-y15 res-text\">\n                                <div class=\"text-box-content text dark\">\n              \n              <div class=\"text-inner text-center\">\n                  \n\n<p style=\"text-align: left;\">Lorem ipsum dolor sit amet, consectetuer adipiscing elit, sed diam nonummy nibh euismod tincidunt ut laoreet dolore magna aliquam erat volutpat.<\/p>\n<a class=\"button white is-outline\"  >\n\t\t<span>Click me !<\/span>\n\t<i class=\"icon-angle-down\" aria-hidden=\"true\" ><\/i><\/a>\n\n\n\n              <\/div>\n           <\/div>\n                            \n<style>\n#text-box-1496411496 .text-box-content {\n  background-color: rgba(0, 106, 176, 0.802);\n  font-size: 120%;\n}\n#text-box-1496411496 .text-inner {\n  padding: 20px 20px 20px 20px;\n}\n#text-box-1496411496 {\n  width: 91%;\n}\n@media (min-width:550px) {\n  #text-box-1496411496 {\n    width: 33%;\n  }\n  #text-box-1496411496 .text-box-content {\n    font-size: 100%;\n  }\n}\n<\/style>\n    <\/div>\n \n\n        <\/div>\n      <\/div>\n\n            \n<style>\n#banner-2022538924 {\n  padding-top: 350px;\n  background-color: rgba(0, 0, 0, 0);\n}\n<\/style>\n  <\/div>\n\n\n\n\t\t<\/div>\n\n\t\t\n<style>\n#section_1239418295 {\n  padding-top: 0px;\n  padding-bottom: 0px;\n  min-height: 300px;\n}\n#section_1239418295 .section-bg img {\n  object-position: 48% 100%;\n}\n@media (min-width:550px) {\n  #section_1239418295 {\n    min-height: 400px;\n  }\n}\n@media (min-width:850px) {\n  #section_1239418295 {\n    min-height: 350px;\n  }\n}\n<\/style>\n\t<\/section>\n\t\n<span class=\"scroll-to\" data-label=\"Scroll to: #weltweit\" data-bullet=\"false\" data-link=\"#weltweit\" data-title=\"Change this\" ><a name=\"weltweit\"><\/a><\/span>\n\n\n\t<section class=\"section\" id=\"section_1814689873\">\n\t\t<div class=\"section-bg fill\" >\n\t\t\t\t\t\t\t\t\t\n\t\t\t\n\n\t\t<\/div>\n\n\t\t\n\n\t\t<div class=\"section-content relative\">\n\t\t\t\n\n<div class=\"container section-title-container\" ><h1 class=\"section-title section-title-normal\"><b><\/b><span class=\"section-title-main\" >SOLUTION COMPL\u00c8TE POUR VOYAGER DANS LE MONDE ENTIER<\/span><b><\/b><\/h1><\/div>\n\n<div class=\"row row-large align-center\"  id=\"row-2020674618\">\n\n\n\t<div id=\"col-448858212\" class=\"col medium-6 small-12 large-6\"  >\n\t\t\t\t<div class=\"col-inner text-left\"  >\n\t\t\t\n\t\t\t\n\n<div class=\"row\"  id=\"row-1876813637\">\n\n\n\t<div id=\"col-1704803909\" class=\"col medium-6 small-12 large-6\"  >\n\t\t\t\t<div class=\"col-inner\"  >\n\t\t\t\n\t\t\t\n\n<h4>1. CONSERVATION AUTOMATIQUE DE L&rsquo;EAU<\/h4>\n          \n\n          \t\n  \n    <div class=\"row  equalize-box large-columns-1 medium-columns- small-columns- row-collapse slider row-slider slider-nav-reveal slider-nav-push\"  data-flickity-options='{&quot;imagesLoaded&quot;: true, &quot;groupCells&quot;: &quot;100%&quot;, &quot;dragThreshold&quot; : 5, &quot;cellAlign&quot;: &quot;left&quot;,&quot;wrapAround&quot;: true,&quot;prevNextButtons&quot;: true,&quot;percentPosition&quot;: true,&quot;pageDots&quot;: false, &quot;rightToLeft&quot;: false, &quot;autoPlay&quot; : false}' >\n\n  <\/div>\n\n\t<div id=\"text-2289671618\" class=\"text\">\n\t\t\n\n<p class=\"p1\">\n            <span style=\"font-size: 90%;\"><span class=\"s1\">La conservation automatique de l&rsquo;eau \u00e0 chaque nouveau<\/span> remplissage du r\u00e9servoir au moyen de la technologie \u00e9prouv\u00e9e des ions d&rsquo;argent du <span class=\"s2\">Silvernet<\/span> dans le r\u00e9servoir permet de conserver la fra\u00eecheur de l&rsquo;eau tout en r\u00e9duisant la croissance des germes<span class=\"s3\">et la formation de biofilms dans l&rsquo;ensemble du syst\u00e8me d&rsquo;eau douce.<\/span><\/span>\n          <\/p>\n\t\t\n<style>\n#text-2289671618 {\n  font-size: 1rem;\n}\n<\/style>\n\t<\/div>\n\t\n\n\t\t<\/div>\n\t\t\t\t\t<\/div>\n\n\t\n\n\t<div id=\"col-1605026723\" class=\"col medium-6 small-12 large-6\"  >\n\t\t\t\t<div class=\"col-inner\"  >\n\t\t\t\n\t\t\t\n\n<h4>2. FILTRATION, ADSORPTION  <br>ET D\u00c9SINFECTION<\/h4>\n          \n\n          \t\n  \n    <div class=\"row  equalize-box large-columns-1 medium-columns- small-columns- row-collapse slider row-slider slider-nav-reveal slider-nav-push\"  data-flickity-options='{&quot;imagesLoaded&quot;: true, &quot;groupCells&quot;: &quot;100%&quot;, &quot;dragThreshold&quot; : 5, &quot;cellAlign&quot;: &quot;left&quot;,&quot;wrapAround&quot;: true,&quot;prevNextButtons&quot;: true,&quot;percentPosition&quot;: true,&quot;pageDots&quot;: false, &quot;rightToLeft&quot;: false, &quot;autoPlay&quot; : false}' >\n\n  <\/div>\n\n\t<div id=\"text-3979359065\" class=\"text\">\n\t\t\n\n<p class=\"p1\">\n            <span style=\"font-size: 90%;\">Les polluants et les substances gustatives sont retenus par adsorption sur le filtre \u00e0 charbon actif. Il s&rsquo;agit par exemple des pesticides, des m\u00e9taux lourds et du chlore. En m\u00eame temps, le filtre d&rsquo;une finesse de 10\u00b5m (0,01mm) prot\u00e8ge l&rsquo;unit\u00e9 de d\u00e9sinfection UV enti\u00e8rement automatique plac\u00e9e en aval contre les impuret\u00e9s et les particules en suspension.<\/span>\n          <\/p>\n\t\t\n<style>\n#text-3979359065 {\n  font-size: 1rem;\n}\n<\/style>\n\t<\/div>\n\t\n\n\t\t<div class=\"icon-box featured-box icon-box-left text-left\"  >\n\t\t\t\t\t<div class=\"icon-box-img\" style=\"width: 40px\">\n\t\t\t\t<div class=\"icon\">\n\t\t\t\t\t<div class=\"icon-inner\" style=\"color:rgb(0, 106, 176);\">\n\t\t\t\t\t\t<svg width=\"24px\" height=\"24px\" viewBox=\"0 0 24 24\" xmlns=\"http:\/\/www.w3.org\/2000\/svg\">\n  <path d=\"M13,13.5 C13,13.7761424 12.7761424,14 12.5,14 C12.2238576,14 12,13.7761424 12,13.5 L12,9.5 C12,9.22385763 12.2238576,9 12.5,9 C12.7761424,9 13,9.22385763 13,9.5 L13,13.5 Z M12,16 L13,16 L13,17 L12,17 L12,16 Z M12.058106,3.26605614 C12.2459104,2.91131462 12.7540896,2.91131462 12.941894,3.26605614 L21.941894,20.2660561 C22.1181882,20.5990564 21.8767875,21 21.5,21 L3.5,21 C3.12321253,21 2.88181181,20.5990564 3.05810604,20.2660561 L12.058106,3.26605614 Z M4.33045247,20 L20.6695475,20 L12.5,4.56863245 L4.33045247,20 Z\"\/>\n<\/svg>\n\t\t\t\t\t<\/div>\n\t\t\t\t<\/div>\n\t\t\t<\/div>\n\t\t\t\t<div class=\"icon-box-text last-reset\">\n\t\t\t\t\t\t\t\t\t\n\n<p>\n            <span style=\"font-size: 90%; color: #006ab0;\">\n              <span style=\"color: #000000;\">Tous les produits sont \u00e9galement disponibles individuellement dans notre <a href=\"_wp_link_placeholder\" data-wplink-edit=\"true\">\n  <span style=\"color: #006ab0;\">Boutique en ligne<\/span>\n<\/a> disponibles.<\/span>\n            <\/span>\n          <\/p>\n\n\t\t<\/div>\n\t<\/div>\n\t\n\t\n\n\t\t<\/div>\n\t\t\t\t\t<\/div>\n\n\t\n\n<\/div>\n\n\t\t<\/div>\n\t\t\t\t\t<\/div>\n\n\t\n\n<\/div>\n\n\t\t<\/div>\n\n\t\t\n<style>\n#section_1814689873 {\n  padding-top: 50px;\n  padding-bottom: 50px;\n}\n<\/style>\n\t<\/section>\n\t\n\n","protected":false},"excerpt":{"rendered":"","protected":false},"author":1,"featured_media":0,"parent":0,"menu_order":0,"comment_status":"closed","ping_status":"closed","template":"","meta":{"inline_featured_image":false,"footnotes":""},"class_list":["post-9761","page","type-page","status-publish","hentry"],"_links":{"self":[{"href":"https:\/\/wm-aquatec.de\/fr\/wp-json\/wp\/v2\/pages\/9761","targetHints":{"allow":["GET"]}}],"collection":[{"href":"https:\/\/wm-aquatec.de\/fr\/wp-json\/wp\/v2\/pages"}],"about":[{"href":"https:\/\/wm-aquatec.de\/fr\/wp-json\/wp\/v2\/types\/page"}],"author":[{"embeddable":true,"href":"https:\/\/wm-aquatec.de\/fr\/wp-json\/wp\/v2\/users\/1"}],"replies":[{"embeddable":true,"href":"https:\/\/wm-aquatec.de\/fr\/wp-json\/wp\/v2\/comments?post=9761"}],"version-history":[{"count":0,"href":"https:\/\/wm-aquatec.de\/fr\/wp-json\/wp\/v2\/pages\/9761\/revisions"}],"wp:attachment":[{"href":"https:\/\/wm-aquatec.de\/fr\/wp-json\/wp\/v2\/media?parent=9761"}],"curies":[{"name":"wp","href":"https:\/\/api.w.org\/{rel}","templated":true}]}}