{"id":9905,"date":"2022-04-19T12:24:43","date_gmt":"2022-04-19T10:24:43","guid":{"rendered":"https:\/\/wm-aquatec.de\/modes-denvoi\/"},"modified":"2025-07-07T15:24:30","modified_gmt":"2025-07-07T13:24:30","slug":"modes-denvoi","status":"publish","type":"page","link":"https:\/\/wm-aquatec.de\/fr\/modes-denvoi\/","title":{"rendered":"Modes d&rsquo;envoi"},"content":{"rendered":"\n\n\t<section class=\"section\" id=\"section_574545977\">\n\t\t<div class=\"section-bg fill\" >\n\t\t\t\t\t\t\t\t\t\n\t\t\t\n\n\t\t<\/div>\n\n\t\t\n\n\t\t<div class=\"section-content relative\">\n\t\t\t\n\n<div class=\"row\" style=\"max-width:90%\" id=\"row-524978829\">\n\n\n\t<div id=\"col-937354029\" class=\"col small-12 large-12\"  >\n\t\t\t\t<div class=\"col-inner\"  >\n\t\t\t\n\t\t\t\n\n<h3><span style=\"font-size: 85%;\">Frais d&rsquo;exp\u00e9dition<\/span><\/h3>\n<p><span style=\"font-size: 85%;\">Frais d&#8217;emballage et d&rsquo;exp\u00e9dition pour les adresses en Allemagne : 4,90 EUR (TVA incluse) &#8211; \u00e0 partir de 19,90 EUR frais d&rsquo;exp\u00e9dition gratuits<\/span><br><span style=\"font-size: 85%;\">Frais d&#8217;emballage &amp; d&rsquo;exp\u00e9dition pour les adresses dans les pays de l&rsquo;UE : 4,12 EUR (hors TVA)<\/span><br><span style=\"font-size: 85%;\">Frais d&#8217;emballage et d&rsquo;exp\u00e9dition pour les adresses en Suisse : 14,20 EUR (hors TVA)<\/span><br><span style=\"font-size: 85%;\">Frais d&#8217;emballage et d&rsquo;exp\u00e9dition pour les adresses au Royaume-Uni : 16,72 EUR (hors TVA)<\/span><\/p>\n<p><span style=\"font-size: 85%;\">L&rsquo;envoi est effectu\u00e9 par DHL<\/span><\/p>\n<h3><span style=\"font-size: 85%;\">Envoi \u00e0 l&rsquo;\u00e9tranger<\/span><\/h3>\n<p><span style=\"font-size: 85%;\">L&rsquo;envoi \u00e0 l&rsquo;\u00e9tranger est possible si le destinataire de la facture et l&rsquo;adresse de livraison sont identiques.<br><\/span><span style=\"font-size: 85%;\">Frais d&#8217;emballage et d&rsquo;exp\u00e9dition pour les autres adresses internationales (pays hors UE) : 16,72 EUR (hors TVA)<\/span><\/p>\n<p><span style=\"font-size: 85%;\">L&rsquo;envoi est effectu\u00e9 par DHL<\/span><\/p>\n<p> <\/p>\n\n\n\t\t<\/div>\n\t\t\t\t\t<\/div>\n\n\t\n\n<\/div>\n\n\t\t<\/div>\n\n\t\t\n<style>\n#section_574545977 {\n  padding-top: 30px;\n  padding-bottom: 30px;\n}\n<\/style>\n\t<\/section>\n\t\n\n","protected":false},"excerpt":{"rendered":"","protected":false},"author":1,"featured_media":0,"parent":0,"menu_order":0,"comment_status":"closed","ping_status":"closed","template":"","meta":{"inline_featured_image":false,"footnotes":""},"class_list":["post-9905","page","type-page","status-publish","hentry"],"_links":{"self":[{"href":"https:\/\/wm-aquatec.de\/fr\/wp-json\/wp\/v2\/pages\/9905","targetHints":{"allow":["GET"]}}],"collection":[{"href":"https:\/\/wm-aquatec.de\/fr\/wp-json\/wp\/v2\/pages"}],"about":[{"href":"https:\/\/wm-aquatec.de\/fr\/wp-json\/wp\/v2\/types\/page"}],"author":[{"embeddable":true,"href":"https:\/\/wm-aquatec.de\/fr\/wp-json\/wp\/v2\/users\/1"}],"replies":[{"embeddable":true,"href":"https:\/\/wm-aquatec.de\/fr\/wp-json\/wp\/v2\/comments?post=9905"}],"version-history":[{"count":0,"href":"https:\/\/wm-aquatec.de\/fr\/wp-json\/wp\/v2\/pages\/9905\/revisions"}],"wp:attachment":[{"href":"https:\/\/wm-aquatec.de\/fr\/wp-json\/wp\/v2\/media?parent=9905"}],"curies":[{"name":"wp","href":"https:\/\/api.w.org\/{rel}","templated":true}]}}