{"id":9907,"date":"2022-04-19T12:25:25","date_gmt":"2022-04-19T10:25:25","guid":{"rendered":"https:\/\/wm-aquatec.de\/information-sur-le-droit-de-retractation\/"},"modified":"2022-04-19T12:25:26","modified_gmt":"2022-04-19T10:25:26","slug":"information-sur-le-droit-de-retractation","status":"publish","type":"page","link":"https:\/\/wm-aquatec.de\/fr\/information-sur-le-droit-de-retractation\/","title":{"rendered":"Information sur le droit de r\u00e9tractation"},"content":{"rendered":"\n\n\t<section class=\"section\" id=\"section_1013129059\">\n\t\t<div class=\"section-bg fill\" >\n\t\t\t\t\t\t\t\t\t\n\t\t\t\n\n\t\t<\/div>\n\n\t\t\n\n\t\t<div class=\"section-content relative\">\n\t\t\t\n\n<div class=\"row\" style=\"max-width:90%\" id=\"row-45507510\">\n\n\n\t<div id=\"col-474541976\" class=\"col small-12 large-12\"  >\n\t\t\t\t<div class=\"col-inner\"  >\n\t\t\t\n\t\t\t\n\n<h1>\n            <span style=\"font-size: 85%;\">Information sur le droit de r\u00e9tractation<\/span>\n          <\/h1>\n          \n\n          <h3>\n            <span style=\"font-size: 85%;\">Droit de r\u00e9tractation<\/span>\n          <\/h3>\n          \n\n          <p><span style=\"font-size: 85%;\">Vous avez le droit de vous r\u00e9tracter du pr\u00e9sent contrat sans donner de motif dans un d\u00e9lai de quatorze jours. <\/span><span style=\"font-size: 85%;\">Le d\u00e9lai de r\u00e9tractation est de quatorze jours \u00e0 compter du jour o\u00f9 vous, ou un tiers autre que le transporteur et d\u00e9sign\u00e9 par vous, avez pris possession des marchandises. <\/span> <span style=\"font-size: 85%;\">Pour exercer votre droit de r\u00e9tractation, vous devez nous informer (WM aquatec GmbH &amp; Co.KG, Tel : +49 70 26 \/ 93 210 90, Fax : +49 70 26 \/ 93 210 98, E-Mail : info@wm-aquatec.de) de votre d\u00e9cision de r\u00e9voquer le pr\u00e9sent contrat au moyen d&rsquo;une d\u00e9claration sans \u00e9quivoque (par ex. une lettre envoy\u00e9e par la poste, un fax ou un e-mail). Vous pouvez utiliser \u00e0 cet effet le texte ci-dessous, qui n&rsquo;est toutefois pas obligatoire.  <\/span><span style=\"font-size: 85%;\">Pour que le d\u00e9lai de r\u00e9tractation soit respect\u00e9, il suffit que vous envoyiez la communication relative \u00e0 l&rsquo;exercice du droit de r\u00e9tractation avant l&rsquo;expiration du d\u00e9lai de r\u00e9tractation.<\/span><\/p>\n          \n\n          <h3>\n            <span style=\"font-size: 85%;\">Cons\u00e9quences de la r\u00e9vocation<\/span>\n          <\/h3>\n          \n\n          <p>\n            <span style=\"font-size: 85%;\">En cas de r\u00e9tractation du pr\u00e9sent contrat, nous vous rembourserons tous les paiements re\u00e7us de vous, y compris les frais de livraison (\u00e0 l&rsquo;exception des frais suppl\u00e9mentaires d\u00e9coulant du fait que vous avez choisi un mode de livraison autre que le mode de livraison standard le moins cher que nous proposons), sans retard excessif et au plus tard quatorze jours \u00e0 compter du jour o\u00f9 nous aurons re\u00e7u la communication de votre d\u00e9cision de r\u00e9tractation du pr\u00e9sent contrat. Pour ce remboursement, nous utilisons le m\u00eame moyen de paiement que celui que vous avez utilis\u00e9 pour la transaction initiale, \u00e0 moins qu&rsquo;il n&rsquo;en ait \u00e9t\u00e9 express\u00e9ment convenu autrement avec vous ; en aucun cas, des frais ne vous seront factur\u00e9s pour ce remboursement. Nous pouvons refuser le remboursement jusqu&rsquo;\u00e0 ce que nous ayons r\u00e9cup\u00e9r\u00e9 les marchandises ou jusqu&rsquo;\u00e0 ce que vous ayez fourni la preuve que vous avez renvoy\u00e9 les marchandises, la date retenue \u00e9tant la plus proche. Vous devez nous renvoyer ou nous remettre les marchandises sans retard excessif et, en tout \u00e9tat de cause, au plus tard quatorze jours \u00e0 compter du jour o\u00f9 vous nous informez de votre d\u00e9cision de r\u00e9tractation du pr\u00e9sent contrat. Le d\u00e9lai est respect\u00e9 si vous renvoyez les marchandises avant l&rsquo;expiration du d\u00e9lai de quatorze jours.  <\/span>\n            <span style=\"font-size: 85%;\">Les frais directs de renvoi des marchandises sont \u00e0 votre charge.  <\/span>\n            <span style=\"font-size: 85%;\">Vous n&rsquo;\u00eates tenu d&rsquo;assumer la responsabilit\u00e9 d&rsquo;une \u00e9ventuelle d\u00e9pr\u00e9ciation des biens que si cette d\u00e9pr\u00e9ciation est due \u00e0 une manipulation des biens qui n&rsquo;est pas n\u00e9cessaire pour en v\u00e9rifier la nature, les caract\u00e9ristiques et le fonctionnement.<\/span>\n          <\/p>\n          \n\n          <h3>\n            <span style=\"font-size: 85%;\">Formulaire de r\u00e9tractation<\/span>\n          <\/h3>\n          \n\n          <p>\n            <span style=\"font-size: 85%;\">Allum\u00e9 :<\/span>\n            <br>\n            <span style=\"font-size: 85%;\">WM aquatec GmbH &amp; Co. KG<\/span>\n            <br>\n            <span style=\"font-size: 85%;\">\n              <strong>R\u00e9vocation<\/strong>\n            <\/span>\n            <br>\n            <span style=\"font-size: 85%;\">Uracher Str.22<\/span>\n            <br>\n            <span style=\"font-size: 85%;\">73268 Erkenbrechtsweiler<\/span>\n          <\/p>\n          \n\n          <p>\n            <span style=\"font-size: 85%;\">\n              <b>R\u00c9CLAMATION<\/b>\n            <\/span>\n          <\/p>\n          \n\n          <p>\n            <span style=\"font-size: 85%;\">Par la pr\u00e9sente, je\/nous (*) r\u00e9voque(ons) le contrat que j&rsquo;ai\/nous avons (*) conclu pour l&rsquo;achat des marchandises suivantes (*) \/ la fourniture du service suivant (*)<\/span>\n          <\/p>\n          \n\n          <p> <\/p>\n          \n\n          <p>\n            <span style=\"font-size: 85%;\">Command\u00e9 le :<\/span>\n          <\/p>\n          \n\n          <p> <\/p>\n          \n\n          <p>\n            <span style=\"font-size: 85%;\">(*)\/re\u00e7u le :<\/span>\n          <\/p>\n          \n\n          <div class=\"tx-div small\"> <\/div>\n          \n\n          <p>\n            <span style=\"font-size: 85%;\">(*) Nom du\/des consommateur(s) :<\/span>\n          <\/p>\n          \n\n          <div class=\"tx-div large\"> <\/div>\n          \n\n          <p>\n            <span style=\"font-size: 85%;\">Adresse du\/des consommateur(s) :<\/span>\n          <\/p>\n          \n\n          <div class=\"tx-div large\"> <\/div>\n          \n\n          <p> <\/p>\n          \n\n          <p>\n            <span style=\"font-size: 85%;\">Date et signature<\/span>\n            <br>\n            <span style=\"font-size: 85%;\">Signature du\/des consommateur(s) (uniquement en cas de communication sur papier)<\/span>\n            <br>\n            <span style=\"font-size: 85%;\">(*) Biffer la mention inutile<\/span>\n          <\/p>\n\n\t\t<\/div>\n\t\t\t\t\t<\/div>\n\n\t\n\n<\/div>\n\n\t\t<\/div>\n\n\t\t\n<style>\n#section_1013129059 {\n  padding-top: 30px;\n  padding-bottom: 30px;\n}\n<\/style>\n\t<\/section>\n\t\n\n","protected":false},"excerpt":{"rendered":"","protected":false},"author":1,"featured_media":0,"parent":0,"menu_order":0,"comment_status":"closed","ping_status":"closed","template":"","meta":{"inline_featured_image":false,"footnotes":""},"class_list":["post-9907","page","type-page","status-publish","hentry"],"_links":{"self":[{"href":"https:\/\/wm-aquatec.de\/fr\/wp-json\/wp\/v2\/pages\/9907","targetHints":{"allow":["GET"]}}],"collection":[{"href":"https:\/\/wm-aquatec.de\/fr\/wp-json\/wp\/v2\/pages"}],"about":[{"href":"https:\/\/wm-aquatec.de\/fr\/wp-json\/wp\/v2\/types\/page"}],"author":[{"embeddable":true,"href":"https:\/\/wm-aquatec.de\/fr\/wp-json\/wp\/v2\/users\/1"}],"replies":[{"embeddable":true,"href":"https:\/\/wm-aquatec.de\/fr\/wp-json\/wp\/v2\/comments?post=9907"}],"version-history":[{"count":0,"href":"https:\/\/wm-aquatec.de\/fr\/wp-json\/wp\/v2\/pages\/9907\/revisions"}],"wp:attachment":[{"href":"https:\/\/wm-aquatec.de\/fr\/wp-json\/wp\/v2\/media?parent=9907"}],"curies":[{"name":"wp","href":"https:\/\/api.w.org\/{rel}","templated":true}]}}