{"id":9909,"date":"2022-04-19T12:26:02","date_gmt":"2022-04-19T10:26:02","guid":{"rendered":"https:\/\/wm-aquatec.de\/declaration-de-confidentialite\/"},"modified":"2022-04-19T12:26:03","modified_gmt":"2022-04-19T10:26:03","slug":"declaration-de-confidentialite","status":"publish","type":"page","link":"https:\/\/wm-aquatec.de\/fr\/declaration-de-confidentialite\/","title":{"rendered":"D\u00e9claration de confidentialit\u00e9"},"content":{"rendered":"\n\n\t<section class=\"section\" id=\"section_1471346659\">\n\t\t<div class=\"section-bg fill\" >\n\t\t\t\t\t\t\t\t\t\n\t\t\t\n\n\t\t<\/div>\n\n\t\t\n\n\t\t<div class=\"section-content relative\">\n\t\t\t\n\n<div class=\"row\" style=\"max-width:90%\" id=\"row-1704461288\">\n\n\n\t<div id=\"col-2018364894\" class=\"col small-12 large-12\"  >\n\t\t\t\t<div class=\"col-inner\"  >\n\t\t\t\n\t\t\t\n          \n\n          \n\n          <h1>\n            <span style=\"font-size: 85%;\">R\u00e8glement g\u00e9n\u00e9ral sur la protection des donn\u00e9es de l&rsquo;UE<\/span>\n          <\/h1>\n          \n\n          <p>\n            <span style=\"font-size: 85%;\">Le service responsable au sens des lois sur la protection des donn\u00e9es, en particulier du r\u00e8glement g\u00e9n\u00e9ral sur la protection des donn\u00e9es (RGPD) de l&rsquo;UE, est :<\/span>\n          <\/p>\n          \n\n          <p>\n            <span style=\"font-size: 85%;\">WM aquatec GmbH &amp; Co.KG<\/span>\n            <br>\n            <span style=\"font-size: 85%;\">Uracher Strasse 22<\/span>\n            <br>\n            <span style=\"font-size: 85%;\">73268 Erkenbrechtsweiler<\/span>\n            <br>\n            <span style=\"font-size: 85%;\">T\u00e9l. : +49 (0) 7026\/93 210 90<\/span>\n            <br>\n            <span style=\"font-size: 85%;\">datenschutz@wm-aquatec.de<\/span>\n          <\/p>\n          \n\n          <p>\n            <span style=\"font-size: 85%;\">Responsable de la protection des donn\u00e9es : Ralf Heller<\/span>\n          <\/p>\n          \n\n          <h3>\n            <span style=\"font-size: 85%;\">Cookies<\/span>\n          <\/h3>\n          \n\n          <p>\n            <span style=\"font-size: 85%;\">Les cookies sont de petits fichiers qui permettent de stocker sur l&rsquo;appareil d&rsquo;acc\u00e8s des utilisateurs (PC, smartphone ou autre) des informations sp\u00e9cifiques li\u00e9es \u00e0 cet appareil. Ils servent d&rsquo;une part \u00e0 la convivialit\u00e9 des sites web et donc aux utilisateurs (p. ex. enregistrement des donn\u00e9es de connexion). D&rsquo;autre part, ils servent \u00e0 saisir les donn\u00e9es statistiques de l&rsquo;utilisation du site web et \u00e0 pouvoir les analyser en vue d&rsquo;am\u00e9liorer l&rsquo;offre. Les utilisateurs peuvent influer sur l&rsquo;utilisation des cookies. La plupart des navigateurs disposent d&rsquo;une option permettant de limiter ou d&#8217;emp\u00eacher compl\u00e8tement l&rsquo;enregistrement de cookies. Il convient toutefois de noter que sans cookies, l&rsquo;utilisation et notamment le confort d&rsquo;utilisation sont limit\u00e9s. Vous pouvez recevoir de nombreux cookies d&rsquo;annonces en ligne d&rsquo;entreprises via le site am\u00e9ricainhttp:\/\/www.aboutads.info\/choices\/&nbsp;ou le c\u00f4t\u00e9 de l&rsquo;UE<a href=\"http:\/\/www.youronlinechoices.com\/uk\/your-ad-choices\/\">http:\/\/www.youronlinechoices.com\/uk\/your-ad-choices\/<\/a>G\u00e9rer&nbsp;.<\/span>\n          <\/p>\n          \n\n          <h3>\n            <span style=\"font-size: 85%;\">Utilisation g\u00e9n\u00e9rale<\/span>\n          <\/h3>\n          \n\n          <p>\n            <span style=\"font-size: 85%;\">En r\u00e8gle g\u00e9n\u00e9rale, l&rsquo;utilisation de notre site web est possible sans indication de donn\u00e9es personnelles. Dans la mesure o\u00f9 des donn\u00e9es personnelles (par exemple nom, adresse ou adresses e-mail) sont collect\u00e9es sur nos pages, cela se fait toujours, dans la mesure du possible, sur une base volontaire. Ces donn\u00e9es ne seront pas transmises \u00e0 des tiers sans votre accord explicite.<\/span>\n          <\/p>\n          \n\n          <p>\n            <span style=\"font-size: 85%;\">Nous attirons votre attention sur le fait que la transmission de donn\u00e9es sur Internet (par ex. lors de la communication par e-mail) peut pr\u00e9senter des failles de s\u00e9curit\u00e9. Une protection compl\u00e8te des donn\u00e9es contre l&rsquo;acc\u00e8s par des tiers n&rsquo;est pas possible.<\/span>\n          <\/p>\n          \n\n          <p>\n            <span style=\"font-size: 85%;\">L&rsquo;utilisation par des tiers des donn\u00e9es de contact publi\u00e9es dans le cadre des mentions l\u00e9gales obligatoires pour l&rsquo;envoi de publicit\u00e9 et de mat\u00e9riel d&rsquo;information non express\u00e9ment demand\u00e9s est express\u00e9ment interdite. Les exploitants des pages se r\u00e9servent express\u00e9ment le droit d&rsquo;engager des poursuites judiciaires en cas d&rsquo;envoi non sollicit\u00e9 d&rsquo;informations publicitaires, par exemple par le biais de spams.<\/span>\n          <\/p>\n          \n\n          <h3>\n            <span style=\"font-size: 85%;\">D\u00e9claration de protection des donn\u00e9es pour l&rsquo;utilisation des plugins Facebook (par ex. bouton \u00ab\u00a0J&rsquo;aime\u00a0\u00bb)<\/span>\n          <\/h3>\n          \n\n          <p>\n            <span style=\"font-size: 85%;\">Des plugins du r\u00e9seau social Facebook (Facebook Inc., 1601 Willow Road, Menlo Park, California, 94025, USA) sont int\u00e9gr\u00e9s sur nos pages. Vous reconnaissez les plugins Facebook au logo Facebook ou au bouton \u00ab\u00a0J&rsquo;aime\u00a0\u00bb (\u00ab\u00a0Like\u00a0\u00bb) sur notre site. Vous trouverez un aper\u00e7u des plugins Facebook ici : http:\/\/developers.facebook.com\/docs\/plugins\/.<\/span>\n            <br>\n            <span style=\"font-size: 85%;\">Lorsque vous visitez nos pages, une connexion directe entre votre navigateur et le serveur Facebook est \u00e9tablie via le plugin. Facebook re\u00e7oit ainsi l&rsquo;information que vous avez visit\u00e9 notre site avec votre adresse IP. Si vous cliquez sur le bouton \u00ab\u00a0J&rsquo;aime\u00a0\u00bb de Facebook alors que vous \u00eates connect\u00e9 \u00e0 votre compte Facebook, vous pouvez lier le contenu de nos pages \u00e0 votre profil Facebook. Cela permet \u00e0 Facebook d&rsquo;attribuer la visite de nos pages \u00e0 votre compte d&rsquo;utilisateur. Nous attirons votre attention sur le fait qu&rsquo;en tant que fournisseur des pages, nous n&rsquo;avons pas connaissance du contenu des donn\u00e9es transmises ni de leur utilisation par Facebook. Vous trouverez de plus amples informations \u00e0 ce sujet dans la d\u00e9claration de confidentialit\u00e9 de facebook \u00e0 l&rsquo;adresse http:\/\/de-de.facebook.com\/policy.php<\/span>\n          <\/p>\n          \n\n          <p>\n            <span style=\"font-size: 85%;\">Si vous ne souhaitez pas que Facebook puisse attribuer la visite de nos pages \u00e0 votre compte d&rsquo;utilisateur Facebook, veuillez vous d\u00e9connecter de votre compte d&rsquo;utilisateur Facebook.<\/span>\n          <\/p>\n          \n\n          <h3>\n            <span style=\"font-size: 85%;\">D\u00e9claration de confidentialit\u00e9 pour l&rsquo;utilisation de Google Analytics<\/span>\n          <\/h3>\n          \n\n          <p>\n            <span style=\"font-size: 85%;\">Ce site web utilise Google Analytics, un service d&rsquo;analyse web de Google Inc. (\u00ab\u00a0Google\u00a0\u00bb). Google Analytics utilise des \u00ab\u00a0cookies\u00a0\u00bb, des fichiers texte qui sont enregistr\u00e9s sur votre ordinateur et qui permettent d&rsquo;analyser votre utilisation du site web. Les informations g\u00e9n\u00e9r\u00e9es par le cookie concernant votre utilisation de ce site web sont g\u00e9n\u00e9ralement transmises \u00e0 un serveur de Google aux \u00c9tats-Unis et y sont enregistr\u00e9es. Toutefois, si l&rsquo;anonymisation IP est activ\u00e9e sur ce site, votre adresse IP sera pr\u00e9alablement abr\u00e9g\u00e9e par Google dans les \u00c9tats membres de l&rsquo;Union europ\u00e9enne ou dans d&rsquo;autres \u00c9tats parties \u00e0 l&rsquo;accord sur l&rsquo;Espace \u00e9conomique europ\u00e9en.<\/span>\n          <\/p>\n          \n\n          <p>\n            <span style=\"font-size: 85%;\">Ce n&rsquo;est que dans des cas exceptionnels que l&rsquo;adresse IP compl\u00e8te est transmise \u00e0 un serveur de Google aux \u00c9tats-Unis et y est raccourcie. Google utilisera ces informations pour le compte de l&rsquo;exploitant de ce site web afin d&rsquo;\u00e9valuer votre utilisation du site web, de compiler des rapports sur les activit\u00e9s du site web et de fournir \u00e0 l&rsquo;exploitant du site web d&rsquo;autres services li\u00e9s \u00e0 l&rsquo;utilisation du site web et d&rsquo;Internet. L&rsquo;adresse IP transmise par votre navigateur dans le cadre de Google Analytics n&rsquo;est pas recoup\u00e9e avec d&rsquo;autres donn\u00e9es de Google.<\/span>\n          <\/p>\n          \n\n          <p>\n            <span style=\"font-size: 85%;\">Vous pouvez emp\u00eacher l&rsquo;enregistrement des cookies en param\u00e9trant votre logiciel de navigation en cons\u00e9quence ; nous attirons toutefois votre attention sur le fait que, dans ce cas, vous ne pourrez peut-\u00eatre pas utiliser toutes les fonctions de ce site web dans leur int\u00e9gralit\u00e9. Vous pouvez en outre emp\u00eacher la saisie par Google des donn\u00e9es g\u00e9n\u00e9r\u00e9es par le cookie et se rapportant \u00e0 votre utilisation du site web (y compris votre adresse IP) ainsi que le traitement de ces donn\u00e9es par Google en t\u00e9l\u00e9chargeant et en installant le plug-in de navigateur disponible sous le lien suivant : http:\/\/tools.google.com\/dlpage\/gaoptout?hl=de.<\/span>\n          <\/p>\n          \n\n          <h3>\n            <span style=\"font-size: 85%;\">D\u00e9claration de confidentialit\u00e9 pour l&rsquo;utilisation de Google Adsense<\/span>\n          <\/h3>\n          \n\n          <p>\n            <span style=\"font-size: 85%;\">Ce site utilise Google AdSense, un service d&rsquo;int\u00e9gration d&rsquo;annonces publicitaires de Google Inc. (\u00ab\u00a0Google\u00a0\u00bb). Google AdSense utilise des \u00ab\u00a0cookies\u00a0\u00bb, des fichiers texte qui sont enregistr\u00e9s sur votre ordinateur et qui permettent d&rsquo;analyser l&rsquo;utilisation du site web. Google AdSense utilise \u00e9galement ce que l&rsquo;on appelle des balises web (graphiques invisibles). Ces balises web permettent d&rsquo;\u00e9valuer des informations telles que le trafic des visiteurs sur ces pages.<\/span>\n          <\/p>\n          \n\n          <p>\n            <span style=\"font-size: 85%;\">Les informations g\u00e9n\u00e9r\u00e9es par les cookies et les balises web concernant l&rsquo;utilisation de ce site web (y compris votre adresse IP) et la livraison de formats publicitaires sont transmises \u00e0 un serveur de Google aux \u00c9tats-Unis et y sont enregistr\u00e9es. Ces informations peuvent \u00eatre transmises par Google \u00e0 des partenaires contractuels de Google. Toutefois, Google ne recoupera pas votre adresse IP avec toute autre donn\u00e9e enregistr\u00e9e \u00e0 votre sujet.<\/span>\n          <\/p>\n          \n\n          <p>\n            <span style=\"font-size: 85%;\">Vous pouvez emp\u00eacher l&rsquo;installation des cookies en param\u00e9trant votre navigateur en cons\u00e9quence ; nous attirons toutefois votre attention sur le fait que, dans ce cas, vous ne pourrez peut-\u00eatre pas utiliser toutes les fonctions de ce site web dans leur int\u00e9gralit\u00e9. En utilisant ce site internet, vous consentez express\u00e9ment au traitement de vos donn\u00e9es nominatives par Google dans les conditions et pour les finalit\u00e9s d\u00e9crites ci-dessus.<\/span>\n          <\/p>\n          \n\n          <h3>\n            <span style=\"font-size: 85%;\">D\u00e9claration de confidentialit\u00e9 relative \u00e0 l&rsquo;utilisation de Google +1<\/span>\n          <\/h3>\n          \n\n          <p>\n            <span style=\"font-size: 85%;\">Collecte et transmission d&rsquo;informations :<\/span>\n            <br>\n            <span style=\"font-size: 85%;\">Le bouton Google +1 vous permet de publier des informations dans le monde entier. via le bouton Google +1, vous et les autres utilisateurs recevez des contenus personnalis\u00e9s de Google et de nos partenaires. Google enregistre \u00e0 la fois l&rsquo;information selon laquelle vous avez donn\u00e9 +1 \u00e0 un contenu et des informations sur la page que vous avez consult\u00e9e en cliquant sur +1. Vos +1 peuvent \u00eatre affich\u00e9s sous forme de mentions, avec votre nom de profil et votre photo, dans les services Google, tels que les r\u00e9sultats de recherche ou votre profil Google, ou \u00e0 d&rsquo;autres endroits sur les sites Web et les annonces sur Internet.&nbsp;Google enregistre les informations relatives \u00e0 votre activit\u00e9 +1 afin d&rsquo;am\u00e9liorer les services Google pour vous et pour les autres. Pour pouvoir utiliser le bouton Google +1, vous devez disposer d&rsquo;un profil Google public visible dans le monde entier, qui doit au moins contenir le nom choisi pour le profil. Ce nom est utilis\u00e9 dans tous les services Google. Dans certains cas, ce nom peut \u00e9galement remplacer un autre nom que vous avez utilis\u00e9 pour partager du contenu via votre compte Google. L&rsquo;identit\u00e9 de votre profil Google peut \u00eatre affich\u00e9e aux utilisateurs qui connaissent votre adresse e-mail ou qui disposent d&rsquo;autres informations d&rsquo;identification vous concernant.<\/span>\n          <\/p>\n          \n\n          <h3>\n            <span style=\"font-size: 85%;\">Utilisation des informations collect\u00e9es<\/span>\n          <\/h3>\n          \n\n          <p>\n            <span style=\"font-size: 85%;\">Outre les utilisations d\u00e9crites ci-dessus, les informations que vous fournissez seront utilis\u00e9es conform\u00e9ment aux r\u00e8gles de confidentialit\u00e9 de Google en vigueur. Google peut publier des statistiques agr\u00e9g\u00e9es sur l&rsquo;activit\u00e9 +1 des utilisateurs ou les partager avec les utilisateurs et les partenaires, tels que les \u00e9diteurs, les annonceurs ou les sites web affili\u00e9s.<\/span>\n          <\/p>\n          \n\n          <h3>\n            <span style=\"font-size: 85%;\">D\u00e9claration de confidentialit\u00e9 pour l&rsquo;utilisation de Twitter<\/span>\n          <\/h3>\n          \n\n          <p>\n            <span style=\"font-size: 85%;\">Sur nos pages, des fonctions du service Twitter sont int\u00e9gr\u00e9es. Ces fonctions sont propos\u00e9es par Twitter Inc, Twitter, Inc. 1355 Market St, Suite 900, San Francisco, CA 94103, USA. En utilisant Twitter et la fonction \u00ab\u00a0Re-Tweet\u00a0\u00bb, les pages web que vous visitez sont reli\u00e9es \u00e0 votre compte Twitter et communiqu\u00e9es \u00e0 d&rsquo;autres utilisateurs. Ce faisant, des donn\u00e9es sont \u00e9galement transmises \u00e0 Twitter. Nous attirons votre attention sur le fait qu&rsquo;en tant que fournisseur des pages, nous n&rsquo;avons pas connaissance du contenu des donn\u00e9es transmises ni de leur utilisation par Twitter. Vous trouverez de plus amples informations \u00e0 ce sujet dans la d\u00e9claration de protection des donn\u00e9es de Twitter \u00e0 l&rsquo;adresse http:\/\/twitter.com\/privacy. Vous pouvez modifier vos param\u00e8tres de protection des donn\u00e9es chez Twitter dans les param\u00e8tres de votre compte sous http:\/\/twitter.com\/account\/settings.<\/span>\n          <\/p>\n          \n\n          <h3>\n            <span style=\"font-size: 85%;\">R\u00e9f\u00e9rences<\/span>\n          <\/h3>\n          \n\n          <p>\n            <span style=\"font-size: 85%;\">Loi sur les cookies et informations &#8211; <a href=\"http:\/\/rechtsanwalt-schwenke.de\/smmr-buch\/datenschutz-muster-generator-fuer-webseiten-blogs-und-social-media\/\">Mod\u00e8le de protection des donn\u00e9es de l&rsquo;avocat Thomas Schwenke<\/a><\/span>\n            <br>\n            <span style=\"font-size: 85%;\">eRecht24 D\u00e9claration de protection des donn\u00e9es &#8211;&nbsp;<a href=\"http:\/\/www.e-recht24.de\/\">E-recht24<\/a><\/span>\n            <br>\n            <span style=\"font-size: 85%;\">Politique de confidentialit\u00e9 de Facebook<\/span>\n            <br>\n            <span style=\"font-size: 85%;\">Conditions de Google Analytics<\/span>\n            <br>\n            <span style=\"font-size: 85%;\">Clause de non-responsabilit\u00e9 de Google Adsense<\/span>\n            <br>\n            <span style=\"font-size: 85%;\">Conditions de Google +1<\/span>\n            <br>\n            <span style=\"font-size: 85%;\">Conditions d&rsquo;utilisation de Twitter<\/span>\n          <\/p>\n          \n\n          \n\n        \t\t<\/div>\n\t\t\t\t\t<\/div>\n\n\t\n\n<\/div>\n\n\t\t<\/div>\n\n\t\t\n<style>\n#section_1471346659 {\n  padding-top: 30px;\n  padding-bottom: 30px;\n}\n<\/style>\n\t<\/section>\n\t\n","protected":false},"excerpt":{"rendered":"","protected":false},"author":1,"featured_media":0,"parent":0,"menu_order":0,"comment_status":"closed","ping_status":"closed","template":"","meta":{"inline_featured_image":false,"footnotes":""},"class_list":["post-9909","page","type-page","status-publish","hentry"],"_links":{"self":[{"href":"https:\/\/wm-aquatec.de\/fr\/wp-json\/wp\/v2\/pages\/9909","targetHints":{"allow":["GET"]}}],"collection":[{"href":"https:\/\/wm-aquatec.de\/fr\/wp-json\/wp\/v2\/pages"}],"about":[{"href":"https:\/\/wm-aquatec.de\/fr\/wp-json\/wp\/v2\/types\/page"}],"author":[{"embeddable":true,"href":"https:\/\/wm-aquatec.de\/fr\/wp-json\/wp\/v2\/users\/1"}],"replies":[{"embeddable":true,"href":"https:\/\/wm-aquatec.de\/fr\/wp-json\/wp\/v2\/comments?post=9909"}],"version-history":[{"count":0,"href":"https:\/\/wm-aquatec.de\/fr\/wp-json\/wp\/v2\/pages\/9909\/revisions"}],"wp:attachment":[{"href":"https:\/\/wm-aquatec.de\/fr\/wp-json\/wp\/v2\/media?parent=9909"}],"curies":[{"name":"wp","href":"https:\/\/api.w.org\/{rel}","templated":true}]}}