{"id":11163,"date":"2021-07-16T09:47:43","date_gmt":"2022-06-02T08:20:55","guid":{"rendered":"https:\/\/wm-aquatec.de\/shop\/produkt\/rack-de-filtration-3-avec-pompe\/"},"modified":"2023-03-17T15:39:19","modified_gmt":"2023-03-17T14:39:19","slug":"rack-de-filtration-3-avec-pompe","status":"publish","type":"product","link":"https:\/\/wm-aquatec.de\/fr\/shop\/tout-terrain\/installations-de-traitement-des-eaux\/rack-de-filtration-3-avec-pompe\/","title":{"rendered":"Porte-filtre en trois parties avec pompe int\u00e9gr\u00e9e"},"content":{"rendered":"<div class=\"container section-title-container\" ><h1 class=\"section-title section-title-normal\"><b><\/b><span class=\"section-title-main\" style=\"font-size:84%;color:rgb(0, 106, 176);\">Porte-filtre en trois parties avec pompe int\u00e9gr\u00e9e<\/span><b><\/b><\/h1><\/div>\n\n\t<section class=\"section dark\" id=\"section_809484266\">\n\t\t<div class=\"section-bg fill\" >\n\t\t\t<img loading=\"lazy\" decoding=\"async\" width=\"2560\" height=\"1708\" src=\"https:\/\/wm-aquatec.de\/wp-content\/uploads\/2021\/12\/parallax_offroad_3.jpg\" class=\"bg attachment- size-\" alt=\"\" \/>\t\t\t\t\t\t<div class=\"section-bg-overlay absolute fill\"><\/div>\n\t\t\t\n\n\t\t<\/div>\n\n\t\t\n\n\t\t<div class=\"section-content relative\">\n\t\t\t\n\t<div class=\"img has-hover x md-x lg-x y md-y lg-y\" id=\"image_790970441\">\n\t\t\t\t\t\t\t\t<div class=\"img-inner dark\" >\n\t\t\t<img loading=\"lazy\" decoding=\"async\" width=\"800\" height=\"800\" src=\"https:\/\/wm-aquatec.de\/wp-content\/uploads\/2021\/07\/FR3PXX-SSM-800x800.png\" class=\"attachment-large size-large\" alt=\"\" srcset=\"https:\/\/wm-aquatec.de\/wp-content\/uploads\/2021\/07\/FR3PXX-SSM-800x800.png 800w, https:\/\/wm-aquatec.de\/wp-content\/uploads\/2021\/07\/FR3PXX-SSM-400x400.png 400w, https:\/\/wm-aquatec.de\/wp-content\/uploads\/2021\/07\/FR3PXX-SSM-280x280.png 280w, https:\/\/wm-aquatec.de\/wp-content\/uploads\/2021\/07\/FR3PXX-SSM-768x768.png 768w, https:\/\/wm-aquatec.de\/wp-content\/uploads\/2021\/07\/FR3PXX-SSM-300x300.png 300w, https:\/\/wm-aquatec.de\/wp-content\/uploads\/2021\/07\/FR3PXX-SSM-600x600.png 600w, https:\/\/wm-aquatec.de\/wp-content\/uploads\/2021\/07\/FR3PXX-SSM-100x100.png 100w, https:\/\/wm-aquatec.de\/wp-content\/uploads\/2021\/07\/FR3PXX-SSM.png 1500w\" sizes=\"auto, (max-width: 800px) 100vw, 800px\" \/>\t\t\t\t\t\t\n\t\t\t\t\t<\/div>\n\t\t\t\t\t\t\t\t\n<style>\n#image_790970441 {\n  width: 100%;\n}\n@media (min-width:550px) {\n  #image_790970441 {\n    width: 40%;\n  }\n}\n<\/style>\n\t<\/div>\n\t\n\t\t<\/div>\n\n\t\t\n<style>\n#section_809484266 {\n  padding-top: 0px;\n  padding-bottom: 0px;\n  margin-bottom: 0px;\n  min-height: 250px;\n  background-color: rgb(255, 255, 255);\n}\n#section_809484266 .section-bg-overlay {\n  background-color: rgba(255, 255, 255, 0.453);\n}\n#section_809484266 .section-bg img {\n  object-position: 22% 64%;\n}\n@media (min-width:550px) {\n  #section_809484266 {\n    min-height: 300px;\n  }\n}\n@media (min-width:850px) {\n  #section_809484266 {\n    min-height: 350px;\n  }\n}\n<\/style>\n\t<\/section>\n\t\n\n\t<section class=\"section dark\" id=\"section_1188036366\">\n\t\t<div class=\"section-bg fill\" >\n\t\t\t\t\t\t\t\t\t\n\t\t\t\n\n\t\t<\/div>\n\n\t\t\n\n\t\t<div class=\"section-content relative\">\n\t\t\t\n<div class=\"row row-large align-center\"  id=\"row-240773822\">\n\n\t<div id=\"col-21103810\" class=\"col medium-6 small-12 large-6\"  >\n\t\t\t\t<div class=\"col-inner text-left\"  >\n\t\t\t\n\t\t\t\n\n\t\t<div class=\"icon-box featured-box icon-box-left text-left\"  >\n\t\t\t\t\t<div class=\"icon-box-img\" style=\"width: 50px\">\n\t\t\t\t<div class=\"icon\">\n\t\t\t\t\t<div class=\"icon-inner\" >\n\t\t\t\t\t\t<?xml version=\"1.0\" encoding=\"utf-8\"?>\n<!-- Generator: Adobe Illustrator 25.3.1, SVG Export Plug-In . SVG Version: 6.00 Build 0)  -->\n<svg version=\"1.1\" id=\"Ebene_1\" xmlns=\"http:\/\/www.w3.org\/2000\/svg\" xmlns:xlink=\"http:\/\/www.w3.org\/1999\/xlink\" x=\"0px\" y=\"0px\"\n\t viewBox=\"0 0 350 350\" style=\"enable-background:new 0 0 350 350;\" xml:space=\"preserve\">\n<style type=\"text\/css\">\n\t.st0{fill:#FFFFFF;}\n<\/style>\n<desc>Created with Fabric.js 1.7.22<\/desc>\n<g id=\"icon\" transform=\"translate(-1.9444444444444287 -1.9444444444444287) scale(3.89 3.89)\">\n\t<path class=\"st0\" d=\"M74.5,29h-2.9c-0.2-0.9-0.6-1.8-1.1-2.6l2-2c0.6-0.6,0.6-1.5,0-2.1c-0.6-0.6-1.5-0.6-2.1,0l-2,2\n\t\tc-0.8-0.5-1.6-0.9-2.6-1.1v-2.9c0-0.8-0.7-1.5-1.5-1.5s-1.5,0.7-1.5,1.5v2.9c-0.9,0.2-1.8,0.6-2.6,1.1l-2-2c-0.6-0.6-1.5-0.6-2.1,0\n\t\tc-0.6,0.6-0.6,1.5,0,2.1l2,2c-0.5,0.8-0.9,1.6-1.1,2.6h-2.9c-0.8,0-1.5,0.7-1.5,1.5s0.7,1.5,1.5,1.5h2.9c0.2,0.9,0.6,1.8,1.1,2.6\n\t\tl-2,2c-0.6,0.6-0.6,1.5,0,2.1c0.3,0.3,0.7,0.4,1.1,0.4c0.4,0,0.8-0.1,1.1-0.4l2-2c0.8,0.5,1.6,0.9,2.6,1.1v2.9\n\t\tc0,0.8,0.7,1.5,1.5,1.5s1.5-0.7,1.5-1.5v-2.9c0.9-0.2,1.8-0.6,2.6-1.1l2,2c0.3,0.3,0.7,0.4,1.1,0.4c0.4,0,0.8-0.1,1.1-0.4\n\t\tc0.6-0.6,0.6-1.5,0-2.1l-2-2c0.5-0.8,0.9-1.6,1.1-2.6h2.9c0.8,0,1.5-0.7,1.5-1.5C76,29.7,75.3,29,74.5,29z M64.3,34.9\n\t\tc-2.4,0-4.4-2-4.4-4.4s2-4.4,4.4-4.4c2.4,0,4.4,2,4.4,4.4C68.7,32.9,66.8,34.9,64.3,34.9z\"\/>\n\t<path class=\"st0\" d=\"M49.2,58.1h-1.7c-0.1-0.5-0.3-0.9-0.5-1.3l1.2-1.2c0.6-0.6,0.6-1.5,0-2.1s-1.5-0.6-2.1,0l-1.2,1.2\n\t\tc-0.4-0.2-0.8-0.4-1.3-0.5v-1.7c0-0.8-0.7-1.5-1.5-1.5s-1.5,0.7-1.5,1.5v1.7c-0.5,0.1-0.9,0.3-1.3,0.5L38,53.5\n\t\tc-0.6-0.6-1.5-0.6-2.1,0c-0.6,0.6-0.6,1.5,0,2.1l1.2,1.2c-0.2,0.4-0.4,0.8-0.5,1.3h-1.7c-0.8,0-1.5,0.7-1.5,1.5s0.7,1.5,1.5,1.5\n\t\th1.7c0.1,0.5,0.3,0.9,0.5,1.3l-1.2,1.2c-0.6,0.6-0.6,1.5,0,2.1c0.3,0.3,0.7,0.4,1.1,0.4c0.4,0,0.8-0.1,1.1-0.4l1.2-1.2\n\t\tc0.4,0.2,0.8,0.4,1.3,0.5v1.7c0,0.8,0.7,1.5,1.5,1.5s1.5-0.7,1.5-1.5v-1.7c0.5-0.1,0.9-0.3,1.3-0.5l1.2,1.2\n\t\tc0.3,0.3,0.7,0.4,1.1,0.4c0.4,0,0.8-0.1,1.1-0.4c0.6-0.6,0.6-1.5,0-2.1L47,62.4c0.2-0.4,0.4-0.8,0.5-1.3h1.7c0.8,0,1.5-0.7,1.5-1.5\n\t\tS50,58.1,49.2,58.1z M39.3,59.6c0-1.5,1.2-2.7,2.7-2.7c1.5,0,2.7,1.2,2.7,2.7s-1.2,2.7-2.7,2.7C40.5,62.3,39.3,61.1,39.3,59.6z\"\/>\n\t<path class=\"st0\" d=\"M78.8,32c-0.7,0-1.3-0.5-1.5-1.2c-0.2-0.8,0.3-1.6,1.1-1.8c3.1-0.7,6.3-1.9,9.4-3.5c0.7-0.4,1.6-0.1,2,0.7\n\t\tc0.4,0.7,0.1,1.6-0.7,2c-3.3,1.7-6.7,2.9-10.1,3.7C79,32,78.9,32,78.8,32z\"\/>\n\t<path class=\"st0\" d=\"M51.5,28.4c-0.2,0-0.3,0-0.5-0.1c-1.4-0.5-2.9-1-4.3-1.5c-5.2-1.6-10.3-2.7-15.2-3.2c-0.8-0.1-1.4-0.8-1.3-1.6\n\t\tc0.1-0.8,0.8-1.4,1.6-1.3c5.1,0.5,10.4,1.6,15.8,3.3c1.5,0.5,3,1,4.4,1.5c0.8,0.3,1.2,1.1,0.9,1.9C52.7,28,52.1,28.4,51.5,28.4z\"\/>\n\t<path class=\"st0\" d=\"M1.5,28.4c-0.6,0-1.1-0.3-1.4-0.9c-0.4-0.8,0-1.6,0.7-2c7.6-3.5,15.8-5.3,24.5-5.2c0.8,0,1.5,0.7,1.5,1.5\n\t\tc0,0.8-0.7,1.5-1.5,1.5c-0.2,0-0.3,0-0.4,0c-8.1,0-15.7,1.7-22.8,4.9C1.9,28.4,1.7,28.4,1.5,28.4z\"\/>\n\t<path class=\"st0\" d=\"M25.3,43.1c-2.8,0-5.2-2.3-5.2-5.2c0-2.8,2.3-5.2,5.2-5.2c2.8,0,5.2,2.3,5.2,5.2\n\t\tC30.5,40.8,28.2,43.1,25.3,43.1z M25.3,35.8c-1.2,0-2.2,1-2.2,2.2c0,1.2,1,2.2,2.2,2.2c1.2,0,2.2-1,2.2-2.2\n\t\tC27.5,36.7,26.5,35.8,25.3,35.8z\"\/>\n\t<path class=\"st0\" d=\"M74.6,58.5c-2.8,0-5.2-2.3-5.2-5.2s2.3-5.2,5.2-5.2s5.2,2.3,5.2,5.2S77.5,58.5,74.6,58.5z M74.6,51.2\n\t\tc-1.2,0-2.2,1-2.2,2.2c0,1.2,1,2.2,2.2,2.2s2.2-1,2.2-2.2C76.8,52.2,75.8,51.2,74.6,51.2z\"\/>\n\t<path class=\"st0\" d=\"M16.6,77.9c-2.8,0-5.2-2.3-5.2-5.2s2.3-5.2,5.2-5.2c2.8,0,5.2,2.3,5.2,5.2S19.5,77.9,16.6,77.9z M16.6,70.6\n\t\tc-1.2,0-2.2,1-2.2,2.2s1,2.2,2.2,2.2s2.2-1,2.2-2.2S17.8,70.6,16.6,70.6z\"\/>\n\t<path class=\"st0\" d=\"M79.7,67.1c-0.7,0-1.3-0.4-1.5-1.1c-0.2-0.8,0.3-1.6,1.1-1.8c2.8-0.7,5.7-1.8,8.5-3.3c0.7-0.4,1.6-0.1,2,0.7\n\t\tc0.4,0.7,0.1,1.6-0.7,2c-3,1.5-6.1,2.7-9.1,3.5C79.9,67,79.8,67.1,79.7,67.1z\"\/>\n\t<path class=\"st0\" d=\"M70.2,68.3c-5.3,0-10.7-1.1-16.1-3.3c-0.8-0.3-1.1-1.2-0.8-2c0.3-0.8,1.2-1.1,2-0.8c5.5,2.2,11,3.3,16.4,3\n\t\tc0.9,0,1.5,0.6,1.6,1.4c0,0.8-0.6,1.5-1.4,1.6C71.2,68.3,70.7,68.3,70.2,68.3z\"\/>\n\t<path class=\"st0\" d=\"M1.5,63.7c-0.6,0-1.1-0.3-1.4-0.9c-0.4-0.8,0-1.6,0.7-2c8.7-4.1,18.3-5.8,28.6-5.1c0.8,0.1,1.5,0.8,1.4,1.6\n\t\ts-0.8,1.5-1.6,1.4c-9.7-0.7-18.8,0.9-27.1,4.8C1.9,63.6,1.7,63.7,1.5,63.7z\"\/>\n\t<circle class=\"st0\" cx=\"47.4\" cy=\"76.4\" r=\"2.5\"\/>\n\t<circle class=\"st0\" cx=\"43.5\" cy=\"38.7\" r=\"2.5\"\/>\n\t<circle class=\"st0\" cx=\"53.2\" cy=\"13.6\" r=\"2.5\"\/>\n\t<circle class=\"st0\" cx=\"82.2\" cy=\"17.5\" r=\"2.5\"\/>\n\t<circle class=\"st0\" cx=\"79.3\" cy=\"73.5\" r=\"1.5\"\/>\n\t<circle class=\"st0\" cx=\"11.6\" cy=\"13.6\" r=\"1.5\"\/>\n\t<circle class=\"st0\" cx=\"8.7\" cy=\"48.4\" r=\"1.5\"\/>\n\t<circle class=\"st0\" cx=\"84.1\" cy=\"38.7\" r=\"1.5\"\/>\n\t<circle class=\"st0\" cx=\"12.6\" cy=\"31\" r=\"1.5\"\/>\n\t<circle class=\"st0\" cx=\"59\" cy=\"51.3\" r=\"2.5\"\/>\n<\/g>\n<\/svg>\n\t\t\t\t\t<\/div>\n\t\t\t\t<\/div>\n\t\t\t<\/div>\n\t\t\t\t<div class=\"icon-box-text last-reset\">\n\t\t\t\t\t\t\t\t\t\n\t<div id=\"text-170135873\" class=\"text\">\n\t\t\n<p><span style=\"font-size: 100%;\"><span style=\"font-weight: 900;\">Le porte-filtre en trois parties avec pompe int\u00e9gr\u00e9e est une installation de filtration compacte pour le traitement des eaux de surface.<\/span><\/span> (eau de puits, de rivi\u00e8re ou de lac). Elle est aliment\u00e9e par la batterie de bord, par une batterie mobile ou par d&rsquo;autres sources 12VDC.<\/p>\n\t\t\n<style>\n#text-170135873 {\n  text-align: left;\n}\n<\/style>\n\t<\/div>\n\t\n\t\t<\/div>\n\t<\/div>\n\t\n\t\n\t\t<\/div>\n\t\t\t\t\t<\/div>\n\n\t\n\n\t<div id=\"col-1253821814\" class=\"col medium-6 small-12 large-6\"  >\n\t\t\t\t<div class=\"col-inner text-left\"  >\n\t\t\t\n\t\t\t\n\n\t\t<div class=\"icon-box featured-box icon-box-left text-left\"  >\n\t\t\t\t\t<div class=\"icon-box-img\" style=\"width: 50px\">\n\t\t\t\t<div class=\"icon\">\n\t\t\t\t\t<div class=\"icon-inner\" >\n\t\t\t\t\t\t<?xml version=\"1.0\" ?><svg viewBox=\"0 0 64 64\" xmlns=\"http:\/\/www.w3.org\/2000\/svg\"><title\/><g data-name=\"Layer 20\" id=\"Layer_20\"><path d=\"M23,56H22V49a1,1,0,0,0-2,0v7H14V39a1,1,0,0,1,1-1h4a1,1,0,0,0,1-1V13a7.008,7.008,0,0,1,7-7h2a7.006,7.006,0,0,1,6.995,6.9l-1.344,5.374A3,3,0,0,0,37.562,22h2.876a3,3,0,0,0,2.911-3.728l-1.357-5.426A13.011,13.011,0,0,0,29,0H27A13.015,13.015,0,0,0,14,13v1a1,1,0,0,0,2,0V13A11.013,11.013,0,0,1,27,2h2A11.015,11.015,0,0,1,39.955,12h-2.01A9.013,9.013,0,0,0,29,4H27a9.01,9.01,0,0,0-9,9V36H16V18a1,1,0,0,0-2,0V36.184A3,3,0,0,0,12,39v5H8V39a3,3,0,0,0-6,0v5.184A3,3,0,0,0,0,47v2a3,3,0,0,0,3,3h9v4H11a7.008,7.008,0,0,0-7,7,1,1,0,0,0,1,1H29a1,1,0,0,0,1-1A7.008,7.008,0,0,0,23,56ZM40.219,14l1.19,4.757A1,1,0,0,1,40.438,20H37.562a1,1,0,0,1-.971-1.243L37.781,14ZM4,39a1,1,0,0,1,2,0v5H4ZM3,50a1,1,0,0,1-1-1V47a1,1,0,0,1,1-1h9v4ZM6.1,62A5.008,5.008,0,0,1,11,58H23a5.008,5.008,0,0,1,4.9,4Z\"\/><path d=\"M36,28a1,1,0,0,0-2,0v2a1,1,0,0,0,2,0Z\"\/><path d=\"M40,24a1,1,0,0,0-2,0v2a1,1,0,0,0,2,0Z\"\/><path d=\"M40,30a1,1,0,0,0-2,0v2a1,1,0,0,0,2,0Z\"\/><path d=\"M39,35a1,1,0,0,0-1,1v2a1,1,0,0,0,2,0V36A1,1,0,0,0,39,35Z\"\/><path d=\"M43,33a1,1,0,0,0-1,1v2a1,1,0,0,0,2,0V34A1,1,0,0,0,43,33Z\"\/><path d=\"M35,33a1,1,0,0,0-1,1v2a1,1,0,0,0,2,0V34A1,1,0,0,0,35,33Z\"\/><path d=\"M42,28v2a1,1,0,0,0,2,0V28a1,1,0,0,0-2,0Z\"\/><path d=\"M63,38H61a3,3,0,0,0-2.816,2H53.89A6.989,6.989,0,0,0,44.1,40H36a4,4,0,0,0,0,8H47a1,1,0,0,0,0-2H36a2,2,0,0,1,0-4h8.528a1,1,0,0,0,.745-.333,4.99,4.99,0,0,1,7.446,0,1,1,0,0,0,.744.332H58V52H34.313a6.958,6.958,0,0,1-4.949-2.05l-6.485-6.485A2.984,2.984,0,0,1,22,41.343V41a3,3,0,0,1,3-3h.172a1,1,0,0,1,.707.293l3.414,3.414a1,1,0,0,0,1.414-1.414l-3.414-3.414A2.978,2.978,0,0,0,25.172,36H25a5.006,5.006,0,0,0-5,5v.343a4.971,4.971,0,0,0,1.464,3.536l6.486,6.485A8.94,8.94,0,0,0,34.313,54H58.184A3,3,0,0,0,61,56h2a1,1,0,0,0,1-1V39A1,1,0,0,0,63,38ZM62,54H61a1,1,0,0,1-1-1V41a1,1,0,0,1,1-1h1Z\"\/><\/g><\/svg>\t\t\t\t\t<\/div>\n\t\t\t\t<\/div>\n\t\t\t<\/div>\n\t\t\t\t<div class=\"icon-box-text last-reset\">\n\t\t\t\t\t\t\t\t\t\n\t<div id=\"text-3710489401\" class=\"text\">\n\t\t\n<p><span style=\"font-size: 100%;\"><br \/>\n  <span style=\"font-weight: 900;\">L&rsquo;installation aspire automatiquement l&rsquo;eau et refoule l&rsquo;eau filtr\u00e9e directement dans le r\u00e9servoir d&rsquo;eau. <\/span><br \/>\n<\/span>et assure ainsi l&rsquo;approvisionnement m\u00eame en dehors de la civilisation. Un raccordement suppl\u00e9mentaire offre la possibilit\u00e9 de traiter l&rsquo;eau du robinet via l&rsquo;installation.<br \/>\n\t\t\n<style>\n#text-3710489401 {\n  text-align: left;\n}\n<\/style>\n\t<\/div>\n\t\n\t\t<\/div>\n\t<\/div>\n\t\n\t\n\t\t<\/div>\n\t\t\t\t\t<\/div>\n\n\t\n<\/div>\n\t\t<\/div>\n\n\t\t\n<style>\n#section_1188036366 {\n  padding-top: 30px;\n  padding-bottom: 30px;\n  background-color: #006ab0;\n}\n<\/style>\n\t<\/section>\n\t\n<div class=\"container section-title-container\" style=\"margin-top:30px;\"><h1 class=\"section-title section-title-normal\"><b><\/b><span class=\"section-title-main\" >En un coup d'\u0153il<\/span><b><\/b><\/h1><\/div>\n\n\t<section class=\"section\" id=\"section_1171421071\">\n\t\t<div class=\"section-bg fill\" >\n\t\t\t\t\t\t\t\t\t<div class=\"section-bg-overlay absolute fill\"><\/div>\n\t\t\t\n\n\t\t<\/div>\n\n\t\t\n\n\t\t<div class=\"section-content relative\">\n\t\t\t\n<div class=\"row row-collapse row-full-width align-equal align-center\"  id=\"row-1125459602\">\n\n\t<div id=\"col-694561132\" class=\"col medium-7 small-12 large-7\"  >\n\t\t\t\t<div class=\"col-inner text-left\"  >\n\t\t\t\n\t\t\t\n\t<div id=\"text-2820612044\" class=\"text\">\n\t\t\n<ul>\n<li>syst\u00e8me de filtration compact pr\u00eat \u00e0 l&#8217;emploi<\/li>\n<li>Filtration en cascade \u00e0 4 niveaux<\/li>\n<li>d\u00e9bit : jusqu&rsquo;\u00e0 2000 litres\/h<\/li>\n<li>Traitement de l&rsquo;eau de surface &amp; de l&rsquo;eau du robinet (eau douce)<\/li>\n<li>Bo\u00eetier de haute qualit\u00e9 en acier inoxydable<\/li>\n<li>Raccord compatible Gardena\u00ae pour la filtration de l&rsquo;eau du robinet<\/li>\n<li>faible encombrement<\/li>\n<\/ul>\n\t\t\n<style>\n#text-2820612044 {\n  font-size: 1rem;\n  text-align: left;\n}\n<\/style>\n\t<\/div>\n\t\n\t\t<\/div>\n\t\t\t\t\n<style>\n#col-694561132 > .col-inner {\n  padding: 40px 0px 0px 15px;\n}\n@media (min-width:550px) {\n  #col-694561132 > .col-inner {\n    padding: 40px 0px 0px 15px;\n  }\n}\n<\/style>\n\t<\/div>\n\n\t\n\n\t<div id=\"col-269410937\" class=\"col medium-5 small-12 large-5\"  >\n\t\t\t\t<div class=\"col-inner\"  >\n\t\t\t\n\t\t\t\n\t<div class=\"img has-hover x md-x lg-x y md-y lg-y\" id=\"image_1240814585\">\n\t\t\t\t\t\t\t\t<div class=\"img-inner dark\" >\n\t\t\t<img loading=\"lazy\" decoding=\"async\" width=\"800\" height=\"800\" src=\"https:\/\/wm-aquatec.de\/wp-content\/uploads\/2021\/07\/FR3PXX-SSM_SE-1-800x800.jpg\" class=\"attachment-large size-large\" alt=\"Das 3-er Filter-Rack mit Pumpe innen inkl. schwimmender Entnahme\" srcset=\"https:\/\/wm-aquatec.de\/wp-content\/uploads\/2021\/07\/FR3PXX-SSM_SE-1-800x800.jpg 800w, https:\/\/wm-aquatec.de\/wp-content\/uploads\/2021\/07\/FR3PXX-SSM_SE-1-400x400.jpg 400w, https:\/\/wm-aquatec.de\/wp-content\/uploads\/2021\/07\/FR3PXX-SSM_SE-1-280x280.jpg 280w, https:\/\/wm-aquatec.de\/wp-content\/uploads\/2021\/07\/FR3PXX-SSM_SE-1-768x768.jpg 768w, https:\/\/wm-aquatec.de\/wp-content\/uploads\/2021\/07\/FR3PXX-SSM_SE-1-300x300.jpg 300w, https:\/\/wm-aquatec.de\/wp-content\/uploads\/2021\/07\/FR3PXX-SSM_SE-1-600x600.jpg 600w, https:\/\/wm-aquatec.de\/wp-content\/uploads\/2021\/07\/FR3PXX-SSM_SE-1-100x100.jpg 100w, https:\/\/wm-aquatec.de\/wp-content\/uploads\/2021\/07\/FR3PXX-SSM_SE-1.jpg 1500w\" sizes=\"auto, (max-width: 800px) 100vw, 800px\" \/>\t\t\t\t\t\t\n\t\t\t\t\t<\/div>\n\t\t\t\t\t\t\t\t\n<style>\n#image_1240814585 {\n  width: 100%;\n}\n@media (min-width:550px) {\n  #image_1240814585 {\n    width: 75%;\n  }\n}\n<\/style>\n\t<\/div>\n\t\n\t\t<\/div>\n\t\t\t\t\t<\/div>\n\n\t\n<\/div>\n\t\t<\/div>\n\n\t\t\n<style>\n#section_1171421071 {\n  padding-top: 0px;\n  padding-bottom: 0px;\n}\n#section_1171421071 .section-bg-overlay {\n  background-color: rgba(255, 255, 255, 0.75);\n}\n@media (min-width:550px) {\n  #section_1171421071 {\n    padding-top: 0px;\n    padding-bottom: 0px;\n  }\n}\n<\/style>\n\t<\/section>\n\t\n<div class=\"container section-title-container\" style=\"margin-top:30px;\"><h1 class=\"section-title section-title-normal\"><b><\/b><span class=\"section-title-main\" >TECHNOLOGIE DES PROC\u00c9D\u00c9S DE FILTRATION EN CASCADE \u00c0 4 \u00c9TAPES<\/span><b><\/b><\/h1><\/div>\n\n\t<section class=\"section\" id=\"section_2027540758\">\n\t\t<div class=\"section-bg fill\" >\n\t\t\t\t\t\t\t\t\t\n\t\t\t\n\n\t\t<\/div>\n\n\t\t\n\n\t\t<div class=\"section-content relative\">\n\t\t\t\n<div class=\"row row-small row-full-width align-equal\"  id=\"row-864646469\">\n\n\t<div id=\"col-642792653\" class=\"col medium-6 small-12 large-6\"  >\n\t\t\t\t<div class=\"col-inner text-center\"  >\n\t\t\t\n\t\t\t\n\t<div class=\"img has-hover x md-x lg-x y md-y lg-y\" id=\"image_1782260629\">\n\t\t\t\t\t\t\t\t<div class=\"img-inner dark\" >\n\t\t\t<img loading=\"lazy\" decoding=\"async\" width=\"800\" height=\"800\" src=\"https:\/\/wm-aquatec.de\/wp-content\/uploads\/2021\/07\/FR3PXX-SSM_SE-1-800x800.jpg\" class=\"attachment-large size-large\" alt=\"Das 3-er Filter-Rack mit Pumpe innen inkl. schwimmender Entnahme\" srcset=\"https:\/\/wm-aquatec.de\/wp-content\/uploads\/2021\/07\/FR3PXX-SSM_SE-1-800x800.jpg 800w, https:\/\/wm-aquatec.de\/wp-content\/uploads\/2021\/07\/FR3PXX-SSM_SE-1-400x400.jpg 400w, https:\/\/wm-aquatec.de\/wp-content\/uploads\/2021\/07\/FR3PXX-SSM_SE-1-280x280.jpg 280w, https:\/\/wm-aquatec.de\/wp-content\/uploads\/2021\/07\/FR3PXX-SSM_SE-1-768x768.jpg 768w, https:\/\/wm-aquatec.de\/wp-content\/uploads\/2021\/07\/FR3PXX-SSM_SE-1-300x300.jpg 300w, https:\/\/wm-aquatec.de\/wp-content\/uploads\/2021\/07\/FR3PXX-SSM_SE-1-600x600.jpg 600w, https:\/\/wm-aquatec.de\/wp-content\/uploads\/2021\/07\/FR3PXX-SSM_SE-1-100x100.jpg 100w, https:\/\/wm-aquatec.de\/wp-content\/uploads\/2021\/07\/FR3PXX-SSM_SE-1.jpg 1500w\" sizes=\"auto, (max-width: 800px) 100vw, 800px\" \/>\t\t\t\t\t\t\n\t\t\t\t\t<\/div>\n\t\t\t\t\t\t\t\t\n<style>\n#image_1782260629 {\n  width: 50%;\n}\n<\/style>\n\t<\/div>\n\t\n\t\t<\/div>\n\t\t\t\t\t<\/div>\n\n\t\n\n\t<div id=\"col-1901404684\" class=\"col medium-6 small-12 large-6\"  >\n\t\t\t\t<div class=\"col-inner text-left\"  >\n\t\t\t\n\t\t\t\n<h3>STRUCTURE DU 3-ER FILTERRACK (POMPE \u00c0 L&rsquo;INT\u00c9RIEUR)<\/h3>\n<ol>\n<li>Pr\u00e9l\u00e8vement flottant avec tamis filtrant<br \/>\n(maille de 1 mm) pour aspirer l&rsquo;eau de surface<\/li>\n<li>Pr\u00e9filtre PP 20\u00b5m<br \/>\n(r\u00e9tention de sable, de mati\u00e8re v\u00e9g\u00e9tale, etc.)<\/li>\n<li>Pr\u00e9filtre PP 5\u00b5m<br \/>\n(r\u00e9tention du pollen, des mati\u00e8res en suspension, turbidit\u00e9, etc.)<\/li>\n<li>Filtre fin 1\u00b5m<br \/>\n(r\u00e9tention d&rsquo;organismes unicellulaires tels que les amibes, les protozoaires, etc.)<\/li>\n<\/ol>\n\t\t<\/div>\n\t\t\t\t\t<\/div>\n\n\t\n\n<style>\n#row-864646469 > .col > .col-inner {\n  padding: 0px 0px 0px 0px;\n}\n<\/style>\n<\/div>\n\t\t<\/div>\n\n\t\t\n<style>\n#section_2027540758 {\n  padding-top: 30px;\n  padding-bottom: 30px;\n}\n<\/style>\n\t<\/section>\n\t\n\n\t<section class=\"section\" id=\"section_212216787\">\n\t\t<div class=\"section-bg fill\" >\n\t\t\t\t\t\t\t\t\t\n\t\t\t\n\n\t\t<\/div>\n\n\t\t\n\n\t\t<div class=\"section-content relative\">\n\t\t\t\n<div class=\"row\"  id=\"row-434061838\">\n\n\t<div id=\"col-1100641932\" class=\"col medium-6 small-8 large-6\"  >\n\t\t\t\t<div class=\"col-inner text-left\"  >\n\t\t\t\n\t\t\t\n<div class=\"container section-title-container\" ><h3 class=\"section-title section-title-normal\"><b><\/b><span class=\"section-title-main\" >Service et aide<\/span><b><\/b><\/h3><\/div>\n<p>Unter folgendem Link findest du Antworten auf h\u00e4ufige Fragen (FAQ), Gebrauchsanweisungen und Sicherheitsdatenbl\u00e4tter zum Download.<\/p>\n<nav role=\"navigation\" aria-label=\"Articles avec mots-cl\u00e9s\" class=\"widg-shortcode-article-container\"><div class=\"widg-reset defaults-reset widg-shortcode-article-contents\"><h4>Articles avec mots-cl\u00e9s<\/h4>A venir<\/div><\/nav>\n\n\t\t<div class=\"icon-box featured-box icon-box-center text-center\"  >\n\t\t\t\t\t<div class=\"icon-box-img\" style=\"width: 60px\">\n\t\t\t\t<div class=\"icon\">\n\t\t\t\t\t<div class=\"icon-inner\" style=\"color:rgb(0, 106, 176);\">\n\t\t\t\t\t\t<?xml version=\"1.0\" encoding=\"iso-8859-1\"?>\n<!-- Generator: Adobe Illustrator 19.0.0, SVG Export Plug-In . SVG Version: 6.00 Build 0)  -->\n<svg xmlns=\"http:\/\/www.w3.org\/2000\/svg\" xmlns:xlink=\"http:\/\/www.w3.org\/1999\/xlink\" version=\"1.1\" id=\"Capa_1\" x=\"0px\" y=\"0px\" viewBox=\"0 0 59.066 59.066\" style=\"enable-background:new 0 0 59.066 59.066;\" xml:space=\"preserve\" width=\"512px\" height=\"512px\">\n<path d=\"M52.844,27.116C52.412,26.396,51.689,26,50.805,26c-0.004,0-0.008,0-0.012,0c-1.667,0.006-3.673,0.667-5.235,1.724  c-1.441,0.975-3.53,2.782-5.293,5.863c-0.331,0.578-0.874,0.97-1.455,1.063c-0.002-0.134-0.001-0.287-0.001-0.432  c0-0.309,0.001-0.677-0.012-1.083V11c0-2.206-1.794-4-4-4s-4,1.794-4,4v15.5c0,0.275-0.225,0.5-0.5,0.5s-0.5-0.225-0.5-0.5V4  c0-2.206-1.794-4-4-4s-4,1.794-4,4v22.5c0,0.275-0.225,0.5-0.5,0.5s-0.5-0.225-0.5-0.5v-18c0-1.93-1.57-3.5-3.5-3.5  s-3.5,1.57-3.5,3.5v20c0,0.275-0.225,0.5-0.5,0.5s-0.5-0.225-0.5-0.5V16c0-1.93-1.57-3.5-3.51-3.5c-1.93,0-3.5,1.57-3.5,3.5  l0.002,27.197c0.968,13.983,9.545,15.869,17.808,15.869c6.846,0,12.995-3.396,16.027-8.824c0.39-0.63,1.445-2.289,2.696-4.254  c3.128-4.914,5.748-9.041,6.135-9.775c0.863-1.634,1.826-2.911,2.784-3.693c0.867-0.708,1.397-1.611,1.828-2.404  C53.29,29.703,53.484,28.186,52.844,27.116z M51.256,29.259c-0.4,0.729-0.777,1.3-1.282,1.712c-1.18,0.964-2.285,2.413-3.287,4.309  c-0.381,0.723-3.794,6.086-6.053,9.635c-1.258,1.976-2.318,3.642-2.733,4.314c-2.701,4.834-8.182,7.838-14.304,7.838  c-10.542,0-15.123-4.059-15.81-13.938V16c0-0.827,0.673-1.5,1.51-1.5c0.827,0,1.5,0.673,1.5,1.5v12.5c0,1.379,1.121,2.5,2.5,2.5  s2.5-1.121,2.5-2.5v-20c0-0.827,0.673-1.5,1.5-1.5s1.5,0.673,1.5,1.5v18c0,1.379,1.121,2.5,2.5,2.5s2.5-1.121,2.5-2.5V4  c0-1.103,0.897-2,2-2s2,0.897,2,2v22.5c0,1.379,1.121,2.5,2.5,2.5s2.5-1.121,2.5-2.5V11c0-1.103,0.897-2,2-2s2,0.897,2,2v22.166  c0.013,0.411,0.012,0.758,0.012,1.05c-0.002,0.895-0.003,1.541,0.49,2.024c0.413,0.403,0.948,0.428,1.326,0.432  c1.361-0.031,2.655-0.833,3.376-2.092c1.571-2.748,3.41-4.344,4.677-5.199c1.232-0.834,2.851-1.376,4.123-1.381  c0.001,0,0.003,0,0.004,0c0.214,0,0.263,0.063,0.292,0.1C51.294,28.35,51.303,28.979,51.256,29.259z\" fill=\"#FFFFFF\"\/>\n<g>\n<\/g>\n<g>\n<\/g>\n<g>\n<\/g>\n<g>\n<\/g>\n<g>\n<\/g>\n<g>\n<\/g>\n<g>\n<\/g>\n<g>\n<\/g>\n<g>\n<\/g>\n<g>\n<\/g>\n<g>\n<\/g>\n<g>\n<\/g>\n<g>\n<\/g>\n<g>\n<\/g>\n<g>\n<\/g>\n<\/svg>\n\t\t\t\t\t<\/div>\n\t\t\t\t<\/div>\n\t\t\t<\/div>\n\t\t\t\t<div class=\"icon-box-text last-reset\">\n\t\t\t\t\t\t\t\t\t\n<h3>REMARQUE IMPORTANTE :<\/h3>\n<p style=\"text-align: left;\">Cette installation a \u00e9t\u00e9 con\u00e7ue pour la s\u00e9paration\/filtration de particules de salet\u00e9, de mati\u00e8res troubles et de protozoaires tels que les amibes et ne fournit PAS d&rsquo;eau potable. Pour la potabilisation de l&rsquo;eau de surface, il faut imp\u00e9rativement une ou plusieurs \u00e9tapes de d\u00e9sinfection avec au moins &gt;99,99% de r\u00e9tention virologique, &gt;99,9999% de r\u00e9tention bact\u00e9riologique. Selon la qualit\u00e9 de l&rsquo;eau, il peut \u00eatre n\u00e9cessaire d&rsquo;adsorber des substances chimiques dissoutes ou organiques sur un filtre \u00e0 charbon actif. Pour des raisons d&rsquo;hygi\u00e8ne, il est \u00e9galement conseill\u00e9 de conserver l&rsquo;eau dans le syst\u00e8me d&rsquo;eau douce.<\/p>\n\t\t<\/div>\n\t<\/div>\n\t\n\t\n\t\t<\/div>\n\t\t\t\t\t<\/div>\n\n\t\n\n\t<div id=\"col-1240278951\" class=\"col medium-6 small-8 large-6\"  >\n\t\t\t\t<div class=\"col-inner text-left\"  >\n\t\t\t\n\t\t\t\n<p>\n            \n<table id=\"tablepress-14fr\" class=\"tablepress tablepress-id-14fr\">\n<thead>\n<tr class=\"row-1\">\n\t<th colspan=\"2\" class=\"column-1\">Donn\u00e9es techniques<\/th>\n<\/tr>\n<\/thead>\n<tbody class=\"row-striping row-hover\">\n<tr class=\"row-2\">\n\t<td class=\"column-1\">Dimensions<\/td><td class=\"column-2\">56*x38x15 (LxHxP)<br \/>\n*50 avec robinet d'arr\u00eat retir\u00e9<\/td>\n<\/tr>\n<tr class=\"row-3\">\n\t<td class=\"column-1\">Alimentation \u00e9lectrique<\/td><td class=\"column-2\">12VDC<\/td>\n<\/tr>\n<tr class=\"row-4\">\n\t<td class=\"column-1\">Tension<\/td><td class=\"column-2\">max. 110W<\/td>\n<\/tr>\n<tr class=\"row-5\">\n\t<td class=\"column-1\">Fusible n\u00e9cessaire<\/td><td class=\"column-2\">10A<\/td>\n<\/tr>\n<tr class=\"row-6\">\n\t<td class=\"column-1\">Capacit\u00e9 de traitement de l'eau du robinet<\/td><td class=\"column-2\">jusqu'\u00e0 2000 litres\/h (selon la pression de la ligne)<\/td>\n<\/tr>\n<tr class=\"row-7\">\n\t<td class=\"column-1\">Capacit\u00e9 de traitement des eaux de surface<\/td><td class=\"column-2\">jusqu'\u00e0 600 litres\/h<\/td>\n<\/tr>\n<\/tbody>\n<\/table>\n<!-- #tablepress-14fr from cache -->\n          <\/p>\n\t\t<\/div>\n\t\t\t\t\t<\/div>\n\n\t\n<\/div>\n\t\t<\/div>\n\n\t\t\n<style>\n#section_212216787 {\n  padding-top: 30px;\n  padding-bottom: 30px;\n}\n<\/style>\n\t<\/section>\n\t\n","protected":false},"excerpt":{"rendered":"<p>Le porte-filtre en trois parties avec pompe int\u00e9gr\u00e9e est une installation de filtration compacte avec pompe int\u00e9gr\u00e9e pour le traitement des eaux de surface (eau de puits, de rivi\u00e8re ou de lac).<\/p>\n","protected":false},"featured_media":14608,"template":"","meta":{"inline_featured_image":false},"product_brand":[],"product_cat":[539,153],"product_tag":[289,429,304,293,494,428,291,500,424,427,496,502,426,497,503,425,301,295,504,302],"class_list":{"0":"post-11163","1":"product","2":"type-product","3":"status-publish","4":"has-post-thumbnail","6":"product_cat-installations-de-traitement-des-eaux","7":"product_cat-tous-les-produits","8":"product_tag-acier-inoxydable","9":"product_tag-amibes","10":"product_tag-angle","11":"product_tag-boitier-du-filtre","12":"product_tag-filter-rack-fr","13":"product_tag-filtration-en-cascade","14":"product_tag-filtre","15":"product_tag-flottant","16":"product_tag-matieres-en-suspension","17":"product_tag-pollen-fr","18":"product_tag-pompe","19":"product_tag-pompe-a-eau","20":"product_tag-protozoaires","21":"product_tag-rack-fr","22":"product_tag-retrait","23":"product_tag-sable","24":"product_tag-salete","25":"product_tag-taille","26":"product_tag-trois","27":"product_tag--fr","28":"pa_ausfuehrung-pompe-a-linterieur-12vdc","29":"pa_ausfuehrung-pompe-a-linterieur-24vdc","30":"pa_ausfuehrung-pompe-exterieure-12vdc","31":"pa_ausfuehrung-pompe-exterieure-24vdc","33":"first","34":"instock","35":"taxable","36":"shipping-taxable","37":"purchasable","38":"product-type-variable"},"_links":{"self":[{"href":"https:\/\/wm-aquatec.de\/fr\/wp-json\/wp\/v2\/product\/11163","targetHints":{"allow":["GET"]}}],"collection":[{"href":"https:\/\/wm-aquatec.de\/fr\/wp-json\/wp\/v2\/product"}],"about":[{"href":"https:\/\/wm-aquatec.de\/fr\/wp-json\/wp\/v2\/types\/product"}],"wp:featuredmedia":[{"embeddable":true,"href":"https:\/\/wm-aquatec.de\/fr\/wp-json\/wp\/v2\/media\/14608"}],"wp:attachment":[{"href":"https:\/\/wm-aquatec.de\/fr\/wp-json\/wp\/v2\/media?parent=11163"}],"wp:term":[{"taxonomy":"product_brand","embeddable":true,"href":"https:\/\/wm-aquatec.de\/fr\/wp-json\/wp\/v2\/product_brand?post=11163"},{"taxonomy":"product_cat","embeddable":true,"href":"https:\/\/wm-aquatec.de\/fr\/wp-json\/wp\/v2\/product_cat?post=11163"},{"taxonomy":"product_tag","embeddable":true,"href":"https:\/\/wm-aquatec.de\/fr\/wp-json\/wp\/v2\/product_tag?post=11163"}],"curies":[{"name":"wp","href":"https:\/\/api.w.org\/{rel}","templated":true}]}}