{"id":11168,"date":"2022-03-17T09:23:54","date_gmt":"2022-06-02T08:29:21","guid":{"rendered":"https:\/\/wm-aquatec.de\/shop\/produkt\/kit-complet-dalimentation-en-eau-de-secours\/"},"modified":"2022-06-02T10:29:23","modified_gmt":"2022-06-02T08:29:23","slug":"kit-complet-dalimentation-en-eau-de-secours","status":"publish","type":"product","link":"https:\/\/wm-aquatec.de\/fr\/shop\/tout-terrain\/desinfection-de-leau-fr\/kit-complet-dalimentation-en-eau-de-secours\/","title":{"rendered":"Kit complet d&rsquo;alimentation en eau de secours"},"content":{"rendered":"<div class=\"container section-title-container\" ><h1 class=\"section-title section-title-normal\"><b><\/b><span class=\"section-title-main\" >Kit complet d'alimentation en eau de secours<\/span><b><\/b><\/h1><\/div>\n\n\t<section class=\"section dark\" id=\"section_116450870\">\n\t\t<div class=\"section-bg fill\" >\n\t\t\t<img loading=\"lazy\" decoding=\"async\" width=\"2100\" height=\"1080\" src=\"https:\/\/wm-aquatec.de\/wp-content\/uploads\/2021\/05\/hero_start.jpg\" class=\"bg attachment-original size-original\" alt=\"\" \/>\t\t\t\t\t\t\n\t\t\t\n\n\t\t<\/div>\n\n\t\t\n\n\t\t<div class=\"section-content relative\">\n\t\t\t\n\t\t<\/div>\n\n\t\t\n<style>\n#section_116450870 {\n  padding-top: 0px;\n  padding-bottom: 0px;\n  margin-bottom: 0px;\n  min-height: 330px;\n}\n#section_116450870 .section-bg img {\n  object-position: 51% 22%;\n}\n@media (min-width:550px) {\n  #section_116450870 {\n    min-height: 600px;\n  }\n}\n@media (min-width:850px) {\n  #section_116450870 {\n    min-height: 400px;\n  }\n}\n<\/style>\n\t<\/section>\n\t\n\n\t<section class=\"section dark\" id=\"section_914174126\">\n\t\t<div class=\"section-bg fill\" >\n\t\t\t\t\t\t\t\t\t\n\t\t\t\n\n\t\t<\/div>\n\n\t\t\n\n\t\t<div class=\"section-content relative\">\n\t\t\t\n<div class=\"row row-large align-center\"  id=\"row-102058744\">\n\n\t<div id=\"col-1636844516\" class=\"col medium-6 small-12 large-6\"  >\n\t\t\t\t<div class=\"col-inner text-left\"  >\n\t\t\t\n\t\t\t\n\n\t\t<div class=\"icon-box featured-box icon-box-left text-left\"  >\n\t\t\t\t\t<div class=\"icon-box-img\" style=\"width: 50px\">\n\t\t\t\t<div class=\"icon\">\n\t\t\t\t\t<div class=\"icon-inner\" style=\"color:rgb(255, 255, 255);\">\n\t\t\t\t\t\t<?xml version=\"1.0\" ?><svg style=\"enable-background:new 0 0 32 32;\" version=\"1.1\" viewBox=\"0 0 32 32\" xml:space=\"preserve\" xmlns=\"http:\/\/www.w3.org\/2000\/svg\" xmlns:xlink=\"http:\/\/www.w3.org\/1999\/xlink\"><g id=\"Guides\"\/><g id=\"_x32_0\"\/><g id=\"_x31_9\"\/><g id=\"_x31_8\"\/><g id=\"_x31_7\"\/><g id=\"_x31_6\"\/><g id=\"_x31_5\"\/><g id=\"_x31_4\"\/><g id=\"_x31_3\"\/><g id=\"_x31_2\"\/><g id=\"_x31_1\"\/><g id=\"_x31_0\"\/><g id=\"_x30_9\"\/><g id=\"_x30_8\"\/><g id=\"_x30_7\"\/><g id=\"_x30_6\"\/><g id=\"_x30_5\"\/><g id=\"_x30_4\"\/><g id=\"_x30_3\"\/><g id=\"_x30_2\"\/><g id=\"_x30_1\"><g><path d=\"M16.7070313,2.2929688c-0.390625-0.390625-1.0234375-0.390625-1.4140625,0C14.9135742,2.6723633,6,11.6816406,6,20    c0,5.5141602,4.4858398,10,10,10c5.5136719,0,10-4.4858398,10-10C26,11.6816406,17.0869141,2.6723633,16.7070313,2.2929688z     M16,28c-4.4111328,0-8-3.5888672-8-8c0-6.2075195,5.9248047-13.2612305,8.0004883-15.5410156    C18.0761719,6.7368164,24,13.7836914,24,20C24,24.4111328,20.4111328,28,16,28z\"\/><path d=\"M16,24c-2.2055664,0-4-1.8105469-4-4.0356445c0-0.5522461-0.4477539-1-1-1s-1,0.4477539-1,1    C10,23.2924805,12.6914063,26,16,26c0.5522461,0,1-0.4477539,1-1S16.5522461,24,16,24z\"\/><\/g><\/g><\/svg>\t\t\t\t\t<\/div>\n\t\t\t\t<\/div>\n\t\t\t<\/div>\n\t\t\t\t<div class=\"icon-box-text last-reset\">\n\t\t\t\t\t\t\t\t\t\n\t<div id=\"text-1250417523\" class=\"text\">\n\t\t\n<p><span style=\"font-size: 100%;\">Le kit complet d&rsquo;alimentation en eau de secours <span style=\"font-weight: 900;\">garantit de l&rsquo;eau potable \u00e0 partir de l&rsquo;eau de pluie, de rivi\u00e8re ou de lac<\/span>.<\/span><\/p>\n\t\t\n<style>\n#text-1250417523 {\n  text-align: left;\n}\n<\/style>\n\t<\/div>\n\t\n\t\t<\/div>\n\t<\/div>\n\t\n\t\n\t\t<\/div>\n\t\t\t\t\t<\/div>\n\n\t\n\n\t<div id=\"col-1419800987\" class=\"col medium-6 small-12 large-6\"  >\n\t\t\t\t<div class=\"col-inner text-left\"  >\n\t\t\t\n\t\t\t\n\n\t\t<div class=\"icon-box featured-box icon-box-left text-left\"  >\n\t\t\t\t\t<div class=\"icon-box-img\" style=\"width: 50px\">\n\t\t\t\t<div class=\"icon\">\n\t\t\t\t\t<div class=\"icon-inner\" >\n\t\t\t\t\t\t<?xml version=\"1.0\" encoding=\"utf-8\"?>\n<!-- Generator: Adobe Illustrator 25.3.1, SVG Export Plug-In . SVG Version: 6.00 Build 0)  -->\n<svg version=\"1.1\" id=\"Ebene_1\" xmlns=\"http:\/\/www.w3.org\/2000\/svg\" xmlns:xlink=\"http:\/\/www.w3.org\/1999\/xlink\" x=\"0px\" y=\"0px\"\n\t viewBox=\"0 0 350 350\" style=\"enable-background:new 0 0 350 350;\" xml:space=\"preserve\">\n<style type=\"text\/css\">\n\t.st0{fill:#FFFFFF;}\n<\/style>\n<desc>Created with Fabric.js 1.7.22<\/desc>\n<g id=\"icon\" transform=\"translate(-1.9444444444444287 -1.9444444444444287) scale(3.89 3.89)\">\n\t<path class=\"st0\" d=\"M74.5,29h-2.9c-0.2-0.9-0.6-1.8-1.1-2.6l2-2c0.6-0.6,0.6-1.5,0-2.1c-0.6-0.6-1.5-0.6-2.1,0l-2,2\n\t\tc-0.8-0.5-1.6-0.9-2.6-1.1v-2.9c0-0.8-0.7-1.5-1.5-1.5s-1.5,0.7-1.5,1.5v2.9c-0.9,0.2-1.8,0.6-2.6,1.1l-2-2c-0.6-0.6-1.5-0.6-2.1,0\n\t\tc-0.6,0.6-0.6,1.5,0,2.1l2,2c-0.5,0.8-0.9,1.6-1.1,2.6h-2.9c-0.8,0-1.5,0.7-1.5,1.5s0.7,1.5,1.5,1.5h2.9c0.2,0.9,0.6,1.8,1.1,2.6\n\t\tl-2,2c-0.6,0.6-0.6,1.5,0,2.1c0.3,0.3,0.7,0.4,1.1,0.4c0.4,0,0.8-0.1,1.1-0.4l2-2c0.8,0.5,1.6,0.9,2.6,1.1v2.9\n\t\tc0,0.8,0.7,1.5,1.5,1.5s1.5-0.7,1.5-1.5v-2.9c0.9-0.2,1.8-0.6,2.6-1.1l2,2c0.3,0.3,0.7,0.4,1.1,0.4c0.4,0,0.8-0.1,1.1-0.4\n\t\tc0.6-0.6,0.6-1.5,0-2.1l-2-2c0.5-0.8,0.9-1.6,1.1-2.6h2.9c0.8,0,1.5-0.7,1.5-1.5C76,29.7,75.3,29,74.5,29z M64.3,34.9\n\t\tc-2.4,0-4.4-2-4.4-4.4s2-4.4,4.4-4.4c2.4,0,4.4,2,4.4,4.4C68.7,32.9,66.8,34.9,64.3,34.9z\"\/>\n\t<path class=\"st0\" d=\"M49.2,58.1h-1.7c-0.1-0.5-0.3-0.9-0.5-1.3l1.2-1.2c0.6-0.6,0.6-1.5,0-2.1s-1.5-0.6-2.1,0l-1.2,1.2\n\t\tc-0.4-0.2-0.8-0.4-1.3-0.5v-1.7c0-0.8-0.7-1.5-1.5-1.5s-1.5,0.7-1.5,1.5v1.7c-0.5,0.1-0.9,0.3-1.3,0.5L38,53.5\n\t\tc-0.6-0.6-1.5-0.6-2.1,0c-0.6,0.6-0.6,1.5,0,2.1l1.2,1.2c-0.2,0.4-0.4,0.8-0.5,1.3h-1.7c-0.8,0-1.5,0.7-1.5,1.5s0.7,1.5,1.5,1.5\n\t\th1.7c0.1,0.5,0.3,0.9,0.5,1.3l-1.2,1.2c-0.6,0.6-0.6,1.5,0,2.1c0.3,0.3,0.7,0.4,1.1,0.4c0.4,0,0.8-0.1,1.1-0.4l1.2-1.2\n\t\tc0.4,0.2,0.8,0.4,1.3,0.5v1.7c0,0.8,0.7,1.5,1.5,1.5s1.5-0.7,1.5-1.5v-1.7c0.5-0.1,0.9-0.3,1.3-0.5l1.2,1.2\n\t\tc0.3,0.3,0.7,0.4,1.1,0.4c0.4,0,0.8-0.1,1.1-0.4c0.6-0.6,0.6-1.5,0-2.1L47,62.4c0.2-0.4,0.4-0.8,0.5-1.3h1.7c0.8,0,1.5-0.7,1.5-1.5\n\t\tS50,58.1,49.2,58.1z M39.3,59.6c0-1.5,1.2-2.7,2.7-2.7c1.5,0,2.7,1.2,2.7,2.7s-1.2,2.7-2.7,2.7C40.5,62.3,39.3,61.1,39.3,59.6z\"\/>\n\t<path class=\"st0\" d=\"M78.8,32c-0.7,0-1.3-0.5-1.5-1.2c-0.2-0.8,0.3-1.6,1.1-1.8c3.1-0.7,6.3-1.9,9.4-3.5c0.7-0.4,1.6-0.1,2,0.7\n\t\tc0.4,0.7,0.1,1.6-0.7,2c-3.3,1.7-6.7,2.9-10.1,3.7C79,32,78.9,32,78.8,32z\"\/>\n\t<path class=\"st0\" d=\"M51.5,28.4c-0.2,0-0.3,0-0.5-0.1c-1.4-0.5-2.9-1-4.3-1.5c-5.2-1.6-10.3-2.7-15.2-3.2c-0.8-0.1-1.4-0.8-1.3-1.6\n\t\tc0.1-0.8,0.8-1.4,1.6-1.3c5.1,0.5,10.4,1.6,15.8,3.3c1.5,0.5,3,1,4.4,1.5c0.8,0.3,1.2,1.1,0.9,1.9C52.7,28,52.1,28.4,51.5,28.4z\"\/>\n\t<path class=\"st0\" d=\"M1.5,28.4c-0.6,0-1.1-0.3-1.4-0.9c-0.4-0.8,0-1.6,0.7-2c7.6-3.5,15.8-5.3,24.5-5.2c0.8,0,1.5,0.7,1.5,1.5\n\t\tc0,0.8-0.7,1.5-1.5,1.5c-0.2,0-0.3,0-0.4,0c-8.1,0-15.7,1.7-22.8,4.9C1.9,28.4,1.7,28.4,1.5,28.4z\"\/>\n\t<path class=\"st0\" d=\"M25.3,43.1c-2.8,0-5.2-2.3-5.2-5.2c0-2.8,2.3-5.2,5.2-5.2c2.8,0,5.2,2.3,5.2,5.2\n\t\tC30.5,40.8,28.2,43.1,25.3,43.1z M25.3,35.8c-1.2,0-2.2,1-2.2,2.2c0,1.2,1,2.2,2.2,2.2c1.2,0,2.2-1,2.2-2.2\n\t\tC27.5,36.7,26.5,35.8,25.3,35.8z\"\/>\n\t<path class=\"st0\" d=\"M74.6,58.5c-2.8,0-5.2-2.3-5.2-5.2s2.3-5.2,5.2-5.2s5.2,2.3,5.2,5.2S77.5,58.5,74.6,58.5z M74.6,51.2\n\t\tc-1.2,0-2.2,1-2.2,2.2c0,1.2,1,2.2,2.2,2.2s2.2-1,2.2-2.2C76.8,52.2,75.8,51.2,74.6,51.2z\"\/>\n\t<path class=\"st0\" d=\"M16.6,77.9c-2.8,0-5.2-2.3-5.2-5.2s2.3-5.2,5.2-5.2c2.8,0,5.2,2.3,5.2,5.2S19.5,77.9,16.6,77.9z M16.6,70.6\n\t\tc-1.2,0-2.2,1-2.2,2.2s1,2.2,2.2,2.2s2.2-1,2.2-2.2S17.8,70.6,16.6,70.6z\"\/>\n\t<path class=\"st0\" d=\"M79.7,67.1c-0.7,0-1.3-0.4-1.5-1.1c-0.2-0.8,0.3-1.6,1.1-1.8c2.8-0.7,5.7-1.8,8.5-3.3c0.7-0.4,1.6-0.1,2,0.7\n\t\tc0.4,0.7,0.1,1.6-0.7,2c-3,1.5-6.1,2.7-9.1,3.5C79.9,67,79.8,67.1,79.7,67.1z\"\/>\n\t<path class=\"st0\" d=\"M70.2,68.3c-5.3,0-10.7-1.1-16.1-3.3c-0.8-0.3-1.1-1.2-0.8-2c0.3-0.8,1.2-1.1,2-0.8c5.5,2.2,11,3.3,16.4,3\n\t\tc0.9,0,1.5,0.6,1.6,1.4c0,0.8-0.6,1.5-1.4,1.6C71.2,68.3,70.7,68.3,70.2,68.3z\"\/>\n\t<path class=\"st0\" d=\"M1.5,63.7c-0.6,0-1.1-0.3-1.4-0.9c-0.4-0.8,0-1.6,0.7-2c8.7-4.1,18.3-5.8,28.6-5.1c0.8,0.1,1.5,0.8,1.4,1.6\n\t\ts-0.8,1.5-1.6,1.4c-9.7-0.7-18.8,0.9-27.1,4.8C1.9,63.6,1.7,63.7,1.5,63.7z\"\/>\n\t<circle class=\"st0\" cx=\"47.4\" cy=\"76.4\" r=\"2.5\"\/>\n\t<circle class=\"st0\" cx=\"43.5\" cy=\"38.7\" r=\"2.5\"\/>\n\t<circle class=\"st0\" cx=\"53.2\" cy=\"13.6\" r=\"2.5\"\/>\n\t<circle class=\"st0\" cx=\"82.2\" cy=\"17.5\" r=\"2.5\"\/>\n\t<circle class=\"st0\" cx=\"79.3\" cy=\"73.5\" r=\"1.5\"\/>\n\t<circle class=\"st0\" cx=\"11.6\" cy=\"13.6\" r=\"1.5\"\/>\n\t<circle class=\"st0\" cx=\"8.7\" cy=\"48.4\" r=\"1.5\"\/>\n\t<circle class=\"st0\" cx=\"84.1\" cy=\"38.7\" r=\"1.5\"\/>\n\t<circle class=\"st0\" cx=\"12.6\" cy=\"31\" r=\"1.5\"\/>\n\t<circle class=\"st0\" cx=\"59\" cy=\"51.3\" r=\"2.5\"\/>\n<\/g>\n<\/svg>\n\t\t\t\t\t<\/div>\n\t\t\t\t<\/div>\n\t\t\t<\/div>\n\t\t\t\t<div class=\"icon-box-text last-reset\">\n\t\t\t\t\t\t\t\t\t\n\t<div id=\"text-995567130\" class=\"text\">\n\t\t\n<p><span style=\"font-size: 100%;\">Avec la <span style=\"font-weight: 900;\">pompe manuelle d&rsquo;aspiration, l&rsquo;eau est d&rsquo;abord pomp\u00e9e \u00e0 travers un filtre fin en PP et notre \u00e9l\u00e9ment de filtre combin\u00e9 avec une r\u00e9tention bact\u00e9riologique de 99,9999%. <\/span>La deuxi\u00e8me \u00e9tape de d\u00e9sinfection consiste \u00e0 <span style=\"font-weight: 900;\">d\u00e9sinfecter <\/span>l&rsquo;eau avec <span style=\"{wpml_trans_unit_10_0_0_3_-1_0}\">DEXDA\u00ae Complete tout en la maintenant fra\u00eeche pendant 6 mois. <\/span> <\/span><\/p>\n\t\t\n<style>\n#text-995567130 {\n  text-align: left;\n}\n<\/style>\n\t<\/div>\n\t\n\t\t<\/div>\n\t<\/div>\n\t\n\t\n\t\t<\/div>\n\t\t\t\t\t<\/div>\n\n\t\n<\/div>\n\t\t<\/div>\n\n\t\t\n<style>\n#section_914174126 {\n  padding-top: 30px;\n  padding-bottom: 30px;\n  background-color: rgb(0, 106, 176);\n}\n<\/style>\n\t<\/section>\n\t\n\n\t<section class=\"section\" id=\"section_899071028\">\n\t\t<div class=\"section-bg fill\" >\n\t\t\t\t\t\t\t\t\t<div class=\"section-bg-overlay absolute fill\"><\/div>\n\t\t\t\n\n\t\t<\/div>\n\n\t\t\n\n\t\t<div class=\"section-content relative\">\n\t\t\t\n<div class=\"container section-title-container\" style=\"margin-top:30px;\"><h1 class=\"section-title section-title-normal\"><b><\/b><span class=\"section-title-main\" >En un coup d'\u0153il<\/span><b><\/b><\/h1><\/div>\n<div class=\"row row-collapse row-full-width align-equal align-center\"  id=\"row-1309974861\">\n\n\t<div id=\"col-1986116492\" class=\"col medium-7 small-12 large-7\"  >\n\t\t\t\t<div class=\"col-inner text-left\"  >\n\t\t\t\n\t\t\t\n\t<div id=\"text-1443245388\" class=\"text\">\n\t\t\n<ul>\n<li>4 m de tuyau d&rsquo;aspiration pour le pr\u00e9l\u00e8vement flottant de l&rsquo;eau (y compris tamis filtrant 1 mm ; boule flottante)<\/li>\n<li>Pompe manuelle d&rsquo;aspiration pour augmenter la pression (250ml\/course)<\/li>\n<li>Bo\u00eetier double filtre incl. robinets d&rsquo;arr\u00eat ; compatible Gardena<\/li>\n<li>Equerre de fixation en acier inoxydable ; pour le montage du bo\u00eetier du filtre<\/li>\n<li>Filtre fin en PP (0,5\u00b5m) avec une efficacit\u00e9 de s\u00e9paration de 99,9%.<\/li>\n<li>\u00e9l\u00e9ment filtrant combin\u00e9 avec bloc de charbon actif et membrane \u00e0 fibres creuses avec r\u00e9tention bact\u00e9riologique de 99,9999<\/li>\n<li>DEXDA\u00ae Complete (120ml) pour la d\u00e9sinfection &amp; la conservation de 1200 litres d&rsquo;eau<\/li>\n<\/ul>\n\t\t\n<style>\n#text-1443245388 {\n  font-size: 1rem;\n  text-align: left;\n}\n<\/style>\n\t<\/div>\n\t\n\t\t<\/div>\n\t\t\t\t\n<style>\n#col-1986116492 > .col-inner {\n  padding: 40px 0px 0px 15px;\n}\n@media (min-width:550px) {\n  #col-1986116492 > .col-inner {\n    padding: 40px 0px 0px 15px;\n  }\n}\n<\/style>\n\t<\/div>\n\n\t\n\n\t<div id=\"col-499553574\" class=\"col medium-5 small-12 large-5\"  >\n\t\t\t\t<div class=\"col-inner\"  >\n\t\t\t\n\t\t\t\n\t<div class=\"img has-hover x md-x lg-x y md-y lg-y\" id=\"image_1220106830\">\n\t\t\t\t\t\t\t\t<div class=\"img-inner dark\" >\n\t\t\t<img loading=\"lazy\" decoding=\"async\" width=\"800\" height=\"800\" src=\"https:\/\/wm-aquatec.de\/wp-content\/uploads\/2022\/03\/NWV-120-800x800.webp\" class=\"attachment-large size-large\" alt=\"Kit complet d&#039;alimentation en eau de secours\" srcset=\"https:\/\/wm-aquatec.de\/wp-content\/uploads\/2022\/03\/NWV-120-800x800.webp 800w, https:\/\/wm-aquatec.de\/wp-content\/uploads\/2022\/03\/NWV-120-400x400.webp 400w, https:\/\/wm-aquatec.de\/wp-content\/uploads\/2022\/03\/NWV-120-280x280.webp 280w, https:\/\/wm-aquatec.de\/wp-content\/uploads\/2022\/03\/NWV-120-768x768.webp 768w, https:\/\/wm-aquatec.de\/wp-content\/uploads\/2022\/03\/NWV-120-1536x1536.webp 1536w, https:\/\/wm-aquatec.de\/wp-content\/uploads\/2022\/03\/NWV-120-300x300.webp 300w, https:\/\/wm-aquatec.de\/wp-content\/uploads\/2022\/03\/NWV-120-600x600.webp 600w, https:\/\/wm-aquatec.de\/wp-content\/uploads\/2022\/03\/NWV-120-100x100.webp 100w, https:\/\/wm-aquatec.de\/wp-content\/uploads\/2022\/03\/NWV-120.webp 2000w\" sizes=\"auto, (max-width: 800px) 100vw, 800px\" \/>\t\t\t\t\t\t\n\t\t\t\t\t<\/div>\n\t\t\t\t\t\t\t\t\n<style>\n#image_1220106830 {\n  width: 100%;\n}\n@media (min-width:550px) {\n  #image_1220106830 {\n    width: 75%;\n  }\n}\n<\/style>\n\t<\/div>\n\t\n\t\t<\/div>\n\t\t\t\t\t<\/div>\n\n\t\n<\/div>\n\t\t<\/div>\n\n\t\t\n<style>\n#section_899071028 {\n  padding-top: 0px;\n  padding-bottom: 0px;\n}\n#section_899071028 .section-bg-overlay {\n  background-color: rgba(255, 255, 255, 0.75);\n}\n@media (min-width:550px) {\n  #section_899071028 {\n    padding-top: 0px;\n    padding-bottom: 0px;\n  }\n}\n<\/style>\n\t<\/section>\n\t\n\n\t<section class=\"section\" id=\"section_1414671312\">\n\t\t<div class=\"section-bg fill\" >\n\t\t\t\t\t\t\t\t\t\n\t\t\t\n\n\t\t<\/div>\n\n\t\t\n\n\t\t<div class=\"section-content relative\">\n\t\t\t\n<div class=\"row\"  id=\"row-1293657907\">\n\n\t<div id=\"col-446179268\" class=\"col medium-6 small-8 large-6\"  >\n\t\t\t\t<div class=\"col-inner text-left\"  >\n\t\t\t\n\t\t\t\n<div class=\"container section-title-container\" ><h3 class=\"section-title section-title-normal\"><b><\/b><span class=\"section-title-main\" >Service et aide<\/span><b><\/b><\/h3><\/div>\n<p>En cliquant sur le lien suivant, tu trouveras des r\u00e9ponses aux questions les plus fr\u00e9quentes (FAQ), des modes d&#8217;emploi et des fiches de donn\u00e9es de s\u00e9curit\u00e9 \u00e0 t\u00e9l\u00e9charger.<\/p>\n<nav role=\"navigation\" aria-label=\"Articles avec mots-cl\u00e9s\" class=\"widg-shortcode-article-container\"><div class=\"widg-reset defaults-reset widg-shortcode-article-contents\"><h4>Articles avec mots-cl\u00e9s<\/h4><ul><li><a href=\"https:\/\/wm-aquatec.de\/fr\/service-und-hilfe\/produits\/dexda-complete\/\"><span class=\"widg-article-title\"><i class=\"widg-shortcode-article-icon ep_font_icon_document\"><\/i><span>DEXDA\u00ae Complete<\/span><\/span><\/a><\/li><\/ul><\/div><\/nav>\n\t\t<\/div>\n\t\t\t\t\t<\/div>\n\n\t\n\n\t<div id=\"col-137288444\" class=\"col medium-6 small-8 large-6\"  >\n\t\t\t\t<div class=\"col-inner text-left\"  >\n\t\t\t\n\t\t\t\n\t<div id=\"text-906501307\" class=\"text\">\n\t\t\n<p style=\"text-align: left;\">\n            <img loading=\"lazy\" decoding=\"async\" class=\"wp-image-1372 alignnone\" src=\"https:\/\/wm-aquatec.de\/wp-content\/uploads\/2021\/06\/ghs_09_Aquatic-pollut-red-1.png\" alt=\"\" width=\"75\" height=\"75\" srcset=\"https:\/\/wm-aquatec.de\/wp-content\/uploads\/2021\/06\/ghs_09_Aquatic-pollut-red-1.png 200w, https:\/\/wm-aquatec.de\/wp-content\/uploads\/2021\/06\/ghs_09_Aquatic-pollut-red-1-100x100.png 100w\" sizes=\"auto, (max-width: 75px) 100vw, 75px\" \/><br \/>\n            <img loading=\"lazy\" decoding=\"async\" class=\"wp-image-1735 alignnone\" src=\"https:\/\/wm-aquatec.de\/wp-content\/uploads\/2021\/07\/ghs_05_acid-400x400.png\" alt=\"\" width=\"75\" height=\"75\" srcset=\"https:\/\/wm-aquatec.de\/wp-content\/uploads\/2021\/07\/ghs_05_acid-400x400.png 400w, https:\/\/wm-aquatec.de\/wp-content\/uploads\/2021\/07\/ghs_05_acid-280x280.png 280w, https:\/\/wm-aquatec.de\/wp-content\/uploads\/2021\/07\/ghs_05_acid-300x300.png 300w, https:\/\/wm-aquatec.de\/wp-content\/uploads\/2021\/07\/ghs_05_acid-600x600.png 600w, https:\/\/wm-aquatec.de\/wp-content\/uploads\/2021\/07\/ghs_05_acid-100x100.png 100w, https:\/\/wm-aquatec.de\/wp-content\/uploads\/2021\/07\/ghs_05_acid.png 720w\" sizes=\"auto, (max-width: 75px) 100vw, 75px\" \/><br \/>\n            <img loading=\"lazy\" decoding=\"async\" class=\"alignnone wp-image-1738\" src=\"https:\/\/wm-aquatec.de\/wp-content\/uploads\/2021\/07\/ghs_07_exclam.png\" alt=\"\" width=\"75\" height=\"75\" srcset=\"https:\/\/wm-aquatec.de\/wp-content\/uploads\/2021\/07\/ghs_07_exclam.png 200w, https:\/\/wm-aquatec.de\/wp-content\/uploads\/2021\/07\/ghs_07_exclam-100x100.png 100w\" sizes=\"auto, (max-width: 75px) 100vw, 75px\" \/>\n          <\/p>\n<p style=\"text-align: left;\">Mot de signalisation : Attention<\/p>\n<p class=\"p1\">DEXDA\u00ae Complete BauA-Reg. N-73030<\/p>\n<p style=\"text-align: left;\">\u00c9tiquetage selon le r\u00e8glement ( UE ) n\u00b0 528\/2012 : <strong>Utilisez les produits biocides avec pr\u00e9caution. Lisez toujours l&rsquo;\u00e9tiquette et les informations sur le produit avant de l&rsquo;utiliser.<\/strong><\/p>\n\t\t\n<style>\n#text-906501307 {\n  text-align: left;\n}\n<\/style>\n\t<\/div>\n\t\n\t\t<\/div>\n\t\t\t\t\t<\/div>\n\n\t\n<\/div>\n\t\t<\/div>\n\n\t\t\n<style>\n#section_1414671312 {\n  padding-top: 30px;\n  padding-bottom: 30px;\n}\n<\/style>\n\t<\/section>\n\t\n","protected":false},"excerpt":{"rendered":"<p>Kit complet d&rsquo;alimentation en eau de secours garantit de l&rsquo;eau potable \u00e0 partir de l&rsquo;eau de pluie, de rivi\u00e8re ou de lac.<\/p>\n","protected":false},"featured_media":9634,"template":"","meta":{"inline_featured_image":false},"product_brand":[],"product_cat":[985,986,991,539,989,153],"product_tag":[1033,1034,1099,1100],"class_list":{"0":"post-11168","1":"product","2":"type-product","3":"status-publish","4":"has-post-thumbnail","6":"product_cat-desinfection-de-leau-fr","7":"product_cat-filtres-a-eau","8":"product_cat-filtres-a-eau-fr-fr","9":"product_cat-installations-de-traitement-des-eaux","10":"product_cat-pompes-a-eau-fr","11":"product_cat-tous-les-produits","12":"product_tag-12vdc-fr","13":"product_tag-24vdc-fr","14":"product_tag-pompe-a-membrane","15":"product_tag-prelevement-flottant","16":"pa_ausfuehrung-12vdc-fr","17":"pa_ausfuehrung-24vdc-fr","19":"first","20":"instock","21":"taxable","22":"shipping-taxable","23":"purchasable","24":"product-type-simple"},"_links":{"self":[{"href":"https:\/\/wm-aquatec.de\/fr\/wp-json\/wp\/v2\/product\/11168","targetHints":{"allow":["GET"]}}],"collection":[{"href":"https:\/\/wm-aquatec.de\/fr\/wp-json\/wp\/v2\/product"}],"about":[{"href":"https:\/\/wm-aquatec.de\/fr\/wp-json\/wp\/v2\/types\/product"}],"wp:featuredmedia":[{"embeddable":true,"href":"https:\/\/wm-aquatec.de\/fr\/wp-json\/wp\/v2\/media\/9634"}],"wp:attachment":[{"href":"https:\/\/wm-aquatec.de\/fr\/wp-json\/wp\/v2\/media?parent=11168"}],"wp:term":[{"taxonomy":"product_brand","embeddable":true,"href":"https:\/\/wm-aquatec.de\/fr\/wp-json\/wp\/v2\/product_brand?post=11168"},{"taxonomy":"product_cat","embeddable":true,"href":"https:\/\/wm-aquatec.de\/fr\/wp-json\/wp\/v2\/product_cat?post=11168"},{"taxonomy":"product_tag","embeddable":true,"href":"https:\/\/wm-aquatec.de\/fr\/wp-json\/wp\/v2\/product_tag?post=11168"}],"curies":[{"name":"wp","href":"https:\/\/api.w.org\/{rel}","templated":true}]}}