{"id":11172,"date":"2022-06-02T10:30:51","date_gmt":"2022-06-02T08:30:51","guid":{"rendered":"https:\/\/wm-aquatec.de\/shop\/produkt\/element-de-filtre-sterile-taille-m\/"},"modified":"2022-06-02T10:30:53","modified_gmt":"2022-06-02T08:30:53","slug":"element-de-filtre-sterile-taille-m","status":"publish","type":"product","link":"https:\/\/wm-aquatec.de\/fr\/shop\/camping-fr\/filtres-a-eau-fr\/elements-filtrants\/element-de-filtre-sterile-taille-m\/","title":{"rendered":"\u00c9l\u00e9ment de filtre st\u00e9rile (taille M)"},"content":{"rendered":"<div class=\"container section-title-container\" ><h1 class=\"section-title section-title-normal\"><b><\/b><span class=\"section-title-main\" >\u00c9l\u00e9ment de filtre st\u00e9rile (taille M)<\/span><b><\/b><\/h1><\/div>\n\n\t<section class=\"section dark\" id=\"section_1393853328\">\n\t\t<div class=\"section-bg fill\" >\n\t\t\t<img loading=\"lazy\" decoding=\"async\" width=\"2100\" height=\"1080\" src=\"https:\/\/wm-aquatec.de\/wp-content\/uploads\/2021\/05\/hero_start.jpg\" class=\"bg attachment-original size-original\" alt=\"\" \/>\t\t\t\t\t\t\n\t\t\t\n\n\t\t<\/div>\n\n\t\t\n\n\t\t<div class=\"section-content relative\">\n\t\t\t\n\t\t<\/div>\n\n\t\t\n<style>\n#section_1393853328 {\n  padding-top: 0px;\n  padding-bottom: 0px;\n  margin-bottom: 0px;\n  min-height: 330px;\n}\n#section_1393853328 .section-bg img {\n  object-position: 51% 22%;\n}\n@media (min-width:550px) {\n  #section_1393853328 {\n    min-height: 600px;\n  }\n}\n@media (min-width:850px) {\n  #section_1393853328 {\n    min-height: 400px;\n  }\n}\n<\/style>\n\t<\/section>\n\t\n\n\t<section class=\"section dark\" id=\"section_893831874\">\n\t\t<div class=\"section-bg fill\" >\n\t\t\t\t\t\t\t\t\t\n\t\t\t\n\n\t\t<\/div>\n\n\t\t\n\n\t\t<div class=\"section-content relative\">\n\t\t\t\n<div class=\"row row-large align-center\"  id=\"row-2114047371\">\n\n\t<div id=\"col-1575347\" class=\"col medium-6 small-12 large-6\"  >\n\t\t\t\t<div class=\"col-inner text-left\"  >\n\t\t\t\n\t\t\t\n\n\t\t<div class=\"icon-box featured-box icon-box-left text-left\"  >\n\t\t\t\t\t<div class=\"icon-box-img\" style=\"width: 50px\">\n\t\t\t\t<div class=\"icon\">\n\t\t\t\t\t<div class=\"icon-inner\" >\n\t\t\t\t\t\t<?xml version=\"1.0\" encoding=\"UTF-8\" standalone=\"no\"?> <svg id=\"Layer_1\" data-name=\"Layer 1\" xmlns=\"http:\/\/www.w3.org\/2000\/svg\" viewBox=\"0 0 25 25\"><title>Leaf<\/title><path id=\"Nature\" d=\"M2.33,24H1.24c-.61,0-.94,0-1.13-.2a.5.5,0,0,1-.1-.42,30.22,30.22,0,0,1,2.05-6.23,7.18,7.18,0,0,1-2-6C.51,8.07,2.83,5,6.13,3.22,11.9,0,18.34.34,24.76,4.15a.5.5,0,0,1,0,.83C23,6.36,22.35,8.16,21.67,10.07a14.45,14.45,0,0,1-2.44,4.78c-2.8,3.35-9.47,6.49-14.32,4.36a20.67,20.67,0,0,0-1.4,4.38C3.44,23.94,3.42,24,2.33,24Zm-1.2-1H2.6a22.28,22.28,0,0,1,1.45-4.35l.14-.33a.5.5,0,0,1,.69-.25c4.38,2.32,11-.75,13.58-3.88a13.68,13.68,0,0,0,2.26-4.48,11.46,11.46,0,0,1,2.9-5.08c-4.25-2.37-10.46-4.2-17-.57-3,1.68-5.15,4.42-5.55,7.16a6.15,6.15,0,0,0,1.48,4.94,18.42,18.42,0,0,1,7-7.27l.51.86C4.29,13.21,2.26,18.33,1.13,23Z\" fill=\"#0e1d25\"\/><\/svg>\t\t\t\t\t<\/div>\n\t\t\t\t<\/div>\n\t\t\t<\/div>\n\t\t\t\t<div class=\"icon-box-text last-reset\">\n\t\t\t\t\t\t\t\t\t\n\t<div id=\"text-3068569066\" class=\"text\">\n\t\t\n<p>Filtration de l&rsquo;eau avec <strong><br \/>\n  <span style=\"font-weight: 900;\">Filtre st\u00e9rile de 0,2\u00b5m<\/span><br \/>\n<\/strong> pour une d\u00e9sinfection purement physique de l&rsquo;eau.<\/p>\n\t\t\n<style>\n#text-3068569066 {\n  text-align: left;\n}\n<\/style>\n\t<\/div>\n\t\n\t\t<\/div>\n\t<\/div>\n\t\n\t\n\t\t<\/div>\n\t\t\t\t\t<\/div>\n\n\t\n\n\t<div id=\"col-281967198\" class=\"col medium-6 small-12 large-6\"  >\n\t\t\t\t<div class=\"col-inner text-left\"  >\n\t\t\t\n\t\t\t\n\n\t\t<div class=\"icon-box featured-box icon-box-left text-left\"  >\n\t\t\t\t\t<div class=\"icon-box-img\" style=\"width: 50px\">\n\t\t\t\t<div class=\"icon\">\n\t\t\t\t\t<div class=\"icon-inner\" style=\"color:rgb(255, 255, 255);\">\n\t\t\t\t\t\t<?xml version=\"1.0\" encoding=\"utf-8\"?>\n<!-- Generator: Adobe Illustrator 25.3.1, SVG Export Plug-In . SVG Version: 6.00 Build 0)  -->\n<svg version=\"1.1\" id=\"Ebene_1\" xmlns=\"http:\/\/www.w3.org\/2000\/svg\" xmlns:xlink=\"http:\/\/www.w3.org\/1999\/xlink\" x=\"0px\" y=\"0px\"\n\t viewBox=\"0 0 350 350\" style=\"enable-background:new 0 0 350 350;\" xml:space=\"preserve\">\n<style type=\"text\/css\">\n\t.st0{fill:#FFFFFF;}\n<\/style>\n<desc>Created with Fabric.js 1.7.22<\/desc>\n<g id=\"icon\" transform=\"translate(-1.9444444444444287 -1.9444444444444287) scale(3.89 3.89)\">\n\t<path class=\"st0\" d=\"M74.5,29h-2.9c-0.2-0.9-0.6-1.8-1.1-2.6l2-2c0.6-0.6,0.6-1.5,0-2.1c-0.6-0.6-1.5-0.6-2.1,0l-2,2\n\t\tc-0.8-0.5-1.6-0.9-2.6-1.1v-2.9c0-0.8-0.7-1.5-1.5-1.5s-1.5,0.7-1.5,1.5v2.9c-0.9,0.2-1.8,0.6-2.6,1.1l-2-2c-0.6-0.6-1.5-0.6-2.1,0\n\t\tc-0.6,0.6-0.6,1.5,0,2.1l2,2c-0.5,0.8-0.9,1.6-1.1,2.6h-2.9c-0.8,0-1.5,0.7-1.5,1.5s0.7,1.5,1.5,1.5h2.9c0.2,0.9,0.6,1.8,1.1,2.6\n\t\tl-2,2c-0.6,0.6-0.6,1.5,0,2.1c0.3,0.3,0.7,0.4,1.1,0.4c0.4,0,0.8-0.1,1.1-0.4l2-2c0.8,0.5,1.6,0.9,2.6,1.1v2.9\n\t\tc0,0.8,0.7,1.5,1.5,1.5s1.5-0.7,1.5-1.5v-2.9c0.9-0.2,1.8-0.6,2.6-1.1l2,2c0.3,0.3,0.7,0.4,1.1,0.4c0.4,0,0.8-0.1,1.1-0.4\n\t\tc0.6-0.6,0.6-1.5,0-2.1l-2-2c0.5-0.8,0.9-1.6,1.1-2.6h2.9c0.8,0,1.5-0.7,1.5-1.5C76,29.7,75.3,29,74.5,29z M64.3,34.9\n\t\tc-2.4,0-4.4-2-4.4-4.4s2-4.4,4.4-4.4c2.4,0,4.4,2,4.4,4.4C68.7,32.9,66.8,34.9,64.3,34.9z\"\/>\n\t<path class=\"st0\" d=\"M49.2,58.1h-1.7c-0.1-0.5-0.3-0.9-0.5-1.3l1.2-1.2c0.6-0.6,0.6-1.5,0-2.1s-1.5-0.6-2.1,0l-1.2,1.2\n\t\tc-0.4-0.2-0.8-0.4-1.3-0.5v-1.7c0-0.8-0.7-1.5-1.5-1.5s-1.5,0.7-1.5,1.5v1.7c-0.5,0.1-0.9,0.3-1.3,0.5L38,53.5\n\t\tc-0.6-0.6-1.5-0.6-2.1,0c-0.6,0.6-0.6,1.5,0,2.1l1.2,1.2c-0.2,0.4-0.4,0.8-0.5,1.3h-1.7c-0.8,0-1.5,0.7-1.5,1.5s0.7,1.5,1.5,1.5\n\t\th1.7c0.1,0.5,0.3,0.9,0.5,1.3l-1.2,1.2c-0.6,0.6-0.6,1.5,0,2.1c0.3,0.3,0.7,0.4,1.1,0.4c0.4,0,0.8-0.1,1.1-0.4l1.2-1.2\n\t\tc0.4,0.2,0.8,0.4,1.3,0.5v1.7c0,0.8,0.7,1.5,1.5,1.5s1.5-0.7,1.5-1.5v-1.7c0.5-0.1,0.9-0.3,1.3-0.5l1.2,1.2\n\t\tc0.3,0.3,0.7,0.4,1.1,0.4c0.4,0,0.8-0.1,1.1-0.4c0.6-0.6,0.6-1.5,0-2.1L47,62.4c0.2-0.4,0.4-0.8,0.5-1.3h1.7c0.8,0,1.5-0.7,1.5-1.5\n\t\tS50,58.1,49.2,58.1z M39.3,59.6c0-1.5,1.2-2.7,2.7-2.7c1.5,0,2.7,1.2,2.7,2.7s-1.2,2.7-2.7,2.7C40.5,62.3,39.3,61.1,39.3,59.6z\"\/>\n\t<path class=\"st0\" d=\"M78.8,32c-0.7,0-1.3-0.5-1.5-1.2c-0.2-0.8,0.3-1.6,1.1-1.8c3.1-0.7,6.3-1.9,9.4-3.5c0.7-0.4,1.6-0.1,2,0.7\n\t\tc0.4,0.7,0.1,1.6-0.7,2c-3.3,1.7-6.7,2.9-10.1,3.7C79,32,78.9,32,78.8,32z\"\/>\n\t<path class=\"st0\" d=\"M51.5,28.4c-0.2,0-0.3,0-0.5-0.1c-1.4-0.5-2.9-1-4.3-1.5c-5.2-1.6-10.3-2.7-15.2-3.2c-0.8-0.1-1.4-0.8-1.3-1.6\n\t\tc0.1-0.8,0.8-1.4,1.6-1.3c5.1,0.5,10.4,1.6,15.8,3.3c1.5,0.5,3,1,4.4,1.5c0.8,0.3,1.2,1.1,0.9,1.9C52.7,28,52.1,28.4,51.5,28.4z\"\/>\n\t<path class=\"st0\" d=\"M1.5,28.4c-0.6,0-1.1-0.3-1.4-0.9c-0.4-0.8,0-1.6,0.7-2c7.6-3.5,15.8-5.3,24.5-5.2c0.8,0,1.5,0.7,1.5,1.5\n\t\tc0,0.8-0.7,1.5-1.5,1.5c-0.2,0-0.3,0-0.4,0c-8.1,0-15.7,1.7-22.8,4.9C1.9,28.4,1.7,28.4,1.5,28.4z\"\/>\n\t<path class=\"st0\" d=\"M25.3,43.1c-2.8,0-5.2-2.3-5.2-5.2c0-2.8,2.3-5.2,5.2-5.2c2.8,0,5.2,2.3,5.2,5.2\n\t\tC30.5,40.8,28.2,43.1,25.3,43.1z M25.3,35.8c-1.2,0-2.2,1-2.2,2.2c0,1.2,1,2.2,2.2,2.2c1.2,0,2.2-1,2.2-2.2\n\t\tC27.5,36.7,26.5,35.8,25.3,35.8z\"\/>\n\t<path class=\"st0\" d=\"M74.6,58.5c-2.8,0-5.2-2.3-5.2-5.2s2.3-5.2,5.2-5.2s5.2,2.3,5.2,5.2S77.5,58.5,74.6,58.5z M74.6,51.2\n\t\tc-1.2,0-2.2,1-2.2,2.2c0,1.2,1,2.2,2.2,2.2s2.2-1,2.2-2.2C76.8,52.2,75.8,51.2,74.6,51.2z\"\/>\n\t<path class=\"st0\" d=\"M16.6,77.9c-2.8,0-5.2-2.3-5.2-5.2s2.3-5.2,5.2-5.2c2.8,0,5.2,2.3,5.2,5.2S19.5,77.9,16.6,77.9z M16.6,70.6\n\t\tc-1.2,0-2.2,1-2.2,2.2s1,2.2,2.2,2.2s2.2-1,2.2-2.2S17.8,70.6,16.6,70.6z\"\/>\n\t<path class=\"st0\" d=\"M79.7,67.1c-0.7,0-1.3-0.4-1.5-1.1c-0.2-0.8,0.3-1.6,1.1-1.8c2.8-0.7,5.7-1.8,8.5-3.3c0.7-0.4,1.6-0.1,2,0.7\n\t\tc0.4,0.7,0.1,1.6-0.7,2c-3,1.5-6.1,2.7-9.1,3.5C79.9,67,79.8,67.1,79.7,67.1z\"\/>\n\t<path class=\"st0\" d=\"M70.2,68.3c-5.3,0-10.7-1.1-16.1-3.3c-0.8-0.3-1.1-1.2-0.8-2c0.3-0.8,1.2-1.1,2-0.8c5.5,2.2,11,3.3,16.4,3\n\t\tc0.9,0,1.5,0.6,1.6,1.4c0,0.8-0.6,1.5-1.4,1.6C71.2,68.3,70.7,68.3,70.2,68.3z\"\/>\n\t<path class=\"st0\" d=\"M1.5,63.7c-0.6,0-1.1-0.3-1.4-0.9c-0.4-0.8,0-1.6,0.7-2c8.7-4.1,18.3-5.8,28.6-5.1c0.8,0.1,1.5,0.8,1.4,1.6\n\t\ts-0.8,1.5-1.6,1.4c-9.7-0.7-18.8,0.9-27.1,4.8C1.9,63.6,1.7,63.7,1.5,63.7z\"\/>\n\t<circle class=\"st0\" cx=\"47.4\" cy=\"76.4\" r=\"2.5\"\/>\n\t<circle class=\"st0\" cx=\"43.5\" cy=\"38.7\" r=\"2.5\"\/>\n\t<circle class=\"st0\" cx=\"53.2\" cy=\"13.6\" r=\"2.5\"\/>\n\t<circle class=\"st0\" cx=\"82.2\" cy=\"17.5\" r=\"2.5\"\/>\n\t<circle class=\"st0\" cx=\"79.3\" cy=\"73.5\" r=\"1.5\"\/>\n\t<circle class=\"st0\" cx=\"11.6\" cy=\"13.6\" r=\"1.5\"\/>\n\t<circle class=\"st0\" cx=\"8.7\" cy=\"48.4\" r=\"1.5\"\/>\n\t<circle class=\"st0\" cx=\"84.1\" cy=\"38.7\" r=\"1.5\"\/>\n\t<circle class=\"st0\" cx=\"12.6\" cy=\"31\" r=\"1.5\"\/>\n\t<circle class=\"st0\" cx=\"59\" cy=\"51.3\" r=\"2.5\"\/>\n<\/g>\n<\/svg>\n\t\t\t\t\t<\/div>\n\t\t\t\t<\/div>\n\t\t\t<\/div>\n\t\t\t\t<div class=\"icon-box-text last-reset\">\n\t\t\t\t\t\t\t\t\t\n\t<div id=\"text-3251749892\" class=\"text\">\n\t\t\n<p>L&rsquo;\u00e9l\u00e9ment filtrant st\u00e9rile offre un d\u00e9bit \u00e9lev\u00e9 avec<span style=\"font-weight: 900;\"> &gt;<\/span>99,999% de r\u00e9tention des bact\u00e9ries.<\/p>\n\t\t\n<style>\n#text-3251749892 {\n  text-align: left;\n}\n<\/style>\n\t<\/div>\n\t\n\t\t<\/div>\n\t<\/div>\n\t\n\t\n\t\t<\/div>\n\t\t\t\t\t<\/div>\n\n\t\n<\/div>\n\t\t<\/div>\n\n\t\t\n<style>\n#section_893831874 {\n  padding-top: 30px;\n  padding-bottom: 30px;\n  background-color: rgb(0, 106, 176);\n}\n<\/style>\n\t<\/section>\n\t\n\n\t<section class=\"section\" id=\"section_1554821268\">\n\t\t<div class=\"section-bg fill\" >\n\t\t\t\t\t\t\t\t\t<div class=\"section-bg-overlay absolute fill\"><\/div>\n\t\t\t\n\n\t\t<\/div>\n\n\t\t\n\n\t\t<div class=\"section-content relative\">\n\t\t\t\n<div class=\"row row-collapse row-full-width align-center\"  id=\"row-604637156\">\n\n\t<div id=\"col-698730234\" class=\"col small-12 large-12\"  >\n\t\t\t\t<div class=\"col-inner text-left\"  >\n\t\t\t\n\t\t\t\n<div class=\"container section-title-container\" style=\"margin-top:30px;\"><h1 class=\"section-title section-title-normal\"><b><\/b><span class=\"section-title-main\" >En un coup d'\u0153il<\/span><b><\/b><\/h1><\/div>\n\t<div id=\"text-1222513947\" class=\"text\">\n\t\t\n<ul>\n<li>0,2\u00b5m Finesse du filtre<\/li>\n<li>d\u00e9sinfection purement physique de l&rsquo;eau potable<\/li>\n<li>haut d\u00e9bit<\/li>\n<\/ul>\n\t\t\n<style>\n#text-1222513947 {\n  font-size: 1rem;\n  text-align: left;\n}\n<\/style>\n\t<\/div>\n\t\n\t\t<\/div>\n\t\t\t\t\n<style>\n#col-698730234 > .col-inner {\n  padding: 40px 0px 0px 15px;\n}\n@media (min-width:550px) {\n  #col-698730234 > .col-inner {\n    padding: 40px 0px 0px 15px;\n  }\n}\n<\/style>\n\t<\/div>\n\n\t\n<\/div>\n\t\t<\/div>\n\n\t\t\n<style>\n#section_1554821268 {\n  padding-top: 0px;\n  padding-bottom: 0px;\n}\n#section_1554821268 .section-bg-overlay {\n  background-color: rgba(255, 255, 255, 0.75);\n}\n@media (min-width:550px) {\n  #section_1554821268 {\n    padding-top: 0px;\n    padding-bottom: 0px;\n  }\n}\n<\/style>\n\t<\/section>\n\t\n\n\t<section class=\"section\" id=\"section_276918703\">\n\t\t<div class=\"section-bg fill\" >\n\t\t\t\t\t\t\t\t\t\n\t\t\t\n\n\t\t<\/div>\n\n\t\t\n\n\t\t<div class=\"section-content relative\">\n\t\t\t\n<div class=\"row\"  id=\"row-1761193082\">\n\n\t<div id=\"col-555851791\" class=\"col medium-6 small-8 large-6\"  >\n\t\t\t\t<div class=\"col-inner text-left\"  >\n\t\t\t\n\t\t\t\n<div class=\"container section-title-container\" ><h3 class=\"section-title section-title-normal\"><b><\/b><span class=\"section-title-main\" >Service et aide<\/span><b><\/b><\/h3><\/div>\n<p>En cliquant sur le lien suivant, tu trouveras des r\u00e9ponses aux questions les plus fr\u00e9quentes (FAQ) et des modes d&#8217;emploi \u00e0 t\u00e9l\u00e9charger.<\/p>\n<nav role=\"navigation\" aria-label=\"Articles avec mots-cl\u00e9s\" class=\"widg-shortcode-article-container\"><div class=\"widg-reset defaults-reset widg-shortcode-article-contents\"><h4>Articles avec mots-cl\u00e9s<\/h4>A venir<\/div><\/nav>\n\t\t<\/div>\n\t\t\t\t\t<\/div>\n\n\t\n\n\t<div id=\"col-2087220143\" class=\"col medium-6 small-8 large-6\"  >\n\t\t\t\t<div class=\"col-inner text-left\"  >\n\t\t\t\n\t\t\t\n<div class=\"container section-title-container\" ><h3 class=\"section-title section-title-normal\"><b><\/b><span class=\"section-title-main\" >Courbe caract\u00e9ristique du filtre<\/span><b><\/b><\/h3><\/div>\n\t<div class=\"img has-hover x md-x lg-x y md-y lg-y\" id=\"image_1787500084\">\n\t\t\t\t\t\t\t\t<div class=\"img-inner dark\" >\n\t\t\t<img loading=\"lazy\" decoding=\"async\" width=\"800\" height=\"800\" src=\"https:\/\/wm-aquatec.de\/wp-content\/uploads\/2022\/03\/SF-501042_Kennlinie-800x800.jpeg\" class=\"attachment-large size-large\" alt=\"\" srcset=\"https:\/\/wm-aquatec.de\/wp-content\/uploads\/2022\/03\/SF-501042_Kennlinie-800x800.jpeg 800w, https:\/\/wm-aquatec.de\/wp-content\/uploads\/2022\/03\/SF-501042_Kennlinie-400x400.jpeg 400w, https:\/\/wm-aquatec.de\/wp-content\/uploads\/2022\/03\/SF-501042_Kennlinie-280x280.jpeg 280w, https:\/\/wm-aquatec.de\/wp-content\/uploads\/2022\/03\/SF-501042_Kennlinie-768x768.jpeg 768w, https:\/\/wm-aquatec.de\/wp-content\/uploads\/2022\/03\/SF-501042_Kennlinie-1536x1536.jpeg 1536w, https:\/\/wm-aquatec.de\/wp-content\/uploads\/2022\/03\/SF-501042_Kennlinie-2048x2048.jpeg 2048w, https:\/\/wm-aquatec.de\/wp-content\/uploads\/2022\/03\/SF-501042_Kennlinie-300x300.jpeg 300w, https:\/\/wm-aquatec.de\/wp-content\/uploads\/2022\/03\/SF-501042_Kennlinie-600x600.jpeg 600w, https:\/\/wm-aquatec.de\/wp-content\/uploads\/2022\/03\/SF-501042_Kennlinie-100x100.jpeg 100w\" sizes=\"auto, (max-width: 800px) 100vw, 800px\" \/>\t\t\t\t\t\t\n\t\t\t\t\t<\/div>\n\t\t\t\t\t\t\t\t\n<style>\n#image_1787500084 {\n  width: 93%;\n}\n<\/style>\n\t<\/div>\n\t\n\t\t<\/div>\n\t\t\t\t\t<\/div>\n\n\t\n<\/div>\n\t\t<\/div>\n\n\t\t\n<style>\n#section_276918703 {\n  padding-top: 30px;\n  padding-bottom: 30px;\n}\n<\/style>\n\t<\/section>\n\t\n","protected":false},"excerpt":{"rendered":"<p>Filtration de l&rsquo;eau avec un filtre st\u00e9rile de 0,2\u00b5m avec &gt;99,999% de r\u00e9tention des bact\u00e9ries.<\/p>\n","protected":false},"featured_media":9637,"template":"","meta":{"inline_featured_image":false},"product_brand":[],"product_cat":[336,979,987,153],"product_tag":[1004,194,325,1009,1101],"class_list":{"0":"post-11172","1":"product","2":"type-product","3":"status-publish","4":"has-post-thumbnail","6":"product_cat-elements-filtrants","7":"product_cat-elements-filtrants-fr","8":"product_cat-elements-filtrants-fr-fr","9":"product_cat-tous-les-produits","10":"product_tag-desinfection-de-leau-potable","11":"product_tag-desinfection-de-leau","12":"product_tag-element-filtrant","13":"product_tag-filtre-sterile","14":"product_tag-taille-m","16":"first","17":"instock","18":"taxable","19":"shipping-taxable","20":"purchasable","21":"product-type-simple"},"_links":{"self":[{"href":"https:\/\/wm-aquatec.de\/fr\/wp-json\/wp\/v2\/product\/11172","targetHints":{"allow":["GET"]}}],"collection":[{"href":"https:\/\/wm-aquatec.de\/fr\/wp-json\/wp\/v2\/product"}],"about":[{"href":"https:\/\/wm-aquatec.de\/fr\/wp-json\/wp\/v2\/types\/product"}],"wp:featuredmedia":[{"embeddable":true,"href":"https:\/\/wm-aquatec.de\/fr\/wp-json\/wp\/v2\/media\/9637"}],"wp:attachment":[{"href":"https:\/\/wm-aquatec.de\/fr\/wp-json\/wp\/v2\/media?parent=11172"}],"wp:term":[{"taxonomy":"product_brand","embeddable":true,"href":"https:\/\/wm-aquatec.de\/fr\/wp-json\/wp\/v2\/product_brand?post=11172"},{"taxonomy":"product_cat","embeddable":true,"href":"https:\/\/wm-aquatec.de\/fr\/wp-json\/wp\/v2\/product_cat?post=11172"},{"taxonomy":"product_tag","embeddable":true,"href":"https:\/\/wm-aquatec.de\/fr\/wp-json\/wp\/v2\/product_tag?post=11172"}],"curies":[{"name":"wp","href":"https:\/\/api.w.org\/{rel}","templated":true}]}}