{"id":19475,"date":"2024-01-23T15:27:52","date_gmt":"2024-01-23T14:27:53","guid":{"rendered":"https:\/\/wm-aquatec.de\/?post_type=product&#038;p=19475"},"modified":"2024-03-12T17:53:34","modified_gmt":"2024-03-12T16:53:34","slug":"tuyau-de-remplissage-adapte-a-leau-potable-differentes-longueurs","status":"publish","type":"product","link":"https:\/\/wm-aquatec.de\/fr\/shop\/camping-fr\/accessoires-et-pieces-de-rechange\/tuyau-de-remplissage-adapte-a-leau-potable-differentes-longueurs\/","title":{"rendered":"Tuyau de remplissage adapt\u00e9 \u00e0 l&rsquo;eau potable (diff\u00e9rentes longueurs)"},"content":{"rendered":"<div class=\"container section-title-container\" style=\"margin-top:30px;\"><h1 class=\"section-title section-title-normal\"><b><\/b><span class=\"section-title-main\" >En un coup d&apos;\u0153il<\/span><b><\/b><\/h1><\/div>\n\n\t<section class=\"section\" id=\"section_1342511421\">\n\t\t<div class=\"section-bg fill\" >\n\t\t\t\t\t\t\t\t\t<div class=\"section-bg-overlay absolute fill\"><\/div>\n\t\t\t\n\n\t\t<\/div>\n\n\t\t\n\n\t\t<div class=\"section-content relative\">\n\t\t\t\n<div class=\"row row-collapse row-full-width align-equal align-center\"  id=\"row-1209224960\">\n\n\t<div id=\"col-1582083132\" class=\"col medium-7 small-12 large-7\"  >\n\t\t\t\t<div class=\"col-inner text-left\"  >\n\t\t\t\n\t\t\t\n\t<div id=\"text-1904135184\" class=\"text\">\n\t\t\n<ul>\n<li>disponible en longueurs de 0,65, 5 et 15 m\u00e8tres<\/li>\n<li>pour utilisation avec de l&rsquo;eau potable<\/li>\n<li>compatible Gardena\u00ae<\/li>\n<li>comprend une boucle de fixation pratique pour suspendre (crochet non inclus)<\/li>\n<\/ul>\n\t\t\n<style>\n#text-1904135184 {\n  font-size: 1rem;\n  text-align: left;\n}\n<\/style>\n\t<\/div>\n\t\n\t\t<\/div>\n\t\t\t\t\n<style>\n#col-1582083132 > .col-inner {\n  padding: 40px 0px 0px 15px;\n}\n@media (min-width:550px) {\n  #col-1582083132 > .col-inner {\n    padding: 40px 0px 0px 15px;\n  }\n}\n<\/style>\n\t<\/div>\n\n\t\n\n\t<div id=\"col-574096508\" class=\"col medium-5 small-12 large-5\"  >\n\t\t\t\t<div class=\"col-inner\"  >\n\t\t\t\n\t\t\t\n\t\t<\/div>\n\t\t\t\t\t<\/div>\n\n\t\n<\/div>\n\t\t<\/div>\n\n\t\t\n<style>\n#section_1342511421 {\n  padding-top: 0px;\n  padding-bottom: 0px;\n}\n#section_1342511421 .section-bg-overlay {\n  background-color: rgba(255, 255, 255, 0.75);\n}\n@media (min-width:550px) {\n  #section_1342511421 {\n    padding-top: 0px;\n    padding-bottom: 0px;\n  }\n}\n<\/style>\n\t<\/section>\n\t\n","protected":false},"excerpt":{"rendered":"<p>Tuyau de remplissage d&rsquo;eau potable comprenant raccord(s) GEKA (compatibles Gardena\u00ae) de diff\u00e9rentes longueurs<\/p>\n","protected":false},"featured_media":19481,"template":"","meta":{"inline_featured_image":false},"product_brand":[],"product_cat":[226,982,984,810,967,153,968],"product_tag":[1181,1182,533,1179,1189,1180],"class_list":{"0":"post-19475","1":"product","2":"type-product","3":"status-publish","4":"has-post-thumbnail","6":"product_cat-accessoires-et-pieces-de-rechange","7":"product_cat-accessoires-et-pieces-de-rechange-fr","8":"product_cat-accessoires-et-pieces-de-rechange-tout-terrain","9":"product_cat-bateau","10":"product_cat-camping-fr","11":"product_cat-tous-les-produits","12":"product_cat-tout-terrain","13":"product_tag-droit-de-leau-potable","14":"product_tag-filtre-wm","15":"product_tag-gardena-fr","16":"product_tag-geka-fr","17":"product_tag-tuyau","18":"product_tag-tuyau-de-remplissage","20":"first","21":"instock","22":"taxable","23":"shipping-taxable","24":"purchasable","25":"product-type-variable"},"_links":{"self":[{"href":"https:\/\/wm-aquatec.de\/fr\/wp-json\/wp\/v2\/product\/19475","targetHints":{"allow":["GET"]}}],"collection":[{"href":"https:\/\/wm-aquatec.de\/fr\/wp-json\/wp\/v2\/product"}],"about":[{"href":"https:\/\/wm-aquatec.de\/fr\/wp-json\/wp\/v2\/types\/product"}],"wp:featuredmedia":[{"embeddable":true,"href":"https:\/\/wm-aquatec.de\/fr\/wp-json\/wp\/v2\/media\/19481"}],"wp:attachment":[{"href":"https:\/\/wm-aquatec.de\/fr\/wp-json\/wp\/v2\/media?parent=19475"}],"wp:term":[{"taxonomy":"product_brand","embeddable":true,"href":"https:\/\/wm-aquatec.de\/fr\/wp-json\/wp\/v2\/product_brand?post=19475"},{"taxonomy":"product_cat","embeddable":true,"href":"https:\/\/wm-aquatec.de\/fr\/wp-json\/wp\/v2\/product_cat?post=19475"},{"taxonomy":"product_tag","embeddable":true,"href":"https:\/\/wm-aquatec.de\/fr\/wp-json\/wp\/v2\/product_tag?post=19475"}],"curies":[{"name":"wp","href":"https:\/\/api.w.org\/{rel}","templated":true}]}}