{"id":22145,"date":"2024-06-13T16:28:15","date_gmt":"2024-06-17T09:50:23","guid":{"rendered":"https:\/\/wm-aquatec.de\/shop\/raccord-90-pompe-a-membrane-de-refoulement-pour-flexibles\/"},"modified":"2024-06-17T11:50:23","modified_gmt":"2024-06-17T09:50:23","slug":"raccord-90-pompe-a-membrane-de-refoulement-pour-flexibles","status":"publish","type":"product","link":"https:\/\/wm-aquatec.de\/fr\/shop\/camping-fr\/accessoires-et-pieces-de-rechange\/raccord-90-pompe-a-membrane-de-refoulement-pour-flexibles\/","title":{"rendered":"Raccord (90\u00b0) Pompe \u00e0 membrane de refoulement pour flexibles"},"content":{"rendered":"<p>Raccord (90\u00b0) Pompe \u00e0 membrane de pression pour tuyaux de 10 mm ou 12 mm de diam\u00e8tre int\u00e9rieur<\/p>\n","protected":false},"excerpt":{"rendered":"<p>Raccord (90\u00b0) Pompe \u00e0 membrane de pression pour tuyaux de 10 mm ou 12 mm de diam\u00e8tre int\u00e9rieur<\/p>\n","protected":false},"featured_media":22089,"template":"","meta":{"inline_featured_image":false},"product_brand":[],"product_cat":[226,982,984,153],"product_tag":[1219,370,329,1220],"class_list":{"0":"post-22145","1":"product","2":"type-product","3":"status-publish","4":"has-post-thumbnail","6":"product_cat-accessoires-et-pieces-de-rechange","7":"product_cat-accessoires-et-pieces-de-rechange-fr","8":"product_cat-accessoires-et-pieces-de-rechange-tout-terrain","9":"product_cat-tous-les-produits","10":"product_tag-10mm-fr","11":"product_tag-12mm-fr","12":"product_tag-accessoires","13":"product_tag-piece-de-raccordement","14":"pa_anschluss-10mm-fr","15":"pa_anschluss-12mm-fr","17":"first","18":"instock","19":"taxable","20":"shipping-taxable","21":"purchasable","22":"product-type-variable"},"_links":{"self":[{"href":"https:\/\/wm-aquatec.de\/fr\/wp-json\/wp\/v2\/product\/22145","targetHints":{"allow":["GET"]}}],"collection":[{"href":"https:\/\/wm-aquatec.de\/fr\/wp-json\/wp\/v2\/product"}],"about":[{"href":"https:\/\/wm-aquatec.de\/fr\/wp-json\/wp\/v2\/types\/product"}],"wp:featuredmedia":[{"embeddable":true,"href":"https:\/\/wm-aquatec.de\/fr\/wp-json\/wp\/v2\/media\/22089"}],"wp:attachment":[{"href":"https:\/\/wm-aquatec.de\/fr\/wp-json\/wp\/v2\/media?parent=22145"}],"wp:term":[{"taxonomy":"product_brand","embeddable":true,"href":"https:\/\/wm-aquatec.de\/fr\/wp-json\/wp\/v2\/product_brand?post=22145"},{"taxonomy":"product_cat","embeddable":true,"href":"https:\/\/wm-aquatec.de\/fr\/wp-json\/wp\/v2\/product_cat?post=22145"},{"taxonomy":"product_tag","embeddable":true,"href":"https:\/\/wm-aquatec.de\/fr\/wp-json\/wp\/v2\/product_tag?post=22145"}],"curies":[{"name":"wp","href":"https:\/\/api.w.org\/{rel}","templated":true}]}}