{"id":22831,"date":"2024-07-11T09:49:30","date_gmt":"2024-07-25T14:28:41","guid":{"rendered":"https:\/\/wm-aquatec.de\/shop\/support-avec-aimant-universel-article-special\/"},"modified":"2025-07-19T22:22:49","modified_gmt":"2025-07-19T20:22:49","slug":"support-avec-aimant-universel-article-special","status":"publish","type":"product","link":"https:\/\/wm-aquatec.de\/fr\/shop\/article-special\/support-avec-aimant-universel-article-special\/","title":{"rendered":"Support avec aimant universel (article sp\u00e9cial)"},"content":{"rendered":"\n\t<section class=\"section\" id=\"section_1915361154\">\n\t\t<div class=\"section-bg fill\" >\n\t\t\t\t\t\t\t\t\t\n\t\t\t\n\n\t\t<\/div>\n\n\t\t\n\n\t\t<div class=\"section-content relative\">\n\t\t\t\n<div class=\"row\"  id=\"row-1267564008\">\n\n\t<div id=\"col-1128011837\" class=\"col small-8 large-12\"  >\n\t\t\t\t<div class=\"col-inner text-left\" style=\"background-color:rgb(255, 0, 0);\" >\n\t\t\t\n\t\t\t\n\n\t\t<div class=\"icon-box featured-box icon-box-left text-left\"  >\n\t\t\t\t\t<div class=\"icon-box-img\" style=\"width: 60px\">\n\t\t\t\t<div class=\"icon\">\n\t\t\t\t\t<div class=\"icon-inner\" style=\"color:rgb(255, 255, 255);\">\n\t\t\t\t\t\t<img loading=\"lazy\" decoding=\"async\" width=\"400\" height=\"400\" src=\"https:\/\/wm-aquatec.de\/wp-content\/uploads\/2024\/02\/exclamation-mark-400x400.png\" class=\"attachment-medium size-medium\" alt=\"\" srcset=\"https:\/\/wm-aquatec.de\/wp-content\/uploads\/2024\/02\/exclamation-mark-400x400.png 400w, https:\/\/wm-aquatec.de\/wp-content\/uploads\/2024\/02\/exclamation-mark-280x280.png 280w, https:\/\/wm-aquatec.de\/wp-content\/uploads\/2024\/02\/exclamation-mark-300x300.png 300w, https:\/\/wm-aquatec.de\/wp-content\/uploads\/2024\/02\/exclamation-mark-100x100.png 100w, https:\/\/wm-aquatec.de\/wp-content\/uploads\/2024\/02\/exclamation-mark.png 512w\" sizes=\"auto, (max-width: 400px) 100vw, 400px\" \/>\t\t\t\t\t<\/div>\n\t\t\t\t<\/div>\n\t\t\t<\/div>\n\t\t\t\t<div class=\"icon-box-text last-reset\">\n\t\t\t\t\t\t\t\t\t\n<h3><strong><span style=\"color: #ffffff;\"><b>REMARQUE IMPORTANTE :&lt;\/b<\/b><\/span><\/strong><\/h3>\n<p style=\"text-align: left;\"><span style=\"color: #ffffff;\">Les produits propos\u00e9s sont des exemplaires pr\u00e9sentant de petits d\u00e9fauts visuels ou sans emballage. Le bon fonctionnement n&rsquo;en est pas affect\u00e9. Les articles sp\u00e9ciaux sont exempt\u00e9s de notre politique de retour et d\u2019\u00e9change.<\/span><\/p>\n\t\t<\/div>\n\t<\/div>\n\t\n\t\n\t\t<\/div>\n\t\t\t\t\n<style>\n#col-1128011837 > .col-inner {\n  padding: 12px 12px 12px 12px;\n}\n<\/style>\n\t<\/div>\n\n\t\n<\/div>\n\t\t<\/div>\n\n\t\t\n<style>\n#section_1915361154 {\n  padding-top: 30px;\n  padding-bottom: 30px;\n}\n<\/style>\n\t<\/section>\n\t\n\n\n  <div class=\"banner has-hover\" id=\"banner-149573759\">\n          <div class=\"banner-inner fill\">\n        <div class=\"banner-bg fill\" >\n            <img loading=\"lazy\" decoding=\"async\" width=\"1800\" height=\"738\" src=\"https:\/\/wm-aquatec.de\/wp-content\/uploads\/2024\/03\/mgh_header-1.jpg\" class=\"bg attachment-original size-original\" alt=\"\" \/>                                    \n                    <\/div>\n\t\t\n        <div class=\"banner-layers container\">\n            <div class=\"fill banner-link\"><\/div>            \n        <\/div>\n      <\/div>\n\n            \n<style>\n#banner-149573759 {\n  padding-top: 315px;\n}\n#banner-149573759 .banner-bg img {\n  object-position: 54% 1%;\n}\n@media (min-width:550px) {\n  #banner-149573759 {\n    padding-top: 500px;\n  }\n}\n<\/style>\n  <\/div>\n\n\n\n\t<section class=\"section\" id=\"section_1883571936\">\n\t\t<div class=\"section-bg fill\" >\n\t\t\t\t\t\t\t\t\t<div class=\"section-bg-overlay absolute fill\"><\/div>\n\t\t\t\n\n\t\t<\/div>\n\n\t\t\n\n\t\t<div class=\"section-content relative\">\n\t\t\t\n<div class=\"row row-collapse row-full-width align-equal align-center\"  id=\"row-893126842\">\n\n\t<div id=\"col-1829398665\" class=\"col medium-7 small-12 large-7\"  >\n\t\t\t\t<div class=\"col-inner text-left\"  >\n\t\t\t\n\t\t\t\n\t<div id=\"text-1369008219\" class=\"text\">\n\t\t\n<ul>\n<li>support avec aimant pour une utilisation universelle<\/li>\n<li>convient parfaitement pour fixer le filtre WM pendant le remplissage<\/li>\n<li>pour le camping, l&rsquo;atelier, le bureau, la gym, etc.<\/li>\n<li>comprend 2 aimants n\u00e9odyme pour une tenue extr\u00eamement forte<\/li>\n<li>en plastique renforc\u00e9 de billes de verre (GPVK)<\/li>\n<li>tenue s\u00fbre gr\u00e2ce au caoutchouc plein<\/li>\n<li>\u00e9galement pour les surfaces sensibles et peintes<\/li>\n<li>s&rsquo;enl\u00e8ve sans laisser de traces<\/li>\n<li>peut supporter jusqu&rsquo;\u00e0 10 kg<\/li>\n<li>90 mm de diam\u00e8tre int\u00e9rieur<\/li>\n<li>pour des temp\u00e9ratures de surface jusqu&rsquo;\u00e0 80\u00b0C<\/li>\n<li>100% fabriqu\u00e9 en Allemagne<\/li>\n<\/ul>\n\t\t\n<style>\n#text-1369008219 {\n  font-size: 1rem;\n  text-align: left;\n}\n<\/style>\n\t<\/div>\n\t\n\t\t<\/div>\n\t\t\t\t\n<style>\n#col-1829398665 > .col-inner {\n  padding: 40px 0px 0px 15px;\n}\n@media (min-width:550px) {\n  #col-1829398665 > .col-inner {\n    padding: 40px 0px 0px 15px;\n  }\n}\n<\/style>\n\t<\/div>\n\n\t\n\n\t<div id=\"col-608781021\" class=\"col medium-5 small-12 large-5\"  >\n\t\t\t\t<div class=\"col-inner\"  >\n\t\t\t\n\t\t\t\n\t<div class=\"img has-hover x md-x lg-x y md-y lg-y\" id=\"image_1356308429\">\n\t\t\t\t\t\t\t\t<div class=\"img-inner dark\" >\n\t\t\t<img loading=\"lazy\" decoding=\"async\" width=\"520\" height=\"800\" src=\"https:\/\/wm-aquatec.de\/wp-content\/uploads\/2024\/03\/Magnet_Halterung_Uni-520x800.png\" class=\"attachment-large size-large\" alt=\"Magnethalterung UNI\" srcset=\"https:\/\/wm-aquatec.de\/wp-content\/uploads\/2024\/03\/Magnet_Halterung_Uni-520x800.png 520w, https:\/\/wm-aquatec.de\/wp-content\/uploads\/2024\/03\/Magnet_Halterung_Uni-260x400.png 260w, https:\/\/wm-aquatec.de\/wp-content\/uploads\/2024\/03\/Magnet_Halterung_Uni-768x1182.png 768w, https:\/\/wm-aquatec.de\/wp-content\/uploads\/2024\/03\/Magnet_Halterung_Uni-600x923.png 600w, https:\/\/wm-aquatec.de\/wp-content\/uploads\/2024\/03\/Magnet_Halterung_Uni.png 900w\" sizes=\"auto, (max-width: 520px) 100vw, 520px\" \/>\t\t\t\t\t\t\n\t\t\t\t\t<\/div>\n\t\t\t\t\t\t\t\t\n<style>\n#image_1356308429 {\n  width: 58%;\n}\n<\/style>\n\t<\/div>\n\t\n\t\t<\/div>\n\t\t\t\t\t<\/div>\n\n\t\n<\/div>\n<p class=\"uppercase\"><strong><span style=\"color: #f99b1c; font-size: 170%;\">Applications possible<\/span><\/strong><\/p>\n\t\t<\/div>\n\n\t\t\n<style>\n#section_1883571936 {\n  padding-top: 0px;\n  padding-bottom: 0px;\n}\n#section_1883571936 .section-bg-overlay {\n  background-color: rgba(255, 255, 255, 0.75);\n}\n@media (min-width:550px) {\n  #section_1883571936 {\n    padding-top: 25px;\n    padding-bottom: 25px;\n  }\n}\n<\/style>\n\t<\/section>\n\t\n\n\t<section class=\"section\" id=\"section_811721756\">\n\t\t<div class=\"section-bg fill\" >\n\t\t\t\t\t\t\t\t\t\n\t\t\t\n\n\t\t<\/div>\n\n\t\t\n\n\t\t<div class=\"section-content relative\">\n\t\t\t\n<div class=\"row\"  id=\"row-2042120920\">\n\n\t<div id=\"col-1319340314\" class=\"col small-12 large-12\"  >\n\t\t\t\t<div class=\"col-inner\"  >\n\t\t\t\n\t\t\t\n<div class=\"row\"  id=\"row-1801347009\">\n\n\t<div id=\"col-1889530221\" class=\"col medium-3 small-6 large-3\"  >\n\t\t\t\t<div class=\"col-inner\"  >\n\t\t\t\n\t\t\t\n\t<div class=\"img has-hover x md-x lg-x y md-y lg-y\" id=\"image_29255296\">\n\t\t\t\t\t\t\t\t<div class=\"img-inner dark\" >\n\t\t\t<img loading=\"lazy\" decoding=\"async\" width=\"800\" height=\"800\" src=\"https:\/\/wm-aquatec.de\/wp-content\/uploads\/2024\/03\/Tankbefuellung-800x800.jpg\" class=\"attachment-large size-large\" alt=\"\" srcset=\"https:\/\/wm-aquatec.de\/wp-content\/uploads\/2024\/03\/Tankbefuellung-800x800.jpg 800w, https:\/\/wm-aquatec.de\/wp-content\/uploads\/2024\/03\/Tankbefuellung-400x400.jpg 400w, https:\/\/wm-aquatec.de\/wp-content\/uploads\/2024\/03\/Tankbefuellung-280x280.jpg 280w, https:\/\/wm-aquatec.de\/wp-content\/uploads\/2024\/03\/Tankbefuellung-768x768.jpg 768w, https:\/\/wm-aquatec.de\/wp-content\/uploads\/2024\/03\/Tankbefuellung-1536x1536.jpg 1536w, https:\/\/wm-aquatec.de\/wp-content\/uploads\/2024\/03\/Tankbefuellung-2048x2048.jpg 2048w, https:\/\/wm-aquatec.de\/wp-content\/uploads\/2024\/03\/Tankbefuellung-300x300.jpg 300w, https:\/\/wm-aquatec.de\/wp-content\/uploads\/2024\/03\/Tankbefuellung-600x600.jpg 600w, https:\/\/wm-aquatec.de\/wp-content\/uploads\/2024\/03\/Tankbefuellung-100x100.jpg 100w\" sizes=\"auto, (max-width: 800px) 100vw, 800px\" \/>\t\t\t\t\t\t\n\t\t\t\t\t<\/div>\n\t\t\t\t\t\t\t\t\n<style>\n#image_29255296 {\n  width: 100%;\n}\n<\/style>\n\t<\/div>\n\t\n\t\t<\/div>\n\t\t\t\t\t<\/div>\n\n\t\n\n\t<div id=\"col-1342601520\" class=\"col medium-3 small-6 large-3\"  >\n\t\t\t\t<div class=\"col-inner\"  >\n\t\t\t\n\t\t\t\n\t<div class=\"img has-hover x md-x lg-x y md-y lg-y\" id=\"image_1066400849\">\n\t\t\t\t\t\t\t\t<div class=\"img-inner dark\" >\n\t\t\t<img loading=\"lazy\" decoding=\"async\" width=\"800\" height=\"800\" src=\"https:\/\/wm-aquatec.de\/wp-content\/uploads\/2024\/03\/Getraenkehalter-800x800.jpg\" class=\"attachment-large size-large\" alt=\"\" srcset=\"https:\/\/wm-aquatec.de\/wp-content\/uploads\/2024\/03\/Getraenkehalter-800x800.jpg 800w, https:\/\/wm-aquatec.de\/wp-content\/uploads\/2024\/03\/Getraenkehalter-400x400.jpg 400w, https:\/\/wm-aquatec.de\/wp-content\/uploads\/2024\/03\/Getraenkehalter-280x280.jpg 280w, https:\/\/wm-aquatec.de\/wp-content\/uploads\/2024\/03\/Getraenkehalter-768x768.jpg 768w, https:\/\/wm-aquatec.de\/wp-content\/uploads\/2024\/03\/Getraenkehalter-1536x1536.jpg 1536w, https:\/\/wm-aquatec.de\/wp-content\/uploads\/2024\/03\/Getraenkehalter-2048x2048.jpg 2048w, https:\/\/wm-aquatec.de\/wp-content\/uploads\/2024\/03\/Getraenkehalter-300x300.jpg 300w, https:\/\/wm-aquatec.de\/wp-content\/uploads\/2024\/03\/Getraenkehalter-600x600.jpg 600w, https:\/\/wm-aquatec.de\/wp-content\/uploads\/2024\/03\/Getraenkehalter-100x100.jpg 100w\" sizes=\"auto, (max-width: 800px) 100vw, 800px\" \/>\t\t\t\t\t\t\n\t\t\t\t\t<\/div>\n\t\t\t\t\t\t\t\t\n<style>\n#image_1066400849 {\n  width: 100%;\n}\n<\/style>\n\t<\/div>\n\t\n\t\t<\/div>\n\t\t\t\t\t<\/div>\n\n\t\n\n\t<div id=\"col-225952153\" class=\"col medium-3 small-6 large-3\"  >\n\t\t\t\t<div class=\"col-inner\"  >\n\t\t\t\n\t\t\t\n\t<div class=\"img has-hover x md-x lg-x y md-y lg-y\" id=\"image_781205774\">\n\t\t\t\t\t\t\t\t<div class=\"img-inner dark\" >\n\t\t\t<img loading=\"lazy\" decoding=\"async\" width=\"800\" height=\"800\" src=\"https:\/\/wm-aquatec.de\/wp-content\/uploads\/2024\/03\/Werkstatt-800x800.jpg\" class=\"attachment-large size-large\" alt=\"\" srcset=\"https:\/\/wm-aquatec.de\/wp-content\/uploads\/2024\/03\/Werkstatt-800x800.jpg 800w, https:\/\/wm-aquatec.de\/wp-content\/uploads\/2024\/03\/Werkstatt-400x400.jpg 400w, https:\/\/wm-aquatec.de\/wp-content\/uploads\/2024\/03\/Werkstatt-280x280.jpg 280w, https:\/\/wm-aquatec.de\/wp-content\/uploads\/2024\/03\/Werkstatt-768x768.jpg 768w, https:\/\/wm-aquatec.de\/wp-content\/uploads\/2024\/03\/Werkstatt-1536x1536.jpg 1536w, https:\/\/wm-aquatec.de\/wp-content\/uploads\/2024\/03\/Werkstatt-2048x2048.jpg 2048w, https:\/\/wm-aquatec.de\/wp-content\/uploads\/2024\/03\/Werkstatt-300x300.jpg 300w, https:\/\/wm-aquatec.de\/wp-content\/uploads\/2024\/03\/Werkstatt-600x600.jpg 600w, https:\/\/wm-aquatec.de\/wp-content\/uploads\/2024\/03\/Werkstatt-100x100.jpg 100w\" sizes=\"auto, (max-width: 800px) 100vw, 800px\" \/>\t\t\t\t\t\t\n\t\t\t\t\t<\/div>\n\t\t\t\t\t\t\t\t\n<style>\n#image_781205774 {\n  width: 100%;\n}\n<\/style>\n\t<\/div>\n\t\n\t\t<\/div>\n\t\t\t\t\t<\/div>\n\n\t\n\n\t<div id=\"col-425303136\" class=\"col medium-3 small-6 large-3\"  >\n\t\t\t\t<div class=\"col-inner\"  >\n\t\t\t\n\t\t\t\n\t<div class=\"img has-hover x md-x lg-x y md-y lg-y\" id=\"image_1586030056\">\n\t\t\t\t\t\t\t\t<div class=\"img-inner dark\" >\n\t\t\t<img loading=\"lazy\" decoding=\"async\" width=\"800\" height=\"800\" src=\"https:\/\/wm-aquatec.de\/wp-content\/uploads\/2024\/03\/Grillen-800x800.jpg\" class=\"attachment-large size-large\" alt=\"\" srcset=\"https:\/\/wm-aquatec.de\/wp-content\/uploads\/2024\/03\/Grillen-800x800.jpg 800w, https:\/\/wm-aquatec.de\/wp-content\/uploads\/2024\/03\/Grillen-400x400.jpg 400w, https:\/\/wm-aquatec.de\/wp-content\/uploads\/2024\/03\/Grillen-280x280.jpg 280w, https:\/\/wm-aquatec.de\/wp-content\/uploads\/2024\/03\/Grillen-768x768.jpg 768w, https:\/\/wm-aquatec.de\/wp-content\/uploads\/2024\/03\/Grillen-1536x1536.jpg 1536w, https:\/\/wm-aquatec.de\/wp-content\/uploads\/2024\/03\/Grillen-2048x2048.jpg 2048w, https:\/\/wm-aquatec.de\/wp-content\/uploads\/2024\/03\/Grillen-300x300.jpg 300w, https:\/\/wm-aquatec.de\/wp-content\/uploads\/2024\/03\/Grillen-600x600.jpg 600w, https:\/\/wm-aquatec.de\/wp-content\/uploads\/2024\/03\/Grillen-100x100.jpg 100w\" sizes=\"auto, (max-width: 800px) 100vw, 800px\" \/>\t\t\t\t\t\t\n\t\t\t\t\t<\/div>\n\t\t\t\t\t\t\t\t\n<style>\n#image_1586030056 {\n  width: 100%;\n}\n<\/style>\n\t<\/div>\n\t\n\t\t<\/div>\n\t\t\t\t\t<\/div>\n\n\t\n<\/div>\n\t\t<\/div>\n\t\t\t\t\t<\/div>\n\n\t\n<\/div>\n\t\t<\/div>\n\n\t\t\n<style>\n#section_811721756 {\n  padding-top: 30px;\n  padding-bottom: 30px;\n}\n<\/style>\n\t<\/section>\n\t\n","protected":false},"excerpt":{"rendered":"<p>Support avec aimant pour une utilisation universelle<\/p>\n","protected":false},"featured_media":20572,"template":"","meta":{"inline_featured_image":false},"product_brand":[],"product_cat":[1170],"product_tag":[1200,1182,1202,1201,1198,1199],"class_list":{"0":"post-22831","1":"product","2":"type-product","3":"status-publish","4":"has-post-thumbnail","6":"product_cat-article-special","7":"product_tag-aimant","8":"product_tag-filtre-wm","9":"product_tag-support-fr","10":"product_tag-support","11":"product_tag-support-avec-aimant","12":"product_tag-universel","14":"first","15":"instock","16":"sale","17":"taxable","18":"shipping-taxable","19":"purchasable","20":"product-type-simple"},"_links":{"self":[{"href":"https:\/\/wm-aquatec.de\/fr\/wp-json\/wp\/v2\/product\/22831","targetHints":{"allow":["GET"]}}],"collection":[{"href":"https:\/\/wm-aquatec.de\/fr\/wp-json\/wp\/v2\/product"}],"about":[{"href":"https:\/\/wm-aquatec.de\/fr\/wp-json\/wp\/v2\/types\/product"}],"wp:featuredmedia":[{"embeddable":true,"href":"https:\/\/wm-aquatec.de\/fr\/wp-json\/wp\/v2\/media\/20572"}],"wp:attachment":[{"href":"https:\/\/wm-aquatec.de\/fr\/wp-json\/wp\/v2\/media?parent=22831"}],"wp:term":[{"taxonomy":"product_brand","embeddable":true,"href":"https:\/\/wm-aquatec.de\/fr\/wp-json\/wp\/v2\/product_brand?post=22831"},{"taxonomy":"product_cat","embeddable":true,"href":"https:\/\/wm-aquatec.de\/fr\/wp-json\/wp\/v2\/product_cat?post=22831"},{"taxonomy":"product_tag","embeddable":true,"href":"https:\/\/wm-aquatec.de\/fr\/wp-json\/wp\/v2\/product_tag?post=22831"}],"curies":[{"name":"wp","href":"https:\/\/api.w.org\/{rel}","templated":true}]}}