{"id":24952,"date":"2025-01-18T21:07:31","date_gmt":"2025-01-22T09:29:43","guid":{"rendered":"https:\/\/wm-aquatec.de\/shop\/plaque-metallique-autocollante-pour-support-avec-aimant-universel\/"},"modified":"2025-01-22T10:29:43","modified_gmt":"2025-01-22T09:29:43","slug":"plaque-metallique-autocollante-pour-support-avec-aimant-universel","status":"publish","type":"product","link":"https:\/\/wm-aquatec.de\/fr\/shop\/a-la-maison\/accessoires-et-pieces-de-rechange-fr-2\/plaque-metallique-autocollante-pour-support-avec-aimant-universel\/","title":{"rendered":"Plaque m\u00e9tallique autocollante pour support avec aimant universel"},"content":{"rendered":"<ul>\n<li>\n<p class=\"p1\">pour fixer le support avec aimant sur des surfaces non magn\u00e9tiques (par ex. PRV, plastique, bois)<\/p>\n<\/li>\n<li>\n<p class=\"p1\">peut supporter jusqu&rsquo;\u00e0 3 kg gr\u00e2ce \u00e0 un dos adh\u00e9sif high-tech<\/p>\n<\/li>\n<li>\n<p class=\"p1\">en acier inoxydable<\/p>\n<\/li>\n<li>\n<p class=\"p1\">convient \u00e9galement pour \u00eatre viss\u00e9<\/p>\n<\/li>\n<li>\n<p class=\"p1\">disponible en 3 couleurs<\/p>\n<\/li>\n<\/ul>\n","protected":false},"excerpt":{"rendered":"<p>pour fixer le support avec aimant sur des surfaces non magn\u00e9tiques<\/p>\n","protected":false},"featured_media":24907,"template":"","meta":{"inline_featured_image":false},"product_brand":[],"product_cat":[992,1197,982,226,810,967,153,968],"product_tag":[1259,1240,1260,1199],"class_list":{"0":"post-24952","1":"product","2":"type-product","3":"status-publish","4":"has-post-thumbnail","6":"product_cat-a-la-maison","7":"product_cat-accessoires-et-pieces-de-rechange-fr-2","8":"product_cat-accessoires-et-pieces-de-rechange-fr","9":"product_cat-accessoires-et-pieces-de-rechange","10":"product_cat-bateau","11":"product_cat-camping-fr","12":"product_cat-tous-les-produits","13":"product_cat-tout-terrain","14":"product_tag-buddy-fr","15":"product_tag-detention","16":"product_tag-support-avec-aimant-fr","17":"product_tag-universel","19":"first","20":"instock","21":"taxable","22":"shipping-taxable","23":"purchasable","24":"product-type-variable"},"_links":{"self":[{"href":"https:\/\/wm-aquatec.de\/fr\/wp-json\/wp\/v2\/product\/24952","targetHints":{"allow":["GET"]}}],"collection":[{"href":"https:\/\/wm-aquatec.de\/fr\/wp-json\/wp\/v2\/product"}],"about":[{"href":"https:\/\/wm-aquatec.de\/fr\/wp-json\/wp\/v2\/types\/product"}],"wp:featuredmedia":[{"embeddable":true,"href":"https:\/\/wm-aquatec.de\/fr\/wp-json\/wp\/v2\/media\/24907"}],"wp:attachment":[{"href":"https:\/\/wm-aquatec.de\/fr\/wp-json\/wp\/v2\/media?parent=24952"}],"wp:term":[{"taxonomy":"product_brand","embeddable":true,"href":"https:\/\/wm-aquatec.de\/fr\/wp-json\/wp\/v2\/product_brand?post=24952"},{"taxonomy":"product_cat","embeddable":true,"href":"https:\/\/wm-aquatec.de\/fr\/wp-json\/wp\/v2\/product_cat?post=24952"},{"taxonomy":"product_tag","embeddable":true,"href":"https:\/\/wm-aquatec.de\/fr\/wp-json\/wp\/v2\/product_tag?post=24952"}],"curies":[{"name":"wp","href":"https:\/\/api.w.org\/{rel}","templated":true}]}}