{"id":25562,"date":"2025-03-12T12:52:16","date_gmt":"2025-03-12T11:52:17","guid":{"rendered":"https:\/\/wm-aquatec.de\/?post_type=product&#038;p=25562"},"modified":"2025-05-12T17:58:13","modified_gmt":"2025-05-12T15:58:13","slug":"support-avec-aimant-universel-y-compris-plaque-metallique-autocollante","status":"publish","type":"product","link":"https:\/\/wm-aquatec.de\/fr\/shop\/a-la-maison\/accessoires-et-pieces-de-rechange-fr-2\/support-avec-aimant-universel-y-compris-plaque-metallique-autocollante\/","title":{"rendered":"Support avec aimant universel y compris plaque m\u00e9tallique autocollante"},"content":{"rendered":"\n\n  <div class=\"banner has-hover\" id=\"banner-710598665\">\n          <div class=\"banner-inner fill\">\n        <div class=\"banner-bg fill\" >\n            <img loading=\"lazy\" decoding=\"async\" width=\"1464\" height=\"600\" src=\"https:\/\/wm-aquatec.de\/wp-content\/uploads\/2024\/03\/DE_header-Kopie-2.jpg\" class=\"bg attachment-original size-original\" alt=\"\" \/>                                    \n                    <\/div>\n\t\t\n        <div class=\"banner-layers container\">\n            <div class=\"fill banner-link\"><\/div>            \n        <\/div>\n      <\/div>\n\n            \n<style>\n#banner-710598665 {\n  padding-top: 315px;\n}\n#banner-710598665 .banner-bg img {\n  object-position: 54% 1%;\n}\n@media (min-width:550px) {\n  #banner-710598665 {\n    padding-top: 500px;\n  }\n}\n<\/style>\n  <\/div>\n\n\n\n\t<section class=\"section\" id=\"section_1547981956\">\n\t\t<div class=\"section-bg fill\" >\n\t\t\t\t\t\t\t\t\t<div class=\"section-bg-overlay absolute fill\"><\/div>\n\t\t\t\n\n\t\t<\/div>\n\n\t\t\n\n\t\t<div class=\"section-content relative\">\n\t\t\t\n<div class=\"row row-collapse row-full-width align-middle align-center\"  id=\"row-63633064\">\n\n\t<div id=\"col-1759511465\" class=\"col medium-6 small-12 large-6\"  >\n\t\t\t\t<div class=\"col-inner text-left\"  >\n\t\t\t\n\t\t\t\n\t<div id=\"text-151480712\" class=\"text\">\n\t\t\n<h2 class=\"uppercase\"><strong><br \/>\n<span style=\"color: #ffcc00;\">Support magn\u00e9tique universel<\/span><br \/>\n<\/strong><\/h2>\n<ul>\n<li>support avec aimant pour une utilisation universelle<\/li>\n<li>convient parfaitement pour fixer le filtre WM pendant le remplissage<\/li>\n<li>pour le camping, l&rsquo;atelier, le bureau, la gym, etc.<\/li>\n<li>comprend 2 aimants n\u00e9odyme pour une tenue extr\u00eamement forte<\/li>\n<li>en plastique renforc\u00e9 de billes de verre (GPVK)<\/li>\n<li>tenue s\u00fbre gr\u00e2ce au caoutchouc plein<\/li>\n<li>\u00e9galement pour les surfaces sensibles et peintes<\/li>\n<li>s&rsquo;enl\u00e8ve sans laisser de traces<\/li>\n<li>peut supporter jusqu&rsquo;\u00e0 10 kg<\/li>\n<li>90 mm de diam\u00e8tre int\u00e9rieur<\/li>\n<li>pour des temp\u00e9ratures de surface jusqu&rsquo;\u00e0 80\u00b0C<\/li>\n<li>100% fabriqu\u00e9 en Allemagne<\/li>\n<\/ul>\n<h2 class=\"uppercase\"><strong><br \/>\n<span style=\"color: #ffcc00;\">Plaque m\u00e9tallique autocollante<\/span><br \/>\n<\/strong><\/h2>\n<ul>\n<li>pour fixer le support avec aimant sur des surfaces non magn\u00e9tiques (par ex. PRV, plastique, bois)<\/li>\n<li>supporte jusqu&rsquo;\u00e0 3 kg gr\u00e2ce \u00e0 son dos adh\u00e9sif high-tech<\/li>\n<li>en acier inoxydable rev\u00eatu par poudre<\/li>\n<li>convient \u00e9galement pour \u00eatre viss\u00e9<\/li>\n<\/ul>\n\t\t\n<style>\n#text-151480712 {\n  font-size: 1rem;\n  text-align: left;\n}\n<\/style>\n\t<\/div>\n\t\n\t\t<\/div>\n\t\t\t\t\n<style>\n#col-1759511465 > .col-inner {\n  padding: 40px 0px 0px 15px;\n}\n@media (min-width:550px) {\n  #col-1759511465 > .col-inner {\n    padding: 40px 0px 0px 15px;\n  }\n}\n<\/style>\n\t<\/div>\n\n\t\n\n\t<div id=\"col-1733962369\" class=\"col medium-6 small-12 large-6\"  >\n\t\t\t\t<div class=\"col-inner\"  >\n\t\t\t\n\t\t\t\n<div class=\"video video-fit mb\" style=\"padding-top:56.25%;\"><p><iframe loading=\"lazy\" title=\"Magnethalterung UNI\" width=\"1020\" height=\"574\" src=\"https:\/\/www.youtube.com\/embed\/NIVdM44OHcw?feature=oembed\" frameborder=\"0\" allow=\"accelerometer; autoplay; clipboard-write; encrypted-media; gyroscope; picture-in-picture; web-share\" referrerpolicy=\"strict-origin-when-cross-origin\" allowfullscreen><\/iframe><\/p>\n<\/div>\n\t\t<\/div>\n\t\t\t\t\t<\/div>\n\n\t\n<\/div>\n<p class=\"uppercase\"><span style=\"color: #ffcc00;\"><br \/>\n<strong><br \/>\n<span style=\"font-size: 170%;\">Applications possible<\/span><br \/>\n<\/strong><br \/>\n<\/span><\/p>\n\t\t<\/div>\n\n\t\t\n<style>\n#section_1547981956 {\n  padding-top: 0px;\n  padding-bottom: 0px;\n}\n#section_1547981956 .section-bg-overlay {\n  background-color: rgba(255, 255, 255, 0.75);\n}\n@media (min-width:550px) {\n  #section_1547981956 {\n    padding-top: 25px;\n    padding-bottom: 25px;\n  }\n}\n<\/style>\n\t<\/section>\n\t\n\n\t<section class=\"section\" id=\"section_409597596\">\n\t\t<div class=\"section-bg fill\" >\n\t\t\t\t\t\t\t\t\t\n\t\t\t\n\n\t\t<\/div>\n\n\t\t\n\n\t\t<div class=\"section-content relative\">\n\t\t\t\n<div class=\"row\"  id=\"row-1533675820\">\n\n\t<div id=\"col-1868387452\" class=\"col small-12 large-12\"  >\n\t\t\t\t<div class=\"col-inner\"  >\n\t\t\t\n\t\t\t\n<div class=\"row\"  id=\"row-563580920\">\n\n\t<div id=\"col-1034889995\" class=\"col medium-3 small-6 large-3\"  >\n\t\t\t\t<div class=\"col-inner\"  >\n\t\t\t\n\t\t\t\n\t<div class=\"img has-hover x md-x lg-x y md-y lg-y\" id=\"image_875984519\">\n\t\t\t\t\t\t\t\t<div class=\"img-inner dark\" >\n\t\t\t<img loading=\"lazy\" decoding=\"async\" width=\"800\" height=\"800\" src=\"https:\/\/wm-aquatec.de\/wp-content\/uploads\/2024\/03\/Tankbefuellung-800x800.jpg\" class=\"attachment-large size-large\" alt=\"\" srcset=\"https:\/\/wm-aquatec.de\/wp-content\/uploads\/2024\/03\/Tankbefuellung-800x800.jpg 800w, https:\/\/wm-aquatec.de\/wp-content\/uploads\/2024\/03\/Tankbefuellung-400x400.jpg 400w, https:\/\/wm-aquatec.de\/wp-content\/uploads\/2024\/03\/Tankbefuellung-280x280.jpg 280w, https:\/\/wm-aquatec.de\/wp-content\/uploads\/2024\/03\/Tankbefuellung-768x768.jpg 768w, https:\/\/wm-aquatec.de\/wp-content\/uploads\/2024\/03\/Tankbefuellung-1536x1536.jpg 1536w, https:\/\/wm-aquatec.de\/wp-content\/uploads\/2024\/03\/Tankbefuellung-2048x2048.jpg 2048w, https:\/\/wm-aquatec.de\/wp-content\/uploads\/2024\/03\/Tankbefuellung-300x300.jpg 300w, https:\/\/wm-aquatec.de\/wp-content\/uploads\/2024\/03\/Tankbefuellung-600x600.jpg 600w, https:\/\/wm-aquatec.de\/wp-content\/uploads\/2024\/03\/Tankbefuellung-100x100.jpg 100w\" sizes=\"auto, (max-width: 800px) 100vw, 800px\" \/>\t\t\t\t\t\t\n\t\t\t\t\t<\/div>\n\t\t\t\t\t\t\t\t\n<style>\n#image_875984519 {\n  width: 100%;\n}\n<\/style>\n\t<\/div>\n\t\n\t\t<\/div>\n\t\t\t\t\t<\/div>\n\n\t\n\n\t<div id=\"col-955167365\" class=\"col medium-3 small-6 large-3\"  >\n\t\t\t\t<div class=\"col-inner\"  >\n\t\t\t\n\t\t\t\n\t<div class=\"img has-hover x md-x lg-x y md-y lg-y\" id=\"image_34496132\">\n\t\t\t\t\t\t\t\t<div class=\"img-inner dark\" >\n\t\t\t<img loading=\"lazy\" decoding=\"async\" width=\"800\" height=\"800\" src=\"https:\/\/wm-aquatec.de\/wp-content\/uploads\/2024\/03\/Getraenkehalter-800x800.jpg\" class=\"attachment-large size-large\" alt=\"\" srcset=\"https:\/\/wm-aquatec.de\/wp-content\/uploads\/2024\/03\/Getraenkehalter-800x800.jpg 800w, https:\/\/wm-aquatec.de\/wp-content\/uploads\/2024\/03\/Getraenkehalter-400x400.jpg 400w, https:\/\/wm-aquatec.de\/wp-content\/uploads\/2024\/03\/Getraenkehalter-280x280.jpg 280w, https:\/\/wm-aquatec.de\/wp-content\/uploads\/2024\/03\/Getraenkehalter-768x768.jpg 768w, https:\/\/wm-aquatec.de\/wp-content\/uploads\/2024\/03\/Getraenkehalter-1536x1536.jpg 1536w, https:\/\/wm-aquatec.de\/wp-content\/uploads\/2024\/03\/Getraenkehalter-2048x2048.jpg 2048w, https:\/\/wm-aquatec.de\/wp-content\/uploads\/2024\/03\/Getraenkehalter-300x300.jpg 300w, https:\/\/wm-aquatec.de\/wp-content\/uploads\/2024\/03\/Getraenkehalter-600x600.jpg 600w, https:\/\/wm-aquatec.de\/wp-content\/uploads\/2024\/03\/Getraenkehalter-100x100.jpg 100w\" sizes=\"auto, (max-width: 800px) 100vw, 800px\" \/>\t\t\t\t\t\t\n\t\t\t\t\t<\/div>\n\t\t\t\t\t\t\t\t\n<style>\n#image_34496132 {\n  width: 100%;\n}\n<\/style>\n\t<\/div>\n\t\n\t\t<\/div>\n\t\t\t\t\t<\/div>\n\n\t\n\n\t<div id=\"col-1357830003\" class=\"col medium-3 small-6 large-3\"  >\n\t\t\t\t<div class=\"col-inner\"  >\n\t\t\t\n\t\t\t\n\t<div class=\"img has-hover x md-x lg-x y md-y lg-y\" id=\"image_528609797\">\n\t\t\t\t\t\t\t\t<div class=\"img-inner dark\" >\n\t\t\t<img loading=\"lazy\" decoding=\"async\" width=\"800\" height=\"800\" src=\"https:\/\/wm-aquatec.de\/wp-content\/uploads\/2024\/03\/Werkstatt-800x800.jpg\" class=\"attachment-large size-large\" alt=\"\" srcset=\"https:\/\/wm-aquatec.de\/wp-content\/uploads\/2024\/03\/Werkstatt-800x800.jpg 800w, https:\/\/wm-aquatec.de\/wp-content\/uploads\/2024\/03\/Werkstatt-400x400.jpg 400w, https:\/\/wm-aquatec.de\/wp-content\/uploads\/2024\/03\/Werkstatt-280x280.jpg 280w, https:\/\/wm-aquatec.de\/wp-content\/uploads\/2024\/03\/Werkstatt-768x768.jpg 768w, https:\/\/wm-aquatec.de\/wp-content\/uploads\/2024\/03\/Werkstatt-1536x1536.jpg 1536w, https:\/\/wm-aquatec.de\/wp-content\/uploads\/2024\/03\/Werkstatt-2048x2048.jpg 2048w, https:\/\/wm-aquatec.de\/wp-content\/uploads\/2024\/03\/Werkstatt-300x300.jpg 300w, https:\/\/wm-aquatec.de\/wp-content\/uploads\/2024\/03\/Werkstatt-600x600.jpg 600w, https:\/\/wm-aquatec.de\/wp-content\/uploads\/2024\/03\/Werkstatt-100x100.jpg 100w\" sizes=\"auto, (max-width: 800px) 100vw, 800px\" \/>\t\t\t\t\t\t\n\t\t\t\t\t<\/div>\n\t\t\t\t\t\t\t\t\n<style>\n#image_528609797 {\n  width: 100%;\n}\n<\/style>\n\t<\/div>\n\t\n\t\t<\/div>\n\t\t\t\t\t<\/div>\n\n\t\n\n\t<div id=\"col-798813485\" class=\"col medium-3 small-6 large-3\"  >\n\t\t\t\t<div class=\"col-inner\"  >\n\t\t\t\n\t\t\t\n\t<div class=\"img has-hover x md-x lg-x y md-y lg-y\" id=\"image_1586505456\">\n\t\t\t\t\t\t\t\t<div class=\"img-inner dark\" >\n\t\t\t<img loading=\"lazy\" decoding=\"async\" width=\"800\" height=\"800\" src=\"https:\/\/wm-aquatec.de\/wp-content\/uploads\/2024\/03\/Grillen-800x800.jpg\" class=\"attachment-large size-large\" alt=\"\" srcset=\"https:\/\/wm-aquatec.de\/wp-content\/uploads\/2024\/03\/Grillen-800x800.jpg 800w, https:\/\/wm-aquatec.de\/wp-content\/uploads\/2024\/03\/Grillen-400x400.jpg 400w, https:\/\/wm-aquatec.de\/wp-content\/uploads\/2024\/03\/Grillen-280x280.jpg 280w, https:\/\/wm-aquatec.de\/wp-content\/uploads\/2024\/03\/Grillen-768x768.jpg 768w, https:\/\/wm-aquatec.de\/wp-content\/uploads\/2024\/03\/Grillen-1536x1536.jpg 1536w, https:\/\/wm-aquatec.de\/wp-content\/uploads\/2024\/03\/Grillen-2048x2048.jpg 2048w, https:\/\/wm-aquatec.de\/wp-content\/uploads\/2024\/03\/Grillen-300x300.jpg 300w, https:\/\/wm-aquatec.de\/wp-content\/uploads\/2024\/03\/Grillen-600x600.jpg 600w, https:\/\/wm-aquatec.de\/wp-content\/uploads\/2024\/03\/Grillen-100x100.jpg 100w\" sizes=\"auto, (max-width: 800px) 100vw, 800px\" \/>\t\t\t\t\t\t\n\t\t\t\t\t<\/div>\n\t\t\t\t\t\t\t\t\n<style>\n#image_1586505456 {\n  width: 100%;\n}\n<\/style>\n\t<\/div>\n\t\n\t\t<\/div>\n\t\t\t\t\t<\/div>\n\n\t\n<\/div>\n\t\t<\/div>\n\t\t\t\t\t<\/div>\n\n\t\n<\/div>\n\t\t<\/div>\n\n\t\t\n<style>\n#section_409597596 {\n  padding-top: 30px;\n  padding-bottom: 30px;\n}\n<\/style>\n\t<\/section>\n\t\n","protected":false},"excerpt":{"rendered":"<p>Support magn\u00e9tique universel y compris plaque m\u00e9tallique autocollante pour la fixation sur des surfaces non magn\u00e9tiques<\/p>\n","protected":false},"featured_media":25565,"template":"","meta":{"inline_featured_image":false},"product_brand":[],"product_cat":[1197,982,984,226,810,967,153],"product_tag":[1200,1182,1202,1201,1198,1199],"class_list":{"0":"post-25562","1":"product","2":"type-product","3":"status-publish","4":"has-post-thumbnail","6":"product_cat-accessoires-et-pieces-de-rechange-fr-2","7":"product_cat-accessoires-et-pieces-de-rechange-fr","8":"product_cat-accessoires-et-pieces-de-rechange-tout-terrain","9":"product_cat-accessoires-et-pieces-de-rechange","10":"product_cat-bateau","11":"product_cat-camping-fr","12":"product_cat-tous-les-produits","13":"product_tag-aimant","14":"product_tag-filtre-wm","15":"product_tag-support-fr","16":"product_tag-support","17":"product_tag-support-avec-aimant","18":"product_tag-universel","20":"first","21":"instock","22":"taxable","23":"shipping-taxable","24":"purchasable","25":"product-type-simple"},"_links":{"self":[{"href":"https:\/\/wm-aquatec.de\/fr\/wp-json\/wp\/v2\/product\/25562","targetHints":{"allow":["GET"]}}],"collection":[{"href":"https:\/\/wm-aquatec.de\/fr\/wp-json\/wp\/v2\/product"}],"about":[{"href":"https:\/\/wm-aquatec.de\/fr\/wp-json\/wp\/v2\/types\/product"}],"wp:featuredmedia":[{"embeddable":true,"href":"https:\/\/wm-aquatec.de\/fr\/wp-json\/wp\/v2\/media\/25565"}],"wp:attachment":[{"href":"https:\/\/wm-aquatec.de\/fr\/wp-json\/wp\/v2\/media?parent=25562"}],"wp:term":[{"taxonomy":"product_brand","embeddable":true,"href":"https:\/\/wm-aquatec.de\/fr\/wp-json\/wp\/v2\/product_brand?post=25562"},{"taxonomy":"product_cat","embeddable":true,"href":"https:\/\/wm-aquatec.de\/fr\/wp-json\/wp\/v2\/product_cat?post=25562"},{"taxonomy":"product_tag","embeddable":true,"href":"https:\/\/wm-aquatec.de\/fr\/wp-json\/wp\/v2\/product_tag?post=25562"}],"curies":[{"name":"wp","href":"https:\/\/api.w.org\/{rel}","templated":true}]}}