{"id":2738,"date":"2021-07-16T09:35:21","date_gmt":"2021-07-26T07:53:30","guid":{"rendered":"https:\/\/wm-aquatec.de\/shop\/non%20class\u00e9\/unite-de-desinfection-de-leau-par-led-uv-c-kit-de-raccordement-electrique\/"},"modified":"2023-09-20T10:41:26","modified_gmt":"2023-09-20T08:41:26","slug":"unite-de-desinfection-de-leau-par-led-uv-c-kit-de-rechange-pour-le-raccordement-electrique","status":"publish","type":"product","link":"https:\/\/wm-aquatec.de\/fr\/shop\/bateau\/accessoires-et-pieces-de-rechange-fr\/unite-de-desinfection-de-leau-par-led-uv-c-kit-de-rechange-pour-le-raccordement-electrique\/","title":{"rendered":"Unit\u00e9 de d\u00e9sinfection de l\u2019eau par LED UV-C kit de raccordement \u00e9lectrique"},"content":{"rendered":"<div class=\"container section-title-container\" ><h1 class=\"section-title section-title-normal\"><b><\/b><span class=\"section-title-main\" >Unit\u00e9 de d\u00e9sinfection de l\u2019eau par LED UV-C kit de raccordement \u00e9lectrique<\/span><b><\/b><\/h1><\/div>\n\n\t<section class=\"section\" id=\"section_387363499\">\n\t\t<div class=\"section-bg fill\" >\n\t\t\t\t\t\t\t\t\t<div class=\"section-bg-overlay absolute fill\"><\/div>\n\t\t\t\n\n\t\t<\/div>\n\n\t\t\n\n\t\t<div class=\"section-content relative\">\n\t\t\t\n<div class=\"row row-collapse align-equal align-center\"  id=\"row-909255216\">\n\n\t<div id=\"col-162307863\" class=\"col small-12 large-12\"  >\n\t\t\t\t<div class=\"col-inner text-left\"  >\n\t\t\t\n\t\t\t\n\t<div id=\"text-1974738625\" class=\"text\">\n\t\t\n<ul>\n<li>comprend 3 x connecteurs de d\u00e9rivation<\/li>\n<\/ul>\n\t\t\n<style>\n#text-1974738625 {\n  font-size: 1rem;\n  text-align: left;\n}\n<\/style>\n\t<\/div>\n\t\n\t\t<\/div>\n\t\t\t\t\n<style>\n#col-162307863 > .col-inner {\n  padding: 40px 0px 0px 15px;\n}\n@media (min-width:550px) {\n  #col-162307863 > .col-inner {\n    padding: 15px 0px 0px 15px;\n  }\n}\n<\/style>\n\t<\/div>\n\n\t\n<\/div>\n\t\t<\/div>\n\n\t\t\n<style>\n#section_387363499 {\n  padding-top: 0px;\n  padding-bottom: 0px;\n}\n#section_387363499 .section-bg-overlay {\n  background-color: rgba(255, 255, 255, 0.75);\n}\n@media (min-width:550px) {\n  #section_387363499 {\n    padding-top: 0px;\n    padding-bottom: 0px;\n  }\n}\n<\/style>\n\t<\/section>\n\t\n","protected":false},"excerpt":{"rendered":"<p>Kit de connexion \u00e9lectrique pour le raccordement des c\u00e2bles de connexion \u00e9lectrique embarqu\u00e9s \u00e0 l&rsquo;unit\u00e9 de d\u00e9sinfection de l&rsquo;eau par LED UV-C.<\/p>\n","protected":false},"featured_media":18152,"template":"","meta":{"inline_featured_image":false},"product_brand":[],"product_cat":[982,984,226,153],"product_tag":[329,469,475,379,478,477,468,191],"class_list":{"0":"post-2738","1":"product","2":"type-product","3":"status-publish","4":"has-post-thumbnail","6":"product_cat-accessoires-et-pieces-de-rechange-fr","7":"product_cat-accessoires-et-pieces-de-rechange-tout-terrain","8":"product_cat-accessoires-et-pieces-de-rechange","9":"product_cat-tous-les-produits","10":"product_tag-accessoires","11":"product_tag-buse-de-tuyau","12":"product_tag-connecteur-de-derivation","13":"product_tag-connexion","14":"product_tag-connexion-electrique","15":"product_tag-electricite","16":"product_tag-piece-de-rechange","17":"product_tag-uv-c-fr","19":"first","20":"instock","21":"taxable","22":"shipping-taxable","23":"purchasable","24":"product-type-simple"},"_links":{"self":[{"href":"https:\/\/wm-aquatec.de\/fr\/wp-json\/wp\/v2\/product\/2738","targetHints":{"allow":["GET"]}}],"collection":[{"href":"https:\/\/wm-aquatec.de\/fr\/wp-json\/wp\/v2\/product"}],"about":[{"href":"https:\/\/wm-aquatec.de\/fr\/wp-json\/wp\/v2\/types\/product"}],"wp:featuredmedia":[{"embeddable":true,"href":"https:\/\/wm-aquatec.de\/fr\/wp-json\/wp\/v2\/media\/18152"}],"wp:attachment":[{"href":"https:\/\/wm-aquatec.de\/fr\/wp-json\/wp\/v2\/media?parent=2738"}],"wp:term":[{"taxonomy":"product_brand","embeddable":true,"href":"https:\/\/wm-aquatec.de\/fr\/wp-json\/wp\/v2\/product_brand?post=2738"},{"taxonomy":"product_cat","embeddable":true,"href":"https:\/\/wm-aquatec.de\/fr\/wp-json\/wp\/v2\/product_cat?post=2738"},{"taxonomy":"product_tag","embeddable":true,"href":"https:\/\/wm-aquatec.de\/fr\/wp-json\/wp\/v2\/product_tag?post=2738"}],"curies":[{"name":"wp","href":"https:\/\/api.w.org\/{rel}","templated":true}]}}