{"id":2743,"date":"2021-07-02T14:51:51","date_gmt":"2021-07-26T08:24:26","guid":{"rendered":"https:\/\/wm-aquatec.de\/shop\/non%20class\u00e9\/dexda-clean\/"},"modified":"2023-01-17T09:30:44","modified_gmt":"2023-01-17T08:30:44","slug":"dexda-clean","status":"publish","type":"product","link":"https:\/\/wm-aquatec.de\/fr\/shop\/tout-terrain\/nettoyage-du-systeme-fr\/dexda-clean\/","title":{"rendered":"DEXDA\u00ae Clean"},"content":{"rendered":"<div class=\"container section-title-container\" ><h1 class=\"section-title section-title-normal\"><b><\/b><span class=\"section-title-main\" >DEXDA\u00ae Clean pour la d\u00e9sinfection et l'\u00e9limination du biofilm<\/span><b><\/b><\/h1><\/div>\n\n\t<section class=\"section dark\" id=\"section_1581495998\">\n\t\t<div class=\"section-bg fill\" >\n\t\t\t<img loading=\"lazy\" decoding=\"async\" width=\"2560\" height=\"1550\" src=\"https:\/\/wm-aquatec.de\/wp-content\/uploads\/2021\/12\/AdobeStock_463368126-scaled.jpeg\" class=\"bg attachment- size-\" alt=\"\" \/>\t\t\t\t\t\t<div class=\"section-bg-overlay absolute fill\"><\/div>\n\t\t\t\n\n\t\t<\/div>\n\n\t\t\n\n\t\t<div class=\"section-content relative\">\n\t\t\t\n\t<div class=\"img has-hover x md-x lg-x y md-y lg-y\" id=\"image_368511759\">\n\t\t\t\t\t\t\t\t<div class=\"img-inner dark\" >\n\t\t\t<img loading=\"lazy\" decoding=\"async\" width=\"800\" height=\"800\" src=\"https:\/\/wm-aquatec.de\/wp-content\/uploads\/2021\/07\/DC250CD03-2.png\" class=\"attachment-original size-original\" alt=\"\" srcset=\"https:\/\/wm-aquatec.de\/wp-content\/uploads\/2021\/07\/DC250CD03-2.png 800w, https:\/\/wm-aquatec.de\/wp-content\/uploads\/2021\/07\/DC250CD03-2-400x400.png 400w, https:\/\/wm-aquatec.de\/wp-content\/uploads\/2021\/07\/DC250CD03-2-280x280.png 280w, https:\/\/wm-aquatec.de\/wp-content\/uploads\/2021\/07\/DC250CD03-2-768x768.png 768w, https:\/\/wm-aquatec.de\/wp-content\/uploads\/2021\/07\/DC250CD03-2-300x300.png 300w, https:\/\/wm-aquatec.de\/wp-content\/uploads\/2021\/07\/DC250CD03-2-600x600.png 600w, https:\/\/wm-aquatec.de\/wp-content\/uploads\/2021\/07\/DC250CD03-2-100x100.png 100w\" sizes=\"auto, (max-width: 800px) 100vw, 800px\" \/>\t\t\t\t\t\t\n\t\t\t\t\t<\/div>\n\t\t\t\t\t\t\t\t\n<style>\n#image_368511759 {\n  width: 100%;\n}\n@media (min-width:550px) {\n  #image_368511759 {\n    width: 65%;\n  }\n}\n@media (min-width:850px) {\n  #image_368511759 {\n    width: 35%;\n  }\n}\n<\/style>\n\t<\/div>\n\t\n\t\t<\/div>\n\n\t\t\n<style>\n#section_1581495998 {\n  padding-top: 0px;\n  padding-bottom: 0px;\n  margin-bottom: 0px;\n  min-height: 330px;\n}\n#section_1581495998 .section-bg-overlay {\n  background-color: rgba(255, 255, 255, 0.453);\n}\n#section_1581495998 .section-bg img {\n  object-position: 63% 61%;\n}\n@media (min-width:550px) {\n  #section_1581495998 {\n    min-height: 600px;\n  }\n}\n@media (min-width:850px) {\n  #section_1581495998 {\n    min-height: 475px;\n  }\n}\n<\/style>\n\t<\/section>\n\t\n\n\t<section class=\"section dark\" id=\"section_714669978\">\n\t\t<div class=\"section-bg fill\" >\n\t\t\t\t\t\t\t\t\t\n\t\t\t\n\n\t\t<\/div>\n\n\t\t\n\n\t\t<div class=\"section-content relative\">\n\t\t\t\n<div class=\"row row-large align-center\"  id=\"row-1042567934\">\n\n\t<div id=\"col-1141651270\" class=\"col medium-4 small-12 large-4\"  >\n\t\t\t\t<div class=\"col-inner text-left\"  >\n\t\t\t\n\t\t\t\n\n\t\t<div class=\"icon-box featured-box icon-box-left text-left\"  >\n\t\t\t\t\t<div class=\"icon-box-img\" style=\"width: 50px\">\n\t\t\t\t<div class=\"icon\">\n\t\t\t\t\t<div class=\"icon-inner\" >\n\t\t\t\t\t\t<?xml version=\"1.0\" ?><svg style=\"enable-background:new 0 0 32 32;\" version=\"1.1\" viewBox=\"0 0 32 32\" xml:space=\"preserve\" xmlns=\"http:\/\/www.w3.org\/2000\/svg\" xmlns:xlink=\"http:\/\/www.w3.org\/1999\/xlink\"><g id=\"Guides\"\/><g id=\"_x32_0\"\/><g id=\"_x31_9\"\/><g id=\"_x31_8\"\/><g id=\"_x31_7\"\/><g id=\"_x31_6\"\/><g id=\"_x31_5\"\/><g id=\"_x31_4\"\/><g id=\"_x31_3\"\/><g id=\"_x31_2\"\/><g id=\"_x31_1\"\/><g id=\"_x31_0\"\/><g id=\"_x30_9\"\/><g id=\"_x30_8\"\/><g id=\"_x30_7\"\/><g id=\"_x30_6\"\/><g id=\"_x30_5\"\/><g id=\"_x30_4\"\/><g id=\"_x30_3\"\/><g id=\"_x30_2\"\/><g id=\"_x30_1\"><g><path d=\"M16.7070313,2.2929688c-0.390625-0.390625-1.0234375-0.390625-1.4140625,0C14.9135742,2.6723633,6,11.6816406,6,20    c0,5.5141602,4.4858398,10,10,10c5.5136719,0,10-4.4858398,10-10C26,11.6816406,17.0869141,2.6723633,16.7070313,2.2929688z     M16,28c-4.4111328,0-8-3.5888672-8-8c0-6.2075195,5.9248047-13.2612305,8.0004883-15.5410156    C18.0761719,6.7368164,24,13.7836914,24,20C24,24.4111328,20.4111328,28,16,28z\"\/><path d=\"M16,24c-2.2055664,0-4-1.8105469-4-4.0356445c0-0.5522461-0.4477539-1-1-1s-1,0.4477539-1,1    C10,23.2924805,12.6914063,26,16,26c0.5522461,0,1-0.4477539,1-1S16.5522461,24,16,24z\"\/><\/g><\/g><\/svg>\t\t\t\t\t<\/div>\n\t\t\t\t<\/div>\n\t\t\t<\/div>\n\t\t\t\t<div class=\"icon-box-text last-reset\">\n\t\t\t\t\t\t\t\t\t\n\t<div id=\"text-14743551\" class=\"text\">\n\t\t\n<p><span style=\"font-size: 100%;\">DEXDA\u00ae Clean d\u00e9sinfecte non seulement le r\u00e9servoir d&rsquo;eau douce, mais aussi <span style=\"font-weight: 900;\">l&rsquo;ensemble du syst\u00e8me d&rsquo;eau douce &#8211; et ce sans rin\u00e7age r\u00e9p\u00e9t\u00e9.<\/span> Contrairement au chlore, le dioxyde de chlore ne laisse pas d&rsquo;arri\u00e8re-go\u00fbt.<\/span><br \/>\n\t\t\n<style>\n#text-14743551 {\n  text-align: left;\n}\n<\/style>\n\t<\/div>\n\t\n\t\t<\/div>\n\t<\/div>\n\t\n\t\n\t\t<\/div>\n\t\t\t\t\t<\/div>\n\n\t\n\n\t<div id=\"col-1394146457\" class=\"col medium-4 small-12 large-4\"  >\n\t\t\t\t<div class=\"col-inner text-left\"  >\n\t\t\t\n\t\t\t\n\n\t\t<div class=\"icon-box featured-box icon-box-left text-left\"  >\n\t\t\t\t\t<div class=\"icon-box-img\" style=\"width: 50px\">\n\t\t\t\t<div class=\"icon\">\n\t\t\t\t\t<div class=\"icon-inner\" >\n\t\t\t\t\t\t<?xml version=\"1.0\" ?><svg viewBox=\"0 0 64 64\" xmlns=\"http:\/\/www.w3.org\/2000\/svg\"><title\/><g data-name=\"Layer 20\" id=\"Layer_20\"><path d=\"M23,56H22V49a1,1,0,0,0-2,0v7H14V39a1,1,0,0,1,1-1h4a1,1,0,0,0,1-1V13a7.008,7.008,0,0,1,7-7h2a7.006,7.006,0,0,1,6.995,6.9l-1.344,5.374A3,3,0,0,0,37.562,22h2.876a3,3,0,0,0,2.911-3.728l-1.357-5.426A13.011,13.011,0,0,0,29,0H27A13.015,13.015,0,0,0,14,13v1a1,1,0,0,0,2,0V13A11.013,11.013,0,0,1,27,2h2A11.015,11.015,0,0,1,39.955,12h-2.01A9.013,9.013,0,0,0,29,4H27a9.01,9.01,0,0,0-9,9V36H16V18a1,1,0,0,0-2,0V36.184A3,3,0,0,0,12,39v5H8V39a3,3,0,0,0-6,0v5.184A3,3,0,0,0,0,47v2a3,3,0,0,0,3,3h9v4H11a7.008,7.008,0,0,0-7,7,1,1,0,0,0,1,1H29a1,1,0,0,0,1-1A7.008,7.008,0,0,0,23,56ZM40.219,14l1.19,4.757A1,1,0,0,1,40.438,20H37.562a1,1,0,0,1-.971-1.243L37.781,14ZM4,39a1,1,0,0,1,2,0v5H4ZM3,50a1,1,0,0,1-1-1V47a1,1,0,0,1,1-1h9v4ZM6.1,62A5.008,5.008,0,0,1,11,58H23a5.008,5.008,0,0,1,4.9,4Z\"\/><path d=\"M36,28a1,1,0,0,0-2,0v2a1,1,0,0,0,2,0Z\"\/><path d=\"M40,24a1,1,0,0,0-2,0v2a1,1,0,0,0,2,0Z\"\/><path d=\"M40,30a1,1,0,0,0-2,0v2a1,1,0,0,0,2,0Z\"\/><path d=\"M39,35a1,1,0,0,0-1,1v2a1,1,0,0,0,2,0V36A1,1,0,0,0,39,35Z\"\/><path d=\"M43,33a1,1,0,0,0-1,1v2a1,1,0,0,0,2,0V34A1,1,0,0,0,43,33Z\"\/><path d=\"M35,33a1,1,0,0,0-1,1v2a1,1,0,0,0,2,0V34A1,1,0,0,0,35,33Z\"\/><path d=\"M42,28v2a1,1,0,0,0,2,0V28a1,1,0,0,0-2,0Z\"\/><path d=\"M63,38H61a3,3,0,0,0-2.816,2H53.89A6.989,6.989,0,0,0,44.1,40H36a4,4,0,0,0,0,8H47a1,1,0,0,0,0-2H36a2,2,0,0,1,0-4h8.528a1,1,0,0,0,.745-.333,4.99,4.99,0,0,1,7.446,0,1,1,0,0,0,.744.332H58V52H34.313a6.958,6.958,0,0,1-4.949-2.05l-6.485-6.485A2.984,2.984,0,0,1,22,41.343V41a3,3,0,0,1,3-3h.172a1,1,0,0,1,.707.293l3.414,3.414a1,1,0,0,0,1.414-1.414l-3.414-3.414A2.978,2.978,0,0,0,25.172,36H25a5.006,5.006,0,0,0-5,5v.343a4.971,4.971,0,0,0,1.464,3.536l6.486,6.485A8.94,8.94,0,0,0,34.313,54H58.184A3,3,0,0,0,61,56h2a1,1,0,0,0,1-1V39A1,1,0,0,0,63,38ZM62,54H61a1,1,0,0,1-1-1V41a1,1,0,0,1,1-1h1Z\"\/><\/g><\/svg>\t\t\t\t\t<\/div>\n\t\t\t\t<\/div>\n\t\t\t<\/div>\n\t\t\t\t<div class=\"icon-box-text last-reset\">\n\t\t\t\t\t\t\t\t\t\n\t<div id=\"text-3671351824\" class=\"text\">\n\t\t\n<p><span style=\"font-size: 100%;\"><span style=\"font-weight: 900;\">Le biofilm dans les tuyaux est \u00e9limin\u00e9 efficacement.<\/span> C&rsquo;est particuli\u00e8rement important, car le biofilm constitue un parfait \u00ab\u00a0incubateur\u00a0\u00bb pour la multiplication des germes et des bact\u00e9ries.<\/span><br \/>\n\t\t\n<style>\n#text-3671351824 {\n  text-align: left;\n}\n<\/style>\n\t<\/div>\n\t\n\t\t<\/div>\n\t<\/div>\n\t\n\t\n\t\t<\/div>\n\t\t\t\t\t<\/div>\n\n\t\n\n\t<div id=\"col-490108740\" class=\"col medium-4 small-12 large-4\"  >\n\t\t\t\t<div class=\"col-inner text-left\"  >\n\t\t\t\n\t\t\t\n\n\t\t<div class=\"icon-box featured-box icon-box-left text-left\"  >\n\t\t\t\t\t<div class=\"icon-box-img\" style=\"width: 50px\">\n\t\t\t\t<div class=\"icon\">\n\t\t\t\t\t<div class=\"icon-inner\" style=\"color:rgb(255, 255, 255);\">\n\t\t\t\t\t\t<?xml version=\"1.0\" encoding=\"utf-8\"?>\n<!-- Generator: Adobe Illustrator 25.3.1, SVG Export Plug-In . SVG Version: 6.00 Build 0)  -->\n<svg version=\"1.1\" id=\"Ebene_1\" xmlns:sketch=\"http:\/\/www.bohemiancoding.com\/sketch\/ns\"\n\t xmlns=\"http:\/\/www.w3.org\/2000\/svg\" xmlns:xlink=\"http:\/\/www.w3.org\/1999\/xlink\" x=\"0px\" y=\"0px\" viewBox=\"0 0 32 32\"\n\t style=\"enable-background:new 0 0 32 32;\" xml:space=\"preserve\">\n<style type=\"text\/css\">\n\t.st0{fill-rule:evenodd;clip-rule:evenodd;fill:#FFFFFF;}\n<\/style>\n<desc>Created with Sketch.<\/desc>\n<g id=\"Page-1\" sketch:type=\"MSPage\">\n\t<g id=\"icon-138-certificate\" sketch:type=\"MSArtboardGroup\">\n\t\t<path id=\"certificate\" sketch:type=\"MSShapeGroup\" class=\"st0\" d=\"M13,19.9V22h13c0.6,0,1-0.4,1-1V8c0-0.6-0.4-1-1-1H6\n\t\t\tC5.4,7,5,7.4,5,8v13c0,0.6,0.4,1,1,1h2v-2.1c-0.6-0.6-1-1.5-1-2.4c0-1.9,1.6-3.5,3.5-3.5s3.5,1.6,3.5,3.5\n\t\t\tC14,18.5,13.6,19.3,13,19.9L13,19.9L13,19.9z M9,20.7v3.9l1.5-1.5l1.5,1.5v-3.9c-0.5,0.2-1,0.3-1.5,0.3S9.5,20.9,9,20.7L9,20.7\n\t\t\tL9,20.7z M8,23H6c-1.1,0-2-0.9-2-2V8c0-1.1,0.9-2,2-2h20c1.1,0,2,0.9,2,2v13c0,1.1-0.9,2-2,2H13v4l-2.5-2.5L8,27V23L8,23z M7,11v1\n\t\t\th18v-1H7L7,11z M16,14v1h9v-1H16L16,14z M19,17v1h6v-1H19L19,17z M10.5,20c1.4,0,2.5-1.1,2.5-2.5S11.9,15,10.5,15S8,16.1,8,17.5\n\t\t\tS9.1,20,10.5,20L10.5,20z\"\/>\n\t<\/g>\n<\/g>\n<\/svg>\n\t\t\t\t\t<\/div>\n\t\t\t\t<\/div>\n\t\t\t<\/div>\n\t\t\t\t<div class=\"icon-box-text last-reset\">\n\t\t\t\t\t\t\t\t\t\n\t<div id=\"text-1438030594\" class=\"text\">\n\t\t\n<p><span style=\"font-size: 100%;\"><span style=\"font-weight: 900;\">L&rsquo;efficacit\u00e9 de DEXDA\u00ae Clean a \u00e9t\u00e9 confirm\u00e9e selon les normes allemandes DIN 1276 et DIN 13623.<\/span> Rien d&rsquo;\u00e9tonnant \u00e0 cela &#8211; puisque le dioxyde de chlore est \u00e9galement utilis\u00e9 dans l&rsquo;approvisionnement public en eau, la technique m\u00e9dicale et l&rsquo;industrie. <\/span><br \/>\n\t\t\n<style>\n#text-1438030594 {\n  text-align: left;\n}\n<\/style>\n\t<\/div>\n\t\n\t\t<\/div>\n\t<\/div>\n\t\n\t\n\t\t<\/div>\n\t\t\t\t\t<\/div>\n\n\t\n<\/div>\n\t\t<\/div>\n\n\t\t\n<style>\n#section_714669978 {\n  padding-top: 30px;\n  padding-bottom: 30px;\n  background-color: rgb(0, 106, 176);\n}\n<\/style>\n\t<\/section>\n\t\n<div class=\"container section-title-container\" style=\"margin-top:30px;\"><h1 class=\"section-title section-title-normal\"><b><\/b><span class=\"section-title-main\" >En un coup d'\u0153il<\/span><b><\/b><\/h1><\/div>\n\n\t<section class=\"section\" id=\"section_1927977199\">\n\t\t<div class=\"section-bg fill\" >\n\t\t\t\t\t\t\t\t\t<div class=\"section-bg-overlay absolute fill\"><\/div>\n\t\t\t\n\n\t\t<\/div>\n\n\t\t\n\n\t\t<div class=\"section-content relative\">\n\t\t\t\n<div class=\"row row-collapse row-full-width align-equal align-center\"  id=\"row-945134729\">\n\n\t<div id=\"col-684379113\" class=\"col medium-7 small-12 large-7\"  >\n\t\t\t\t<div class=\"col-inner text-left\"  >\n\t\t\t\n\t\t\t\n\t<div id=\"text-2641200125\" class=\"text\">\n\t\t\n<ul>\n<li>d\u00e9sinfecte l&rsquo;ensemble du syst\u00e8me d&rsquo;eau douce<\/li>\n<li>\u00e9limine le biofilm dans le r\u00e9servoir et les tuyaux<\/li>\n<li>solution de dioxyde de chlore tr\u00e8s efficace (25 x plus forte que le peroxyde d&rsquo;hydrog\u00e8ne)<\/li>\n<li>efficacit\u00e9 de DEXDA\u00ae Clean confirm\u00e9e selon les normes allemandes DIN 1276 et DIN 13623<\/li>\n<li>pas de rin\u00e7age multiple n\u00e9cessaire<\/li>\n<li>disponible pour les r\u00e9servoirs jusqu&rsquo;\u00e0 60, 160 et 500 litres<\/li>\n<li>utilisation simultan\u00e9e possible avec notre d\u00e9tartrant KXpress<\/li>\n<li>prouv\u00e9 adapt\u00e9 aux chaudi\u00e8res Truma<\/li>\n<\/ul>\n\t\t\n<style>\n#text-2641200125 {\n  font-size: 1rem;\n  text-align: left;\n}\n<\/style>\n\t<\/div>\n\t\n\t\t<\/div>\n\t\t\t\t\n<style>\n#col-684379113 > .col-inner {\n  padding: 40px 0px 0px 15px;\n}\n@media (min-width:550px) {\n  #col-684379113 > .col-inner {\n    padding: 40px 0px 0px 15px;\n  }\n}\n<\/style>\n\t<\/div>\n\n\t\n\n\t<div id=\"col-2105403207\" class=\"col medium-5 small-12 large-5\"  >\n\t\t\t\t<div class=\"col-inner\"  >\n\t\t\t\n\t\t\t\n\t<div class=\"img has-hover x md-x lg-x y md-y lg-y\" id=\"image_1415538238\">\n\t\t\t\t\t\t\t\t<div class=\"img-inner dark\" >\n\t\t\t<img loading=\"lazy\" decoding=\"async\" width=\"800\" height=\"800\" src=\"https:\/\/wm-aquatec.de\/wp-content\/uploads\/2021\/07\/Dexda_Clean_DIN-800x800.jpg\" class=\"attachment-large size-large\" alt=\"Silbernetz zur automatischen Wasserkonservierung Sortiment\" srcset=\"https:\/\/wm-aquatec.de\/wp-content\/uploads\/2021\/07\/Dexda_Clean_DIN-800x800.jpg 800w, https:\/\/wm-aquatec.de\/wp-content\/uploads\/2021\/07\/Dexda_Clean_DIN-400x400.jpg 400w, https:\/\/wm-aquatec.de\/wp-content\/uploads\/2021\/07\/Dexda_Clean_DIN-280x280.jpg 280w, https:\/\/wm-aquatec.de\/wp-content\/uploads\/2021\/07\/Dexda_Clean_DIN-768x768.jpg 768w, https:\/\/wm-aquatec.de\/wp-content\/uploads\/2021\/07\/Dexda_Clean_DIN-300x300.jpg 300w, https:\/\/wm-aquatec.de\/wp-content\/uploads\/2021\/07\/Dexda_Clean_DIN-600x600.jpg 600w, https:\/\/wm-aquatec.de\/wp-content\/uploads\/2021\/07\/Dexda_Clean_DIN-100x100.jpg 100w, https:\/\/wm-aquatec.de\/wp-content\/uploads\/2021\/07\/Dexda_Clean_DIN.jpg 1500w\" sizes=\"auto, (max-width: 800px) 100vw, 800px\" \/>\t\t\t\t\t\t\n\t\t\t\t\t<\/div>\n\t\t\t\t\t\t\t\t\n<style>\n#image_1415538238 {\n  width: 100%;\n}\n@media (min-width:550px) {\n  #image_1415538238 {\n    width: 75%;\n  }\n}\n<\/style>\n\t<\/div>\n\t\n\t\t<\/div>\n\t\t\t\t\t<\/div>\n\n\t\n<\/div>\n\t\t<\/div>\n\n\t\t\n<style>\n#section_1927977199 {\n  padding-top: 0px;\n  padding-bottom: 0px;\n}\n#section_1927977199 .section-bg-overlay {\n  background-color: rgba(255, 255, 255, 0.75);\n}\n@media (min-width:550px) {\n  #section_1927977199 {\n    padding-top: 0px;\n    padding-bottom: 0px;\n  }\n}\n<\/style>\n\t<\/section>\n\t\n<div class=\"container section-title-container\" style=\"margin-top:30px;\"><h1 class=\"section-title section-title-normal\"><b><\/b><span class=\"section-title-main\" >LA BONNE TAILLE POUR CHAQUE R\u00c9SERVOIR<\/span><b><\/b><\/h1><\/div>\n\n\t<section class=\"section\" id=\"section_1308362759\">\n\t\t<div class=\"section-bg fill\" >\n\t\t\t\t\t\t\t\t\t\n\t\t\t\n\n\t\t<\/div>\n\n\t\t\n\n\t\t<div class=\"section-content relative\">\n\t\t\t\n<div class=\"row row-small row-full-width align-equal\"  id=\"row-1668993798\">\n\n\t<div id=\"col-423850151\" class=\"col medium-4 small-12 large-4\"  >\n\t\t\t\t<div class=\"col-inner text-left\"  >\n\t\t\t\n\t\t\t\n\t<div class=\"img has-hover x md-x lg-x y md-y lg-y\" id=\"image_1086934837\">\n\t\t\t\t\t\t\t\t<div class=\"img-inner dark\" >\n\t\t\t<img loading=\"lazy\" decoding=\"async\" width=\"800\" height=\"800\" src=\"https:\/\/wm-aquatec.de\/wp-content\/uploads\/2021\/07\/DC100CD03-800x800.jpg\" class=\"attachment-large size-large\" alt=\"DEXDA\u00ae Clean nettoyant d\u00e9sinfectant pour les r\u00e9servoirs jusqu&#039;\u00e0 60 litres\" srcset=\"https:\/\/wm-aquatec.de\/wp-content\/uploads\/2021\/07\/DC100CD03-800x800.jpg 800w, https:\/\/wm-aquatec.de\/wp-content\/uploads\/2021\/07\/DC100CD03-400x400.jpg 400w, https:\/\/wm-aquatec.de\/wp-content\/uploads\/2021\/07\/DC100CD03-280x280.jpg 280w, https:\/\/wm-aquatec.de\/wp-content\/uploads\/2021\/07\/DC100CD03-768x768.jpg 768w, https:\/\/wm-aquatec.de\/wp-content\/uploads\/2021\/07\/DC100CD03-300x300.jpg 300w, https:\/\/wm-aquatec.de\/wp-content\/uploads\/2021\/07\/DC100CD03-600x600.jpg 600w, https:\/\/wm-aquatec.de\/wp-content\/uploads\/2021\/07\/DC100CD03-100x100.jpg 100w, https:\/\/wm-aquatec.de\/wp-content\/uploads\/2021\/07\/DC100CD03.jpg 1500w\" sizes=\"auto, (max-width: 800px) 100vw, 800px\" \/>\t\t\t\t\t\t\n\t\t\t\t\t<\/div>\n\t\t\t\t\t\t\t\t\n<style>\n#image_1086934837 {\n  width: 50%;\n}\n<\/style>\n\t<\/div>\n\t\n<h3>DC100CD03<\/h3>\n<p>convient aux r\u00e9servoirs jusqu&rsquo;\u00e0 60 litres<\/p>\n\t\t<\/div>\n\t\t\t\t\t<\/div>\n\n\t\n\n\t<div id=\"col-1262433\" class=\"col medium-4 small-12 large-4\"  >\n\t\t\t\t<div class=\"col-inner\"  >\n\t\t\t\n\t\t\t\n\t<div class=\"img has-hover x md-x lg-x y md-y lg-y\" id=\"image_1059916011\">\n\t\t\t\t\t\t\t\t<div class=\"img-inner dark\" >\n\t\t\t<img loading=\"lazy\" decoding=\"async\" width=\"800\" height=\"800\" src=\"https:\/\/wm-aquatec.de\/wp-content\/uploads\/2021\/07\/DC250CD03-800x800.jpg\" class=\"attachment-large size-large\" alt=\"DEXDA\u00ae Clean nettoyant d\u00e9sinfectant pour les r\u00e9servoirs jusqu&#039;\u00e0 160 litres\" srcset=\"https:\/\/wm-aquatec.de\/wp-content\/uploads\/2021\/07\/DC250CD03-800x800.jpg 800w, https:\/\/wm-aquatec.de\/wp-content\/uploads\/2021\/07\/DC250CD03-400x400.jpg 400w, https:\/\/wm-aquatec.de\/wp-content\/uploads\/2021\/07\/DC250CD03-280x280.jpg 280w, https:\/\/wm-aquatec.de\/wp-content\/uploads\/2021\/07\/DC250CD03-768x768.jpg 768w, https:\/\/wm-aquatec.de\/wp-content\/uploads\/2021\/07\/DC250CD03-300x300.jpg 300w, https:\/\/wm-aquatec.de\/wp-content\/uploads\/2021\/07\/DC250CD03-600x600.jpg 600w, https:\/\/wm-aquatec.de\/wp-content\/uploads\/2021\/07\/DC250CD03-100x100.jpg 100w, https:\/\/wm-aquatec.de\/wp-content\/uploads\/2021\/07\/DC250CD03.jpg 1500w\" sizes=\"auto, (max-width: 800px) 100vw, 800px\" \/>\t\t\t\t\t\t\n\t\t\t\t\t<\/div>\n\t\t\t\t\t\t\t\t\n<style>\n#image_1059916011 {\n  width: 50%;\n}\n<\/style>\n\t<\/div>\n\t\n<h3>DC250CD03<\/h3>\n<p>convient aux r\u00e9servoirs jusqu&rsquo;\u00e0 160 litres<\/p>\n\t\t<\/div>\n\t\t\t\t\t<\/div>\n\n\t\n\n\t<div id=\"col-1444060111\" class=\"col medium-4 small-12 large-4\"  >\n\t\t\t\t<div class=\"col-inner\"  >\n\t\t\t\n\t\t\t\n\t<div class=\"img has-hover x md-x lg-x y md-y lg-y\" id=\"image_1672890976\">\n\t\t\t\t\t\t\t\t<div class=\"img-inner dark\" >\n\t\t\t<img loading=\"lazy\" decoding=\"async\" width=\"800\" height=\"800\" src=\"https:\/\/wm-aquatec.de\/wp-content\/uploads\/2021\/07\/DC5000CD03-800x800.jpg\" class=\"attachment-large size-large\" alt=\"DEXDA\u00ae Clean nettoyant d\u00e9sinfectant pour les r\u00e9servoirs jusqu&#039;\u00e0 500 L\" srcset=\"https:\/\/wm-aquatec.de\/wp-content\/uploads\/2021\/07\/DC5000CD03-800x800.jpg 800w, https:\/\/wm-aquatec.de\/wp-content\/uploads\/2021\/07\/DC5000CD03-400x400.jpg 400w, https:\/\/wm-aquatec.de\/wp-content\/uploads\/2021\/07\/DC5000CD03-280x280.jpg 280w, https:\/\/wm-aquatec.de\/wp-content\/uploads\/2021\/07\/DC5000CD03-768x768.jpg 768w, https:\/\/wm-aquatec.de\/wp-content\/uploads\/2021\/07\/DC5000CD03-300x300.jpg 300w, https:\/\/wm-aquatec.de\/wp-content\/uploads\/2021\/07\/DC5000CD03-600x600.jpg 600w, https:\/\/wm-aquatec.de\/wp-content\/uploads\/2021\/07\/DC5000CD03-100x100.jpg 100w, https:\/\/wm-aquatec.de\/wp-content\/uploads\/2021\/07\/DC5000CD03.jpg 1500w\" sizes=\"auto, (max-width: 800px) 100vw, 800px\" \/>\t\t\t\t\t\t\n\t\t\t\t\t<\/div>\n\t\t\t\t\t\t\t\t\n<style>\n#image_1672890976 {\n  width: 50%;\n}\n<\/style>\n\t<\/div>\n\t\n<h3>DC1000CD03<\/h3>\n<p>convient aux r\u00e9servoirs jusqu&rsquo;\u00e0 500 litres<\/p>\n\t\t<\/div>\n\t\t\t\t\t<\/div>\n\n\t\n\n<style>\n#row-1668993798 > .col > .col-inner {\n  padding: 0px 0px 0px 0px;\n}\n<\/style>\n<\/div>\n\t\t<\/div>\n\n\t\t\n<style>\n#section_1308362759 {\n  padding-top: 30px;\n  padding-bottom: 30px;\n}\n<\/style>\n\t<\/section>\n\t\n\n\t<section class=\"section\" id=\"section_1001696993\">\n\t\t<div class=\"section-bg fill\" >\n\t\t\t\t\t\t\t\t\t\n\t\t\t\n\n\t\t<\/div>\n\n\t\t\n\n\t\t<div class=\"section-content relative\">\n\t\t\t\n<div class=\"row\"  id=\"row-484459440\">\n\n\t<div id=\"col-151930401\" class=\"col medium-6 small-8 large-6\"  >\n\t\t\t\t<div class=\"col-inner text-left\"  >\n\t\t\t\n\t\t\t\n<div class=\"container section-title-container\" ><h3 class=\"section-title section-title-normal\"><b><\/b><span class=\"section-title-main\" >FAQ &amp; t\u00e9l\u00e9chargements<\/span><b><\/b><\/h3><\/div>\n<p>Tu trouveras des informations compl\u00e9mentaires en cliquant sur le lien suivant :<\/p>\n<p>\n            <nav role=\"navigation\" aria-label=\"Articles avec mots-cl\u00e9s\" class=\"widg-shortcode-article-container\"><div class=\"widg-reset defaults-reset widg-shortcode-article-contents\"><h4>Articles avec mots-cl\u00e9s<\/h4><ul><li><a href=\"https:\/\/wm-aquatec.de\/fr\/service-und-hilfe\/produits\/dexda-clean\/\"><span class=\"widg-article-title\"><i class=\"widg-shortcode-article-icon ep_font_icon_document\"><\/i><span>DEXDA\u00ae Clean<\/span><\/span><\/a><\/li><\/ul><\/div><\/nav>\n          <\/p>\n\t\t<\/div>\n\t\t\t\t\t<\/div>\n\n\t\n\n\t<div id=\"col-471518056\" class=\"col medium-6 small-8 large-6\"  >\n\t\t\t\t<div class=\"col-inner text-left\"  >\n\t\t\t\n\t\t\t\n\t<div id=\"text-1461410267\" class=\"text\">\n\t\t\n<p style=\"text-align: left;\">\n            <img loading=\"lazy\" decoding=\"async\" class=\"alignnone wp-image-1736\" src=\"https:\/\/wm-aquatec.de\/wp-content\/uploads\/2021\/07\/ghs_07_exclam.png\" alt=\"\" width=\"75\" height=\"75\" srcset=\"https:\/\/wm-aquatec.de\/wp-content\/uploads\/2021\/07\/ghs_07_exclam.png 200w, https:\/\/wm-aquatec.de\/wp-content\/uploads\/2021\/07\/ghs_07_exclam-100x100.png 100w\" sizes=\"auto, (max-width: 75px) 100vw, 75px\" \/><br \/>\n            <img loading=\"lazy\" decoding=\"async\" class=\"alignnone wp-image-1733\" src=\"https:\/\/wm-aquatec.de\/wp-content\/uploads\/2021\/07\/ghs_05_acid-400x400.png\" alt=\"\" width=\"75\" height=\"75\" srcset=\"https:\/\/wm-aquatec.de\/wp-content\/uploads\/2021\/07\/ghs_05_acid-400x400.png 400w, https:\/\/wm-aquatec.de\/wp-content\/uploads\/2021\/07\/ghs_05_acid-280x280.png 280w, https:\/\/wm-aquatec.de\/wp-content\/uploads\/2021\/07\/ghs_05_acid-300x300.png 300w, https:\/\/wm-aquatec.de\/wp-content\/uploads\/2021\/07\/ghs_05_acid-600x600.png 600w, https:\/\/wm-aquatec.de\/wp-content\/uploads\/2021\/07\/ghs_05_acid-100x100.png 100w, https:\/\/wm-aquatec.de\/wp-content\/uploads\/2021\/07\/ghs_05_acid.png 720w\" sizes=\"auto, (max-width: 75px) 100vw, 75px\" \/>\n          <\/p>\n<p style=\"text-align: left;\">Mot d&rsquo;avertissement : Danger<\/p>\n<p class=\"p1\">H302: Nocif en cas d\u2019ingestion.<br \/>H314: Provoque des br\u00fblures de la peau et de graves l\u00e9sions des yeux.<br \/>H318: Provoque de graves l\u00e9sions des yeux.<br \/>H412: Nocif pour les organismes aquatiques, entra\u00eene des effets n\u00e9fastes \u00e0 long terme.<\/p>\n<p class=\"p1\">BauA-Reg. N-86607<\/p>\n<p>\u00c9tiquetage selon le r\u00e8glement ( UE ) n\u00b0 528\/2012 : <strong>Utilisez les produits biocides avec pr\u00e9caution. Lisez toujours l&rsquo;\u00e9tiquette et les informations sur le produit avant de l&rsquo;utiliser.<\/strong><\/p>\n\t\t\n<style>\n#text-1461410267 {\n  text-align: left;\n}\n<\/style>\n\t<\/div>\n\t\n\t\t<\/div>\n\t\t\t\t\t<\/div>\n\n\t\n<\/div>\n\t\t<\/div>\n\n\t\t\n<style>\n#section_1001696993 {\n  padding-top: 30px;\n  padding-bottom: 30px;\n}\n<\/style>\n\t<\/section>\n\t\n","protected":false},"excerpt":{"rendered":"<p>Solution de dioxyde de chlore (0,3 %) pour l&rsquo;\u00e9limination des biofilms et la d\u00e9sinfection de tout le syst\u00e8me d&rsquo;eau douce.<\/p>\n","protected":false},"featured_media":1716,"template":"","meta":{"inline_featured_image":false},"product_brand":[],"product_cat":[969,156,970,153],"product_tag":[179,169,173,171,166,174,181,165],"class_list":{"0":"post-2743","1":"product","2":"type-product","3":"status-publish","4":"has-post-thumbnail","6":"product_cat-nettoyage-du-systeme-fr","7":"product_cat-nettoyage-du-systeme","8":"product_cat-nettoyage-du-systeme-fr-3","9":"product_cat-tous-les-produits","10":"product_tag-biofilm-fr","11":"product_tag-clean-fr","12":"product_tag-desinfection","13":"product_tag-dexda-fr","14":"product_tag-dioxyde-de-chlore","15":"product_tag-nettoyage","16":"product_tag-nettoyage-de-reservoir","17":"product_tag-solution-de-dioxyde-de-chlore","18":"pa_fuer-tankgroessen-bis-160-litres-fr","19":"pa_fuer-tankgroessen-bis-500-litres-fr","20":"pa_fuer-tankgroessen-bis-60-litres-fr","22":"first","23":"instock","24":"taxable","25":"shipping-taxable","26":"purchasable","27":"product-type-variable"},"_links":{"self":[{"href":"https:\/\/wm-aquatec.de\/fr\/wp-json\/wp\/v2\/product\/2743","targetHints":{"allow":["GET"]}}],"collection":[{"href":"https:\/\/wm-aquatec.de\/fr\/wp-json\/wp\/v2\/product"}],"about":[{"href":"https:\/\/wm-aquatec.de\/fr\/wp-json\/wp\/v2\/types\/product"}],"wp:featuredmedia":[{"embeddable":true,"href":"https:\/\/wm-aquatec.de\/fr\/wp-json\/wp\/v2\/media\/1716"}],"wp:attachment":[{"href":"https:\/\/wm-aquatec.de\/fr\/wp-json\/wp\/v2\/media?parent=2743"}],"wp:term":[{"taxonomy":"product_brand","embeddable":true,"href":"https:\/\/wm-aquatec.de\/fr\/wp-json\/wp\/v2\/product_brand?post=2743"},{"taxonomy":"product_cat","embeddable":true,"href":"https:\/\/wm-aquatec.de\/fr\/wp-json\/wp\/v2\/product_cat?post=2743"},{"taxonomy":"product_tag","embeddable":true,"href":"https:\/\/wm-aquatec.de\/fr\/wp-json\/wp\/v2\/product_tag?post=2743"}],"curies":[{"name":"wp","href":"https:\/\/api.w.org\/{rel}","templated":true}]}}