{"id":31137,"date":"2026-04-15T09:39:22","date_gmt":"2026-04-15T07:39:22","guid":{"rendered":"https:\/\/wm-aquatec.de\/shop\/non class\u00e9\/capteur-de-debit\/"},"modified":"2026-04-15T09:52:36","modified_gmt":"2026-04-15T07:52:36","slug":"capteur-de-debit","status":"publish","type":"product","link":"https:\/\/wm-aquatec.de\/fr\/shop\/camping-fr\/accessoires-et-pieces-de-rechange\/capteur-de-debit\/","title":{"rendered":"Capteur de d\u00e9bit"},"content":{"rendered":"<ul>\n<li>Tension de fonctionnement : DC3,5 &#8211; 24V<\/li>\n<li>Diam\u00e8tre d&rsquo;entr\u00e9e \/ sortie : 3\/8 PE<\/li>\n<li>Plage de d\u00e9bit : 0,3-10 l\/min<\/li>\n<li>Fr\u00e9quence (Hz)= 2*Q, Q= l\/min<\/li>\n<li>1l d&rsquo;eau = 1260 impulsions<\/li>\n<li>Pression (max) : 0,8 MPA<\/li>\n<\/ul>\n<p>Conforme aux normes FDA, CE, ROHS<\/p>\n","protected":false},"excerpt":{"rendered":"<p>Capteur de d\u00e9bit pour des plages de d\u00e9bit de 0,3 \u00e0 10 l\/min. Convient \u00e0 tous les mod\u00e8les de la s\u00e9rie UV-8. <\/p>\n","protected":false},"featured_media":31135,"template":"","meta":{"inline_featured_image":false},"product_brand":[],"product_cat":[226,984,982,810,967,153,968],"product_tag":[1384],"class_list":{"0":"post-31137","1":"product","2":"type-product","3":"status-publish","4":"has-post-thumbnail","6":"product_cat-accessoires-et-pieces-de-rechange","7":"product_cat-accessoires-et-pieces-de-rechange-tout-terrain","8":"product_cat-accessoires-et-pieces-de-rechange-fr","9":"product_cat-bateau","10":"product_cat-camping-fr","11":"product_cat-tous-les-produits","12":"product_cat-tout-terrain","13":"product_tag-capteur-de-debit","15":"first","16":"instock","17":"taxable","18":"shipping-taxable","19":"purchasable","20":"product-type-simple"},"_links":{"self":[{"href":"https:\/\/wm-aquatec.de\/fr\/wp-json\/wp\/v2\/product\/31137","targetHints":{"allow":["GET"]}}],"collection":[{"href":"https:\/\/wm-aquatec.de\/fr\/wp-json\/wp\/v2\/product"}],"about":[{"href":"https:\/\/wm-aquatec.de\/fr\/wp-json\/wp\/v2\/types\/product"}],"wp:featuredmedia":[{"embeddable":true,"href":"https:\/\/wm-aquatec.de\/fr\/wp-json\/wp\/v2\/media\/31135"}],"wp:attachment":[{"href":"https:\/\/wm-aquatec.de\/fr\/wp-json\/wp\/v2\/media?parent=31137"}],"wp:term":[{"taxonomy":"product_brand","embeddable":true,"href":"https:\/\/wm-aquatec.de\/fr\/wp-json\/wp\/v2\/product_brand?post=31137"},{"taxonomy":"product_cat","embeddable":true,"href":"https:\/\/wm-aquatec.de\/fr\/wp-json\/wp\/v2\/product_cat?post=31137"},{"taxonomy":"product_tag","embeddable":true,"href":"https:\/\/wm-aquatec.de\/fr\/wp-json\/wp\/v2\/product_tag?post=31137"}],"curies":[{"name":"wp","href":"https:\/\/api.w.org\/{rel}","templated":true}]}}