{"id":3119,"date":"2021-07-15T16:47:10","date_gmt":"2021-07-29T12:29:02","guid":{"rendered":"https:\/\/wm-aquatec.de\/shop\/non%20class\u00e9\/unite-de-desinfection-de-leau-par-led-uv-c-kit-de-connexion-deau\/"},"modified":"2022-04-13T21:31:39","modified_gmt":"2022-04-13T19:31:39","slug":"unite-de-desinfection-de-leau-par-led-uv-c-kit-de-connexion-deau","status":"publish","type":"product","link":"https:\/\/wm-aquatec.de\/fr\/shop\/bateau\/accessoires-et-pieces-de-rechange-fr\/unite-de-desinfection-de-leau-par-led-uv-c-kit-de-connexion-deau\/","title":{"rendered":"Unit\u00e9 de d\u00e9sinfection de l&rsquo;eau par LED UV-C kit de connexion d&rsquo;eau"},"content":{"rendered":"<div class=\"container section-title-container\" ><h1 class=\"section-title section-title-normal\"><b><\/b><span class=\"section-title-main\" >Unit\u00e9 de d\u00e9sinfection de l'eau par LED UV-C kit de connexion d'eau<\/span><b><\/b><\/h1><\/div>\n\n\t<section class=\"section\" id=\"section_339579603\">\n\t\t<div class=\"section-bg fill\" >\n\t\t\t\t\t\t\t\t\t<div class=\"section-bg-overlay absolute fill\"><\/div>\n\t\t\t\n\n\t\t<\/div>\n\n\t\t\n\n\t\t<div class=\"section-content relative\">\n\t\t\t\n<div class=\"row row-collapse align-equal align-center\"  id=\"row-974312720\">\n\n\t<div id=\"col-385448006\" class=\"col small-12 large-12\"  >\n\t\t\t\t<div class=\"col-inner text-left\"  >\n\t\t\t\n\t\t\t\n\t<div id=\"text-2968271649\" class=\"text\">\n\t\t\n<ul>\n<li>comprend :<br \/>\n2 x 90\u00b0 angle d&rsquo;insertion<br \/>\n2 x embout de tuyau enfichable 9\/10mm<br \/>\n2 x embout de tuyau enfichable 12\/13mm<br \/>\n4 x bague de s\u00e9curit\u00e9<\/li>\n<\/ul>\n\t\t\n<style>\n#text-2968271649 {\n  font-size: 1rem;\n  text-align: left;\n}\n<\/style>\n\t<\/div>\n\t\n\t\t<\/div>\n\t\t\t\t\n<style>\n#col-385448006 > .col-inner {\n  padding: 40px 0px 0px 15px;\n}\n@media (min-width:550px) {\n  #col-385448006 > .col-inner {\n    padding: 15px 0px 0px 15px;\n  }\n}\n<\/style>\n\t<\/div>\n\n\t\n<\/div>\n\t\t<\/div>\n\n\t\t\n<style>\n#section_339579603 {\n  padding-top: 0px;\n  padding-bottom: 0px;\n}\n#section_339579603 .section-bg-overlay {\n  background-color: rgba(255, 255, 255, 0.75);\n}\n@media (min-width:550px) {\n  #section_339579603 {\n    padding-top: 0px;\n    padding-bottom: 0px;\n  }\n}\n<\/style>\n\t<\/section>\n\t\n","protected":false},"excerpt":{"rendered":"<p>Kit de raccordement d&rsquo;eau pour connecter les conduites d&rsquo;eau de bord \u00e0 l&rsquo;unit\u00e9 de d\u00e9sinfection de l&rsquo;eau par LED UV-C.<\/p>\n","protected":false},"featured_media":2234,"template":"","meta":{"inline_featured_image":false},"product_brand":[],"product_cat":[982,984,226,153],"product_tag":[329,304,470,469,379,468,380,191],"class_list":{"0":"post-3119","1":"product","2":"type-product","3":"status-publish","4":"has-post-thumbnail","6":"product_cat-accessoires-et-pieces-de-rechange-fr","7":"product_cat-accessoires-et-pieces-de-rechange-tout-terrain","8":"product_cat-accessoires-et-pieces-de-rechange","9":"product_cat-tous-les-produits","10":"product_tag-accessoires","11":"product_tag-angle","12":"product_tag-bague-de-securite","13":"product_tag-buse-de-tuyau","14":"product_tag-connexion","15":"product_tag-piece-de-rechange","16":"product_tag-raccordement-a-leau","17":"product_tag-uv-c-fr","19":"first","20":"instock","21":"taxable","22":"shipping-taxable","23":"purchasable","24":"product-type-simple"},"_links":{"self":[{"href":"https:\/\/wm-aquatec.de\/fr\/wp-json\/wp\/v2\/product\/3119","targetHints":{"allow":["GET"]}}],"collection":[{"href":"https:\/\/wm-aquatec.de\/fr\/wp-json\/wp\/v2\/product"}],"about":[{"href":"https:\/\/wm-aquatec.de\/fr\/wp-json\/wp\/v2\/types\/product"}],"wp:featuredmedia":[{"embeddable":true,"href":"https:\/\/wm-aquatec.de\/fr\/wp-json\/wp\/v2\/media\/2234"}],"wp:attachment":[{"href":"https:\/\/wm-aquatec.de\/fr\/wp-json\/wp\/v2\/media?parent=3119"}],"wp:term":[{"taxonomy":"product_brand","embeddable":true,"href":"https:\/\/wm-aquatec.de\/fr\/wp-json\/wp\/v2\/product_brand?post=3119"},{"taxonomy":"product_cat","embeddable":true,"href":"https:\/\/wm-aquatec.de\/fr\/wp-json\/wp\/v2\/product_cat?post=3119"},{"taxonomy":"product_tag","embeddable":true,"href":"https:\/\/wm-aquatec.de\/fr\/wp-json\/wp\/v2\/product_tag?post=3119"}],"curies":[{"name":"wp","href":"https:\/\/api.w.org\/{rel}","templated":true}]}}