{"id":9764,"date":"2022-03-01T13:14:49","date_gmt":"2022-04-13T19:13:22","guid":{"rendered":"https:\/\/wm-aquatec.de\/shop\/unkategorisiert\/kit-de-desinfection-et-de-detartrage\/"},"modified":"2022-04-28T14:13:47","modified_gmt":"2022-04-28T12:13:47","slug":"kit-de-desinfection-et-de-detartrage","status":"publish","type":"product","link":"https:\/\/wm-aquatec.de\/fr\/shop\/tout-terrain\/nettoyage-du-systeme-fr\/kit-de-desinfection-et-de-detartrage\/","title":{"rendered":"Kit de d\u00e9sinfection et de d\u00e9tartrage"},"content":{"rendered":"<div class=\"container section-title-container\" ><h1 class=\"section-title section-title-normal\"><b><\/b><span class=\"section-title-main\" >Kit de d\u00e9sinfection et de d\u00e9tartrage<\/span><b><\/b><\/h1><\/div>\n\n\t<section class=\"section dark\" id=\"section_520387838\">\n\t\t<div class=\"section-bg fill\" >\n\t\t\t<img loading=\"lazy\" decoding=\"async\" width=\"2560\" height=\"1550\" src=\"https:\/\/wm-aquatec.de\/wp-content\/uploads\/2021\/12\/AdobeStock_463368126-scaled.jpeg\" class=\"bg attachment- size-\" alt=\"\" \/>\t\t\t\t\t\t<div class=\"section-bg-overlay absolute fill\"><\/div>\n\t\t\t\n\n\t\t<\/div>\n\n\t\t\n\n\t\t<div class=\"section-content relative\">\n\t\t\t\n\t<div class=\"img has-hover x md-x lg-x y md-y lg-y\" id=\"image_32179115\">\n\t\t\t\t\t\t\t\t<div class=\"img-inner dark\" >\n\t\t\t<img loading=\"lazy\" decoding=\"async\" width=\"2560\" height=\"2560\" src=\"https:\/\/wm-aquatec.de\/wp-content\/uploads\/2022\/03\/DCKX120.webp\" class=\"attachment-original size-original\" alt=\"\" srcset=\"https:\/\/wm-aquatec.de\/wp-content\/uploads\/2022\/03\/DCKX120.webp 2560w, https:\/\/wm-aquatec.de\/wp-content\/uploads\/2022\/03\/DCKX120-400x400.webp 400w, https:\/\/wm-aquatec.de\/wp-content\/uploads\/2022\/03\/DCKX120-800x800.webp 800w, https:\/\/wm-aquatec.de\/wp-content\/uploads\/2022\/03\/DCKX120-280x280.webp 280w, https:\/\/wm-aquatec.de\/wp-content\/uploads\/2022\/03\/DCKX120-768x768.webp 768w, https:\/\/wm-aquatec.de\/wp-content\/uploads\/2022\/03\/DCKX120-1536x1536.webp 1536w, https:\/\/wm-aquatec.de\/wp-content\/uploads\/2022\/03\/DCKX120-2048x2048.webp 2048w, https:\/\/wm-aquatec.de\/wp-content\/uploads\/2022\/03\/DCKX120-300x300.webp 300w, https:\/\/wm-aquatec.de\/wp-content\/uploads\/2022\/03\/DCKX120-600x600.webp 600w, https:\/\/wm-aquatec.de\/wp-content\/uploads\/2022\/03\/DCKX120-100x100.webp 100w\" sizes=\"auto, (max-width: 2560px) 100vw, 2560px\" \/>\t\t\t\t\t\t\n\t\t\t\t\t<\/div>\n\t\t\t\t\t\t\t\t\n<style>\n#image_32179115 {\n  width: 100%;\n}\n@media (min-width:550px) {\n  #image_32179115 {\n    width: 65%;\n  }\n}\n@media (min-width:850px) {\n  #image_32179115 {\n    width: 35%;\n  }\n}\n<\/style>\n\t<\/div>\n\t\n\t\t<\/div>\n\n\t\t\n<style>\n#section_520387838 {\n  padding-top: 0px;\n  padding-bottom: 0px;\n  margin-bottom: 0px;\n  min-height: 330px;\n}\n#section_520387838 .section-bg-overlay {\n  background-color: rgba(255, 255, 255, 0.453);\n}\n#section_520387838 .section-bg img {\n  object-position: 63% 61%;\n}\n@media (min-width:550px) {\n  #section_520387838 {\n    min-height: 600px;\n  }\n}\n@media (min-width:850px) {\n  #section_520387838 {\n    min-height: 475px;\n  }\n}\n<\/style>\n\t<\/section>\n\t\n\n\t<section class=\"section dark\" id=\"section_1257015361\">\n\t\t<div class=\"section-bg fill\" >\n\t\t\t\t\t\t\t\t\t\n\t\t\t\n\n\t\t<\/div>\n\n\t\t\n\n\t\t<div class=\"section-content relative\">\n\t\t\t\n<div class=\"row row-large align-center\"  id=\"row-951296541\">\n\n\t<div id=\"col-70585270\" class=\"col medium-6 small-12 large-6\"  >\n\t\t\t\t<div class=\"col-inner text-left\"  >\n\t\t\t\n\t\t\t\n\n\t\t<div class=\"icon-box featured-box icon-box-left text-left\"  >\n\t\t\t\t\t<div class=\"icon-box-img\" style=\"width: 50px\">\n\t\t\t\t<div class=\"icon\">\n\t\t\t\t\t<div class=\"icon-inner\" >\n\t\t\t\t\t\t<?xml version=\"1.0\" ?><svg style=\"enable-background:new 0 0 32 32;\" version=\"1.1\" viewBox=\"0 0 32 32\" xml:space=\"preserve\" xmlns=\"http:\/\/www.w3.org\/2000\/svg\" xmlns:xlink=\"http:\/\/www.w3.org\/1999\/xlink\"><g id=\"Guides\"\/><g id=\"_x32_0\"\/><g id=\"_x31_9\"\/><g id=\"_x31_8\"\/><g id=\"_x31_7\"\/><g id=\"_x31_6\"\/><g id=\"_x31_5\"\/><g id=\"_x31_4\"\/><g id=\"_x31_3\"\/><g id=\"_x31_2\"\/><g id=\"_x31_1\"\/><g id=\"_x31_0\"\/><g id=\"_x30_9\"\/><g id=\"_x30_8\"\/><g id=\"_x30_7\"\/><g id=\"_x30_6\"\/><g id=\"_x30_5\"\/><g id=\"_x30_4\"\/><g id=\"_x30_3\"\/><g id=\"_x30_2\"\/><g id=\"_x30_1\"><g><path d=\"M16.7070313,2.2929688c-0.390625-0.390625-1.0234375-0.390625-1.4140625,0C14.9135742,2.6723633,6,11.6816406,6,20    c0,5.5141602,4.4858398,10,10,10c5.5136719,0,10-4.4858398,10-10C26,11.6816406,17.0869141,2.6723633,16.7070313,2.2929688z     M16,28c-4.4111328,0-8-3.5888672-8-8c0-6.2075195,5.9248047-13.2612305,8.0004883-15.5410156    C18.0761719,6.7368164,24,13.7836914,24,20C24,24.4111328,20.4111328,28,16,28z\"\/><path d=\"M16,24c-2.2055664,0-4-1.8105469-4-4.0356445c0-0.5522461-0.4477539-1-1-1s-1,0.4477539-1,1    C10,23.2924805,12.6914063,26,16,26c0.5522461,0,1-0.4477539,1-1S16.5522461,24,16,24z\"\/><\/g><\/g><\/svg>\t\t\t\t\t<\/div>\n\t\t\t\t<\/div>\n\t\t\t<\/div>\n\t\t\t\t<div class=\"icon-box-text last-reset\">\n\t\t\t\t\t\t\t\t\t\n\t<div id=\"text-3670508262\" class=\"text\">\n\t\t\n<p><span style=\"font-size: 100%;\"><span style=\"font-weight: 900;\">D\u00e9tartre l&rsquo;ensemble du syst\u00e8me d&rsquo;eau douce &#8211; sans laisser de r\u00e9sidus.  <\/span>De plus, les odeurs d\u00e9sagr\u00e9ables sont \u00e9limin\u00e9es.<\/span><br \/>\n\t\t\n<style>\n#text-3670508262 {\n  text-align: left;\n}\n<\/style>\n\t<\/div>\n\t\n\t\t<\/div>\n\t<\/div>\n\t\n\t\n\t\t<\/div>\n\t\t\t\t\t<\/div>\n\n\t\n\n\t<div id=\"col-809918864\" class=\"col medium-6 small-12 large-6\"  >\n\t\t\t\t<div class=\"col-inner text-left\"  >\n\t\t\t\n\t\t\t\n\n\t\t<div class=\"icon-box featured-box icon-box-left text-left\"  >\n\t\t\t\t\t<div class=\"icon-box-img\" style=\"width: 50px\">\n\t\t\t\t<div class=\"icon\">\n\t\t\t\t\t<div class=\"icon-inner\" >\n\t\t\t\t\t\t<?xml version=\"1.0\" ?><svg viewBox=\"0 0 64 64\" xmlns=\"http:\/\/www.w3.org\/2000\/svg\"><title\/><g data-name=\"Layer 20\" id=\"Layer_20\"><path d=\"M23,56H22V49a1,1,0,0,0-2,0v7H14V39a1,1,0,0,1,1-1h4a1,1,0,0,0,1-1V13a7.008,7.008,0,0,1,7-7h2a7.006,7.006,0,0,1,6.995,6.9l-1.344,5.374A3,3,0,0,0,37.562,22h2.876a3,3,0,0,0,2.911-3.728l-1.357-5.426A13.011,13.011,0,0,0,29,0H27A13.015,13.015,0,0,0,14,13v1a1,1,0,0,0,2,0V13A11.013,11.013,0,0,1,27,2h2A11.015,11.015,0,0,1,39.955,12h-2.01A9.013,9.013,0,0,0,29,4H27a9.01,9.01,0,0,0-9,9V36H16V18a1,1,0,0,0-2,0V36.184A3,3,0,0,0,12,39v5H8V39a3,3,0,0,0-6,0v5.184A3,3,0,0,0,0,47v2a3,3,0,0,0,3,3h9v4H11a7.008,7.008,0,0,0-7,7,1,1,0,0,0,1,1H29a1,1,0,0,0,1-1A7.008,7.008,0,0,0,23,56ZM40.219,14l1.19,4.757A1,1,0,0,1,40.438,20H37.562a1,1,0,0,1-.971-1.243L37.781,14ZM4,39a1,1,0,0,1,2,0v5H4ZM3,50a1,1,0,0,1-1-1V47a1,1,0,0,1,1-1h9v4ZM6.1,62A5.008,5.008,0,0,1,11,58H23a5.008,5.008,0,0,1,4.9,4Z\"\/><path d=\"M36,28a1,1,0,0,0-2,0v2a1,1,0,0,0,2,0Z\"\/><path d=\"M40,24a1,1,0,0,0-2,0v2a1,1,0,0,0,2,0Z\"\/><path d=\"M40,30a1,1,0,0,0-2,0v2a1,1,0,0,0,2,0Z\"\/><path d=\"M39,35a1,1,0,0,0-1,1v2a1,1,0,0,0,2,0V36A1,1,0,0,0,39,35Z\"\/><path d=\"M43,33a1,1,0,0,0-1,1v2a1,1,0,0,0,2,0V34A1,1,0,0,0,43,33Z\"\/><path d=\"M35,33a1,1,0,0,0-1,1v2a1,1,0,0,0,2,0V34A1,1,0,0,0,35,33Z\"\/><path d=\"M42,28v2a1,1,0,0,0,2,0V28a1,1,0,0,0-2,0Z\"\/><path d=\"M63,38H61a3,3,0,0,0-2.816,2H53.89A6.989,6.989,0,0,0,44.1,40H36a4,4,0,0,0,0,8H47a1,1,0,0,0,0-2H36a2,2,0,0,1,0-4h8.528a1,1,0,0,0,.745-.333,4.99,4.99,0,0,1,7.446,0,1,1,0,0,0,.744.332H58V52H34.313a6.958,6.958,0,0,1-4.949-2.05l-6.485-6.485A2.984,2.984,0,0,1,22,41.343V41a3,3,0,0,1,3-3h.172a1,1,0,0,1,.707.293l3.414,3.414a1,1,0,0,0,1.414-1.414l-3.414-3.414A2.978,2.978,0,0,0,25.172,36H25a5.006,5.006,0,0,0-5,5v.343a4.971,4.971,0,0,0,1.464,3.536l6.486,6.485A8.94,8.94,0,0,0,34.313,54H58.184A3,3,0,0,0,61,56h2a1,1,0,0,0,1-1V39A1,1,0,0,0,63,38ZM62,54H61a1,1,0,0,1-1-1V41a1,1,0,0,1,1-1h1Z\"\/><\/g><\/svg>\t\t\t\t\t<\/div>\n\t\t\t\t<\/div>\n\t\t\t<\/div>\n\t\t\t\t<div class=\"icon-box-text last-reset\">\n\t\t\t\t\t\t\t\t\t\n\t<div id=\"text-4011770690\" class=\"text\">\n\t\t\n<p><span style=\"font-size: 100%;\">DEXDA\u00ae Clean d\u00e9sinfecte non seulement le r\u00e9servoir d&rsquo;eau douce, mais aussi <span style=\"font-weight: 900;\">l&rsquo;ensemble du syst\u00e8me d&rsquo;eau douce &#8211; et ce sans rin\u00e7age r\u00e9p\u00e9t\u00e9.<\/span> Contrairement au chlore, le dioxyde de chlore ne laisse pas d&rsquo;arri\u00e8re-go\u00fbt.<\/span><br \/>\n\t\t\n<style>\n#text-4011770690 {\n  text-align: left;\n}\n<\/style>\n\t<\/div>\n\t\n\t\t<\/div>\n\t<\/div>\n\t\n\t\n\t\t<\/div>\n\t\t\t\t\t<\/div>\n\n\t\n<\/div>\n\t\t<\/div>\n\n\t\t\n<style>\n#section_1257015361 {\n  padding-top: 30px;\n  padding-bottom: 30px;\n  background-color: rgb(0, 106, 176);\n}\n<\/style>\n\t<\/section>\n\t\n<div class=\"container section-title-container\" style=\"margin-top:30px;\"><h1 class=\"section-title section-title-normal\"><b><\/b><span class=\"section-title-main\" >En un coup d'\u0153il<\/span><b><\/b><\/h1><\/div>\n\n\t<section class=\"section\" id=\"section_882909872\">\n\t\t<div class=\"section-bg fill\" >\n\t\t\t\t\t\t\t\t\t<div class=\"section-bg-overlay absolute fill\"><\/div>\n\t\t\t\n\n\t\t<\/div>\n\n\t\t\n\n\t\t<div class=\"section-content relative\">\n\t\t\t\n<div class=\"row row-collapse row-full-width align-equal align-center\"  id=\"row-633104047\">\n\n\t<div id=\"col-965108439\" class=\"col medium-7 small-12 large-7\"  >\n\t\t\t\t<div class=\"col-inner text-left\"  >\n\t\t\t\n\t\t\t\n\t<div id=\"text-2958699316\" class=\"text\">\n\t\t\n<h3>DEXDA\u00ae Clean<\/h3>\n<ul>\n<li>d\u00e9sinfecte l&rsquo;ensemble du syst\u00e8me d&rsquo;eau douce<\/li>\n<li>\u00e9limine le biofilm dans le r\u00e9servoir et les tuyaux<\/li>\n<li>solution de dioxyde de chlore tr\u00e8s efficace (25 x plus forte que le peroxyde d&rsquo;hydrog\u00e8ne)<\/li>\n<li>efficacit\u00e9 de DEXDA\u00ae Clean confirm\u00e9e selon les normes allemandes DIN 1276 et DIN 13623<\/li>\n<li>pas de rin\u00e7age multiple n\u00e9cessaire<\/li>\n<li>utilisation simultan\u00e9e possible avec notre d\u00e9tartrant KXpress<\/li>\n<\/ul>\n<h3>KXpress<\/h3>\n<ul>\n<li>d\u00e9tartre le syst\u00e8me d&rsquo;eau douce<\/li>\n<li>\u00e9limine les odeurs d\u00e9sagr\u00e9ables<\/li>\n<li>avec le principe actif du citron<\/li>\n<li>avec fermeture de s\u00e9curit\u00e9 pour enfants<\/li>\n<li>convient \u00e9galement pour les machines \u00e0 caf\u00e9 et autres appareils m\u00e9nagers<\/li>\n<\/ul>\n\t\t\n<style>\n#text-2958699316 {\n  font-size: 1rem;\n  text-align: left;\n}\n<\/style>\n\t<\/div>\n\t\n\t\t<\/div>\n\t\t\t\t\n<style>\n#col-965108439 > .col-inner {\n  padding: 40px 0px 0px 15px;\n}\n@media (min-width:550px) {\n  #col-965108439 > .col-inner {\n    padding: 40px 0px 0px 15px;\n  }\n}\n<\/style>\n\t<\/div>\n\n\t\n\n\t<div id=\"col-874477531\" class=\"col medium-5 small-12 large-5\"  >\n\t\t\t\t<div class=\"col-inner\"  >\n\t\t\t\n\t\t\t\n\t<div class=\"img has-hover x md-x lg-x y md-y lg-y\" id=\"image_88493425\">\n\t\t\t\t\t\t\t\t<div class=\"img-inner dark\" >\n\t\t\t<img loading=\"lazy\" decoding=\"async\" width=\"800\" height=\"800\" src=\"https:\/\/wm-aquatec.de\/wp-content\/uploads\/2022\/03\/DCKX120-800x800.webp\" class=\"attachment-large size-large\" alt=\"\" srcset=\"https:\/\/wm-aquatec.de\/wp-content\/uploads\/2022\/03\/DCKX120-800x800.webp 800w, https:\/\/wm-aquatec.de\/wp-content\/uploads\/2022\/03\/DCKX120-400x400.webp 400w, https:\/\/wm-aquatec.de\/wp-content\/uploads\/2022\/03\/DCKX120-280x280.webp 280w, https:\/\/wm-aquatec.de\/wp-content\/uploads\/2022\/03\/DCKX120-768x768.webp 768w, https:\/\/wm-aquatec.de\/wp-content\/uploads\/2022\/03\/DCKX120-1536x1536.webp 1536w, https:\/\/wm-aquatec.de\/wp-content\/uploads\/2022\/03\/DCKX120-2048x2048.webp 2048w, https:\/\/wm-aquatec.de\/wp-content\/uploads\/2022\/03\/DCKX120-300x300.webp 300w, https:\/\/wm-aquatec.de\/wp-content\/uploads\/2022\/03\/DCKX120-600x600.webp 600w, https:\/\/wm-aquatec.de\/wp-content\/uploads\/2022\/03\/DCKX120-100x100.webp 100w\" sizes=\"auto, (max-width: 800px) 100vw, 800px\" \/>\t\t\t\t\t\t\n\t\t\t\t\t<\/div>\n\t\t\t\t\t\t\t\t\n<style>\n#image_88493425 {\n  width: 100%;\n}\n@media (min-width:550px) {\n  #image_88493425 {\n    width: 75%;\n  }\n}\n<\/style>\n\t<\/div>\n\t\n\t\t<\/div>\n\t\t\t\t\t<\/div>\n\n\t\n<\/div>\n\t\t<\/div>\n\n\t\t\n<style>\n#section_882909872 {\n  padding-top: 0px;\n  padding-bottom: 0px;\n}\n#section_882909872 .section-bg-overlay {\n  background-color: rgba(255, 255, 255, 0.75);\n}\n@media (min-width:550px) {\n  #section_882909872 {\n    padding-top: 0px;\n    padding-bottom: 0px;\n  }\n}\n<\/style>\n\t<\/section>\n\t\n\n\t<section class=\"section\" id=\"section_1899017913\">\n\t\t<div class=\"section-bg fill\" >\n\t\t\t\t\t\t\t\t\t\n\t\t\t\n\n\t\t<\/div>\n\n\t\t\n\n\t\t<div class=\"section-content relative\">\n\t\t\t\n<div class=\"row\"  id=\"row-1586179776\">\n\n\t<div id=\"col-442061247\" class=\"col medium-6 small-8 large-6\"  >\n\t\t\t\t<div class=\"col-inner text-left\"  >\n\t\t\t\n\t\t\t\n<div class=\"container section-title-container\" ><h3 class=\"section-title section-title-normal\"><b><\/b><span class=\"section-title-main\" >Service et aide<\/span><b><\/b><\/h3><\/div>\n<p>En cliquant sur le lien suivant, tu trouveras des r\u00e9ponses aux questions les plus fr\u00e9quentes (FAQ), des modes d&#8217;emploi et des fiches de donn\u00e9es de s\u00e9curit\u00e9 \u00e0 t\u00e9l\u00e9charger.<\/p>\n<p>\n            <nav role=\"navigation\" aria-label=\"Articles avec mots-cl\u00e9s\" class=\"widg-shortcode-article-container\"><div class=\"widg-reset defaults-reset widg-shortcode-article-contents\"><h4>Articles avec mots-cl\u00e9s<\/h4><ul><li><a href=\"https:\/\/wm-aquatec.de\/fr\/service-und-hilfe\/produits\/kxpress\/\"><span class=\"widg-article-title\"><i class=\"widg-shortcode-article-icon ep_font_icon_document\"><\/i><span>KXpress<\/span><\/span><\/a><\/li><li><a href=\"https:\/\/wm-aquatec.de\/fr\/service-und-hilfe\/produits\/dexda-clean\/\"><span class=\"widg-article-title\"><i class=\"widg-shortcode-article-icon ep_font_icon_document\"><\/i><span>DEXDA\u00ae Clean<\/span><\/span><\/a><\/li><\/ul><\/div><\/nav>\n          <\/p>\n\t\t<\/div>\n\t\t\t\t\t<\/div>\n\n\t\n\n\t<div id=\"col-1760287372\" class=\"col medium-6 small-8 large-6\"  >\n\t\t\t\t<div class=\"col-inner text-left\"  >\n\t\t\t\n\t\t\t\n\t<div id=\"text-1433763730\" class=\"text\">\n\t\t\n<p style=\"text-align: left;\"><img loading=\"lazy\" decoding=\"async\" class=\"alignnone wp-image-1738\" src=\"https:\/\/wm-aquatec.de\/wp-content\/uploads\/2021\/07\/ghs_07_exclam.png\" alt=\"\" width=\"75\" height=\"75\" srcset=\"https:\/\/wm-aquatec.de\/wp-content\/uploads\/2021\/07\/ghs_07_exclam.png 200w, https:\/\/wm-aquatec.de\/wp-content\/uploads\/2021\/07\/ghs_07_exclam-100x100.png 100w\" sizes=\"auto, (max-width: 75px) 100vw, 75px\" \/><img loading=\"lazy\" decoding=\"async\" class=\"alignnone wp-image-1735\" src=\"https:\/\/wm-aquatec.de\/wp-content\/uploads\/2021\/07\/ghs_05_acid-400x400.png\" alt=\"\" width=\"75\" height=\"75\" srcset=\"https:\/\/wm-aquatec.de\/wp-content\/uploads\/2021\/07\/ghs_05_acid-400x400.png 400w, https:\/\/wm-aquatec.de\/wp-content\/uploads\/2021\/07\/ghs_05_acid-280x280.png 280w, https:\/\/wm-aquatec.de\/wp-content\/uploads\/2021\/07\/ghs_05_acid-300x300.png 300w, https:\/\/wm-aquatec.de\/wp-content\/uploads\/2021\/07\/ghs_05_acid-600x600.png 600w, https:\/\/wm-aquatec.de\/wp-content\/uploads\/2021\/07\/ghs_05_acid-100x100.png 100w, https:\/\/wm-aquatec.de\/wp-content\/uploads\/2021\/07\/ghs_05_acid.png 720w\" sizes=\"auto, (max-width: 75px) 100vw, 75px\" \/><\/p>\n<p style=\"text-align: left;\">Mot d&rsquo;avertissement : Danger<\/p>\n<p>KXpress<br \/>H319: Provoque une s\u00e9v\u00e8re irritation des yeux.<\/p>\n<p class=\"p1\">DEXDA\u00ae Clean<br \/>H302: Nocif en cas d\u2019ingestion.<br \/>H314: Provoque des br\u00fblures de la peau et de graves l\u00e9sions des yeux.<br \/>H318: Provoque de graves l\u00e9sions des yeux.<br \/>H412: Nocif pour les organismes aquatiques, entra\u00eene des effets n\u00e9fastes \u00e0 long terme.<\/p>\n<p class=\"p1\">BauA-Reg. N-86607<\/p>\n<p style=\"text-align: left;\">\u00c9tiquetage selon le r\u00e8glement ( UE ) n\u00b0 528\/2012 : <strong>Utilisez les produits biocides avec pr\u00e9caution. Lisez toujours l&rsquo;\u00e9tiquette et les informations sur le produit avant de l&rsquo;utiliser.<\/strong><\/p>\n\t\t\n<style>\n#text-1433763730 {\n  text-align: left;\n}\n<\/style>\n\t<\/div>\n\t\n\t\t<\/div>\n\t\t\t\t\t<\/div>\n\n\t\n<\/div>\n\t\t<\/div>\n\n\t\t\n<style>\n#section_1899017913 {\n  padding-top: 30px;\n  padding-bottom: 30px;\n}\n<\/style>\n\t<\/section>\n\t\n","protected":false},"excerpt":{"rendered":"<p>Kit de d\u00e9sinfection et de d\u00e9tartrage compos\u00e9 de DEXDA\u00ae Clean et KXpress pour le nettoyage du syst\u00e8me d&rsquo;eau douce.<\/p>\n","protected":false},"featured_media":8580,"template":"","meta":{"inline_featured_image":false},"product_brand":[],"product_cat":[969,156,970,153],"product_tag":[179,169,173,995,171,166,232,174,181],"class_list":{"0":"post-9764","1":"product","2":"type-product","3":"status-publish","4":"has-post-thumbnail","6":"product_cat-nettoyage-du-systeme-fr","7":"product_cat-nettoyage-du-systeme","8":"product_cat-nettoyage-du-systeme-fr-3","9":"product_cat-tous-les-produits","10":"product_tag-biofilm-fr","11":"product_tag-clean-fr","12":"product_tag-desinfection","13":"product_tag-detartrant","14":"product_tag-dexda-fr","15":"product_tag-dioxyde-de-chlore","16":"product_tag-kxpress-fr","17":"product_tag-nettoyage","18":"product_tag-nettoyage-de-reservoir","19":"pa_fuer-tankgroessen-bis-160-litres-fr","20":"pa_fuer-tankgroessen-bis-500-litres-fr","21":"pa_fuer-tankgroessen-bis-60-litres-fr","23":"first","24":"instock","25":"taxable","26":"shipping-taxable","27":"purchasable","28":"product-type-variable"},"_links":{"self":[{"href":"https:\/\/wm-aquatec.de\/fr\/wp-json\/wp\/v2\/product\/9764","targetHints":{"allow":["GET"]}}],"collection":[{"href":"https:\/\/wm-aquatec.de\/fr\/wp-json\/wp\/v2\/product"}],"about":[{"href":"https:\/\/wm-aquatec.de\/fr\/wp-json\/wp\/v2\/types\/product"}],"wp:featuredmedia":[{"embeddable":true,"href":"https:\/\/wm-aquatec.de\/fr\/wp-json\/wp\/v2\/media\/8580"}],"wp:attachment":[{"href":"https:\/\/wm-aquatec.de\/fr\/wp-json\/wp\/v2\/media?parent=9764"}],"wp:term":[{"taxonomy":"product_brand","embeddable":true,"href":"https:\/\/wm-aquatec.de\/fr\/wp-json\/wp\/v2\/product_brand?post=9764"},{"taxonomy":"product_cat","embeddable":true,"href":"https:\/\/wm-aquatec.de\/fr\/wp-json\/wp\/v2\/product_cat?post=9764"},{"taxonomy":"product_tag","embeddable":true,"href":"https:\/\/wm-aquatec.de\/fr\/wp-json\/wp\/v2\/product_tag?post=9764"}],"curies":[{"name":"wp","href":"https:\/\/api.w.org\/{rel}","templated":true}]}}