{"id":9775,"date":"2021-07-08T14:39:30","date_gmt":"2022-04-13T19:23:39","guid":{"rendered":"https:\/\/wm-aquatec.de\/shop\/unkategorisiert\/dexda-complete-2\/"},"modified":"2022-06-02T10:28:16","modified_gmt":"2022-06-02T08:28:16","slug":"dexda-complete","status":"publish","type":"product","link":"https:\/\/wm-aquatec.de\/fr\/shop\/camping-fr\/conservation-de-leau\/dexda-complete\/","title":{"rendered":"DEXDA\u00ae Complete"},"content":{"rendered":"<div class=\"container section-title-container\" ><h1 class=\"section-title section-title-normal\"><b><\/b><span class=\"section-title-main\" >DEXDA\u00ae Complete pour la d\u00e9sinfection et la conservation<\/span><b><\/b><\/h1><\/div>\n\n\t<section class=\"section dark\" id=\"section_1385090395\">\n\t\t<div class=\"section-bg fill\" >\n\t\t\t<img loading=\"lazy\" decoding=\"async\" width=\"1000\" height=\"667\" src=\"https:\/\/wm-aquatec.de\/wp-content\/uploads\/2021\/05\/splash_offroad.jpg\" class=\"bg attachment-original size-original\" alt=\"\" \/>\t\t\t\t\t\t<div class=\"section-bg-overlay absolute fill\"><\/div>\n\t\t\t\n\n\t\t<\/div>\n\n\t\t\n\n\t\t<div class=\"section-content relative\">\n\t\t\t\n\t<div class=\"img has-hover x md-x lg-x y md-y lg-y\" id=\"image_1860077936\">\n\t\t\t\t\t\t\t\t<div class=\"img-inner dark\" >\n\t\t\t<img loading=\"lazy\" decoding=\"async\" width=\"800\" height=\"800\" src=\"https:\/\/wm-aquatec.de\/wp-content\/uploads\/2021\/07\/DCP120CLS.png\" class=\"attachment-original size-original\" alt=\"\" srcset=\"https:\/\/wm-aquatec.de\/wp-content\/uploads\/2021\/07\/DCP120CLS.png 800w, https:\/\/wm-aquatec.de\/wp-content\/uploads\/2021\/07\/DCP120CLS-400x400.png 400w, https:\/\/wm-aquatec.de\/wp-content\/uploads\/2021\/07\/DCP120CLS-280x280.png 280w, https:\/\/wm-aquatec.de\/wp-content\/uploads\/2021\/07\/DCP120CLS-768x768.png 768w, https:\/\/wm-aquatec.de\/wp-content\/uploads\/2021\/07\/DCP120CLS-300x300.png 300w, https:\/\/wm-aquatec.de\/wp-content\/uploads\/2021\/07\/DCP120CLS-600x600.png 600w, https:\/\/wm-aquatec.de\/wp-content\/uploads\/2021\/07\/DCP120CLS-100x100.png 100w\" sizes=\"auto, (max-width: 800px) 100vw, 800px\" \/>\t\t\t\t\t\t\n\t\t\t\t\t<\/div>\n\t\t\t\t\t\t\t\t\n<style>\n#image_1860077936 {\n  width: 100%;\n}\n@media (min-width:550px) {\n  #image_1860077936 {\n    width: 65%;\n  }\n}\n@media (min-width:850px) {\n  #image_1860077936 {\n    width: 35%;\n  }\n}\n<\/style>\n\t<\/div>\n\t\n\t\t<\/div>\n\n\t\t\n<style>\n#section_1385090395 {\n  padding-top: 0px;\n  padding-bottom: 0px;\n  margin-bottom: 0px;\n  min-height: 330px;\n}\n#section_1385090395 .section-bg-overlay {\n  background-color: rgba(255, 255, 255, 0.453);\n}\n#section_1385090395 .section-bg img {\n  object-position: 51% 22%;\n}\n@media (min-width:550px) {\n  #section_1385090395 {\n    min-height: 600px;\n  }\n}\n@media (min-width:850px) {\n  #section_1385090395 {\n    min-height: 475px;\n  }\n}\n<\/style>\n\t<\/section>\n\t\n\n\t<section class=\"section dark\" id=\"section_463255622\">\n\t\t<div class=\"section-bg fill\" >\n\t\t\t\t\t\t\t\t\t\n\t\t\t\n\n\t\t<\/div>\n\n\t\t\n\n\t\t<div class=\"section-content relative\">\n\t\t\t\n<div class=\"row row-large align-center\"  id=\"row-2047658089\">\n\n\t<div id=\"col-2031514864\" class=\"col medium-6 small-12 large-6\"  >\n\t\t\t\t<div class=\"col-inner text-left\"  >\n\t\t\t\n\t\t\t\n\n\t\t<div class=\"icon-box featured-box icon-box-left text-left\"  >\n\t\t\t\t\t<div class=\"icon-box-img\" style=\"width: 50px\">\n\t\t\t\t<div class=\"icon\">\n\t\t\t\t\t<div class=\"icon-inner\" >\n\t\t\t\t\t\t<?xml version=\"1.0\" ?><svg style=\"enable-background:new 0 0 32 32;\" version=\"1.1\" viewBox=\"0 0 32 32\" xml:space=\"preserve\" xmlns=\"http:\/\/www.w3.org\/2000\/svg\" xmlns:xlink=\"http:\/\/www.w3.org\/1999\/xlink\"><g id=\"Guides\"\/><g id=\"_x32_0\"\/><g id=\"_x31_9\"\/><g id=\"_x31_8\"\/><g id=\"_x31_7\"\/><g id=\"_x31_6\"\/><g id=\"_x31_5\"\/><g id=\"_x31_4\"\/><g id=\"_x31_3\"\/><g id=\"_x31_2\"\/><g id=\"_x31_1\"\/><g id=\"_x31_0\"\/><g id=\"_x30_9\"\/><g id=\"_x30_8\"\/><g id=\"_x30_7\"\/><g id=\"_x30_6\"\/><g id=\"_x30_5\"\/><g id=\"_x30_4\"\/><g id=\"_x30_3\"\/><g id=\"_x30_2\"\/><g id=\"_x30_1\"><g><path d=\"M16.7070313,2.2929688c-0.390625-0.390625-1.0234375-0.390625-1.4140625,0C14.9135742,2.6723633,6,11.6816406,6,20    c0,5.5141602,4.4858398,10,10,10c5.5136719,0,10-4.4858398,10-10C26,11.6816406,17.0869141,2.6723633,16.7070313,2.2929688z     M16,28c-4.4111328,0-8-3.5888672-8-8c0-6.2075195,5.9248047-13.2612305,8.0004883-15.5410156    C18.0761719,6.7368164,24,13.7836914,24,20C24,24.4111328,20.4111328,28,16,28z\"\/><path d=\"M16,24c-2.2055664,0-4-1.8105469-4-4.0356445c0-0.5522461-0.4477539-1-1-1s-1,0.4477539-1,1    C10,23.2924805,12.6914063,26,16,26c0.5522461,0,1-0.4477539,1-1S16.5522461,24,16,24z\"\/><\/g><\/g><\/svg>\t\t\t\t\t<\/div>\n\t\t\t\t<\/div>\n\t\t\t<\/div>\n\t\t\t\t<div class=\"icon-box-text last-reset\">\n\t\t\t\t\t\t\t\t\t\n\t<div id=\"text-716752165\" class=\"text\">\n\t\t\n<p><span style=\"font-size: 100%;\">DEXDA\u00ae Complete est <span style=\"font-weight: 900;\">le d\u00e9sinfectant &amp; le conservateur pour une eau potable &amp; de citerne s\u00fbre<\/span>, avec un gobelet doseur pratique et un insert pour gouttelettes pour un dosage pr\u00e9cis.<\/span><br \/>\n\t\t\n<style>\n#text-716752165 {\n  text-align: left;\n}\n<\/style>\n\t<\/div>\n\t\n\t\t<\/div>\n\t<\/div>\n\t\n\t\n\t\t<\/div>\n\t\t\t\t\t<\/div>\n\n\t\n\n\t<div id=\"col-69990171\" class=\"col medium-6 small-12 large-6\"  >\n\t\t\t\t<div class=\"col-inner text-left\"  >\n\t\t\t\n\t\t\t\n\n\t\t<div class=\"icon-box featured-box icon-box-left text-left\"  >\n\t\t\t\t\t<div class=\"icon-box-img\" style=\"width: 50px\">\n\t\t\t\t<div class=\"icon\">\n\t\t\t\t\t<div class=\"icon-inner\" style=\"color:rgb(255, 255, 255);\">\n\t\t\t\t\t\t<?xml version=\"1.0\" encoding=\"iso-8859-1\"?>\r\n<!-- Generator: Adobe Illustrator 19.0.0, SVG Export Plug-In . SVG Version: 6.00 Build 0)  -->\r\n<svg version=\"1.1\" id=\"Capa_1\" xmlns=\"http:\/\/www.w3.org\/2000\/svg\" xmlns:xlink=\"http:\/\/www.w3.org\/1999\/xlink\" x=\"0px\" y=\"0px\"\r\n\t viewBox=\"0 0 512 512\" style=\"enable-background:new 0 0 512 512;\" xml:space=\"preserve\">\r\n<g>\r\n\t<g>\r\n\t\t<path d=\"M352.521,54.479C317.39,19.349,270.683,0,221,0c-49.683,0-96.391,19.348-131.521,54.479C54.348,89.609,35,136.317,35,186\r\n\t\t\ts19.348,96.391,54.478,131.521C124.609,352.652,171.317,372,221,372s96.391-19.348,131.521-54.479\r\n\t\t\tC387.651,282.39,407,235.683,407,186S387.652,89.609,352.521,54.479z M331.309,75.691c8.255,8.256,6.859,28.951-3.643,54.011\r\n\t\t\tc-4.674,11.152-10.873,22.759-18.368,34.511c-11.982-9.363-23.884-19.866-35.264-31.246s-21.883-23.282-31.246-35.265\r\n\t\t\tc11.752-7.495,23.358-13.694,34.51-18.368c14.211-5.955,27.015-8.981,36.946-8.981C321.826,70.353,327.734,72.117,331.309,75.691z\r\n\t\t\t M291.924,188.742c-9.525,12.233-20.282,24.397-32.034,36.149c-11.752,11.752-23.916,22.509-36.15,32.034\r\n\t\t\tc-10.31-13.282-21.907-26.451-34.561-39.104c-12.654-12.654-25.823-24.251-39.105-34.561c9.525-12.234,20.282-24.398,32.034-36.15\r\n\t\t\ts23.916-22.509,36.15-32.034c10.311,13.281,21.908,26.449,34.562,39.104C265.474,166.834,278.642,178.432,291.924,188.742z\r\n\t\t\t M221,30c23.044,0,45.322,4.972,65.62,14.393c-6.682,1.813-13.667,4.234-20.918,7.273c-13.091,5.486-26.67,12.785-40.343,21.604\r\n\t\t\tc-9.492-14.718-16.923-29.094-21.768-42.304C209.332,30.332,215.14,30,221,30z M110.692,75.691\r\n\t\t\tc18.013-18.014,39.66-31.068,63.284-38.504c5.706,16.856,14.884,35.033,26.861,53.461c-13.582,10.495-27.026,22.332-39.941,35.248\r\n\t\t\tc-12.916,12.915-24.753,26.358-35.248,39.941c-18.428-11.978-36.605-21.156-53.461-26.862\r\n\t\t\tC79.623,115.353,92.678,93.705,110.692,75.691z M86.665,230.703c-3.039,7.251-5.46,14.234-7.274,20.916\r\n\t\t\tC69.972,231.32,65,209.044,65,186c0-5.859,0.333-11.667,0.966-17.408c13.21,4.845,27.586,12.275,42.303,21.768\r\n\t\t\tC99.45,204.033,92.152,217.612,86.665,230.703z M110.691,296.309c-8.255-8.256-6.859-28.952,3.643-54.011\r\n\t\t\tc4.674-11.152,10.873-22.759,18.368-34.511c11.982,9.362,23.885,19.865,35.265,31.246c11.38,11.38,21.883,23.282,31.245,35.265\r\n\t\t\tc-11.752,7.495-23.358,13.694-34.51,18.368C139.642,303.167,118.948,304.565,110.691,296.309z M221,342\r\n\t\t\tc-23.047,0-45.327-4.973-65.628-14.396c6.686-1.813,13.671-4.229,20.925-7.271c13.091-5.486,26.67-12.784,40.343-21.604\r\n\t\t\tc9.492,14.717,16.923,29.094,21.768,42.304C232.668,341.668,226.86,342,221,342z M331.309,296.309\r\n\t\t\tc-18.014,18.014-39.661,31.069-63.285,38.504c-5.705-16.856-14.884-35.033-26.861-53.461\r\n\t\t\tc13.582-10.495,27.026-22.332,39.941-35.248c12.916-12.915,24.753-26.358,35.248-39.94c18.428,11.977,36.605,21.155,53.461,26.861\r\n\t\t\tC362.377,256.647,349.323,278.295,331.309,296.309z M333.731,181.64c8.818-13.673,16.117-27.252,21.603-40.343\r\n\t\t\tc3.039-7.251,5.461-14.234,7.274-20.917C372.028,140.679,377,162.956,377,186c0,5.859-0.332,11.667-0.966,17.408\r\n\t\t\tC362.824,198.563,348.448,191.133,333.731,181.64z\"\/>\r\n\t<\/g>\r\n<\/g>\r\n<g>\r\n\t<g>\r\n\t\t<path d=\"M402.02,367.02C450.372,318.667,477,254.38,477,186S450.372,53.333,402.02,4.98l-21.213,21.213\r\n\t\t\tc88.116,88.118,88.116,231.495,0,319.613C336.742,389.87,278.881,411.899,221,411.895\r\n\t\t\tc-57.867-0.006-115.753-22.035-159.806-66.088L39.981,367.02c44.799,44.8,103.28,70.933,166.019,74.533V482h-75v30h180v-30h-75\r\n\t\t\tv-40.447C298.739,437.952,357.22,411.819,402.02,367.02z\"\/>\r\n\t<\/g>\r\n<\/g>\r\n<g>\r\n<\/g>\r\n<g>\r\n<\/g>\r\n<g>\r\n<\/g>\r\n<g>\r\n<\/g>\r\n<g>\r\n<\/g>\r\n<g>\r\n<\/g>\r\n<g>\r\n<\/g>\r\n<g>\r\n<\/g>\r\n<g>\r\n<\/g>\r\n<g>\r\n<\/g>\r\n<g>\r\n<\/g>\r\n<g>\r\n<\/g>\r\n<g>\r\n<\/g>\r\n<g>\r\n<\/g>\r\n<g>\r\n<\/g>\r\n<\/svg>\r\n\t\t\t\t\t<\/div>\n\t\t\t\t<\/div>\n\t\t\t<\/div>\n\t\t\t\t<div class=\"icon-box-text last-reset\">\n\t\t\t\t\t\t\t\t\t\n\t<div id=\"text-2706327346\" class=\"text\">\n\t\t\n<p><span style=\"font-size: 100%;\"><span style=\"font-weight: 900;\">Que tu sois en caravane ou en camping-car, dans un v\u00e9hicule tout-terrain, en bateau, en trekking ou en voyage d&rsquo;affaires<\/span>, avec DEXDA\u00ae Complete, tu profites d&rsquo;une eau potable s\u00fbre dans le monde entier !<\/span><br \/>\n\t\t\n<style>\n#text-2706327346 {\n  text-align: left;\n}\n<\/style>\n\t<\/div>\n\t\n\t\t<\/div>\n\t<\/div>\n\t\n\t\n\t\t<\/div>\n\t\t\t\t\t<\/div>\n\n\t\n<\/div>\n\t\t<\/div>\n\n\t\t\n<style>\n#section_463255622 {\n  padding-top: 30px;\n  padding-bottom: 30px;\n  background-color: rgb(0, 106, 176);\n}\n<\/style>\n\t<\/section>\n\t\n<div class=\"container section-title-container\" style=\"margin-top:30px;\"><h1 class=\"section-title section-title-normal\"><b><\/b><span class=\"section-title-main\" >En un coup d'\u0153il<\/span><b><\/b><\/h1><\/div>\n\n\t<section class=\"section\" id=\"section_1641318500\">\n\t\t<div class=\"section-bg fill\" >\n\t\t\t\t\t\t\t\t\t<div class=\"section-bg-overlay absolute fill\"><\/div>\n\t\t\t\n\n\t\t<\/div>\n\n\t\t\n\n\t\t<div class=\"section-content relative\">\n\t\t\t\n<div class=\"row row-collapse row-full-width align-equal align-center\"  id=\"row-1868946198\">\n\n\t<div id=\"col-1195696158\" class=\"col medium-7 small-12 large-7\"  >\n\t\t\t\t<div class=\"col-inner text-left\"  >\n\t\t\t\n\t\t\t\n\t<div id=\"text-3389974888\" class=\"text\">\n\t\t\n<ul>\n<li>D\u00e9sinfection et conservation de l&rsquo;eau potable pour le camping, les voyages, le trekking, les bateaux\/yachts, les voyages d&rsquo;affaires, le plein air, les exp\u00e9ditions, l&rsquo;approvisionnement en eau de secours, etc.<\/li>\n<li>d\u00e9sinfecte et conserve jusqu&rsquo;\u00e0 5000 litres d&rsquo;eau (selon le mod\u00e8le)<\/li>\n<li>combat les agents pathog\u00e8nes : virus, germes, champignons &amp; bact\u00e9ries (p. ex. l\u00e9gionelles, E. Coli, etc.)<\/li>\n<li>conserve l&rsquo;eau fra\u00eeche dans le r\u00e9servoir jusqu&rsquo;\u00e0 6 mois<\/li>\n<li>dosage pr\u00e9cis possible pour tous les r\u00e9cipients gr\u00e2ce au gobelet doseur et \u00e0 l&rsquo;insert pour gouttelettes<\/li>\n<li>pour les r\u00e9servoirs ou r\u00e9cipients en plastique &amp; en acier inoxydable<\/li>\n<\/ul>\n\t\t\n<style>\n#text-3389974888 {\n  font-size: 1rem;\n  text-align: left;\n}\n<\/style>\n\t<\/div>\n\t\n\t\t<\/div>\n\t\t\t\t\n<style>\n#col-1195696158 > .col-inner {\n  padding: 40px 0px 0px 15px;\n}\n@media (min-width:550px) {\n  #col-1195696158 > .col-inner {\n    padding: 40px 0px 0px 15px;\n  }\n}\n<\/style>\n\t<\/div>\n\n\t\n\n\t<div id=\"col-1605493293\" class=\"col medium-5 small-12 large-5\"  >\n\t\t\t\t<div class=\"col-inner\"  >\n\t\t\t\n\t\t\t\n\t<div class=\"img has-hover x md-x lg-x y md-y lg-y\" id=\"image_1755283180\">\n\t\t\t\t\t\t\t\t<div class=\"img-inner dark\" >\n\t\t\t<img loading=\"lazy\" decoding=\"async\" width=\"800\" height=\"800\" src=\"https:\/\/wm-aquatec.de\/wp-content\/uploads\/2021\/07\/Dexda_Complete_MIG-800x800.jpg\" class=\"attachment-large size-large\" alt=\"\" srcset=\"https:\/\/wm-aquatec.de\/wp-content\/uploads\/2021\/07\/Dexda_Complete_MIG-800x800.jpg 800w, https:\/\/wm-aquatec.de\/wp-content\/uploads\/2021\/07\/Dexda_Complete_MIG-400x400.jpg 400w, https:\/\/wm-aquatec.de\/wp-content\/uploads\/2021\/07\/Dexda_Complete_MIG-280x280.jpg 280w, https:\/\/wm-aquatec.de\/wp-content\/uploads\/2021\/07\/Dexda_Complete_MIG-768x768.jpg 768w, https:\/\/wm-aquatec.de\/wp-content\/uploads\/2021\/07\/Dexda_Complete_MIG-300x300.jpg 300w, https:\/\/wm-aquatec.de\/wp-content\/uploads\/2021\/07\/Dexda_Complete_MIG-600x600.jpg 600w, https:\/\/wm-aquatec.de\/wp-content\/uploads\/2021\/07\/Dexda_Complete_MIG-100x100.jpg 100w, https:\/\/wm-aquatec.de\/wp-content\/uploads\/2021\/07\/Dexda_Complete_MIG.jpg 1500w\" sizes=\"auto, (max-width: 800px) 100vw, 800px\" \/>\t\t\t\t\t\t\n\t\t\t\t\t<\/div>\n\t\t\t\t\t\t\t\t\n<style>\n#image_1755283180 {\n  width: 100%;\n}\n@media (min-width:550px) {\n  #image_1755283180 {\n    width: 75%;\n  }\n}\n<\/style>\n\t<\/div>\n\t\n\t\t<\/div>\n\t\t\t\t\t<\/div>\n\n\t\n<\/div>\n\t\t<\/div>\n\n\t\t\n<style>\n#section_1641318500 {\n  padding-top: 0px;\n  padding-bottom: 0px;\n}\n#section_1641318500 .section-bg-overlay {\n  background-color: rgba(255, 255, 255, 0.75);\n}\n@media (min-width:550px) {\n  #section_1641318500 {\n    padding-top: 0px;\n    padding-bottom: 0px;\n  }\n}\n<\/style>\n\t<\/section>\n\t\n<div class=\"container section-title-container\" style=\"margin-top:30px;\"><h1 class=\"section-title section-title-normal\"><b><\/b><span class=\"section-title-main\" >LA BONNE TAILLE POUR CHAQUE AVENTURE<\/span><b><\/b><\/h1><\/div>\n\n\t<section class=\"section\" id=\"section_1189010672\">\n\t\t<div class=\"section-bg fill\" >\n\t\t\t\t\t\t\t\t\t\n\t\t\t\n\n\t\t<\/div>\n\n\t\t\n\n\t\t<div class=\"section-content relative\">\n\t\t\t\n<div class=\"row row-small row-full-width align-equal\"  id=\"row-389334981\">\n\n\t<div id=\"col-693210542\" class=\"col medium-4 small-12 large-4\"  >\n\t\t\t\t<div class=\"col-inner text-left\"  >\n\t\t\t\n\t\t\t\n\t<div class=\"img has-hover x md-x lg-x y md-y lg-y\" id=\"image_1922183815\">\n\t\t\t\t\t\t\t\t<div class=\"img-inner dark\" >\n\t\t\t<img loading=\"lazy\" decoding=\"async\" width=\"800\" height=\"800\" src=\"https:\/\/wm-aquatec.de\/wp-content\/uploads\/2021\/07\/DCP12CLS-800x800.jpg\" class=\"attachment-large size-large\" alt=\"\" srcset=\"https:\/\/wm-aquatec.de\/wp-content\/uploads\/2021\/07\/DCP12CLS-800x800.jpg 800w, https:\/\/wm-aquatec.de\/wp-content\/uploads\/2021\/07\/DCP12CLS-400x400.jpg 400w, https:\/\/wm-aquatec.de\/wp-content\/uploads\/2021\/07\/DCP12CLS-280x280.jpg 280w, https:\/\/wm-aquatec.de\/wp-content\/uploads\/2021\/07\/DCP12CLS-768x768.jpg 768w, https:\/\/wm-aquatec.de\/wp-content\/uploads\/2021\/07\/DCP12CLS-300x300.jpg 300w, https:\/\/wm-aquatec.de\/wp-content\/uploads\/2021\/07\/DCP12CLS-600x600.jpg 600w, https:\/\/wm-aquatec.de\/wp-content\/uploads\/2021\/07\/DCP12CLS-100x100.jpg 100w, https:\/\/wm-aquatec.de\/wp-content\/uploads\/2021\/07\/DCP12CLS.jpg 1500w\" sizes=\"auto, (max-width: 800px) 100vw, 800px\" \/>\t\t\t\t\t\t\n\t\t\t\t\t<\/div>\n\t\t\t\t\t\t\t\t\n<style>\n#image_1922183815 {\n  width: 50%;\n}\n<\/style>\n\t<\/div>\n\t\n<h3>DCP12CLS<\/h3>\n<p>d\u00e9sinfecte et conserve 120 litres d&rsquo;eau<\/p>\n\t\t<\/div>\n\t\t\t\t\t<\/div>\n\n\t\n\n\t<div id=\"col-1000101279\" class=\"col medium-4 small-12 large-4\"  >\n\t\t\t\t<div class=\"col-inner\"  >\n\t\t\t\n\t\t\t\n\t<div class=\"img has-hover x md-x lg-x y md-y lg-y\" id=\"image_1573069902\">\n\t\t\t\t\t\t\t\t<div class=\"img-inner dark\" >\n\t\t\t<img loading=\"lazy\" decoding=\"async\" width=\"800\" height=\"800\" src=\"https:\/\/wm-aquatec.de\/wp-content\/uploads\/2021\/07\/DCP120CLS-800x800.jpg\" class=\"attachment-large size-large\" alt=\"DEXDA\u00ae Complete pour la d\u00e9sinfection et la conservation de 1200 litres d&#039;eau\" srcset=\"https:\/\/wm-aquatec.de\/wp-content\/uploads\/2021\/07\/DCP120CLS-800x800.jpg 800w, https:\/\/wm-aquatec.de\/wp-content\/uploads\/2021\/07\/DCP120CLS-400x400.jpg 400w, https:\/\/wm-aquatec.de\/wp-content\/uploads\/2021\/07\/DCP120CLS-280x280.jpg 280w, https:\/\/wm-aquatec.de\/wp-content\/uploads\/2021\/07\/DCP120CLS-768x768.jpg 768w, https:\/\/wm-aquatec.de\/wp-content\/uploads\/2021\/07\/DCP120CLS-300x300.jpg 300w, https:\/\/wm-aquatec.de\/wp-content\/uploads\/2021\/07\/DCP120CLS-600x600.jpg 600w, https:\/\/wm-aquatec.de\/wp-content\/uploads\/2021\/07\/DCP120CLS-100x100.jpg 100w, https:\/\/wm-aquatec.de\/wp-content\/uploads\/2021\/07\/DCP120CLS.jpg 1500w\" sizes=\"auto, (max-width: 800px) 100vw, 800px\" \/>\t\t\t\t\t\t\n\t\t\t\t\t<\/div>\n\t\t\t\t\t\t\t\t\n<style>\n#image_1573069902 {\n  width: 50%;\n}\n<\/style>\n\t<\/div>\n\t\n<h3>DCP120CLS<\/h3>\n<p>d\u00e9sinfecte et conserve 1200 litres d&rsquo;eau<\/p>\n\t\t<\/div>\n\t\t\t\t\t<\/div>\n\n\t\n\n\t<div id=\"col-1905276796\" class=\"col medium-4 small-12 large-4\"  >\n\t\t\t\t<div class=\"col-inner\"  >\n\t\t\t\n\t\t\t\n\t<div class=\"img has-hover x md-x lg-x y md-y lg-y\" id=\"image_214844847\">\n\t\t\t\t\t\t\t\t<div class=\"img-inner dark\" >\n\t\t\t<img loading=\"lazy\" decoding=\"async\" width=\"800\" height=\"800\" src=\"https:\/\/wm-aquatec.de\/wp-content\/uploads\/2021\/07\/DCP500CLS-800x800.jpg\" class=\"attachment-large size-large\" alt=\"DEXDA\u00ae Complete pour la d\u00e9sinfection et la conservation de 5000 litres d&#039;eau\" srcset=\"https:\/\/wm-aquatec.de\/wp-content\/uploads\/2021\/07\/DCP500CLS-800x800.jpg 800w, https:\/\/wm-aquatec.de\/wp-content\/uploads\/2021\/07\/DCP500CLS-400x400.jpg 400w, https:\/\/wm-aquatec.de\/wp-content\/uploads\/2021\/07\/DCP500CLS-280x280.jpg 280w, https:\/\/wm-aquatec.de\/wp-content\/uploads\/2021\/07\/DCP500CLS-768x768.jpg 768w, https:\/\/wm-aquatec.de\/wp-content\/uploads\/2021\/07\/DCP500CLS-300x300.jpg 300w, https:\/\/wm-aquatec.de\/wp-content\/uploads\/2021\/07\/DCP500CLS-600x600.jpg 600w, https:\/\/wm-aquatec.de\/wp-content\/uploads\/2021\/07\/DCP500CLS-100x100.jpg 100w, https:\/\/wm-aquatec.de\/wp-content\/uploads\/2021\/07\/DCP500CLS.jpg 1500w\" sizes=\"auto, (max-width: 800px) 100vw, 800px\" \/>\t\t\t\t\t\t\n\t\t\t\t\t<\/div>\n\t\t\t\t\t\t\t\t\n<style>\n#image_214844847 {\n  width: 50%;\n}\n<\/style>\n\t<\/div>\n\t\n<h3>DCP500CLS<\/h3>\n<p>d\u00e9sinfecte et conserve 5000 litres d&rsquo;eau<\/p>\n\t\t<\/div>\n\t\t\t\t\t<\/div>\n\n\t\n\n<style>\n#row-389334981 > .col > .col-inner {\n  padding: 0px 0px 0px 0px;\n}\n<\/style>\n<\/div>\n\t\t<\/div>\n\n\t\t\n<style>\n#section_1189010672 {\n  padding-top: 30px;\n  padding-bottom: 30px;\n}\n<\/style>\n\t<\/section>\n\t\n\n\t<section class=\"section\" id=\"section_2089602115\">\n\t\t<div class=\"section-bg fill\" >\n\t\t\t\t\t\t\t\t\t\n\t\t\t\n\n\t\t<\/div>\n\n\t\t\n\n\t\t<div class=\"section-content relative\">\n\t\t\t\n<div class=\"row\"  id=\"row-1831015144\">\n\n\t<div id=\"col-627513674\" class=\"col medium-6 small-8 large-6\"  >\n\t\t\t\t<div class=\"col-inner text-left\"  >\n\t\t\t\n\t\t\t\n<div class=\"container section-title-container\" ><h3 class=\"section-title section-title-normal\"><b><\/b><span class=\"section-title-main\" >Service et aide<\/span><b><\/b><\/h3><\/div>\n<p>En cliquant sur le lien suivant, tu trouveras des r\u00e9ponses aux questions les plus fr\u00e9quentes (FAQ), des modes d&#8217;emploi et des fiches de donn\u00e9es de s\u00e9curit\u00e9 \u00e0 t\u00e9l\u00e9charger.<\/p>\n<nav role=\"navigation\" aria-label=\"Articles avec mots-cl\u00e9s\" class=\"widg-shortcode-article-container\"><div class=\"widg-reset defaults-reset widg-shortcode-article-contents\"><h4>Articles avec mots-cl\u00e9s<\/h4><ul><li><a href=\"https:\/\/wm-aquatec.de\/fr\/service-und-hilfe\/produits\/dexda-complete\/\"><span class=\"widg-article-title\"><i class=\"widg-shortcode-article-icon ep_font_icon_document\"><\/i><span>DEXDA\u00ae Complete<\/span><\/span><\/a><\/li><\/ul><\/div><\/nav>\n\t\t<\/div>\n\t\t\t\t\t<\/div>\n\n\t\n\n\t<div id=\"col-1605523336\" class=\"col medium-6 small-8 large-6\"  >\n\t\t\t\t<div class=\"col-inner text-left\"  >\n\t\t\t\n\t\t\t\n\t<div id=\"text-1548384983\" class=\"text\">\n\t\t\n<p style=\"text-align: left;\"><img loading=\"lazy\" decoding=\"async\" class=\"alignnone wp-image-1738\" src=\"https:\/\/wm-aquatec.de\/wp-content\/uploads\/2021\/07\/ghs_07_exclam.png\" alt=\"\" width=\"75\" height=\"75\" srcset=\"https:\/\/wm-aquatec.de\/wp-content\/uploads\/2021\/07\/ghs_07_exclam.png 200w, https:\/\/wm-aquatec.de\/wp-content\/uploads\/2021\/07\/ghs_07_exclam-100x100.png 100w\" sizes=\"auto, (max-width: 75px) 100vw, 75px\" \/><img loading=\"lazy\" decoding=\"async\" class=\"alignnone wp-image-1735\" src=\"https:\/\/wm-aquatec.de\/wp-content\/uploads\/2021\/07\/ghs_05_acid-400x400.png\" alt=\"\" width=\"75\" height=\"75\" srcset=\"https:\/\/wm-aquatec.de\/wp-content\/uploads\/2021\/07\/ghs_05_acid-400x400.png 400w, https:\/\/wm-aquatec.de\/wp-content\/uploads\/2021\/07\/ghs_05_acid-280x280.png 280w, https:\/\/wm-aquatec.de\/wp-content\/uploads\/2021\/07\/ghs_05_acid-300x300.png 300w, https:\/\/wm-aquatec.de\/wp-content\/uploads\/2021\/07\/ghs_05_acid-600x600.png 600w, https:\/\/wm-aquatec.de\/wp-content\/uploads\/2021\/07\/ghs_05_acid-100x100.png 100w, https:\/\/wm-aquatec.de\/wp-content\/uploads\/2021\/07\/ghs_05_acid.png 720w\" sizes=\"auto, (max-width: 75px) 100vw, 75px\" \/><img loading=\"lazy\" decoding=\"async\" class=\"alignnone wp-image-1372\" src=\"https:\/\/wm-aquatec.de\/wp-content\/uploads\/2021\/06\/ghs_09_Aquatic-pollut-red-1.png\" alt=\"\" width=\"75\" height=\"75\" srcset=\"https:\/\/wm-aquatec.de\/wp-content\/uploads\/2021\/06\/ghs_09_Aquatic-pollut-red-1.png 200w, https:\/\/wm-aquatec.de\/wp-content\/uploads\/2021\/06\/ghs_09_Aquatic-pollut-red-1-100x100.png 100w\" sizes=\"auto, (max-width: 75px) 100vw, 75px\" \/><\/p>\n<p style=\"text-align: left;\">Mot de signalisation : Attention<\/p>\n<p>H290 Peut \u00eatre corrosif pour les m\u00e9taux.<br \/>\nH314 Provoque des br\u00fblures de la peau et des l\u00e9sions oculaires graves.<br \/>\nH315 Provoque une irritation cutan\u00e9e.<br \/>\nH318 Provoque des l\u00e9sions oculaires graves.<br \/>\nH319 Provoque une s\u00e9v\u00e8re irritation des yeux.<br \/>\nH400 Tr\u00e8s toxique pour les organismes aquatiques.<br \/>\nH410 Tr\u00e8s toxique pour les organismes aquatiques, entra\u00eene des effets n\u00e9fastes \u00e0 long terme.<br \/>\nH411 Toxique pour les organismes aquatiques, entra\u00eene des effets n\u00e9fastes \u00e0 long terme.<\/p>\n<p class=\"p1\">BauA-Reg. N-73030<\/p>\n<p style=\"text-align: left;\">\u00c9tiquetage selon le r\u00e8glement ( UE ) n\u00b0 528\/2012 : <strong>Utilisez les produits biocides avec pr\u00e9caution. Lisez toujours l&rsquo;\u00e9tiquette et les informations sur le produit avant de l&rsquo;utiliser.<\/strong><\/p>\n\t\t\n<style>\n#text-1548384983 {\n  text-align: left;\n}\n<\/style>\n\t<\/div>\n\t\n\t\t<\/div>\n\t\t\t\t\t<\/div>\n\n\t\n<\/div>\n\t\t<\/div>\n\n\t\t\n<style>\n#section_2089602115 {\n  padding-top: 30px;\n  padding-bottom: 30px;\n}\n<\/style>\n\t<\/section>\n\t\n","protected":false},"excerpt":{"rendered":"<p>2 en 1 &#8211; d\u00e9sinfection et conservation de l&rsquo;eau potable et de l&rsquo;eau de citerne.<\/p>\n","protected":false},"featured_media":1852,"template":"","meta":{"inline_featured_image":false},"product_brand":[],"product_cat":[89,980,988,972,985,195,153],"product_tag":[217,223,101,173,194,171,220,104],"class_list":{"0":"post-9775","1":"product","2":"type-product","3":"status-publish","4":"has-post-thumbnail","6":"product_cat-conservation-de-leau","7":"product_cat-conservation-de-leau-fr","8":"product_cat-conservation-de-leau-fr-fr","9":"product_cat-desinfection-de-leau-fr-2","10":"product_cat-desinfection-de-leau-fr","11":"product_cat-desinfection-de-leau","12":"product_cat-tous-les-produits","13":"product_tag-complete-fr","14":"product_tag-conservation-fr","15":"product_tag-conservation-de-leau","16":"product_tag-desinfection","17":"product_tag-desinfection-de-leau","18":"product_tag-dexda-fr","19":"product_tag-hypochlorite-de-sodium","20":"product_tag-ions-dargent","21":"pa_konserviert-u-desinfiziert-120-litres-fr","22":"pa_konserviert-u-desinfiziert-1200-litres-fr","23":"pa_konserviert-u-desinfiziert-5000-litres-fr","25":"first","26":"instock","27":"taxable","28":"shipping-taxable","29":"purchasable","30":"product-type-variable"},"_links":{"self":[{"href":"https:\/\/wm-aquatec.de\/fr\/wp-json\/wp\/v2\/product\/9775","targetHints":{"allow":["GET"]}}],"collection":[{"href":"https:\/\/wm-aquatec.de\/fr\/wp-json\/wp\/v2\/product"}],"about":[{"href":"https:\/\/wm-aquatec.de\/fr\/wp-json\/wp\/v2\/types\/product"}],"wp:featuredmedia":[{"embeddable":true,"href":"https:\/\/wm-aquatec.de\/fr\/wp-json\/wp\/v2\/media\/1852"}],"wp:attachment":[{"href":"https:\/\/wm-aquatec.de\/fr\/wp-json\/wp\/v2\/media?parent=9775"}],"wp:term":[{"taxonomy":"product_brand","embeddable":true,"href":"https:\/\/wm-aquatec.de\/fr\/wp-json\/wp\/v2\/product_brand?post=9775"},{"taxonomy":"product_cat","embeddable":true,"href":"https:\/\/wm-aquatec.de\/fr\/wp-json\/wp\/v2\/product_cat?post=9775"},{"taxonomy":"product_tag","embeddable":true,"href":"https:\/\/wm-aquatec.de\/fr\/wp-json\/wp\/v2\/product_tag?post=9775"}],"curies":[{"name":"wp","href":"https:\/\/api.w.org\/{rel}","templated":true}]}}