{"id":9780,"date":"2022-01-27T09:11:56","date_gmt":"2022-04-13T19:30:32","guid":{"rendered":"https:\/\/wm-aquatec.de\/shop\/unkategorisiert\/kit-de-filtre-deau-mobile-edition\/"},"modified":"2022-04-19T10:00:22","modified_gmt":"2022-04-19T08:00:22","slug":"kit-de-filtre-deau-mobile-edition","status":"publish","type":"product","link":"https:\/\/wm-aquatec.de\/fr\/shop\/bateau\/filtre-a-eau-fr\/kit-de-filtre-deau-mobile-edition\/","title":{"rendered":"Kit de filtre d&rsquo;eau Mobile Edition"},"content":{"rendered":"<div class=\"container section-title-container\" ><h1 class=\"section-title section-title-normal\"><b><\/b><span class=\"section-title-main\" >KIT DE FILTRE D'EAU MOBILE EDITION<\/span><b><\/b><\/h1><\/div>\n\n\t<section class=\"section dark\" id=\"section_465085900\">\n\t\t<div class=\"section-bg fill\" >\n\t\t\t<img loading=\"lazy\" decoding=\"async\" width=\"2560\" height=\"1707\" src=\"https:\/\/wm-aquatec.de\/wp-content\/uploads\/2021\/12\/AdobeStock_111102323-scaled.jpeg\" class=\"bg attachment-original size-original\" alt=\"\" \/>\t\t\t\t\t\t\n\t\t\t\n\n\t\t<\/div>\n\n\t\t\n\n\t\t<div class=\"section-content relative\">\n\t\t\t\n\t\t<\/div>\n\n\t\t\n<style>\n#section_465085900 {\n  padding-top: 0px;\n  padding-bottom: 0px;\n  margin-bottom: 0px;\n  min-height: 330px;\n}\n#section_465085900 .section-bg img {\n  object-position: 48% 65%;\n}\n@media (min-width:550px) {\n  #section_465085900 {\n    min-height: 600px;\n  }\n}\n@media (min-width:850px) {\n  #section_465085900 {\n    min-height: 400px;\n  }\n}\n<\/style>\n\t<\/section>\n\t\n\n\t<section class=\"section dark\" id=\"section_1946156067\">\n\t\t<div class=\"section-bg fill\" >\n\t\t\t\t\t\t\t\t\t\n\t\t\t\n\n\t\t<\/div>\n\n\t\t\n\n\t\t<div class=\"section-content relative\">\n\t\t\t\n<div class=\"row row-large align-center\"  id=\"row-1731366370\">\n\n\t<div id=\"col-1527957279\" class=\"col medium-6 small-12 large-6\"  >\n\t\t\t\t<div class=\"col-inner text-left\"  >\n\t\t\t\n\t\t\t\n\n\t\t<div class=\"icon-box featured-box icon-box-left text-left\"  >\n\t\t\t\t\t<div class=\"icon-box-img\" style=\"width: 50px\">\n\t\t\t\t<div class=\"icon\">\n\t\t\t\t\t<div class=\"icon-inner\" >\n\t\t\t\t\t\t<?xml version=\"1.0\" encoding=\"utf-8\"?>\n<!-- Generator: Adobe Illustrator 25.3.1, SVG Export Plug-In . SVG Version: 6.00 Build 0)  -->\n<svg version=\"1.1\" id=\"Layer_1\" xmlns=\"http:\/\/www.w3.org\/2000\/svg\" xmlns:xlink=\"http:\/\/www.w3.org\/1999\/xlink\" x=\"0px\" y=\"0px\"\n\t viewBox=\"0 0 80.6 61.2\" style=\"enable-background:new 0 0 80.6 61.2;\" xml:space=\"preserve\">\n<style type=\"text\/css\">\n\t.st0{fill:#FFFFFF;}\n<\/style>\n<path class=\"st0\" d=\"M29.7,61.2c-1.2,0-2.4-0.5-3.3-1.4l-25-25c-1.8-1.8-1.8-4.8,0-6.6c1.8-1.8,4.8-1.8,6.6,0l21.5,21.5l43-48.1\n\tc1.7-1.9,4.7-2.1,6.6-0.4c1.9,1.7,2.1,4.7,0.4,6.6L33.1,59.6c-0.9,1-2.1,1.5-3.4,1.6C29.7,61.2,29.7,61.2,29.7,61.2z\"\/>\n<\/svg>\n\t\t\t\t\t<\/div>\n\t\t\t\t<\/div>\n\t\t\t<\/div>\n\t\t\t\t<div class=\"icon-box-text last-reset\">\n\t\t\t\t\t\t\t\t\t\n\t<div id=\"text-2897809405\" class=\"text\">\n\t\t\n<p><span style=\"font-size: 100%;\">Le kit de filtre d&rsquo;eau Mobile Edition est un <span style=\"font-weight: 900;\">kit complet pour la pr\u00e9filtration lors du remplissage du r\u00e9servoir d&rsquo;eau fra\u00eeche pour le camping, le caravaning, le tout-terrain et le yachting. <\/span><\/span>Il se compose d&rsquo;un bo\u00eetier de filtre \u00e0 eau en trois parties, d&rsquo;un filtre \u00e0 eau potable en PP et de divers accessoires.<br \/>\n\t\t\n<style>\n#text-2897809405 {\n  text-align: left;\n}\n<\/style>\n\t<\/div>\n\t\n\t\t<\/div>\n\t<\/div>\n\t\n\t\n\t\t<\/div>\n\t\t\t\t\t<\/div>\n\n\t\n\n\t<div id=\"col-1422891346\" class=\"col medium-6 small-12 large-6\"  >\n\t\t\t\t<div class=\"col-inner text-left\"  >\n\t\t\t\n\t\t\t\n\n\t\t<div class=\"icon-box featured-box icon-box-left text-left\"  >\n\t\t\t\t\t<div class=\"icon-box-img\" style=\"width: 50px\">\n\t\t\t\t<div class=\"icon\">\n\t\t\t\t\t<div class=\"icon-inner\" style=\"color:rgb(255, 255, 255);\">\n\t\t\t\t\t\t<?xml version=\"1.0\" encoding=\"utf-8\"?>\n<!-- Generator: Adobe Illustrator 25.3.1, SVG Export Plug-In . SVG Version: 6.00 Build 0)  -->\n<svg version=\"1.1\" id=\"Ebene_1\" xmlns=\"http:\/\/www.w3.org\/2000\/svg\" xmlns:xlink=\"http:\/\/www.w3.org\/1999\/xlink\" x=\"0px\" y=\"0px\"\n\t viewBox=\"0 0 350 350\" style=\"enable-background:new 0 0 350 350;\" xml:space=\"preserve\">\n<style type=\"text\/css\">\n\t.st0{fill:#FFFFFF;}\n<\/style>\n<desc>Created with Fabric.js 1.7.22<\/desc>\n<g id=\"icon\" transform=\"translate(-1.9444444444444287 -1.9444444444444287) scale(3.89 3.89)\">\n\t<path class=\"st0\" d=\"M74.5,29h-2.9c-0.2-0.9-0.6-1.8-1.1-2.6l2-2c0.6-0.6,0.6-1.5,0-2.1c-0.6-0.6-1.5-0.6-2.1,0l-2,2\n\t\tc-0.8-0.5-1.6-0.9-2.6-1.1v-2.9c0-0.8-0.7-1.5-1.5-1.5s-1.5,0.7-1.5,1.5v2.9c-0.9,0.2-1.8,0.6-2.6,1.1l-2-2c-0.6-0.6-1.5-0.6-2.1,0\n\t\tc-0.6,0.6-0.6,1.5,0,2.1l2,2c-0.5,0.8-0.9,1.6-1.1,2.6h-2.9c-0.8,0-1.5,0.7-1.5,1.5s0.7,1.5,1.5,1.5h2.9c0.2,0.9,0.6,1.8,1.1,2.6\n\t\tl-2,2c-0.6,0.6-0.6,1.5,0,2.1c0.3,0.3,0.7,0.4,1.1,0.4c0.4,0,0.8-0.1,1.1-0.4l2-2c0.8,0.5,1.6,0.9,2.6,1.1v2.9\n\t\tc0,0.8,0.7,1.5,1.5,1.5s1.5-0.7,1.5-1.5v-2.9c0.9-0.2,1.8-0.6,2.6-1.1l2,2c0.3,0.3,0.7,0.4,1.1,0.4c0.4,0,0.8-0.1,1.1-0.4\n\t\tc0.6-0.6,0.6-1.5,0-2.1l-2-2c0.5-0.8,0.9-1.6,1.1-2.6h2.9c0.8,0,1.5-0.7,1.5-1.5C76,29.7,75.3,29,74.5,29z M64.3,34.9\n\t\tc-2.4,0-4.4-2-4.4-4.4s2-4.4,4.4-4.4c2.4,0,4.4,2,4.4,4.4C68.7,32.9,66.8,34.9,64.3,34.9z\"\/>\n\t<path class=\"st0\" d=\"M49.2,58.1h-1.7c-0.1-0.5-0.3-0.9-0.5-1.3l1.2-1.2c0.6-0.6,0.6-1.5,0-2.1s-1.5-0.6-2.1,0l-1.2,1.2\n\t\tc-0.4-0.2-0.8-0.4-1.3-0.5v-1.7c0-0.8-0.7-1.5-1.5-1.5s-1.5,0.7-1.5,1.5v1.7c-0.5,0.1-0.9,0.3-1.3,0.5L38,53.5\n\t\tc-0.6-0.6-1.5-0.6-2.1,0c-0.6,0.6-0.6,1.5,0,2.1l1.2,1.2c-0.2,0.4-0.4,0.8-0.5,1.3h-1.7c-0.8,0-1.5,0.7-1.5,1.5s0.7,1.5,1.5,1.5\n\t\th1.7c0.1,0.5,0.3,0.9,0.5,1.3l-1.2,1.2c-0.6,0.6-0.6,1.5,0,2.1c0.3,0.3,0.7,0.4,1.1,0.4c0.4,0,0.8-0.1,1.1-0.4l1.2-1.2\n\t\tc0.4,0.2,0.8,0.4,1.3,0.5v1.7c0,0.8,0.7,1.5,1.5,1.5s1.5-0.7,1.5-1.5v-1.7c0.5-0.1,0.9-0.3,1.3-0.5l1.2,1.2\n\t\tc0.3,0.3,0.7,0.4,1.1,0.4c0.4,0,0.8-0.1,1.1-0.4c0.6-0.6,0.6-1.5,0-2.1L47,62.4c0.2-0.4,0.4-0.8,0.5-1.3h1.7c0.8,0,1.5-0.7,1.5-1.5\n\t\tS50,58.1,49.2,58.1z M39.3,59.6c0-1.5,1.2-2.7,2.7-2.7c1.5,0,2.7,1.2,2.7,2.7s-1.2,2.7-2.7,2.7C40.5,62.3,39.3,61.1,39.3,59.6z\"\/>\n\t<path class=\"st0\" d=\"M78.8,32c-0.7,0-1.3-0.5-1.5-1.2c-0.2-0.8,0.3-1.6,1.1-1.8c3.1-0.7,6.3-1.9,9.4-3.5c0.7-0.4,1.6-0.1,2,0.7\n\t\tc0.4,0.7,0.1,1.6-0.7,2c-3.3,1.7-6.7,2.9-10.1,3.7C79,32,78.9,32,78.8,32z\"\/>\n\t<path class=\"st0\" d=\"M51.5,28.4c-0.2,0-0.3,0-0.5-0.1c-1.4-0.5-2.9-1-4.3-1.5c-5.2-1.6-10.3-2.7-15.2-3.2c-0.8-0.1-1.4-0.8-1.3-1.6\n\t\tc0.1-0.8,0.8-1.4,1.6-1.3c5.1,0.5,10.4,1.6,15.8,3.3c1.5,0.5,3,1,4.4,1.5c0.8,0.3,1.2,1.1,0.9,1.9C52.7,28,52.1,28.4,51.5,28.4z\"\/>\n\t<path class=\"st0\" d=\"M1.5,28.4c-0.6,0-1.1-0.3-1.4-0.9c-0.4-0.8,0-1.6,0.7-2c7.6-3.5,15.8-5.3,24.5-5.2c0.8,0,1.5,0.7,1.5,1.5\n\t\tc0,0.8-0.7,1.5-1.5,1.5c-0.2,0-0.3,0-0.4,0c-8.1,0-15.7,1.7-22.8,4.9C1.9,28.4,1.7,28.4,1.5,28.4z\"\/>\n\t<path class=\"st0\" d=\"M25.3,43.1c-2.8,0-5.2-2.3-5.2-5.2c0-2.8,2.3-5.2,5.2-5.2c2.8,0,5.2,2.3,5.2,5.2\n\t\tC30.5,40.8,28.2,43.1,25.3,43.1z M25.3,35.8c-1.2,0-2.2,1-2.2,2.2c0,1.2,1,2.2,2.2,2.2c1.2,0,2.2-1,2.2-2.2\n\t\tC27.5,36.7,26.5,35.8,25.3,35.8z\"\/>\n\t<path class=\"st0\" d=\"M74.6,58.5c-2.8,0-5.2-2.3-5.2-5.2s2.3-5.2,5.2-5.2s5.2,2.3,5.2,5.2S77.5,58.5,74.6,58.5z M74.6,51.2\n\t\tc-1.2,0-2.2,1-2.2,2.2c0,1.2,1,2.2,2.2,2.2s2.2-1,2.2-2.2C76.8,52.2,75.8,51.2,74.6,51.2z\"\/>\n\t<path class=\"st0\" d=\"M16.6,77.9c-2.8,0-5.2-2.3-5.2-5.2s2.3-5.2,5.2-5.2c2.8,0,5.2,2.3,5.2,5.2S19.5,77.9,16.6,77.9z M16.6,70.6\n\t\tc-1.2,0-2.2,1-2.2,2.2s1,2.2,2.2,2.2s2.2-1,2.2-2.2S17.8,70.6,16.6,70.6z\"\/>\n\t<path class=\"st0\" d=\"M79.7,67.1c-0.7,0-1.3-0.4-1.5-1.1c-0.2-0.8,0.3-1.6,1.1-1.8c2.8-0.7,5.7-1.8,8.5-3.3c0.7-0.4,1.6-0.1,2,0.7\n\t\tc0.4,0.7,0.1,1.6-0.7,2c-3,1.5-6.1,2.7-9.1,3.5C79.9,67,79.8,67.1,79.7,67.1z\"\/>\n\t<path class=\"st0\" d=\"M70.2,68.3c-5.3,0-10.7-1.1-16.1-3.3c-0.8-0.3-1.1-1.2-0.8-2c0.3-0.8,1.2-1.1,2-0.8c5.5,2.2,11,3.3,16.4,3\n\t\tc0.9,0,1.5,0.6,1.6,1.4c0,0.8-0.6,1.5-1.4,1.6C71.2,68.3,70.7,68.3,70.2,68.3z\"\/>\n\t<path class=\"st0\" d=\"M1.5,63.7c-0.6,0-1.1-0.3-1.4-0.9c-0.4-0.8,0-1.6,0.7-2c8.7-4.1,18.3-5.8,28.6-5.1c0.8,0.1,1.5,0.8,1.4,1.6\n\t\ts-0.8,1.5-1.6,1.4c-9.7-0.7-18.8,0.9-27.1,4.8C1.9,63.6,1.7,63.7,1.5,63.7z\"\/>\n\t<circle class=\"st0\" cx=\"47.4\" cy=\"76.4\" r=\"2.5\"\/>\n\t<circle class=\"st0\" cx=\"43.5\" cy=\"38.7\" r=\"2.5\"\/>\n\t<circle class=\"st0\" cx=\"53.2\" cy=\"13.6\" r=\"2.5\"\/>\n\t<circle class=\"st0\" cx=\"82.2\" cy=\"17.5\" r=\"2.5\"\/>\n\t<circle class=\"st0\" cx=\"79.3\" cy=\"73.5\" r=\"1.5\"\/>\n\t<circle class=\"st0\" cx=\"11.6\" cy=\"13.6\" r=\"1.5\"\/>\n\t<circle class=\"st0\" cx=\"8.7\" cy=\"48.4\" r=\"1.5\"\/>\n\t<circle class=\"st0\" cx=\"84.1\" cy=\"38.7\" r=\"1.5\"\/>\n\t<circle class=\"st0\" cx=\"12.6\" cy=\"31\" r=\"1.5\"\/>\n\t<circle class=\"st0\" cx=\"59\" cy=\"51.3\" r=\"2.5\"\/>\n<\/g>\n<\/svg>\n\t\t\t\t\t<\/div>\n\t\t\t\t<\/div>\n\t\t\t<\/div>\n\t\t\t\t<div class=\"icon-box-text last-reset\">\n\t\t\t\t\t\t\t\t\t\n\t<div id=\"text-911659939\" class=\"text\">\n\t\t\n<p><span style=\"font-size: 100%;\"><span style=\"font-weight: 900;\">La rouille, le sable et les autres impuret\u00e9s pr\u00e9sentes dans l&rsquo;eau sont filtr\u00e9s efficacement <\/span>, ce qui garantit une meilleure qualit\u00e9 de l&rsquo;eau.<\/span><br \/>\n\t\t\n<style>\n#text-911659939 {\n  text-align: left;\n}\n<\/style>\n\t<\/div>\n\t\n\t\t<\/div>\n\t<\/div>\n\t\n\t\n\t\t<\/div>\n\t\t\t\t\t<\/div>\n\n\t\n<\/div>\n\t\t<\/div>\n\n\t\t\n<style>\n#section_1946156067 {\n  padding-top: 30px;\n  padding-bottom: 30px;\n  background-color: rgb(0, 106, 176);\n}\n<\/style>\n\t<\/section>\n\t\n\n\t<section class=\"section\" id=\"section_2083976378\">\n\t\t<div class=\"section-bg fill\" >\n\t\t\t\t\t\t\t\t\t<div class=\"section-bg-overlay absolute fill\"><\/div>\n\t\t\t\n\n\t\t<\/div>\n\n\t\t\n\n\t\t<div class=\"section-content relative\">\n\t\t\t\n<div class=\"container section-title-container\" style=\"margin-top:30px;\"><h1 class=\"section-title section-title-normal\"><b><\/b><span class=\"section-title-main\" >En un coup d'\u0153il<\/span><b><\/b><\/h1><\/div>\n<div class=\"row row-collapse row-full-width align-equal align-center\"  id=\"row-1383424022\">\n\n\t<div id=\"col-1058940880\" class=\"col medium-7 small-12 large-7\"  >\n\t\t\t\t<div class=\"col-inner text-left\"  >\n\t\t\t\n\t\t\t\n\t<div id=\"text-1530970763\" class=\"text\">\n\t\t\n<ul>\n<li>emp\u00eache la salet\u00e9 de p\u00e9n\u00e9trer dans le r\u00e9servoir d&rsquo;eau propre<\/li>\n<li>prot\u00e8ge la pompe, le chauffe-eau et la robinetterie du sable, de la rouille, des particules en suspension, etc.<\/li>\n<li>droit de l&rsquo;eau potable<\/li>\n<li>incl. \u00e9l\u00e9ment filtrant de qualit\u00e9 industrielle avec une finesse de filtration de 1\u00b5m<\/li>\n<li>tr\u00e8s haut d\u00e9bit<\/li>\n<li>incl. joint torique de rechange et cl\u00e9 de filtre<\/li>\n<\/ul>\n\t\t\n<style>\n#text-1530970763 {\n  font-size: 1rem;\n  text-align: left;\n}\n<\/style>\n\t<\/div>\n\t\n\t\t<\/div>\n\t\t\t\t\n<style>\n#col-1058940880 > .col-inner {\n  padding: 40px 0px 0px 15px;\n}\n@media (min-width:550px) {\n  #col-1058940880 > .col-inner {\n    padding: 40px 0px 0px 15px;\n  }\n}\n<\/style>\n\t<\/div>\n\n\t\n\n\t<div id=\"col-277822589\" class=\"col medium-5 small-12 large-5\"  >\n\t\t\t\t<div class=\"col-inner\"  >\n\t\t\t\n\t\t\t\n\t<div class=\"img has-hover x md-x lg-x y md-y lg-y\" id=\"image_1964914239\">\n\t\t\t\t\t\t\t\t<div class=\"img-inner dark\" >\n\t\t\t<img loading=\"lazy\" decoding=\"async\" width=\"800\" height=\"800\" src=\"https:\/\/wm-aquatec.de\/wp-content\/uploads\/2022\/01\/FG05A0S-800x800.jpeg\" class=\"attachment-large size-large\" alt=\"Kit de filtre d&#039;eau Mobile Edition\" srcset=\"https:\/\/wm-aquatec.de\/wp-content\/uploads\/2022\/01\/FG05A0S-800x800.jpeg 800w, https:\/\/wm-aquatec.de\/wp-content\/uploads\/2022\/01\/FG05A0S-400x400.jpeg 400w, https:\/\/wm-aquatec.de\/wp-content\/uploads\/2022\/01\/FG05A0S-280x280.jpeg 280w, https:\/\/wm-aquatec.de\/wp-content\/uploads\/2022\/01\/FG05A0S-768x768.jpeg 768w, https:\/\/wm-aquatec.de\/wp-content\/uploads\/2022\/01\/FG05A0S-1536x1536.jpeg 1536w, https:\/\/wm-aquatec.de\/wp-content\/uploads\/2022\/01\/FG05A0S-300x300.jpeg 300w, https:\/\/wm-aquatec.de\/wp-content\/uploads\/2022\/01\/FG05A0S-600x600.jpeg 600w, https:\/\/wm-aquatec.de\/wp-content\/uploads\/2022\/01\/FG05A0S-100x100.jpeg 100w, https:\/\/wm-aquatec.de\/wp-content\/uploads\/2022\/01\/FG05A0S.jpeg 2000w\" sizes=\"auto, (max-width: 800px) 100vw, 800px\" \/>\t\t\t\t\t\t\n\t\t\t\t\t<\/div>\n\t\t\t\t\t\t\t\t\n<style>\n#image_1964914239 {\n  width: 100%;\n}\n@media (min-width:550px) {\n  #image_1964914239 {\n    width: 75%;\n  }\n}\n<\/style>\n\t<\/div>\n\t\n\t\t<\/div>\n\t\t\t\t\t<\/div>\n\n\t\n<\/div>\n\t\t<\/div>\n\n\t\t\n<style>\n#section_2083976378 {\n  padding-top: 0px;\n  padding-bottom: 0px;\n}\n#section_2083976378 .section-bg-overlay {\n  background-color: rgba(255, 255, 255, 0.75);\n}\n@media (min-width:550px) {\n  #section_2083976378 {\n    padding-top: 0px;\n    padding-bottom: 0px;\n  }\n}\n<\/style>\n\t<\/section>\n\t\n\n\t<section class=\"section\" id=\"section_1873865204\">\n\t\t<div class=\"section-bg fill\" >\n\t\t\t\t\t\t\t\t\t\n\t\t\t\n\n\t\t<\/div>\n\n\t\t\n\n\t\t<div class=\"section-content relative\">\n\t\t\t\n<div class=\"row\"  id=\"row-2013498343\">\n\n\t<div id=\"col-458245655\" class=\"col medium-6 small-8 large-6\"  >\n\t\t\t\t<div class=\"col-inner text-left\"  >\n\t\t\t\n\t\t\t\n<div class=\"container section-title-container\" ><h3 class=\"section-title section-title-normal\"><b><\/b><span class=\"section-title-main\" >Service et aide<\/span><b><\/b><\/h3><\/div>\n<p>En cliquant sur le lien suivant, tu trouveras des r\u00e9ponses aux questions les plus fr\u00e9quentes (FAQ) et des modes d&#8217;emploi \u00e0 t\u00e9l\u00e9charger.<\/p>\n<nav role=\"navigation\" aria-label=\"Articles avec mots-cl\u00e9s\" class=\"widg-shortcode-article-container\"><div class=\"widg-reset defaults-reset widg-shortcode-article-contents\"><h4>Articles avec mots-cl\u00e9s<\/h4><ul><li><a href=\"https:\/\/wm-aquatec.de\/fr\/service-und-hilfe\/produits\/kit-de-filtre-deau-mobile-edition\/\"><span class=\"widg-article-title\"><i class=\"widg-shortcode-article-icon ep_font_icon_document\"><\/i><span>Kit de filtre d&#039;eau Mobile Edition<\/span><\/span><\/a><\/li><\/ul><\/div><\/nav>\n\t\t<\/div>\n\t\t\t\t\t<\/div>\n\n\t\n\n\t<div id=\"col-636131721\" class=\"col medium-6 small-8 large-6\"  >\n\t\t\t\t<div class=\"col-inner text-left\"  >\n\t\t\t\n\t\t\t\n\n<table id=\"tablepress-18fr\" class=\"tablepress tablepress-id-18fr\">\n<thead>\n<tr class=\"row-1\">\n\t<th colspan=\"2\" class=\"column-1\">Donn\u00e9es techniques<\/th>\n<\/tr>\n<\/thead>\n<tbody class=\"row-striping row-hover\">\n<tr class=\"row-2\">\n\t<td class=\"column-1\">Dimensions (hauteur x diam\u00e8tre)<\/td><td class=\"column-2\">198mm x 123mm (sans raccords)<\/td>\n<\/tr>\n<tr class=\"row-3\">\n\t<td class=\"column-1\">Poids<\/td><td class=\"column-2\">0,6kg (sans raccords)<\/td>\n<\/tr>\n<tr class=\"row-4\">\n\t<td class=\"column-1\">Raccords<\/td><td class=\"column-2\">2x \u00bd\" filetage int\u00e9rieur<br \/>\nembout de tuyau (13mm) inclus dans la livraison<\/td>\n<\/tr>\n<tr class=\"row-5\">\n\t<td class=\"column-1\">Pression<\/td><td class=\"column-2\">max. 6bar<\/td>\n<\/tr>\n<tr class=\"row-6\">\n\t<td class=\"column-1\">Temp\u00e9rature de l'eau<\/td><td class=\"column-2\">+2\u2026+45\u00b0C (\u00e0 6bar)<\/td>\n<\/tr>\n<tr class=\"row-7\">\n\t<td class=\"column-1\">D\u00e9bit<\/td><td class=\"column-2\">15l\/min (en fonction de l'\u00e9l\u00e9ment filtrant utilis\u00e9)<\/td>\n<\/tr>\n<\/tbody>\n<\/table>\n<!-- #tablepress-18fr from cache -->\n\t\t<\/div>\n\t\t\t\t\t<\/div>\n\n\t\n<\/div>\n\t\t<\/div>\n\n\t\t\n<style>\n#section_1873865204 {\n  padding-top: 30px;\n  padding-bottom: 30px;\n}\n<\/style>\n\t<\/section>\n\t\n","protected":false},"excerpt":{"rendered":"<p>Le kit de filtration d&rsquo;eau Mobile Edition est un kit complet pour la pr\u00e9filtration lors du remplissage du r\u00e9servoir d&rsquo;eau fra\u00eeche pour le camping, le caravaning, le tout-terrain et le yachting.<\/p>\n","protected":false},"featured_media":9468,"template":"","meta":{"inline_featured_image":false},"product_brand":[],"product_cat":[973,986,283,153],"product_tag":[284,289,293,291,427,327,326,297,425,301,295,302],"class_list":{"0":"post-9780","1":"product","2":"type-product","3":"status-publish","4":"has-post-thumbnail","6":"product_cat-filtre-a-eau-fr","7":"product_cat-filtres-a-eau","8":"product_cat-filtres-a-eau-fr","9":"product_cat-tous-les-produits","10":"product_tag-10-fr","11":"product_tag-acier-inoxydable","12":"product_tag-boitier-du-filtre","13":"product_tag-filtre","14":"product_tag-pollen-fr","15":"product_tag-pre-filtration","16":"product_tag-pre-filtre","17":"product_tag-s-fr","18":"product_tag-sable","19":"product_tag-salete","20":"product_tag-taille","21":"product_tag--fr","22":"pa_anschluss-buse-de-tuyau-10-mm-avec-robinet-darret","23":"pa_anschluss-buse-de-tuyau-10mm","24":"pa_anschluss-buse-de-tuyau-12mm","25":"pa_anschluss-buse-de-tuyau-12mm-avec-robinet-darret","26":"pa_anschluss-connecteur-systeme-plug-in-12mm","27":"pa_anschluss-connecteur-systeme-plug-in-12mm-avec-vanne-darret","28":"pa_anschluss-filetage-interne-1-2","29":"pa_anschluss-piece-de-robinetterie-compatible-gardena","30":"pa_anschluss-piece-de-robinetterie-compatible-gardena-avec-robinet-darret","31":"pa_anschluss-robinet-darret-filetage-femelle-1-2","33":"first","34":"instock","35":"taxable","36":"shipping-taxable","37":"purchasable","38":"product-type-simple"},"_links":{"self":[{"href":"https:\/\/wm-aquatec.de\/fr\/wp-json\/wp\/v2\/product\/9780","targetHints":{"allow":["GET"]}}],"collection":[{"href":"https:\/\/wm-aquatec.de\/fr\/wp-json\/wp\/v2\/product"}],"about":[{"href":"https:\/\/wm-aquatec.de\/fr\/wp-json\/wp\/v2\/types\/product"}],"wp:featuredmedia":[{"embeddable":true,"href":"https:\/\/wm-aquatec.de\/fr\/wp-json\/wp\/v2\/media\/9468"}],"wp:attachment":[{"href":"https:\/\/wm-aquatec.de\/fr\/wp-json\/wp\/v2\/media?parent=9780"}],"wp:term":[{"taxonomy":"product_brand","embeddable":true,"href":"https:\/\/wm-aquatec.de\/fr\/wp-json\/wp\/v2\/product_brand?post=9780"},{"taxonomy":"product_cat","embeddable":true,"href":"https:\/\/wm-aquatec.de\/fr\/wp-json\/wp\/v2\/product_cat?post=9780"},{"taxonomy":"product_tag","embeddable":true,"href":"https:\/\/wm-aquatec.de\/fr\/wp-json\/wp\/v2\/product_tag?post=9780"}],"curies":[{"name":"wp","href":"https:\/\/api.w.org\/{rel}","templated":true}]}}