{"id":9815,"date":"2021-07-12T09:37:55","date_gmt":"2022-04-14T14:03:38","guid":{"rendered":"https:\/\/wm-aquatec.de\/shop\/non%20class\u00e9\/dexda-one\/"},"modified":"2022-05-02T10:23:08","modified_gmt":"2022-05-02T08:23:08","slug":"dexda-one","status":"publish","type":"product","link":"https:\/\/wm-aquatec.de\/fr\/shop\/bateau\/conservation-de-leau-fr\/dexda-one\/","title":{"rendered":"DEXDA\u00ae One"},"content":{"rendered":"<div class=\"container section-title-container\" ><h1 class=\"section-title section-title-normal\"><b><\/b><span class=\"section-title-main\" >DEXDA\u00ae One pour la conservation de l'eau<\/span><b><\/b><\/h1><\/div>\n\n\t<section class=\"section dark\" id=\"section_234428596\">\n\t\t<div class=\"section-bg fill\" >\n\t\t\t<img loading=\"lazy\" decoding=\"async\" width=\"2560\" height=\"1708\" src=\"https:\/\/wm-aquatec.de\/wp-content\/uploads\/2021\/12\/parallax_camping_13.jpg\" class=\"bg attachment- size-\" alt=\"\" \/>\t\t\t\t\t\t<div class=\"section-bg-overlay absolute fill\"><\/div>\n\t\t\t\n\n\t\t<\/div>\n\n\t\t\n\n\t\t<div class=\"section-content relative\">\n\t\t\t\n\t<div class=\"img has-hover x md-x lg-x y md-y lg-y\" id=\"image_759952508\">\n\t\t\t\t\t\t\t\t<div class=\"img-inner dark\" >\n\t\t\t<img loading=\"lazy\" decoding=\"async\" width=\"800\" height=\"800\" src=\"https:\/\/wm-aquatec.de\/wp-content\/uploads\/2021\/07\/DO120S.png\" class=\"attachment-original size-original\" alt=\"\" srcset=\"https:\/\/wm-aquatec.de\/wp-content\/uploads\/2021\/07\/DO120S.png 800w, https:\/\/wm-aquatec.de\/wp-content\/uploads\/2021\/07\/DO120S-400x400.png 400w, https:\/\/wm-aquatec.de\/wp-content\/uploads\/2021\/07\/DO120S-280x280.png 280w, https:\/\/wm-aquatec.de\/wp-content\/uploads\/2021\/07\/DO120S-768x768.png 768w, https:\/\/wm-aquatec.de\/wp-content\/uploads\/2021\/07\/DO120S-300x300.png 300w, https:\/\/wm-aquatec.de\/wp-content\/uploads\/2021\/07\/DO120S-600x600.png 600w, https:\/\/wm-aquatec.de\/wp-content\/uploads\/2021\/07\/DO120S-100x100.png 100w\" sizes=\"auto, (max-width: 800px) 100vw, 800px\" \/>\t\t\t\t\t\t\n\t\t\t\t\t<\/div>\n\t\t\t\t\t\t\t\t\n<style>\n#image_759952508 {\n  width: 100%;\n}\n@media (min-width:550px) {\n  #image_759952508 {\n    width: 65%;\n  }\n}\n@media (min-width:850px) {\n  #image_759952508 {\n    width: 35%;\n  }\n}\n<\/style>\n\t<\/div>\n\t\n\t\t<\/div>\n\n\t\t\n<style>\n#section_234428596 {\n  padding-top: 0px;\n  padding-bottom: 0px;\n  margin-bottom: 0px;\n  min-height: 330px;\n}\n#section_234428596 .section-bg-overlay {\n  background-color: rgba(255, 255, 255, 0.453);\n}\n#section_234428596 .section-bg img {\n  object-position: 63% 61%;\n}\n@media (min-width:550px) {\n  #section_234428596 {\n    min-height: 600px;\n  }\n}\n@media (min-width:850px) {\n  #section_234428596 {\n    min-height: 475px;\n  }\n}\n<\/style>\n\t<\/section>\n\t\n\n\t<section class=\"section dark\" id=\"section_1916067777\">\n\t\t<div class=\"section-bg fill\" >\n\t\t\t\t\t\t\t\t\t\n\t\t\t\n\n\t\t<\/div>\n\n\t\t\n\n\t\t<div class=\"section-content relative\">\n\t\t\t\n<div class=\"row row-large align-center\"  id=\"row-770335376\">\n\n\t<div id=\"col-117419251\" class=\"col medium-6 small-12 large-6\"  >\n\t\t\t\t<div class=\"col-inner text-left\"  >\n\t\t\t\n\t\t\t\n\n\t\t<div class=\"icon-box featured-box icon-box-left text-left\"  >\n\t\t\t\t\t<div class=\"icon-box-img\" style=\"width: 50px\">\n\t\t\t\t<div class=\"icon\">\n\t\t\t\t\t<div class=\"icon-inner\" >\n\t\t\t\t\t\t<?xml version=\"1.0\" ?><svg style=\"enable-background:new 0 0 32 32;\" version=\"1.1\" viewBox=\"0 0 32 32\" xml:space=\"preserve\" xmlns=\"http:\/\/www.w3.org\/2000\/svg\" xmlns:xlink=\"http:\/\/www.w3.org\/1999\/xlink\"><g id=\"Guides\"\/><g id=\"_x32_0\"\/><g id=\"_x31_9\"\/><g id=\"_x31_8\"\/><g id=\"_x31_7\"\/><g id=\"_x31_6\"\/><g id=\"_x31_5\"\/><g id=\"_x31_4\"\/><g id=\"_x31_3\"\/><g id=\"_x31_2\"\/><g id=\"_x31_1\"\/><g id=\"_x31_0\"\/><g id=\"_x30_9\"\/><g id=\"_x30_8\"\/><g id=\"_x30_7\"\/><g id=\"_x30_6\"\/><g id=\"_x30_5\"\/><g id=\"_x30_4\"\/><g id=\"_x30_3\"\/><g id=\"_x30_2\"\/><g id=\"_x30_1\"><g><path d=\"M16.7070313,2.2929688c-0.390625-0.390625-1.0234375-0.390625-1.4140625,0C14.9135742,2.6723633,6,11.6816406,6,20    c0,5.5141602,4.4858398,10,10,10c5.5136719,0,10-4.4858398,10-10C26,11.6816406,17.0869141,2.6723633,16.7070313,2.2929688z     M16,28c-4.4111328,0-8-3.5888672-8-8c0-6.2075195,5.9248047-13.2612305,8.0004883-15.5410156    C18.0761719,6.7368164,24,13.7836914,24,20C24,24.4111328,20.4111328,28,16,28z\"\/><path d=\"M16,24c-2.2055664,0-4-1.8105469-4-4.0356445c0-0.5522461-0.4477539-1-1-1s-1,0.4477539-1,1    C10,23.2924805,12.6914063,26,16,26c0.5522461,0,1-0.4477539,1-1S16.5522461,24,16,24z\"\/><\/g><\/g><\/svg>\t\t\t\t\t<\/div>\n\t\t\t\t<\/div>\n\t\t\t<\/div>\n\t\t\t\t<div class=\"icon-box-text last-reset\">\n\t\t\t\t\t\t\t\t\t\n\t<div id=\"text-3152321738\" class=\"text\">\n\t\t\n<p><span style=\"font-size: 100%;\">DEXDA\u00ae One est <span style=\"font-weight: 900;\">l&rsquo;agent de conservation<\/span> pour une eau potable &amp; de citerne s\u00fbre, avec un gobelet doseur pratique et un insert \u00e0 gouttelettes pour un dosage pr\u00e9cis.<\/span><br \/>\n\t\t\n<style>\n#text-3152321738 {\n  text-align: left;\n}\n<\/style>\n\t<\/div>\n\t\n\t\t<\/div>\n\t<\/div>\n\t\n\t\n\t\t<\/div>\n\t\t\t\t\t<\/div>\n\n\t\n\n\t<div id=\"col-1532237818\" class=\"col medium-6 small-12 large-6\"  >\n\t\t\t\t<div class=\"col-inner text-left\"  >\n\t\t\t\n\t\t\t\n\n\t\t<div class=\"icon-box featured-box icon-box-left text-left\"  >\n\t\t\t\t\t<div class=\"icon-box-img\" style=\"width: 50px\">\n\t\t\t\t<div class=\"icon\">\n\t\t\t\t\t<div class=\"icon-inner\" >\n\t\t\t\t\t\t<?xml version=\"1.0\" ?><svg viewBox=\"0 0 64 64\" xmlns=\"http:\/\/www.w3.org\/2000\/svg\"><title\/><g data-name=\"Layer 20\" id=\"Layer_20\"><path d=\"M23,56H22V49a1,1,0,0,0-2,0v7H14V39a1,1,0,0,1,1-1h4a1,1,0,0,0,1-1V13a7.008,7.008,0,0,1,7-7h2a7.006,7.006,0,0,1,6.995,6.9l-1.344,5.374A3,3,0,0,0,37.562,22h2.876a3,3,0,0,0,2.911-3.728l-1.357-5.426A13.011,13.011,0,0,0,29,0H27A13.015,13.015,0,0,0,14,13v1a1,1,0,0,0,2,0V13A11.013,11.013,0,0,1,27,2h2A11.015,11.015,0,0,1,39.955,12h-2.01A9.013,9.013,0,0,0,29,4H27a9.01,9.01,0,0,0-9,9V36H16V18a1,1,0,0,0-2,0V36.184A3,3,0,0,0,12,39v5H8V39a3,3,0,0,0-6,0v5.184A3,3,0,0,0,0,47v2a3,3,0,0,0,3,3h9v4H11a7.008,7.008,0,0,0-7,7,1,1,0,0,0,1,1H29a1,1,0,0,0,1-1A7.008,7.008,0,0,0,23,56ZM40.219,14l1.19,4.757A1,1,0,0,1,40.438,20H37.562a1,1,0,0,1-.971-1.243L37.781,14ZM4,39a1,1,0,0,1,2,0v5H4ZM3,50a1,1,0,0,1-1-1V47a1,1,0,0,1,1-1h9v4ZM6.1,62A5.008,5.008,0,0,1,11,58H23a5.008,5.008,0,0,1,4.9,4Z\"\/><path d=\"M36,28a1,1,0,0,0-2,0v2a1,1,0,0,0,2,0Z\"\/><path d=\"M40,24a1,1,0,0,0-2,0v2a1,1,0,0,0,2,0Z\"\/><path d=\"M40,30a1,1,0,0,0-2,0v2a1,1,0,0,0,2,0Z\"\/><path d=\"M39,35a1,1,0,0,0-1,1v2a1,1,0,0,0,2,0V36A1,1,0,0,0,39,35Z\"\/><path d=\"M43,33a1,1,0,0,0-1,1v2a1,1,0,0,0,2,0V34A1,1,0,0,0,43,33Z\"\/><path d=\"M35,33a1,1,0,0,0-1,1v2a1,1,0,0,0,2,0V34A1,1,0,0,0,35,33Z\"\/><path d=\"M42,28v2a1,1,0,0,0,2,0V28a1,1,0,0,0-2,0Z\"\/><path d=\"M63,38H61a3,3,0,0,0-2.816,2H53.89A6.989,6.989,0,0,0,44.1,40H36a4,4,0,0,0,0,8H47a1,1,0,0,0,0-2H36a2,2,0,0,1,0-4h8.528a1,1,0,0,0,.745-.333,4.99,4.99,0,0,1,7.446,0,1,1,0,0,0,.744.332H58V52H34.313a6.958,6.958,0,0,1-4.949-2.05l-6.485-6.485A2.984,2.984,0,0,1,22,41.343V41a3,3,0,0,1,3-3h.172a1,1,0,0,1,.707.293l3.414,3.414a1,1,0,0,0,1.414-1.414l-3.414-3.414A2.978,2.978,0,0,0,25.172,36H25a5.006,5.006,0,0,0-5,5v.343a4.971,4.971,0,0,0,1.464,3.536l6.486,6.485A8.94,8.94,0,0,0,34.313,54H58.184A3,3,0,0,0,61,56h2a1,1,0,0,0,1-1V39A1,1,0,0,0,63,38ZM62,54H61a1,1,0,0,1-1-1V41a1,1,0,0,1,1-1h1Z\"\/><\/g><\/svg>\t\t\t\t\t<\/div>\n\t\t\t\t<\/div>\n\t\t\t<\/div>\n\t\t\t\t<div class=\"icon-box-text last-reset\">\n\t\t\t\t\t\t\t\t\t\n\t<div id=\"text-2897413613\" class=\"text\">\n\t\t\n<p><span style=\"font-size: 100%;\">Que ce soit dans une caravane ou un camping-car, dans un v\u00e9hicule tout-terrain, sur un bateau ou en trekking, <span style=\"font-weight: 900;\">DEXDA\u00ae One conserve ton eau fra\u00eeche jusqu&rsquo;\u00e0 6 mois.<\/span><\/span><br \/>\n\t\t\n<style>\n#text-2897413613 {\n  text-align: left;\n}\n<\/style>\n\t<\/div>\n\t\n\t\t<\/div>\n\t<\/div>\n\t\n\t\n\t\t<\/div>\n\t\t\t\t\t<\/div>\n\n\t\n<\/div>\n\t\t<\/div>\n\n\t\t\n<style>\n#section_1916067777 {\n  padding-top: 30px;\n  padding-bottom: 30px;\n  background-color: rgb(0, 106, 176);\n}\n<\/style>\n\t<\/section>\n\t\n<div class=\"container section-title-container\" style=\"margin-top:30px;\"><h1 class=\"section-title section-title-normal\"><b><\/b><span class=\"section-title-main\" >En un coup d'\u0153il<\/span><b><\/b><\/h1><\/div>\n\n\t<section class=\"section\" id=\"section_1966793502\">\n\t\t<div class=\"section-bg fill\" >\n\t\t\t\t\t\t\t\t\t<div class=\"section-bg-overlay absolute fill\"><\/div>\n\t\t\t\n\n\t\t<\/div>\n\n\t\t\n\n\t\t<div class=\"section-content relative\">\n\t\t\t\n<div class=\"row row-collapse row-full-width align-equal align-center\"  id=\"row-1085713180\">\n\n\t<div id=\"col-1352742679\" class=\"col medium-7 small-12 large-7\"  >\n\t\t\t\t<div class=\"col-inner text-left\"  >\n\t\t\t\n\t\t\t\n\t<div id=\"text-4117783331\" class=\"text\">\n\t\t\n<ul>\n<li>Conservation de l&rsquo;eau potable pour le camping, les voyages, le trekking, le bateau\/yacht, les voyages d&rsquo;affaires, le plein air, les exp\u00e9ditions, l&rsquo;approvisionnement en eau de secours, etc.<\/li>\n<li>conserve jusqu&rsquo;\u00e0 1200 litres d&rsquo;eau<\/li>\n<li>conserve l&rsquo;eau fra\u00eeche dans le r\u00e9servoir jusqu&rsquo;\u00e0 6 mois<\/li>\n<li>dosage pr\u00e9cis possible pour tous les r\u00e9cipients gr\u00e2ce au gobelet doseur et \u00e0 l&rsquo;insert pour gouttelettes<\/li>\n<li>pour les r\u00e9servoirs ou r\u00e9cipients en plastique &amp; en acier inoxydable<\/li>\n<li>Substance active selon la norme NF EN 15030<\/li>\n<\/ul>\n\t\t\n<style>\n#text-4117783331 {\n  font-size: 1rem;\n  text-align: left;\n}\n<\/style>\n\t<\/div>\n\t\n\t\t<\/div>\n\t\t\t\t\n<style>\n#col-1352742679 > .col-inner {\n  padding: 40px 0px 0px 15px;\n}\n@media (min-width:550px) {\n  #col-1352742679 > .col-inner {\n    padding: 40px 0px 0px 15px;\n  }\n}\n<\/style>\n\t<\/div>\n\n\t\n\n\t<div id=\"col-1394069270\" class=\"col medium-5 small-12 large-5\"  >\n\t\t\t\t<div class=\"col-inner\"  >\n\t\t\t\n\t\t\t\n\t<div class=\"img has-hover x md-x lg-x y md-y lg-y\" id=\"image_1206381627\">\n\t\t\t\t\t\t\t\t<div class=\"img-inner dark\" >\n\t\t\t<img loading=\"lazy\" decoding=\"async\" width=\"800\" height=\"800\" src=\"https:\/\/wm-aquatec.de\/wp-content\/uploads\/2021\/07\/DO120S-800x800.jpg\" class=\"attachment-large size-large\" alt=\"DEXDA\u00ae One pour la conservation de 1200 litres d&#039;eau\" srcset=\"https:\/\/wm-aquatec.de\/wp-content\/uploads\/2021\/07\/DO120S-800x800.jpg 800w, https:\/\/wm-aquatec.de\/wp-content\/uploads\/2021\/07\/DO120S-400x400.jpg 400w, https:\/\/wm-aquatec.de\/wp-content\/uploads\/2021\/07\/DO120S-280x280.jpg 280w, https:\/\/wm-aquatec.de\/wp-content\/uploads\/2021\/07\/DO120S-768x768.jpg 768w, https:\/\/wm-aquatec.de\/wp-content\/uploads\/2021\/07\/DO120S-300x300.jpg 300w, https:\/\/wm-aquatec.de\/wp-content\/uploads\/2021\/07\/DO120S-600x600.jpg 600w, https:\/\/wm-aquatec.de\/wp-content\/uploads\/2021\/07\/DO120S-100x100.jpg 100w, https:\/\/wm-aquatec.de\/wp-content\/uploads\/2021\/07\/DO120S.jpg 1500w\" sizes=\"auto, (max-width: 800px) 100vw, 800px\" \/>\t\t\t\t\t\t\n\t\t\t\t\t<\/div>\n\t\t\t\t\t\t\t\t\n<style>\n#image_1206381627 {\n  width: 100%;\n}\n@media (min-width:550px) {\n  #image_1206381627 {\n    width: 75%;\n  }\n}\n<\/style>\n\t<\/div>\n\t\n\t\t<\/div>\n\t\t\t\t\t<\/div>\n\n\t\n<\/div>\n\t\t<\/div>\n\n\t\t\n<style>\n#section_1966793502 {\n  padding-top: 0px;\n  padding-bottom: 0px;\n}\n#section_1966793502 .section-bg-overlay {\n  background-color: rgba(255, 255, 255, 0.75);\n}\n@media (min-width:550px) {\n  #section_1966793502 {\n    padding-top: 0px;\n    padding-bottom: 0px;\n  }\n}\n<\/style>\n\t<\/section>\n\t\n\n  <div class=\"banner has-hover\" id=\"banner-327265617\">\n          <div class=\"banner-inner fill\">\n        <div class=\"banner-bg fill\" >\n            <img loading=\"lazy\" decoding=\"async\" width=\"1020\" height=\"525\" src=\"https:\/\/wm-aquatec.de\/wp-content\/uploads\/2021\/06\/hero_start_bowl-1400x720.jpg\" class=\"bg attachment-large size-large\" alt=\"\" \/>                                    \n                    <\/div>\n\t\t\n        <div class=\"banner-layers container\">\n            <div class=\"fill banner-link\"><\/div>            \n   <div id=\"text-box-786668964\" class=\"text-box banner-layer x50 md-x50 lg-x50 y50 md-y70 lg-y70 res-text\">\n                                <div class=\"text-box-content text dark\">\n              \n              <div class=\"text-inner text-center\">\n                  \n\t<div id=\"text-4173609511\" class=\"text\">\n\t\t\n<p class=\"uppercase\" style=\"text-align: center;\">\n            <span style=\"color: #ffffff; font-size: 140%;\"><span style=\"font-weight: 900;\"><strong>L&rsquo;argent<\/strong><\/span> &#8211; Le moyen de choix pour la conservation de l&rsquo;eau<\/span>\n          <\/p>\n\t\t\n<style>\n#text-4173609511 {\n  line-height: 1;\n  text-align: center;\n}\n<\/style>\n\t<\/div>\n\t\n<a href=\"\/argent-le-moyen-de-choix\" class=\"button white is-outline\"  >\n\t\t<span>En savoir plus<\/span>\n\t<\/a>\n\n              <\/div>\n           <\/div>\n                            \n<style>\n#text-box-786668964 .text-box-content {\n  background-color: rgb(0, 106, 176);\n  font-size: 100%;\n}\n#text-box-786668964 .text-inner {\n  padding: 10px 10px 10px 10px;\n}\n#text-box-786668964 {\n  width: 81%;\n}\n@media (min-width:550px) {\n  #text-box-786668964 .text-inner {\n    padding: 10px 10px 10px 10px;\n  }\n  #text-box-786668964 {\n    width: 58%;\n  }\n  #text-box-786668964 .text-box-content {\n    font-size: 100%;\n  }\n}\n<\/style>\n    <\/div>\n \n        <\/div>\n      <\/div>\n\n            \n<style>\n#banner-327265617 {\n  padding-top: 315px;\n}\n#banner-327265617 .banner-bg img {\n  object-position: 54% 1%;\n}\n@media (min-width:550px) {\n  #banner-327265617 {\n    padding-top: 500px;\n  }\n}\n<\/style>\n  <\/div>\n\n\n\n\t<section class=\"section\" id=\"section_1324544980\">\n\t\t<div class=\"section-bg fill\" >\n\t\t\t\t\t\t\t\t\t\n\t\t\t\n\n\t\t<\/div>\n\n\t\t\n\n\t\t<div class=\"section-content relative\">\n\t\t\t\n<div class=\"row\"  id=\"row-1809754542\">\n\n\t<div id=\"col-780595725\" class=\"col medium-6 small-8 large-6\"  >\n\t\t\t\t<div class=\"col-inner text-left\"  >\n\t\t\t\n\t\t\t\n<div class=\"container section-title-container\" ><h3 class=\"section-title section-title-normal\"><b><\/b><span class=\"section-title-main\" >Service et aide<\/span><b><\/b><\/h3><\/div>\n<p>En cliquant sur le lien suivant, tu trouveras des r\u00e9ponses aux questions les plus fr\u00e9quentes (FAQ), des modes d&#8217;emploi et des fiches de donn\u00e9es de s\u00e9curit\u00e9 \u00e0 t\u00e9l\u00e9charger.<\/p>\n<p>\n            <nav role=\"navigation\" aria-label=\"Articles avec mots-cl\u00e9s\" class=\"widg-shortcode-article-container\"><div class=\"widg-reset defaults-reset widg-shortcode-article-contents\"><h4>Articles avec mots-cl\u00e9s<\/h4><ul><li><a href=\"https:\/\/wm-aquatec.de\/fr\/service-und-hilfe\/produits\/dexda-one\/\"><span class=\"widg-article-title\"><i class=\"widg-shortcode-article-icon ep_font_icon_document\"><\/i><span>DEXDA\u00ae One<\/span><\/span><\/a><\/li><\/ul><\/div><\/nav>\n          <\/p>\n\t\t<\/div>\n\t\t\t\t\t<\/div>\n\n\t\n\n\t<div id=\"col-805200912\" class=\"col medium-6 small-8 large-6\"  >\n\t\t\t\t<div class=\"col-inner text-left\"  >\n\t\t\t\n\t\t\t\n\t<div id=\"text-959315810\" class=\"text\">\n\t\t\n<p style=\"text-align: left;\">\n            <img loading=\"lazy\" decoding=\"async\" class=\"wp-image-1372 alignnone\" src=\"https:\/\/wm-aquatec.de\/wp-content\/uploads\/2021\/06\/ghs_09_Aquatic-pollut-red-1.png\" alt=\"\" width=\"75\" height=\"75\" srcset=\"https:\/\/wm-aquatec.de\/wp-content\/uploads\/2021\/06\/ghs_09_Aquatic-pollut-red-1.png 200w, https:\/\/wm-aquatec.de\/wp-content\/uploads\/2021\/06\/ghs_09_Aquatic-pollut-red-1-100x100.png 100w\" sizes=\"auto, (max-width: 75px) 100vw, 75px\" \/>\n          <\/p>\n<p style=\"text-align: left;\">Mot de signalisation : Attention<\/p>\n<p>H400 Tr\u00e8s toxique pour les organismes aquatiques.<br \/>H410 Tr\u00e8s toxique pour les organismes aquatiques, entra\u00eene des effets n\u00e9fastes \u00e0 long terme.<br \/>H412 Nocif pour les organismes aquatiques, entra\u00eene des effets n\u00e9fastes \u00e0 long terme.<\/p>\n<p class=\"p1\">BauA-Reg. N\u00b0 de r\u00e9f\u00e9rence N-85190<\/p>\n<p style=\"text-align: left;\">\u00c9tiquetage selon le r\u00e8glement ( UE ) n\u00b0 528\/2012 : <strong>Utilisez les produits biocides avec pr\u00e9caution. Lisez toujours l&rsquo;\u00e9tiquette et les informations sur le produit avant de l&rsquo;utiliser.<\/strong><\/p>\n\t\t\n<style>\n#text-959315810 {\n  text-align: left;\n}\n<\/style>\n\t<\/div>\n\t\n\t\t<\/div>\n\t\t\t\t\t<\/div>\n\n\t\n<\/div>\n\t\t<\/div>\n\n\t\t\n<style>\n#section_1324544980 {\n  padding-top: 30px;\n  padding-bottom: 30px;\n}\n<\/style>\n\t<\/section>\n\t\n","protected":false},"excerpt":{"rendered":"<p>La m\u00e9thode de conservation classique pour l&rsquo;eau potable et l&rsquo;eau de citerne.<\/p>\n","protected":false},"featured_media":1908,"template":"","meta":{"inline_featured_image":false},"product_brand":[],"product_cat":[980,988,89,153],"product_tag":[102,223,101,171,104,235],"class_list":{"0":"post-9815","1":"product","2":"type-product","3":"status-publish","4":"has-post-thumbnail","6":"product_cat-conservation-de-leau-fr","7":"product_cat-conservation-de-leau-fr-fr","8":"product_cat-conservation-de-leau","9":"product_cat-tous-les-produits","10":"product_tag-ag-fr","11":"product_tag-conservation-fr","12":"product_tag-conservation-de-leau","13":"product_tag-dexda-fr","14":"product_tag-ions-dargent","15":"product_tag-one-fr","17":"first","18":"instock","19":"taxable","20":"shipping-taxable","21":"purchasable","22":"product-type-simple"},"_links":{"self":[{"href":"https:\/\/wm-aquatec.de\/fr\/wp-json\/wp\/v2\/product\/9815","targetHints":{"allow":["GET"]}}],"collection":[{"href":"https:\/\/wm-aquatec.de\/fr\/wp-json\/wp\/v2\/product"}],"about":[{"href":"https:\/\/wm-aquatec.de\/fr\/wp-json\/wp\/v2\/types\/product"}],"wp:featuredmedia":[{"embeddable":true,"href":"https:\/\/wm-aquatec.de\/fr\/wp-json\/wp\/v2\/media\/1908"}],"wp:attachment":[{"href":"https:\/\/wm-aquatec.de\/fr\/wp-json\/wp\/v2\/media?parent=9815"}],"wp:term":[{"taxonomy":"product_brand","embeddable":true,"href":"https:\/\/wm-aquatec.de\/fr\/wp-json\/wp\/v2\/product_brand?post=9815"},{"taxonomy":"product_cat","embeddable":true,"href":"https:\/\/wm-aquatec.de\/fr\/wp-json\/wp\/v2\/product_cat?post=9815"},{"taxonomy":"product_tag","embeddable":true,"href":"https:\/\/wm-aquatec.de\/fr\/wp-json\/wp\/v2\/product_tag?post=9815"}],"curies":[{"name":"wp","href":"https:\/\/api.w.org\/{rel}","templated":true}]}}