{"id":9836,"date":"2021-07-14T12:00:07","date_gmt":"2022-04-14T14:13:46","guid":{"rendered":"https:\/\/wm-aquatec.de\/shop\/non%20class\u00e9\/unite-de-desinfection-de-leau-par-uv-c-led-adaptateur-de-raccordement-deau-12mm\/"},"modified":"2022-04-14T16:13:48","modified_gmt":"2022-04-14T14:13:48","slug":"unite-de-desinfection-de-leau-par-uv-c-led-adaptateur-de-raccordement-deau-12mm","status":"publish","type":"product","link":"https:\/\/wm-aquatec.de\/fr\/shop\/bateau\/accessoires-et-pieces-de-rechange-fr\/unite-de-desinfection-de-leau-par-uv-c-led-adaptateur-de-raccordement-deau-12mm\/","title":{"rendered":"Unit\u00e9 de d\u00e9sinfection de l&rsquo;eau par UV-C LED adaptateur de raccordement d&rsquo;eau 12mm"},"content":{"rendered":"<div class=\"container section-title-container\" ><h1 class=\"section-title section-title-normal\"><b><\/b><span class=\"section-title-main\" >Adaptateur de raccordement \u00e0 l'eau 12mm<\/span><b><\/b><\/h1><\/div>\n\n\t<section class=\"section\" id=\"section_2039096087\">\n\t\t<div class=\"section-bg fill\" >\n\t\t\t\t\t\t\t\t\t<div class=\"section-bg-overlay absolute fill\"><\/div>\n\t\t\t\n\n\t\t<\/div>\n\n\t\t\n\n\t\t<div class=\"section-content relative\">\n\t\t\t\n<div class=\"row row-collapse align-equal align-center\"  id=\"row-1035193396\">\n\n\t<div id=\"col-1290807384\" class=\"col small-12 large-12\"  >\n\t\t\t\t<div class=\"col-inner text-left\"  >\n\t\t\t\n\t\t\t\n\t<div id=\"text-2746822966\" class=\"text\">\n\t\t\n<ul>\n<li>Adaptateur d&rsquo;arriv\u00e9e d&rsquo;eau 12 mm pour tuyaux enfichables 12 mm (tol\u00e9rance ext\u00e9rieure)<\/li>\n<li>compatible avec les tuyaux enfichables John Guest\u00ae et Uni Quick\u00ae par exemple<\/li>\n<\/ul>\n\t\t\n<style>\n#text-2746822966 {\n  font-size: 1rem;\n  text-align: left;\n}\n<\/style>\n\t<\/div>\n\t\n\t\t<\/div>\n\t\t\t\t\n<style>\n#col-1290807384 > .col-inner {\n  padding: 40px 0px 0px 15px;\n}\n@media (min-width:550px) {\n  #col-1290807384 > .col-inner {\n    padding: 15px 0px 0px 15px;\n  }\n}\n<\/style>\n\t<\/div>\n\n\t\n<\/div>\n\t\t<\/div>\n\n\t\t\n<style>\n#section_2039096087 {\n  padding-top: 0px;\n  padding-bottom: 0px;\n}\n#section_2039096087 .section-bg-overlay {\n  background-color: rgba(255, 255, 255, 0.75);\n}\n@media (min-width:550px) {\n  #section_2039096087 {\n    padding-top: 0px;\n    padding-bottom: 0px;\n  }\n}\n<\/style>\n\t<\/section>\n\t\n","protected":false},"excerpt":{"rendered":"<p>Unit\u00e9 de d\u00e9sinfection de l&rsquo;eau par UV-C LED adaptateur de raccordement \u00e0 l&rsquo;eau 12mm pour tuyaux enfichables de 12 mm (tol\u00e9rance ext\u00e9rieure) comme par exemple John Guest\u00ae ou UniQuick\u00ae.<\/p>\n","protected":false},"featured_media":2081,"template":"","meta":{"inline_featured_image":false},"product_brand":[],"product_cat":[982,226,984,153],"product_tag":[370,329,372,470,379,374,189,380,377,191],"class_list":{"0":"post-9836","1":"product","2":"type-product","3":"status-publish","4":"has-post-thumbnail","6":"product_cat-accessoires-et-pieces-de-rechange-fr","7":"product_cat-accessoires-et-pieces-de-rechange","8":"product_cat-accessoires-et-pieces-de-rechange-tout-terrain","9":"product_cat-tous-les-produits","10":"product_tag-12mm-fr","11":"product_tag-accessoires","12":"product_tag-adaptateur","13":"product_tag-bague-de-securite","14":"product_tag-connexion","15":"product_tag-john-guest-fr","16":"product_tag-led-fr","17":"product_tag-raccordement-a-leau","18":"product_tag-uni-quick-fr","19":"product_tag-uv-c-fr","21":"first","22":"instock","23":"taxable","24":"shipping-taxable","25":"purchasable","26":"product-type-simple"},"_links":{"self":[{"href":"https:\/\/wm-aquatec.de\/fr\/wp-json\/wp\/v2\/product\/9836","targetHints":{"allow":["GET"]}}],"collection":[{"href":"https:\/\/wm-aquatec.de\/fr\/wp-json\/wp\/v2\/product"}],"about":[{"href":"https:\/\/wm-aquatec.de\/fr\/wp-json\/wp\/v2\/types\/product"}],"wp:featuredmedia":[{"embeddable":true,"href":"https:\/\/wm-aquatec.de\/fr\/wp-json\/wp\/v2\/media\/2081"}],"wp:attachment":[{"href":"https:\/\/wm-aquatec.de\/fr\/wp-json\/wp\/v2\/media?parent=9836"}],"wp:term":[{"taxonomy":"product_brand","embeddable":true,"href":"https:\/\/wm-aquatec.de\/fr\/wp-json\/wp\/v2\/product_brand?post=9836"},{"taxonomy":"product_cat","embeddable":true,"href":"https:\/\/wm-aquatec.de\/fr\/wp-json\/wp\/v2\/product_cat?post=9836"},{"taxonomy":"product_tag","embeddable":true,"href":"https:\/\/wm-aquatec.de\/fr\/wp-json\/wp\/v2\/product_tag?post=9836"}],"curies":[{"name":"wp","href":"https:\/\/api.w.org\/{rel}","templated":true}]}}