{"id":9837,"date":"2022-04-14T16:14:37","date_gmt":"2022-04-14T14:14:37","guid":{"rendered":"https:\/\/wm-aquatec.de\/shop\/non%20class\u00e9\/bague-detancheite-du-boitier-du-filtre\/"},"modified":"2022-04-14T16:14:38","modified_gmt":"2022-04-14T14:14:38","slug":"bague-detancheite-du-boitier-du-filtre","status":"publish","type":"product","link":"https:\/\/wm-aquatec.de\/fr\/shop\/tout-terrain\/accessoires-et-pieces-de-rechange-tout-terrain\/bague-detancheite-du-boitier-du-filtre\/","title":{"rendered":"Bague d&rsquo;\u00e9tanch\u00e9it\u00e9 du bo\u00eetier du filtre"},"content":{"rendered":"<div class=\"container section-title-container\" ><h1 class=\"section-title section-title-normal\"><b><\/b><span class=\"section-title-main\" >joint d'\u00e9tanch\u00e9it\u00e9 de rechange en NBR<\/span><b><\/b><\/h1><\/div>\n\n\t<section class=\"section\" id=\"section_1952262316\">\n\t\t<div class=\"section-bg fill\" >\n\t\t\t\t\t\t\t\t\t<div class=\"section-bg-overlay absolute fill\"><\/div>\n\t\t\t\n\n\t\t<\/div>\n\n\t\t\n\n\t\t<div class=\"section-content relative\">\n\t\t\t\n<div class=\"row row-collapse align-equal align-center\"  id=\"row-107278714\">\n\n\t<div id=\"col-866979635\" class=\"col small-12 large-12\"  >\n\t\t\t\t<div class=\"col-inner text-left\"  >\n\t\t\t\n\t\t\t\n\t<div id=\"text-595399950\" class=\"text\">\n\t\t\n<ul>\n<li>convient \u00e0 tous les bo\u00eetiers de filtre WM aquatec taille S &amp; M<\/li>\n<li>bague d&rsquo;\u00e9tanch\u00e9it\u00e9 de rechange en NBR<\/li>\n<\/ul>\n\t\t\n<style>\n#text-595399950 {\n  font-size: 1rem;\n  text-align: left;\n}\n<\/style>\n\t<\/div>\n\t\n\t\t<\/div>\n\t\t\t\t\n<style>\n#col-866979635 > .col-inner {\n  padding: 40px 0px 0px 15px;\n}\n@media (min-width:550px) {\n  #col-866979635 > .col-inner {\n    padding: 15px 0px 0px 15px;\n  }\n}\n<\/style>\n\t<\/div>\n\n\t\n<\/div>\n\t\t<\/div>\n\n\t\t\n<style>\n#section_1952262316 {\n  padding-top: 0px;\n  padding-bottom: 0px;\n}\n#section_1952262316 .section-bg-overlay {\n  background-color: rgba(255, 255, 255, 0.75);\n}\n@media (min-width:550px) {\n  #section_1952262316 {\n    padding-top: 0px;\n    padding-bottom: 0px;\n  }\n}\n<\/style>\n\t<\/section>\n\t\n","protected":false},"excerpt":{"rendered":"<p>Bague d&rsquo;\u00e9tanch\u00e9it\u00e9 de rechange en NBR pour tous les corps de filtre taille S &amp; M.<\/p>\n","protected":false},"featured_media":9575,"template":"","meta":{"inline_featured_image":false},"product_brand":[],"product_cat":[984,226,982,153],"product_tag":[329,999,1000,998],"class_list":{"0":"post-9837","1":"product","2":"type-product","3":"status-publish","4":"has-post-thumbnail","6":"product_cat-accessoires-et-pieces-de-rechange-tout-terrain","7":"product_cat-accessoires-et-pieces-de-rechange","8":"product_cat-accessoires-et-pieces-de-rechange-fr","9":"product_cat-tous-les-produits","10":"product_tag-accessoires","11":"product_tag-bague-detancheite","12":"product_tag-joint-torique","13":"product_tag-remplacement","15":"first","16":"instock","17":"taxable","18":"shipping-taxable","19":"purchasable","20":"product-type-simple"},"_links":{"self":[{"href":"https:\/\/wm-aquatec.de\/fr\/wp-json\/wp\/v2\/product\/9837","targetHints":{"allow":["GET"]}}],"collection":[{"href":"https:\/\/wm-aquatec.de\/fr\/wp-json\/wp\/v2\/product"}],"about":[{"href":"https:\/\/wm-aquatec.de\/fr\/wp-json\/wp\/v2\/types\/product"}],"wp:featuredmedia":[{"embeddable":true,"href":"https:\/\/wm-aquatec.de\/fr\/wp-json\/wp\/v2\/media\/9575"}],"wp:attachment":[{"href":"https:\/\/wm-aquatec.de\/fr\/wp-json\/wp\/v2\/media?parent=9837"}],"wp:term":[{"taxonomy":"product_brand","embeddable":true,"href":"https:\/\/wm-aquatec.de\/fr\/wp-json\/wp\/v2\/product_brand?post=9837"},{"taxonomy":"product_cat","embeddable":true,"href":"https:\/\/wm-aquatec.de\/fr\/wp-json\/wp\/v2\/product_cat?post=9837"},{"taxonomy":"product_tag","embeddable":true,"href":"https:\/\/wm-aquatec.de\/fr\/wp-json\/wp\/v2\/product_tag?post=9837"}],"curies":[{"name":"wp","href":"https:\/\/api.w.org\/{rel}","templated":true}]}}