{"id":9929,"date":"2022-01-29T11:27:52","date_gmt":"2022-01-29T10:27:52","guid":{"rendered":"https:\/\/wm-aquatec.de\/shop\/non%20class\u00e9\/dexda-plus\/"},"modified":"2026-05-06T12:01:48","modified_gmt":"2026-05-06T10:01:48","slug":"dexda-plus","status":"publish","type":"product","link":"https:\/\/wm-aquatec.de\/fr\/shop\/camping-fr\/desinfection-de-leau\/dexda-plus\/","title":{"rendered":"DEXDA\u00ae Plus"},"content":{"rendered":"<div class=\"container section-title-container\" ><h1 class=\"section-title section-title-normal\"><b><\/b><span class=\"section-title-main\" >DEXDA\u00ae Plus pour la d\u00e9sinfection de l&#039;eau et du syst\u00e8me<\/span><b><\/b><\/h1><\/div>\n\n\t<section class=\"section dark\" id=\"section_549396054\">\n\t\t<div class=\"section-bg fill\" >\n\t\t\t<img loading=\"lazy\" decoding=\"async\" width=\"2500\" height=\"1609\" src=\"https:\/\/wm-aquatec.de\/wp-content\/uploads\/2021\/12\/parallax_camping_1.jpg\" class=\"bg attachment-original size-original\" alt=\"\" \/>\t\t\t\t\t\t<div class=\"section-bg-overlay absolute fill\"><\/div>\n\t\t\t\n\n\t\t<\/div>\n\n\t\t\n\n\t\t<div class=\"section-content relative\">\n\t\t\t\n\t<div class=\"img has-hover x md-x lg-x y md-y lg-y\" id=\"image_141841142\">\n\t\t\t\t\t\t\t\t<div class=\"img-inner dark\" >\n\t\t\t<img loading=\"lazy\" decoding=\"async\" width=\"1000\" height=\"1000\" src=\"https:\/\/wm-aquatec.de\/wp-content\/uploads\/2022\/01\/DEXDA_Plus-120ml-2.png\" class=\"attachment-original size-original\" alt=\"\" srcset=\"https:\/\/wm-aquatec.de\/wp-content\/uploads\/2022\/01\/DEXDA_Plus-120ml-2.png 1000w, https:\/\/wm-aquatec.de\/wp-content\/uploads\/2022\/01\/DEXDA_Plus-120ml-2-400x400.png 400w, https:\/\/wm-aquatec.de\/wp-content\/uploads\/2022\/01\/DEXDA_Plus-120ml-2-800x800.png 800w, https:\/\/wm-aquatec.de\/wp-content\/uploads\/2022\/01\/DEXDA_Plus-120ml-2-280x280.png 280w, https:\/\/wm-aquatec.de\/wp-content\/uploads\/2022\/01\/DEXDA_Plus-120ml-2-768x768.png 768w, https:\/\/wm-aquatec.de\/wp-content\/uploads\/2022\/01\/DEXDA_Plus-120ml-2-300x300.png 300w, https:\/\/wm-aquatec.de\/wp-content\/uploads\/2022\/01\/DEXDA_Plus-120ml-2-600x600.png 600w, https:\/\/wm-aquatec.de\/wp-content\/uploads\/2022\/01\/DEXDA_Plus-120ml-2-100x100.png 100w\" sizes=\"auto, (max-width: 1000px) 100vw, 1000px\" \/>\t\t\t\t\t\t\n\t\t\t\t\t<\/div>\n\t\t\t\t\t\t\t\t\n<style>\n#image_141841142 {\n  width: 100%;\n}\n@media (min-width:550px) {\n  #image_141841142 {\n    width: 65%;\n  }\n}\n@media (min-width:850px) {\n  #image_141841142 {\n    width: 36%;\n  }\n}\n<\/style>\n\t<\/div>\n\t\n\t\t<\/div>\n\n\t\t\n<style>\n#section_549396054 {\n  padding-top: 0px;\n  padding-bottom: 0px;\n  margin-bottom: 0px;\n  min-height: 330px;\n}\n#section_549396054 .section-bg-overlay {\n  background-color: rgba(255, 255, 255, 0.453);\n}\n#section_549396054 .section-bg img {\n  object-position: 51% 22%;\n}\n@media (min-width:550px) {\n  #section_549396054 {\n    min-height: 600px;\n  }\n}\n@media (min-width:850px) {\n  #section_549396054 {\n    min-height: 475px;\n  }\n}\n<\/style>\n\t<\/section>\n\t\n\n\t<section class=\"section dark\" id=\"section_1324363423\">\n\t\t<div class=\"section-bg fill\" >\n\t\t\t\t\t\t\t\t\t\n\t\t\t\n\n\t\t<\/div>\n\n\t\t\n\n\t\t<div class=\"section-content relative\">\n\t\t\t\n<div class=\"row row-large align-center\"  id=\"row-5320908\">\n\n\t<div id=\"col-1341551340\" class=\"col medium-6 small-12 large-6\"  >\n\t\t\t\t<div class=\"col-inner text-left\"  >\n\t\t\t\n\t\t\t\n\n\t\t<div class=\"icon-box featured-box icon-box-left text-left\"  >\n\t\t\t\t\t<div class=\"icon-box-img\" style=\"width: 50px\">\n\t\t\t\t<div class=\"icon\">\n\t\t\t\t\t<div class=\"icon-inner\" >\n\t\t\t\t\t\t<?xml version=\"1.0\" ?><svg style=\"enable-background:new 0 0 32 32;\" version=\"1.1\" viewBox=\"0 0 32 32\" xml:space=\"preserve\" xmlns=\"http:\/\/www.w3.org\/2000\/svg\" xmlns:xlink=\"http:\/\/www.w3.org\/1999\/xlink\"><g id=\"Guides\"\/><g id=\"_x32_0\"\/><g id=\"_x31_9\"\/><g id=\"_x31_8\"\/><g id=\"_x31_7\"\/><g id=\"_x31_6\"\/><g id=\"_x31_5\"\/><g id=\"_x31_4\"\/><g id=\"_x31_3\"\/><g id=\"_x31_2\"\/><g id=\"_x31_1\"\/><g id=\"_x31_0\"\/><g id=\"_x30_9\"\/><g id=\"_x30_8\"\/><g id=\"_x30_7\"\/><g id=\"_x30_6\"\/><g id=\"_x30_5\"\/><g id=\"_x30_4\"\/><g id=\"_x30_3\"\/><g id=\"_x30_2\"\/><g id=\"_x30_1\"><g><path d=\"M16.7070313,2.2929688c-0.390625-0.390625-1.0234375-0.390625-1.4140625,0C14.9135742,2.6723633,6,11.6816406,6,20    c0,5.5141602,4.4858398,10,10,10c5.5136719,0,10-4.4858398,10-10C26,11.6816406,17.0869141,2.6723633,16.7070313,2.2929688z     M16,28c-4.4111328,0-8-3.5888672-8-8c0-6.2075195,5.9248047-13.2612305,8.0004883-15.5410156    C18.0761719,6.7368164,24,13.7836914,24,20C24,24.4111328,20.4111328,28,16,28z\"\/><path d=\"M16,24c-2.2055664,0-4-1.8105469-4-4.0356445c0-0.5522461-0.4477539-1-1-1s-1,0.4477539-1,1    C10,23.2924805,12.6914063,26,16,26c0.5522461,0,1-0.4477539,1-1S16.5522461,24,16,24z\"\/><\/g><\/g><\/svg>\t\t\t\t\t<\/div>\n\t\t\t\t<\/div>\n\t\t\t<\/div>\n\t\t\t\t<div class=\"icon-box-text last-reset\">\n\t\t\t\t\t\t\t\t\t\n\t<div id=\"text-1966565221\" class=\"text\">\n\t\t\n<p><span style=\"font-size: 100%;\">DEXDA\u00ae Plus est <span style=\"font-weight: 900;\">le d\u00e9sinfectant pour une eau potable s\u00fbre<\/span>, avec un gobelet doseur pratique (versions 250 ml et 100 ml) et un insert \u00e0 gouttelettes (version 100 ml uniquement) pour un dosage pr\u00e9cis.<\/span><br \/>\n\t\t\n<style>\n#text-1966565221 {\n  text-align: left;\n}\n<\/style>\n\t<\/div>\n\t\n\t\t<\/div>\n\t<\/div>\n\t\n\t\n\t\t<\/div>\n\t\t\t\t\t<\/div>\n\n\t\n\n\t<div id=\"col-501384575\" class=\"col medium-6 small-12 large-6\"  >\n\t\t\t\t<div class=\"col-inner text-left\"  >\n\t\t\t\n\t\t\t\n\n\t\t<div class=\"icon-box featured-box icon-box-left text-left\"  >\n\t\t\t\t\t<div class=\"icon-box-img\" style=\"width: 50px\">\n\t\t\t\t<div class=\"icon\">\n\t\t\t\t\t<div class=\"icon-inner\" style=\"color:rgb(255, 255, 255);\">\n\t\t\t\t\t\t<?xml version=\"1.0\" encoding=\"utf-8\"?>\n<!-- Generator: Adobe Illustrator 25.3.1, SVG Export Plug-In . SVG Version: 6.00 Build 0)  -->\n<svg version=\"1.1\" id=\"Ebene_1\" xmlns=\"http:\/\/www.w3.org\/2000\/svg\" xmlns:xlink=\"http:\/\/www.w3.org\/1999\/xlink\" x=\"0px\" y=\"0px\"\n\t viewBox=\"0 0 350 350\" style=\"enable-background:new 0 0 350 350;\" xml:space=\"preserve\">\n<style type=\"text\/css\">\n\t.st0{fill:#FFFFFF;}\n<\/style>\n<desc>Created with Fabric.js 1.7.22<\/desc>\n<g id=\"icon\" transform=\"translate(-1.9444444444444287 -1.9444444444444287) scale(3.89 3.89)\">\n\t<path class=\"st0\" d=\"M56.1,47.9H22.9c-0.8,0-1.5-0.7-1.5-1.5v-1.5c0-10,8.1-18.1,18.1-18.1s18.1,8.1,18.1,18.1v1.5\n\t\tC57.6,47.2,57,47.9,56.1,47.9z M24.4,44.9h30.2c0-8.3-6.8-15.1-15.1-15.1C31.2,29.8,24.4,36.6,24.4,44.9z\"\/>\n\t<path class=\"st0\" d=\"M56.1,55.3H22.9c-2.9,0-5.2-2.3-5.2-5.2c0-2.9,2.3-5.2,5.2-5.2h33.2c2.9,0,5.2,2.3,5.2,5.2\n\t\tC61.3,53,59,55.3,56.1,55.3z M22.9,47.9c-1.2,0-2.2,1-2.2,2.2c0,1.2,1,2.2,2.2,2.2h33.2c1.2,0,2.2-1,2.2-2.2c0-1.2-1-2.2-2.2-2.2\n\t\tH22.9z\"\/>\n\t<path class=\"st0\" d=\"M34.9,30.3c-0.8,0-1.5-0.7-1.5-1.5v-8.3c0-7.4,6-13.5,13.5-13.5h11.8C60.7,2.8,65,0,69.8,0h1\n\t\tc0.8,0,1.5,0.7,1.5,1.5V23c0,0.8-0.7,1.5-1.5,1.5h-1c-4.8,0-9.1-2.8-11.1-7.1h-9.9c-2.9,0-5.2,2.4-5.2,5.2v5.8\n\t\tc0,0.8-0.7,1.5-1.5,1.5s-1.5-0.7-1.5-1.5v-5.8c0-4.5,3.7-8.2,8.2-8.2h10.9c0.6,0,1.2,0.4,1.4,1c1.3,3.5,4.5,5.9,8.2,6.1V3\n\t\tc-3.7,0.2-6.9,2.6-8.2,6.1c-0.2,0.6-0.8,1-1.4,1H46.9c-5.8,0-10.5,4.7-10.5,10.5v8.3C36.4,29.7,35.7,30.3,34.9,30.3z\"\/>\n\t<path class=\"st0\" d=\"M39.5,84.6c-0.8,0-1.5-0.7-1.5-1.5V60.5c0-0.8,0.7-1.5,1.5-1.5s1.5,0.7,1.5,1.5v22.6\n\t\tC41,84,40.4,84.6,39.5,84.6z\"\/>\n\t<path class=\"st0\" d=\"M46.3,86.9c-0.8,0-1.5-0.7-1.5-1.5V72.9c0-0.8,0.7-1.5,1.5-1.5c0.8,0,1.5,0.7,1.5,1.5v12.4\n\t\tC47.8,86.2,47.1,86.9,46.3,86.9z\"\/>\n\t<path class=\"st0\" d=\"M46.3,69.3c-0.8,0-1.5-0.7-1.5-1.5v-7.3c0-0.8,0.7-1.5,1.5-1.5c0.8,0,1.5,0.7,1.5,1.5v7.3\n\t\tC47.8,68.6,47.1,69.3,46.3,69.3z\"\/>\n\t<path class=\"st0\" d=\"M32.7,90c-0.8,0-1.5-0.7-1.5-1.5v-9.4c0-0.8,0.7-1.5,1.5-1.5c0.8,0,1.5,0.7,1.5,1.5v9.4\n\t\tC34.2,89.3,33.6,90,32.7,90z\"\/>\n\t<path class=\"st0\" d=\"M32.7,75.4c-0.8,0-1.5-0.7-1.5-1.5V60.5c0-0.8,0.7-1.5,1.5-1.5c0.8,0,1.5,0.7,1.5,1.5v13.4\n\t\tC34.2,74.7,33.6,75.4,32.7,75.4z\"\/>\n\t<path class=\"st0\" d=\"M26,84.6c-0.8,0-1.5-0.7-1.5-1.5V60.5c0-0.8,0.7-1.5,1.5-1.5s1.5,0.7,1.5,1.5v22.6C27.5,84,26.8,84.6,26,84.6z\n\t\t\"\/>\n\t<path class=\"st0\" d=\"M53.1,84.6c-0.8,0-1.5-0.7-1.5-1.5V60.5c0-0.8,0.7-1.5,1.5-1.5s1.5,0.7,1.5,1.5v22.6\n\t\tC54.6,84,53.9,84.6,53.1,84.6z\"\/>\n<\/g>\n<\/svg>\n\t\t\t\t\t<\/div>\n\t\t\t\t<\/div>\n\t\t\t<\/div>\n\t\t\t\t<div class=\"icon-box-text last-reset\">\n\t\t\t\t\t\t\t\t\t\n\t<div id=\"text-2757732271\" class=\"text\">\n\t\t\n<p><span style=\"font-size: 100%;\"><span style=\"font-weight: 900;\">L&rsquo;agent actif \u00e9prouv\u00e9, l&rsquo;hypochlorite de sodium, convient \u00e9galement \u00e0 la d\u00e9sinfection des syst\u00e8mes<\/span> et est autoris\u00e9 conform\u00e9ment \u00e0 la r\u00e9glementation allemande sur l&rsquo;eau potable.<\/span><br \/>\n\t\t\n<style>\n#text-2757732271 {\n  text-align: left;\n}\n<\/style>\n\t<\/div>\n\t\n\t\t<\/div>\n\t<\/div>\n\t\n\t\n\t\t<\/div>\n\t\t\t\t\t<\/div>\n\n\t\n<\/div>\n\t\t<\/div>\n\n\t\t\n<style>\n#section_1324363423 {\n  padding-top: 30px;\n  padding-bottom: 30px;\n  background-color: rgb(0, 106, 176);\n}\n<\/style>\n\t<\/section>\n\t\n<div class=\"container section-title-container\" style=\"margin-top:30px;\"><h1 class=\"section-title section-title-normal\"><b><\/b><span class=\"section-title-main\" >En un coup d&#039;\u0153il<\/span><b><\/b><\/h1><\/div>\n\n\t<section class=\"section\" id=\"section_1817542406\">\n\t\t<div class=\"section-bg fill\" >\n\t\t\t\t\t\t\t\t\t<div class=\"section-bg-overlay absolute fill\"><\/div>\n\t\t\t\n\n\t\t<\/div>\n\n\t\t\n\n\t\t<div class=\"section-content relative\">\n\t\t\t\n<div class=\"row row-collapse row-full-width align-equal align-center\"  id=\"row-1084887045\">\n\n\t<div id=\"col-229764237\" class=\"col medium-7 small-12 large-7\"  >\n\t\t\t\t<div class=\"col-inner text-left\"  >\n\t\t\t\n\t\t\t\n\t<div id=\"text-2820686056\" class=\"text\">\n\t\t\n<ul>\n<li>combat les agents pathog\u00e8nes : virus, germes, champignons &amp; bact\u00e9ries (par ex. l\u00e9gionelles, E. Coli, etc.)<\/li>\n<li>d\u00e9sinfecte l&rsquo;eau contamin\u00e9e<\/li>\n<li>Hypochlorite de sodium &#8211; sans (ions) argent<\/li>\n<li>dosage pr\u00e9cis pour tous les r\u00e9cipients gr\u00e2ce \u00e0 un gobelet doseur (insert pour gouttelettes inclus pour la version 100 ml)<\/li>\n<li>Substance active conforme \u00e0 la r\u00e9glementation allemande sur l&rsquo;eau potable <\/li>\n<li>convient \u00e0 tous les mat\u00e9riaux de r\u00e9servoir et de r\u00e9cipient<\/li>\n<li>\u00e9galement pour la d\u00e9sinfection des r\u00e9servoirs et des syst\u00e8mes<\/li>\n<\/ul>\n\t\t\n<style>\n#text-2820686056 {\n  font-size: 1rem;\n  text-align: left;\n}\n<\/style>\n\t<\/div>\n\t\n\t\t<\/div>\n\t\t\t\t\n<style>\n#col-229764237 > .col-inner {\n  padding: 40px 0px 0px 15px;\n}\n@media (min-width:550px) {\n  #col-229764237 > .col-inner {\n    padding: 40px 0px 0px 15px;\n  }\n}\n<\/style>\n\t<\/div>\n\n\t\n\n\t<div id=\"col-1998364678\" class=\"col medium-5 small-12 large-5\"  >\n\t\t\t\t<div class=\"col-inner\"  >\n\t\t\t\n\t\t\t\n\t<div class=\"img has-hover x md-x lg-x y md-y lg-y\" id=\"image_1813655118\">\n\t\t\t\t\t\t\t\t<div class=\"img-inner dark\" >\n\t\t\t<img loading=\"lazy\" decoding=\"async\" width=\"800\" height=\"800\" src=\"https:\/\/wm-aquatec.de\/wp-content\/uploads\/2022\/01\/DEXDA-Plus-120ml_150dpi_RGB_2000x2000-800x800.jpg\" class=\"attachment-large size-large\" alt=\"DEXDA Plus 120ml pour la d\u00e9sinfection de 1200 litres d&#039;eau\" srcset=\"https:\/\/wm-aquatec.de\/wp-content\/uploads\/2022\/01\/DEXDA-Plus-120ml_150dpi_RGB_2000x2000-800x800.jpg 800w, https:\/\/wm-aquatec.de\/wp-content\/uploads\/2022\/01\/DEXDA-Plus-120ml_150dpi_RGB_2000x2000-400x400.jpg 400w, https:\/\/wm-aquatec.de\/wp-content\/uploads\/2022\/01\/DEXDA-Plus-120ml_150dpi_RGB_2000x2000-280x280.jpg 280w, https:\/\/wm-aquatec.de\/wp-content\/uploads\/2022\/01\/DEXDA-Plus-120ml_150dpi_RGB_2000x2000-768x768.jpg 768w, https:\/\/wm-aquatec.de\/wp-content\/uploads\/2022\/01\/DEXDA-Plus-120ml_150dpi_RGB_2000x2000-1536x1536.jpg 1536w, https:\/\/wm-aquatec.de\/wp-content\/uploads\/2022\/01\/DEXDA-Plus-120ml_150dpi_RGB_2000x2000-300x300.jpg 300w, https:\/\/wm-aquatec.de\/wp-content\/uploads\/2022\/01\/DEXDA-Plus-120ml_150dpi_RGB_2000x2000-600x600.jpg 600w, https:\/\/wm-aquatec.de\/wp-content\/uploads\/2022\/01\/DEXDA-Plus-120ml_150dpi_RGB_2000x2000-100x100.jpg 100w, https:\/\/wm-aquatec.de\/wp-content\/uploads\/2022\/01\/DEXDA-Plus-120ml_150dpi_RGB_2000x2000.jpg 2000w\" sizes=\"auto, (max-width: 800px) 100vw, 800px\" \/>\t\t\t\t\t\t\n\t\t\t\t\t<\/div>\n\t\t\t\t\t\t\t\t\n<style>\n#image_1813655118 {\n  width: 100%;\n}\n@media (min-width:550px) {\n  #image_1813655118 {\n    width: 75%;\n  }\n}\n<\/style>\n\t<\/div>\n\t\n\t\t<\/div>\n\t\t\t\t\t<\/div>\n\n\t\n<\/div>\n\t\t<\/div>\n\n\t\t\n<style>\n#section_1817542406 {\n  padding-top: 0px;\n  padding-bottom: 0px;\n}\n#section_1817542406 .section-bg-overlay {\n  background-color: rgba(255, 255, 255, 0.75);\n}\n@media (min-width:550px) {\n  #section_1817542406 {\n    padding-top: 0px;\n    padding-bottom: 0px;\n  }\n}\n<\/style>\n\t<\/section>\n\t\n<div class=\"container section-title-container\" style=\"margin-top:30px;\"><h1 class=\"section-title section-title-normal\"><b><\/b><span class=\"section-title-main\" >LA BONNE TAILLE POUR CHAQUE APPLICATION<\/span><b><\/b><\/h1><\/div>\n\n\t<section class=\"section\" id=\"section_1557248607\">\n\t\t<div class=\"section-bg fill\" >\n\t\t\t\t\t\t\t\t\t\n\t\t\t\n\n\t\t<\/div>\n\n\t\t\n\n\t\t<div class=\"section-content relative\">\n\t\t\t\n<div class=\"row row-small row-full-width align-equal\"  id=\"row-592807890\">\n\n\t<div id=\"col-892062361\" class=\"col medium-4 small-12 large-4\"  >\n\t\t\t\t<div class=\"col-inner text-left\"  >\n\t\t\t\n\t\t\t\n\t<div class=\"img has-hover x md-x lg-x y md-y lg-y\" id=\"image_2034072427\">\n\t\t\t\t\t\t\t\t<div class=\"img-inner dark\" >\n\t\t\t<img loading=\"lazy\" decoding=\"async\" width=\"800\" height=\"800\" src=\"https:\/\/wm-aquatec.de\/wp-content\/uploads\/2022\/01\/DEXDA-Plus-120ml_150dpi_RGB_2000x2000-800x800.jpg\" class=\"attachment-large size-large\" alt=\"DEXDA Plus 120ml pour la d\u00e9sinfection de 1200 litres d&#039;eau\" srcset=\"https:\/\/wm-aquatec.de\/wp-content\/uploads\/2022\/01\/DEXDA-Plus-120ml_150dpi_RGB_2000x2000-800x800.jpg 800w, https:\/\/wm-aquatec.de\/wp-content\/uploads\/2022\/01\/DEXDA-Plus-120ml_150dpi_RGB_2000x2000-400x400.jpg 400w, https:\/\/wm-aquatec.de\/wp-content\/uploads\/2022\/01\/DEXDA-Plus-120ml_150dpi_RGB_2000x2000-280x280.jpg 280w, https:\/\/wm-aquatec.de\/wp-content\/uploads\/2022\/01\/DEXDA-Plus-120ml_150dpi_RGB_2000x2000-768x768.jpg 768w, https:\/\/wm-aquatec.de\/wp-content\/uploads\/2022\/01\/DEXDA-Plus-120ml_150dpi_RGB_2000x2000-1536x1536.jpg 1536w, https:\/\/wm-aquatec.de\/wp-content\/uploads\/2022\/01\/DEXDA-Plus-120ml_150dpi_RGB_2000x2000-300x300.jpg 300w, https:\/\/wm-aquatec.de\/wp-content\/uploads\/2022\/01\/DEXDA-Plus-120ml_150dpi_RGB_2000x2000-600x600.jpg 600w, https:\/\/wm-aquatec.de\/wp-content\/uploads\/2022\/01\/DEXDA-Plus-120ml_150dpi_RGB_2000x2000-100x100.jpg 100w, https:\/\/wm-aquatec.de\/wp-content\/uploads\/2022\/01\/DEXDA-Plus-120ml_150dpi_RGB_2000x2000.jpg 2000w\" sizes=\"auto, (max-width: 800px) 100vw, 800px\" \/>\t\t\t\t\t\t\n\t\t\t\t\t<\/div>\n\t\t\t\t\t\t\t\t\n<style>\n#image_2034072427 {\n  width: 50%;\n}\n<\/style>\n\t<\/div>\n\t\n<h3>DP120CL<\/h3>\n<ul>\n<li>d\u00e9sinfecte 1000 litres d&rsquo;eau<\/li>\n<li>convient \u00e9galement \u00e0 la d\u00e9sinfection de syst\u00e8mes pour des r\u00e9servoirs jusqu&rsquo;\u00e0 20 litres<\/li>\n<\/ul>\n\t\t<\/div>\n\t\t\t\t\t<\/div>\n\n\t\n\n\t<div id=\"col-977383963\" class=\"col medium-4 small-12 large-4\"  >\n\t\t\t\t<div class=\"col-inner\"  >\n\t\t\t\n\t\t\t\n\t<div class=\"img has-hover x md-x lg-x y md-y lg-y\" id=\"image_1333114479\">\n\t\t\t\t\t\t\t\t<div class=\"img-inner dark\" >\n\t\t\t<img loading=\"lazy\" decoding=\"async\" width=\"800\" height=\"800\" src=\"https:\/\/wm-aquatec.de\/wp-content\/uploads\/2022\/01\/DEXDA-Plus-120ml_150dpi_RGB_2000x2000-800x800.jpg\" class=\"attachment-large size-large\" alt=\"DEXDA Plus 120ml pour la d\u00e9sinfection de 1200 litres d&#039;eau\" srcset=\"https:\/\/wm-aquatec.de\/wp-content\/uploads\/2022\/01\/DEXDA-Plus-120ml_150dpi_RGB_2000x2000-800x800.jpg 800w, https:\/\/wm-aquatec.de\/wp-content\/uploads\/2022\/01\/DEXDA-Plus-120ml_150dpi_RGB_2000x2000-400x400.jpg 400w, https:\/\/wm-aquatec.de\/wp-content\/uploads\/2022\/01\/DEXDA-Plus-120ml_150dpi_RGB_2000x2000-280x280.jpg 280w, https:\/\/wm-aquatec.de\/wp-content\/uploads\/2022\/01\/DEXDA-Plus-120ml_150dpi_RGB_2000x2000-768x768.jpg 768w, https:\/\/wm-aquatec.de\/wp-content\/uploads\/2022\/01\/DEXDA-Plus-120ml_150dpi_RGB_2000x2000-1536x1536.jpg 1536w, https:\/\/wm-aquatec.de\/wp-content\/uploads\/2022\/01\/DEXDA-Plus-120ml_150dpi_RGB_2000x2000-300x300.jpg 300w, https:\/\/wm-aquatec.de\/wp-content\/uploads\/2022\/01\/DEXDA-Plus-120ml_150dpi_RGB_2000x2000-600x600.jpg 600w, https:\/\/wm-aquatec.de\/wp-content\/uploads\/2022\/01\/DEXDA-Plus-120ml_150dpi_RGB_2000x2000-100x100.jpg 100w, https:\/\/wm-aquatec.de\/wp-content\/uploads\/2022\/01\/DEXDA-Plus-120ml_150dpi_RGB_2000x2000.jpg 2000w\" sizes=\"auto, (max-width: 800px) 100vw, 800px\" \/>\t\t\t\t\t\t\n\t\t\t\t\t<\/div>\n\t\t\t\t\t\t\t\t\n<style>\n#image_1333114479 {\n  width: 50%;\n}\n<\/style>\n\t<\/div>\n\t\n<h3>DP250CL<\/h3>\n<ul>\n<li>d\u00e9sinfecte 2500 litres d&rsquo;eau<\/li>\n<li>convient \u00e9galement \u00e0 la d\u00e9sinfection de syst\u00e8mes pour les r\u00e9servoirs jusqu&rsquo;\u00e0 50 litres<\/li>\n<\/ul>\n\t\t<\/div>\n\t\t\t\t\t<\/div>\n\n\t\n\n<style>\n#row-592807890 > .col > .col-inner {\n  padding: 0px 0px 0px 0px;\n}\n<\/style>\n<\/div>\n\t\t<\/div>\n\n\t\t\n<style>\n#section_1557248607 {\n  padding-top: 30px;\n  padding-bottom: 30px;\n}\n<\/style>\n\t<\/section>\n\t\n\n\t<section class=\"section\" id=\"section_29387456\">\n\t\t<div class=\"section-bg fill\" >\n\t\t\t\t\t\t\t\t\t\n\t\t\t\n\n\t\t<\/div>\n\n\t\t\n\n\t\t<div class=\"section-content relative\">\n\t\t\t\n<div class=\"row\"  id=\"row-778048739\">\n\n\t<div id=\"col-1031690842\" class=\"col medium-6 small-8 large-6\"  >\n\t\t\t\t<div class=\"col-inner text-left\"  >\n\t\t\t\n\t\t\t\n<div class=\"container section-title-container\" ><h3 class=\"section-title section-title-normal\"><b><\/b><span class=\"section-title-main\" >Service et aide<\/span><b><\/b><\/h3><\/div>\n<p>En cliquant sur le lien suivant, tu trouveras des r\u00e9ponses aux questions les plus fr\u00e9quentes (FAQ), des modes d&#8217;emploi et des fiches de donn\u00e9es de s\u00e9curit\u00e9 \u00e0 t\u00e9l\u00e9charger.<\/p>\n<nav role=\"navigation\" aria-label=\"Articles avec mots-cl\u00e9s\" class=\"widg-shortcode-article-container\"><div class=\"widg-reset defaults-reset widg-shortcode-article-contents\"><h4>Articles avec mots-cl\u00e9s<\/h4>A venir<\/div><\/nav>\n\t\t<\/div>\n\t\t\t\t\t<\/div>\n\n\t\n\n\t<div id=\"col-757814707\" class=\"col medium-6 small-8 large-6\"  >\n\t\t\t\t<div class=\"col-inner text-left\"  >\n\t\t\t\n\t\t\t\n\t<div id=\"text-1039416353\" class=\"text\">\n\t\t\n<p class=\"p1\">N\u00b0 de registre BauA N-102002<\/p>\n<p>H412 Nocif pour les organismes aquatiques, entra\u00eene des effets n\u00e9fastes \u00e0 long terme.<\/p>\n<p style=\"text-align: left;\">\u00c9tiquetage selon le r\u00e8glement ( UE ) n\u00b0 528\/2012 : <strong>Utilisez les produits biocides avec pr\u00e9caution. Lisez toujours l&rsquo;\u00e9tiquette et les informations sur le produit avant de l&rsquo;utiliser.<\/strong><\/p>\n\t\t\n<style>\n#text-1039416353 {\n  text-align: left;\n}\n<\/style>\n\t<\/div>\n\t\n\t\t<\/div>\n\t\t\t\t\t<\/div>\n\n\t\n<\/div>\n\t\t<\/div>\n\n\t\t\n<style>\n#section_29387456 {\n  padding-top: 30px;\n  padding-bottom: 30px;\n}\n<\/style>\n\t<\/section>\n\t\n","protected":false},"excerpt":{"rendered":"<p>Pour la d\u00e9sinfection de l&rsquo;eau et du syst\u00e8me avec la substance active \u00e9prouv\u00e9e qu&rsquo;est l&rsquo;hypochlorite de sodium.<\/p>\n","protected":false},"featured_media":5306,"template":"","meta":{"inline_featured_image":false},"product_brand":[],"product_cat":[195,972,985,153],"product_tag":[173,194,171,220,1010],"class_list":{"0":"post-9929","1":"product","2":"type-product","3":"status-publish","4":"has-post-thumbnail","6":"product_cat-desinfection-de-leau","7":"product_cat-desinfection-de-leau-fr-2","8":"product_cat-desinfection-de-leau-fr","9":"product_cat-tous-les-produits","10":"product_tag-desinfection","11":"product_tag-desinfection-de-leau","12":"product_tag-dexda-fr","13":"product_tag-hypochlorite-de-sodium","14":"product_tag-plus-fr","16":"first","17":"instock","18":"taxable","19":"shipping-taxable","20":"purchasable","21":"product-type-variable"},"_links":{"self":[{"href":"https:\/\/wm-aquatec.de\/fr\/wp-json\/wp\/v2\/product\/9929","targetHints":{"allow":["GET"]}}],"collection":[{"href":"https:\/\/wm-aquatec.de\/fr\/wp-json\/wp\/v2\/product"}],"about":[{"href":"https:\/\/wm-aquatec.de\/fr\/wp-json\/wp\/v2\/types\/product"}],"wp:featuredmedia":[{"embeddable":true,"href":"https:\/\/wm-aquatec.de\/fr\/wp-json\/wp\/v2\/media\/5306"}],"wp:attachment":[{"href":"https:\/\/wm-aquatec.de\/fr\/wp-json\/wp\/v2\/media?parent=9929"}],"wp:term":[{"taxonomy":"product_brand","embeddable":true,"href":"https:\/\/wm-aquatec.de\/fr\/wp-json\/wp\/v2\/product_brand?post=9929"},{"taxonomy":"product_cat","embeddable":true,"href":"https:\/\/wm-aquatec.de\/fr\/wp-json\/wp\/v2\/product_cat?post=9929"},{"taxonomy":"product_tag","embeddable":true,"href":"https:\/\/wm-aquatec.de\/fr\/wp-json\/wp\/v2\/product_tag?post=9929"}],"curies":[{"name":"wp","href":"https:\/\/api.w.org\/{rel}","templated":true}]}}